{"id":1352,"date":"2026-03-18T02:32:21","date_gmt":"2026-03-18T02:32:21","guid":{"rendered":"https:\/\/www.qingfaceramic.com\/?post_type=product&#038;p=1352"},"modified":"2026-03-18T03:58:11","modified_gmt":"2026-03-18T03:58:11","slug":"custom-personalized-coffee-mugs","status":"publish","type":"product","link":"https:\/\/www.qingfaceramic.com\/fr\/produit\/custom-personalized-coffee-mugs\/","title":{"rendered":"Tasses \u00e0 caf\u00e9 personnalis\u00e9es Nordic Matte Aesthetic Series"},"content":{"rendered":"<h2 class=\"wp-block-heading\">Caract\u00e9ristiques des tasses \u00e0 caf\u00e9 personnalis\u00e9es<\/h2>\n\n\n\n<div class=\"wp-block-columns is-layout-flex wp-container-core-columns-is-layout-9d6595d7 wp-block-columns-is-layout-flex\">\n<div class=\"wp-block-column is-layout-flow wp-block-column-is-layout-flow\">\n<p><strong>Curation esth\u00e9tique multith\u00e9matique<\/strong>: La strat\u00e9gie de conception est double : des ic\u00f4nes ludiques \u201cStorytelling\u201d pour les marques de style de vie et des g\u00e9om\u00e9tries \u201cClean-Line\u201d pour les identit\u00e9s d'entreprise modernes.<\/p>\n\n\n\n<p><strong>Surface tactile satin\u00e9e<\/strong>: Trait\u00e9e avec un gla\u00e7age sp\u00e9cial mat comme de la soie qui \u00e9limine les reflets et procure une sensation de luxe et de respect de la peau pendant l'utilisation.<\/p>\n\n\n\n<p><strong>Silhouette optimis\u00e9e en fonction du volume<\/strong>: La capacit\u00e9 de 350 ml-400 ml calibr\u00e9e avec pr\u00e9cision garantit une proportion \u00e9quilibr\u00e9e pour les boissons lact\u00e9es \u00e0 base d'espresso, am\u00e9liorant ainsi l'attrait visuel dans les photographies de caf\u00e9s.<\/p>\n\n\n\n<p><strong>Renforcement des bords r\u00e9sistant aux chocs<\/strong>: Con\u00e7u avec un bord subtilement \u00e9paissi pour minimiser l'\u00e9caillage dans les lave-vaisselle commerciaux tr\u00e8s fr\u00e9quent\u00e9s, ce qui prolonge la dur\u00e9e de vie du produit.<\/p>\n\n\n\n<p><strong>Surface avanc\u00e9e pour le marquage<\/strong>: L'ext\u00e9rieur mat est optimis\u00e9 pour l'application de d\u00e9calcomanies haute d\u00e9finition et la gravure au laser, garantissant que votre logo personnalis\u00e9 reste net et permanent.<\/p>\n<\/div>\n\n\n\n<div class=\"wp-block-column is-layout-flow wp-block-column-is-layout-flow\">\n<figure class=\"wp-block-image size-full\"><img decoding=\"async\" width=\"800\" height=\"800\" src=\"https:\/\/www.qingfaceramic.com\/wp-content\/uploads\/2026\/03\/Custom-Personalized-Coffee-Mugs5.webp\" alt=\"Tasses \u00e0 caf\u00e9 personnalis\u00e9es5\" class=\"wp-image-1357\" srcset=\"https:\/\/www.qingfaceramic.com\/wp-content\/uploads\/2026\/03\/Custom-Personalized-Coffee-Mugs5.webp 800w, https:\/\/www.qingfaceramic.com\/wp-content\/uploads\/2026\/03\/Custom-Personalized-Coffee-Mugs5-300x300.webp 300w, https:\/\/www.qingfaceramic.com\/wp-content\/uploads\/2026\/03\/Custom-Personalized-Coffee-Mugs5-150x150.webp 150w, https:\/\/www.qingfaceramic.com\/wp-content\/uploads\/2026\/03\/Custom-Personalized-Coffee-Mugs5-768x768.webp 768w, https:\/\/www.qingfaceramic.com\/wp-content\/uploads\/2026\/03\/Custom-Personalized-Coffee-Mugs5-12x12.webp 12w, https:\/\/www.qingfaceramic.com\/wp-content\/uploads\/2026\/03\/Custom-Personalized-Coffee-Mugs5-600x600.webp 600w, https:\/\/www.qingfaceramic.com\/wp-content\/uploads\/2026\/03\/Custom-Personalized-Coffee-Mugs5-100x100.webp 100w\" sizes=\"(max-width: 800px) 100vw, 800px\" \/><\/figure>\n<\/div>\n<\/div>\n\n\n\n<div class=\"wp-block-columns is-layout-flex wp-container-core-columns-is-layout-9d6595d7 wp-block-columns-is-layout-flex\">\n<div class=\"wp-block-column is-layout-flow wp-block-column-is-layout-flow\">\n<figure class=\"wp-block-image size-full\"><img decoding=\"async\" width=\"750\" height=\"1694\" src=\"https:\/\/www.qingfaceramic.com\/wp-content\/uploads\/2026\/01\/Custom-Ceramic-Coffee-Mug-in-Bulk4.webp\" alt=\"Tasse \u00e0 caf\u00e9 en c\u00e9ramique personnalis\u00e9e en vrac4\" class=\"wp-image-591\" srcset=\"https:\/\/www.qingfaceramic.com\/wp-content\/uploads\/2026\/01\/Custom-Ceramic-Coffee-Mug-in-Bulk4.webp 750w, https:\/\/www.qingfaceramic.com\/wp-content\/uploads\/2026\/01\/Custom-Ceramic-Coffee-Mug-in-Bulk4-133x300.webp 133w, https:\/\/www.qingfaceramic.com\/wp-content\/uploads\/2026\/01\/Custom-Ceramic-Coffee-Mug-in-Bulk4-600x1355.webp 600w\" sizes=\"(max-width: 750px) 100vw, 750px\" \/><\/figure>\n<\/div>\n\n\n\n<div class=\"wp-block-column is-layout-flow wp-block-column-is-layout-flow\">\n<figure class=\"wp-block-image size-full\"><img decoding=\"async\" width=\"750\" height=\"1166\" src=\"https:\/\/www.qingfaceramic.com\/wp-content\/uploads\/2026\/01\/Custom-Ceramic-Coffee-Mug-in-Bulk5.webp\" alt=\"Tasse \u00e0 caf\u00e9 en c\u00e9ramique personnalis\u00e9e en vrac5\" class=\"wp-image-592\" srcset=\"https:\/\/www.qingfaceramic.com\/wp-content\/uploads\/2026\/01\/Custom-Ceramic-Coffee-Mug-in-Bulk5.webp 750w, https:\/\/www.qingfaceramic.com\/wp-content\/uploads\/2026\/01\/Custom-Ceramic-Coffee-Mug-in-Bulk5-193x300.webp 193w, https:\/\/www.qingfaceramic.com\/wp-content\/uploads\/2026\/01\/Custom-Ceramic-Coffee-Mug-in-Bulk5-600x933.webp 600w\" sizes=\"(max-width: 750px) 100vw, 750px\" \/><\/figure>\n\n\n\n<figure class=\"wp-block-image size-full\"><img decoding=\"async\" width=\"1707\" height=\"1280\" src=\"https:\/\/www.qingfaceramic.com\/wp-content\/uploads\/2026\/01\/Integrated-Craftsmanship-Capability-1.webp\" alt=\"Capacit\u00e9 artisanale int\u00e9gr\u00e9e\" class=\"wp-image-571\" srcset=\"https:\/\/www.qingfaceramic.com\/wp-content\/uploads\/2026\/01\/Integrated-Craftsmanship-Capability-1.webp 1707w, https:\/\/www.qingfaceramic.com\/wp-content\/uploads\/2026\/01\/Integrated-Craftsmanship-Capability-1-300x225.webp 300w, https:\/\/www.qingfaceramic.com\/wp-content\/uploads\/2026\/01\/Integrated-Craftsmanship-Capability-1-768x576.webp 768w, https:\/\/www.qingfaceramic.com\/wp-content\/uploads\/2026\/01\/Integrated-Craftsmanship-Capability-1-1200x900.webp 1200w, https:\/\/www.qingfaceramic.com\/wp-content\/uploads\/2026\/01\/Integrated-Craftsmanship-Capability-1-600x450.webp 600w\" sizes=\"(max-width: 1707px) 100vw, 1707px\" \/><\/figure>\n<\/div>\n<\/div>","protected":false},"excerpt":{"rendered":"<p data-start=\"428\" data-end=\"756\">Nos tasses \u00e0 caf\u00e9 personnalis\u00e9es pr\u00e9sentent un m\u00e9lange d'illustrations fantaisistes et de motifs g\u00e9om\u00e9triques minimalistes. Ces tasses de qualit\u00e9 sup\u00e9rieure offrent une finition mate au toucher doux et une durabilit\u00e9 professionnelle. Elles sont id\u00e9ales pour la pr\u00e9sentation de la marque et les cadeaux d'entreprise haut de gamme.<\/p>\n<h2>Tasses \u00e0 caf\u00e9 personnalis\u00e9es Param\u00e8tre<\/h2>\n<table data-path-to-node=\"12\">\n<thead>\n<tr>\n<td><strong>Champ d'application<\/strong><\/td>\n<td><strong>D\u00e9tails<\/strong><\/td>\n<\/tr>\n<\/thead>\n<tbody>\n<tr>\n<td><span data-path-to-node=\"12,1,0,0\"><b data-path-to-node=\"12,1,0,0\" data-index-in-node=\"0\">Fabricant<\/b><\/span><\/td>\n<td><span data-path-to-node=\"12,1,1,0\">Qingfa Ceramics<\/span><\/td>\n<\/tr>\n<tr>\n<td><span data-path-to-node=\"12,2,0,0\"><b data-path-to-node=\"12,2,0,0\" data-index-in-node=\"0\">Nom du produit<\/b><\/span><\/td>\n<td><span data-path-to-node=\"12,2,1,0\">Tasses \u00e0 caf\u00e9 personnalis\u00e9es \/ S\u00e9rie esth\u00e9tique nordique<\/span><\/td>\n<\/tr>\n<tr>\n<td><span data-path-to-node=\"12,3,0,0\"><b data-path-to-node=\"12,3,0,0\" data-index-in-node=\"0\">Mat\u00e9riau<\/b><\/span><\/td>\n<td><span data-path-to-node=\"12,3,1,0\">Gr\u00e8s grand feu de qualit\u00e9 A<\/span><\/td>\n<\/tr>\n<tr>\n<td><span data-path-to-node=\"12,4,0,0\"><b data-path-to-node=\"12,4,0,0\" data-index-in-node=\"0\">Capacit\u00e9<\/b><\/span><\/td>\n<td><span data-path-to-node=\"12,4,1,0\">350 ml - 400 ml<\/span><\/td>\n<\/tr>\n<tr>\n<td><span data-path-to-node=\"12,5,0,0\"><b data-path-to-node=\"12,5,0,0\" data-index-in-node=\"0\">Style de conception<\/b><\/span><\/td>\n<td><span data-path-to-node=\"12,5,1,0\">Histoires fantaisistes et g\u00e9om\u00e9triques minimalistes<\/span><\/td>\n<\/tr>\n<tr>\n<td><span data-path-to-node=\"12,6,0,0\"><b data-path-to-node=\"12,6,0,0\" data-index-in-node=\"0\">Finition de la surface<\/b><\/span><\/td>\n<td><span data-path-to-node=\"12,6,1,0\">Ext\u00e9rieur satin\u00e9 \/ Int\u00e9rieur glac\u00e9 facile \u00e0 nettoyer<\/span><\/td>\n<\/tr>\n<tr>\n<td><span data-path-to-node=\"12,7,0,0\"><b data-path-to-node=\"12,7,0,0\" data-index-in-node=\"0\">Options de couleur<\/b><\/span><\/td>\n<td><span data-path-to-node=\"12,7,1,0\">Jaune moutarde, blanc craie, gris anthracite, vert sauge<\/span><\/td>\n<\/tr>\n<tr>\n<td><span data-path-to-node=\"12,8,0,0\"><b data-path-to-node=\"12,8,0,0\" data-index-in-node=\"0\">Type de poign\u00e9e<\/b><\/span><\/td>\n<td><span data-path-to-node=\"12,8,1,0\">Poign\u00e9e ergonomique en forme de C pour une prise en main \u00e9quilibr\u00e9e<\/span><\/td>\n<\/tr>\n<tr>\n<td><span data-path-to-node=\"12,9,0,0\"><b data-path-to-node=\"12,9,0,0\" data-index-in-node=\"0\">Personnalisation<\/b><\/span><\/td>\n<td><span data-path-to-node=\"12,9,1,0\">D\u00e9calcomanies personnalis\u00e9es, gravure au laser, finitions glac\u00e9es sur mesure<\/span><\/td>\n<\/tr>\n<tr>\n<td><span data-path-to-node=\"12,10,0,0\"><b data-path-to-node=\"12,10,0,0\" data-index-in-node=\"0\">Utilisation<\/b><\/span><\/td>\n<td><span data-path-to-node=\"12,10,1,0\">Caf\u00e9s-boutiques, cadeaux d'entreprise, magasins conceptuels<\/span><\/td>\n<\/tr>\n<tr>\n<td><span data-path-to-node=\"12,11,0,0\"><b data-path-to-node=\"12,11,0,0\" data-index-in-node=\"0\">Certifications<\/b><\/span><\/td>\n<td><span data-path-to-node=\"12,11,1,0\">Conformit\u00e9 FDA, LFGB, CE\/EU<\/span><\/td>\n<\/tr>\n<\/tbody>\n<\/table>\n<p>&nbsp;<\/p>","protected":false},"featured_media":1358,"comment_status":"closed","ping_status":"closed","template":"","meta":{"_acf_changed":false},"market":[],"product_brand":[],"product_cat":[17,28],"product_tag":[],"class_list":{"0":"post-1352","1":"product","2":"type-product","3":"status-publish","4":"has-post-thumbnail","6":"product_cat-custom-coffee-cups","7":"product_cat-custom-coffee-mugs","9":"first","10":"instock","11":"shipping-taxable","12":"product-type-simple"},"acf":[],"_links":{"self":[{"href":"https:\/\/www.qingfaceramic.com\/fr\/wp-json\/wp\/v2\/product\/1352","targetHints":{"allow":["GET"]}}],"collection":[{"href":"https:\/\/www.qingfaceramic.com\/fr\/wp-json\/wp\/v2\/product"}],"about":[{"href":"https:\/\/www.qingfaceramic.com\/fr\/wp-json\/wp\/v2\/types\/product"}],"replies":[{"embeddable":true,"href":"https:\/\/www.qingfaceramic.com\/fr\/wp-json\/wp\/v2\/comments?post=1352"}],"wp:featuredmedia":[{"embeddable":true,"href":"https:\/\/www.qingfaceramic.com\/fr\/wp-json\/wp\/v2\/media\/1358"}],"wp:attachment":[{"href":"https:\/\/www.qingfaceramic.com\/fr\/wp-json\/wp\/v2\/media?parent=1352"}],"wp:term":[{"taxonomy":"market","embeddable":true,"href":"https:\/\/www.qingfaceramic.com\/fr\/wp-json\/wp\/v2\/market?post=1352"},{"taxonomy":"product_brand","embeddable":true,"href":"https:\/\/www.qingfaceramic.com\/fr\/wp-json\/wp\/v2\/product_brand?post=1352"},{"taxonomy":"product_cat","embeddable":true,"href":"https:\/\/www.qingfaceramic.com\/fr\/wp-json\/wp\/v2\/product_cat?post=1352"},{"taxonomy":"product_tag","embeddable":true,"href":"https:\/\/www.qingfaceramic.com\/fr\/wp-json\/wp\/v2\/product_tag?post=1352"}],"curies":[{"name":"wp","href":"https:\/\/api.w.org\/{rel}","templated":true}]}}