{"id":1344,"date":"2026-03-18T01:52:36","date_gmt":"2026-03-18T01:52:36","guid":{"rendered":"https:\/\/www.qingfaceramic.com\/?post_type=product&#038;p=1344"},"modified":"2026-03-18T02:07:28","modified_gmt":"2026-03-18T02:07:28","slug":"custom-vintage-coffee-mugs","status":"publish","type":"product","link":"https:\/\/www.qingfaceramic.com\/fr\/produit\/custom-vintage-coffee-mugs\/","title":{"rendered":"Tasses \u00e0 caf\u00e9 vintage personnalis\u00e9es Tasse en c\u00e9ramique nordique tiss\u00e9e et textur\u00e9e"},"content":{"rendered":"<h2 class=\"wp-block-heading\">Caract\u00e9ristiques des tasses \u00e0 caf\u00e9 vintage personnalis\u00e9es<\/h2>\n\n\n\n<div class=\"wp-block-columns is-layout-flex wp-container-core-columns-is-layout-9d6595d7 wp-block-columns-is-layout-flex\">\n<div class=\"wp-block-column is-layout-flow wp-block-column-is-layout-flow\">\n<p><strong>Lin-Weave Tactile Finition :<\/strong> Distincte des surfaces \u00e9maill\u00e9es lisses, sa texture \u201ccross-weave\u201d unique offre une adh\u00e9rence antid\u00e9rapante exceptionnelle et une grande profondeur tactile, ce qui rehausse consid\u00e9rablement la qualit\u00e9 du design industriel du produit.<\/p>\n\n\n\n<p><strong>Motifs de bl\u00e9 artisanal : <\/strong>Avec ses motifs d'\u00e9pis de bl\u00e9 peints \u00e0 la main qui symbolisent la nature et l'abondance, ce mod\u00e8le cible pr\u00e9cis\u00e9ment le march\u00e9 des restaurants haut de gamme et des caf\u00e9s biologiques qui adoptent l'esth\u00e9tique \u201cde la ferme \u00e0 la table\u201d.<\/p>\n\n\n\n<p><strong>Inertie thermique \u00e0 haute densit\u00e9 : <\/strong>Par rapport aux tasses en porcelaine standard, le gr\u00e8s haute densit\u00e9 pr\u00e9sente une inertie thermique sup\u00e9rieure, ralentissant efficacement la vitesse de refroidissement du caf\u00e9 pour garantir une exp\u00e9rience de d\u00e9gustation professionnelle plus longue et plus satisfaisante.<\/p>\n\n\n\n<p><strong>Poign\u00e9e ergonomique \u201cComfort-Arch\u201d : <\/strong>La conception de la poign\u00e9e en arc de cercle utilise l'\u00e9quilibre m\u00e9canique pour att\u00e9nuer la sensation de lourdeur lorsque la tasse est remplie de liquide - une caract\u00e9ristique id\u00e9ale pour les demandes d'utilisation fr\u00e9quente des environnements de restauration professionnelle.<\/p>\n\n\n\n<p><strong>Potentiel d'image de marque organique : <\/strong>La texture rustique de la surface se pr\u00eate parfaitement \u00e0 la gravure au laser ou au gaufrage de logos, cr\u00e9ant un effet de marque hautement dimensionnel et sophistiqu\u00e9 qui contraste fortement avec l'impression \u00e0 plat bon march\u00e9.<\/p>\n<\/div>\n\n\n\n<div class=\"wp-block-column is-layout-flow wp-block-column-is-layout-flow\">\n<figure class=\"wp-block-image size-full\"><img decoding=\"async\" width=\"1244\" height=\"984\" src=\"https:\/\/www.qingfaceramic.com\/wp-content\/uploads\/2026\/03\/Custom-Vintage-Coffee-Mugs.webp\" alt=\"Tasses \u00e0 caf\u00e9 vintage personnalis\u00e9es\" class=\"wp-image-1345\" srcset=\"https:\/\/www.qingfaceramic.com\/wp-content\/uploads\/2026\/03\/Custom-Vintage-Coffee-Mugs.webp 1244w, https:\/\/www.qingfaceramic.com\/wp-content\/uploads\/2026\/03\/Custom-Vintage-Coffee-Mugs-300x237.webp 300w, https:\/\/www.qingfaceramic.com\/wp-content\/uploads\/2026\/03\/Custom-Vintage-Coffee-Mugs-768x607.webp 768w, https:\/\/www.qingfaceramic.com\/wp-content\/uploads\/2026\/03\/Custom-Vintage-Coffee-Mugs-15x12.webp 15w, https:\/\/www.qingfaceramic.com\/wp-content\/uploads\/2026\/03\/Custom-Vintage-Coffee-Mugs-1200x949.webp 1200w, https:\/\/www.qingfaceramic.com\/wp-content\/uploads\/2026\/03\/Custom-Vintage-Coffee-Mugs-600x475.webp 600w\" sizes=\"(max-width: 1244px) 100vw, 1244px\" \/><\/figure>\n<\/div>\n<\/div>\n\n\n\n<div class=\"wp-block-columns is-layout-flex wp-container-core-columns-is-layout-9d6595d7 wp-block-columns-is-layout-flex\">\n<div class=\"wp-block-column is-layout-flow wp-block-column-is-layout-flow\">\n<figure class=\"wp-block-image size-full\"><img decoding=\"async\" width=\"750\" height=\"1694\" src=\"https:\/\/www.qingfaceramic.com\/wp-content\/uploads\/2026\/01\/Custom-Ceramic-Coffee-Mug-in-Bulk4.webp\" alt=\"Tasse \u00e0 caf\u00e9 en c\u00e9ramique personnalis\u00e9e en vrac4\" class=\"wp-image-591\" srcset=\"https:\/\/www.qingfaceramic.com\/wp-content\/uploads\/2026\/01\/Custom-Ceramic-Coffee-Mug-in-Bulk4.webp 750w, https:\/\/www.qingfaceramic.com\/wp-content\/uploads\/2026\/01\/Custom-Ceramic-Coffee-Mug-in-Bulk4-133x300.webp 133w, https:\/\/www.qingfaceramic.com\/wp-content\/uploads\/2026\/01\/Custom-Ceramic-Coffee-Mug-in-Bulk4-600x1355.webp 600w\" sizes=\"(max-width: 750px) 100vw, 750px\" \/><\/figure>\n<\/div>\n\n\n\n<div class=\"wp-block-column is-layout-flow wp-block-column-is-layout-flow\">\n<figure class=\"wp-block-image size-full\"><img decoding=\"async\" width=\"750\" height=\"1166\" src=\"https:\/\/www.qingfaceramic.com\/wp-content\/uploads\/2026\/01\/Custom-Ceramic-Coffee-Mug-in-Bulk5.webp\" alt=\"Tasse \u00e0 caf\u00e9 en c\u00e9ramique personnalis\u00e9e en vrac5\" class=\"wp-image-592\" srcset=\"https:\/\/www.qingfaceramic.com\/wp-content\/uploads\/2026\/01\/Custom-Ceramic-Coffee-Mug-in-Bulk5.webp 750w, https:\/\/www.qingfaceramic.com\/wp-content\/uploads\/2026\/01\/Custom-Ceramic-Coffee-Mug-in-Bulk5-193x300.webp 193w, https:\/\/www.qingfaceramic.com\/wp-content\/uploads\/2026\/01\/Custom-Ceramic-Coffee-Mug-in-Bulk5-600x933.webp 600w\" sizes=\"(max-width: 750px) 100vw, 750px\" \/><\/figure>\n\n\n\n<figure class=\"wp-block-image size-full\"><img decoding=\"async\" width=\"1707\" height=\"1280\" src=\"https:\/\/www.qingfaceramic.com\/wp-content\/uploads\/2026\/01\/Integrated-Craftsmanship-Capability-1.webp\" alt=\"Capacit\u00e9 artisanale int\u00e9gr\u00e9e\" class=\"wp-image-571\" srcset=\"https:\/\/www.qingfaceramic.com\/wp-content\/uploads\/2026\/01\/Integrated-Craftsmanship-Capability-1.webp 1707w, https:\/\/www.qingfaceramic.com\/wp-content\/uploads\/2026\/01\/Integrated-Craftsmanship-Capability-1-300x225.webp 300w, https:\/\/www.qingfaceramic.com\/wp-content\/uploads\/2026\/01\/Integrated-Craftsmanship-Capability-1-768x576.webp 768w, https:\/\/www.qingfaceramic.com\/wp-content\/uploads\/2026\/01\/Integrated-Craftsmanship-Capability-1-1200x900.webp 1200w, https:\/\/www.qingfaceramic.com\/wp-content\/uploads\/2026\/01\/Integrated-Craftsmanship-Capability-1-600x450.webp 600w\" sizes=\"(max-width: 1707px) 100vw, 1707px\" \/><\/figure>\n<\/div>\n<\/div>","protected":false},"excerpt":{"rendered":"<p data-start=\"428\" data-end=\"756\">Nos tasses \u00e0 caf\u00e9 Vintage personnalis\u00e9es pr\u00e9sentent une texture tactile unique de tissage crois\u00e9 et des motifs botaniques peints \u00e0 la main. Fabriqu\u00e9es en gr\u00e8s cuit \u00e0 haute temp\u00e9rature, ces tasses de style nordique offrent un charme rustique et une durabilit\u00e9 sup\u00e9rieure. Elles sont parfaites pour les caf\u00e9s sp\u00e9cialis\u00e9s et les commerces de d\u00e9tail artisanaux.<\/p>\n<h2>Tasses \u00e0 caf\u00e9 vintage personnalis\u00e9es Param\u00e8tre<\/h2>\n<table data-path-to-node=\"12\">\n<thead>\n<tr>\n<td><strong>Champ d'application<\/strong><\/td>\n<td><strong>D\u00e9tails<\/strong><\/td>\n<\/tr>\n<\/thead>\n<tbody>\n<tr>\n<td><span data-path-to-node=\"12,1,0,0\"><b data-path-to-node=\"12,1,0,0\" data-index-in-node=\"0\">Fabricant<\/b><\/span><\/td>\n<td><span data-path-to-node=\"12,1,1,0\">Qingfa Ceramics<\/span><\/td>\n<\/tr>\n<tr>\n<td><span data-path-to-node=\"12,2,0,0\"><b data-path-to-node=\"12,2,0,0\" data-index-in-node=\"0\">Nom du produit<\/b><\/span><\/td>\n<td><span data-path-to-node=\"12,2,1,0\">Tasses \u00e0 caf\u00e9 vintage personnalis\u00e9es \/ Tasse en croix nordique<\/span><\/td>\n<\/tr>\n<tr>\n<td><span data-path-to-node=\"12,3,0,0\"><b data-path-to-node=\"12,3,0,0\" data-index-in-node=\"0\">Mat\u00e9riau<\/b><\/span><\/td>\n<td><span data-path-to-node=\"12,3,1,0\">Gr\u00e8s \/ Porcelaine de haute qualit\u00e9<\/span><\/td>\n<\/tr>\n<tr>\n<td><span data-path-to-node=\"12,4,0,0\"><b data-path-to-node=\"12,4,0,0\" data-index-in-node=\"0\">Capacit\u00e9<\/b><\/span><\/td>\n<td><span data-path-to-node=\"12,4,1,0\">\u00a0400ml<\/span><\/td>\n<\/tr>\n<tr>\n<td><span data-path-to-node=\"12,5,0,0\"><b data-path-to-node=\"12,5,0,0\" data-index-in-node=\"0\">Design \/ Style<\/b><\/span><\/td>\n<td><span data-path-to-node=\"12,5,1,0\">Vintage nordique ; texture tiss\u00e9e crois\u00e9e avec motifs de bl\u00e9<\/span><\/td>\n<\/tr>\n<tr>\n<td><span data-path-to-node=\"12,6,0,0\"><b data-path-to-node=\"12,6,0,0\" data-index-in-node=\"0\">Finition de la surface<\/b><\/span><\/td>\n<td><span data-path-to-node=\"12,6,1,0\">Gla\u00e7age textur\u00e9 mat avec d\u00e9tails peints \u00e0 la main<\/span><\/td>\n<\/tr>\n<tr>\n<td><span data-path-to-node=\"12,7,0,0\"><b data-path-to-node=\"12,7,0,0\" data-index-in-node=\"0\">Options de couleur<\/b><\/span><\/td>\n<td><span data-path-to-node=\"12,7,1,0\">Beige avoine, Gris pierre, Vert olive (personnalisable)<\/span><\/td>\n<\/tr>\n<tr>\n<td><span data-path-to-node=\"12,8,0,0\"><b data-path-to-node=\"12,8,0,0\" data-index-in-node=\"0\">Poign\u00e9e<\/b><\/span><\/td>\n<td><span data-path-to-node=\"12,8,1,0\">Poign\u00e9e ergonomique int\u00e9gr\u00e9e<\/span><\/td>\n<\/tr>\n<tr>\n<td><span data-path-to-node=\"12,9,0,0\"><b data-path-to-node=\"12,9,0,0\" data-index-in-node=\"0\">Personnalisation<\/b><\/span><\/td>\n<td><span data-path-to-node=\"12,9,1,0\">Logo, motifs, couleur de l'\u00e9mail, emballage (OEM\/ODM)<\/span><\/td>\n<\/tr>\n<tr>\n<td><span data-path-to-node=\"12,10,0,0\"><b data-path-to-node=\"12,10,0,0\" data-index-in-node=\"0\">Utilisation<\/b><\/span><\/td>\n<td><span data-path-to-node=\"12,10,1,0\">Caf\u00e9s sp\u00e9cialis\u00e9s, h\u00f4tels de charme et boutiques de style de vie rustique<\/span><\/td>\n<\/tr>\n<tr>\n<td><span data-path-to-node=\"12,11,0,0\"><b data-path-to-node=\"12,11,0,0\" data-index-in-node=\"0\">Certifications<\/b><\/span><\/td>\n<td><span data-path-to-node=\"12,11,1,0\">FDA, LFGB, CE \/ EU, CIQ<\/span><\/td>\n<\/tr>\n<\/tbody>\n<\/table>\n<p>&nbsp;<\/p>","protected":false},"featured_media":1346,"comment_status":"closed","ping_status":"closed","template":"","meta":{"_acf_changed":false},"market":[],"product_brand":[],"product_cat":[17,28],"product_tag":[],"class_list":{"0":"post-1344","1":"product","2":"type-product","3":"status-publish","4":"has-post-thumbnail","6":"product_cat-custom-coffee-cups","7":"product_cat-custom-coffee-mugs","9":"first","10":"instock","11":"shipping-taxable","12":"product-type-simple"},"acf":[],"_links":{"self":[{"href":"https:\/\/www.qingfaceramic.com\/fr\/wp-json\/wp\/v2\/product\/1344","targetHints":{"allow":["GET"]}}],"collection":[{"href":"https:\/\/www.qingfaceramic.com\/fr\/wp-json\/wp\/v2\/product"}],"about":[{"href":"https:\/\/www.qingfaceramic.com\/fr\/wp-json\/wp\/v2\/types\/product"}],"replies":[{"embeddable":true,"href":"https:\/\/www.qingfaceramic.com\/fr\/wp-json\/wp\/v2\/comments?post=1344"}],"wp:featuredmedia":[{"embeddable":true,"href":"https:\/\/www.qingfaceramic.com\/fr\/wp-json\/wp\/v2\/media\/1346"}],"wp:attachment":[{"href":"https:\/\/www.qingfaceramic.com\/fr\/wp-json\/wp\/v2\/media?parent=1344"}],"wp:term":[{"taxonomy":"market","embeddable":true,"href":"https:\/\/www.qingfaceramic.com\/fr\/wp-json\/wp\/v2\/market?post=1344"},{"taxonomy":"product_brand","embeddable":true,"href":"https:\/\/www.qingfaceramic.com\/fr\/wp-json\/wp\/v2\/product_brand?post=1344"},{"taxonomy":"product_cat","embeddable":true,"href":"https:\/\/www.qingfaceramic.com\/fr\/wp-json\/wp\/v2\/product_cat?post=1344"},{"taxonomy":"product_tag","embeddable":true,"href":"https:\/\/www.qingfaceramic.com\/fr\/wp-json\/wp\/v2\/product_tag?post=1344"}],"curies":[{"name":"wp","href":"https:\/\/api.w.org\/{rel}","templated":true}]}}