{"id":1326,"date":"2026-03-17T09:47:13","date_gmt":"2026-03-17T09:47:13","guid":{"rendered":"https:\/\/www.qingfaceramic.com\/?post_type=product&#038;p=1326"},"modified":"2026-03-18T03:59:14","modified_gmt":"2026-03-18T03:59:14","slug":"custom-rustic-coffee-mugs","status":"publish","type":"product","link":"https:\/\/www.qingfaceramic.com\/fr\/produit\/custom-rustic-coffee-mugs\/","title":{"rendered":"Tasse \u00e0 caf\u00e9 rustique personnalis\u00e9e Vintage Speckled Floral Latte Cup"},"content":{"rendered":"<h2 class=\"wp-block-heading\">Caract\u00e9ristiques des tasses \u00e0 caf\u00e9 rustiques personnalis\u00e9es<\/h2>\n\n\n\n<div class=\"wp-block-columns is-layout-flex wp-container-core-columns-is-layout-9d6595d7 wp-block-columns-is-layout-flex\">\n<div class=\"wp-block-column is-layout-flow wp-block-column-is-layout-flow\">\n<p><strong>Esth\u00e9tique authentique de la pierre mouchet\u00e9e<\/strong>: La finition sp\u00e9ciale cuite au four reproduit les textures de la pierre naturelle, ajoutant un charme rustique et bien ancr\u00e9 qui am\u00e9liore la pr\u00e9sentation visuelle des boissons artisanales.<\/p>\n\n\n\n<p><strong>D\u00e9tails botaniques peints \u00e0 la main<\/strong>: Des motifs floraux complexes d'inspiration vintage conf\u00e8rent au produit une personnalit\u00e9 unique et artisanale - parfait pour les marques qui cherchent \u00e0 raconter une histoire \u201cnaturelle\u201d ou \u201cfaite \u00e0 la main\u201d.<\/p>\n\n\n\n<p><strong>Jante sp\u00e9cialis\u00e9e Latte-Art<\/strong>: Le bord large et \u00e9vas\u00e9 est sp\u00e9cialement con\u00e7u pour faciliter l'\u00e9coulement du lait, ce qui en fait un outil essentiel pour les baristas qui cr\u00e9ent des caf\u00e9s au lait complexes.<\/p>\n\n\n\n<p><strong>Masse thermique de qualit\u00e9 commerciale<\/strong>: Fabriqu\u00e9 \u00e0 partir d'argile de haute densit\u00e9 pour assurer une r\u00e9tention sup\u00e9rieure de la chaleur, gardant les caf\u00e9s lact\u00e9s \u00e0 la temp\u00e9rature parfaite de service pendant de longues p\u00e9riodes.<\/p>\n\n\n\n<p><strong>Personnalisation de la gla\u00e7ure sur mesure<\/strong>: Le support OEM\/ODM complet permet de personnaliser la densit\u00e9 mouchet\u00e9e, d'ajuster les motifs floraux ou d'int\u00e9grer le logo d'une marque tout en conservant l'aspect organique du vintage.<\/p>\n<\/div>\n\n\n\n<div class=\"wp-block-column is-layout-flow wp-block-column-is-layout-flow\">\n<figure class=\"wp-block-image size-full\"><img decoding=\"async\" width=\"1246\" height=\"1222\" src=\"https:\/\/www.qingfaceramic.com\/wp-content\/uploads\/2026\/03\/Custom-Rustic-Coffee-Mugs.webp\" alt=\"Tasses \u00e0 caf\u00e9 rustiques personnalis\u00e9es\" class=\"wp-image-1327\" srcset=\"https:\/\/www.qingfaceramic.com\/wp-content\/uploads\/2026\/03\/Custom-Rustic-Coffee-Mugs.webp 1246w, https:\/\/www.qingfaceramic.com\/wp-content\/uploads\/2026\/03\/Custom-Rustic-Coffee-Mugs-300x294.webp 300w, https:\/\/www.qingfaceramic.com\/wp-content\/uploads\/2026\/03\/Custom-Rustic-Coffee-Mugs-768x753.webp 768w, https:\/\/www.qingfaceramic.com\/wp-content\/uploads\/2026\/03\/Custom-Rustic-Coffee-Mugs-12x12.webp 12w, https:\/\/www.qingfaceramic.com\/wp-content\/uploads\/2026\/03\/Custom-Rustic-Coffee-Mugs-1200x1177.webp 1200w, https:\/\/www.qingfaceramic.com\/wp-content\/uploads\/2026\/03\/Custom-Rustic-Coffee-Mugs-600x588.webp 600w\" sizes=\"(max-width: 1246px) 100vw, 1246px\" \/><\/figure>\n<\/div>\n<\/div>\n\n\n\n<div class=\"wp-block-columns is-layout-flex wp-container-core-columns-is-layout-9d6595d7 wp-block-columns-is-layout-flex\">\n<div class=\"wp-block-column is-layout-flow wp-block-column-is-layout-flow\">\n<figure class=\"wp-block-image size-full\"><img decoding=\"async\" width=\"750\" height=\"1694\" src=\"https:\/\/www.qingfaceramic.com\/wp-content\/uploads\/2026\/01\/Custom-Ceramic-Coffee-Mug-in-Bulk4.webp\" alt=\"Tasse \u00e0 caf\u00e9 en c\u00e9ramique personnalis\u00e9e en vrac4\" class=\"wp-image-591\" srcset=\"https:\/\/www.qingfaceramic.com\/wp-content\/uploads\/2026\/01\/Custom-Ceramic-Coffee-Mug-in-Bulk4.webp 750w, https:\/\/www.qingfaceramic.com\/wp-content\/uploads\/2026\/01\/Custom-Ceramic-Coffee-Mug-in-Bulk4-133x300.webp 133w, https:\/\/www.qingfaceramic.com\/wp-content\/uploads\/2026\/01\/Custom-Ceramic-Coffee-Mug-in-Bulk4-600x1355.webp 600w\" sizes=\"(max-width: 750px) 100vw, 750px\" \/><\/figure>\n<\/div>\n\n\n\n<div class=\"wp-block-column is-layout-flow wp-block-column-is-layout-flow\">\n<figure class=\"wp-block-image size-full\"><img decoding=\"async\" width=\"750\" height=\"1166\" src=\"https:\/\/www.qingfaceramic.com\/wp-content\/uploads\/2026\/01\/Custom-Ceramic-Coffee-Mug-in-Bulk5.webp\" alt=\"Tasse \u00e0 caf\u00e9 en c\u00e9ramique personnalis\u00e9e en vrac5\" class=\"wp-image-592\" srcset=\"https:\/\/www.qingfaceramic.com\/wp-content\/uploads\/2026\/01\/Custom-Ceramic-Coffee-Mug-in-Bulk5.webp 750w, https:\/\/www.qingfaceramic.com\/wp-content\/uploads\/2026\/01\/Custom-Ceramic-Coffee-Mug-in-Bulk5-193x300.webp 193w, https:\/\/www.qingfaceramic.com\/wp-content\/uploads\/2026\/01\/Custom-Ceramic-Coffee-Mug-in-Bulk5-600x933.webp 600w\" sizes=\"(max-width: 750px) 100vw, 750px\" \/><\/figure>\n\n\n\n<figure class=\"wp-block-image size-full\"><img decoding=\"async\" width=\"1707\" height=\"1280\" src=\"https:\/\/www.qingfaceramic.com\/wp-content\/uploads\/2026\/01\/Integrated-Craftsmanship-Capability-1.webp\" alt=\"Capacit\u00e9 artisanale int\u00e9gr\u00e9e\" class=\"wp-image-571\" srcset=\"https:\/\/www.qingfaceramic.com\/wp-content\/uploads\/2026\/01\/Integrated-Craftsmanship-Capability-1.webp 1707w, https:\/\/www.qingfaceramic.com\/wp-content\/uploads\/2026\/01\/Integrated-Craftsmanship-Capability-1-300x225.webp 300w, https:\/\/www.qingfaceramic.com\/wp-content\/uploads\/2026\/01\/Integrated-Craftsmanship-Capability-1-768x576.webp 768w, https:\/\/www.qingfaceramic.com\/wp-content\/uploads\/2026\/01\/Integrated-Craftsmanship-Capability-1-1200x900.webp 1200w, https:\/\/www.qingfaceramic.com\/wp-content\/uploads\/2026\/01\/Integrated-Craftsmanship-Capability-1-600x450.webp 600w\" sizes=\"(max-width: 1707px) 100vw, 1707px\" \/><\/figure>\n<\/div>\n<\/div>","protected":false},"excerpt":{"rendered":"<p data-start=\"428\" data-end=\"756\">Nos tasses \u00e0 caf\u00e9 rustiques personnalis\u00e9es pr\u00e9sentent une charmante finition en pierre mouchet\u00e9e et des motifs floraux vintage. Ces tasses en gr\u00e8s haute densit\u00e9 offrent une esth\u00e9tique artisanale et une r\u00e9tention sup\u00e9rieure de la chaleur. Elles sont parfaites pour les caf\u00e9s rustiques et les boutiques de vente de cadeaux.<\/p>\n<h2>Tasses \u00e0 caf\u00e9 rustiques personnalis\u00e9es Param\u00e8tre<\/h2>\n<table data-path-to-node=\"12\">\n<thead>\n<tr>\n<td><strong>Champ d'application<\/strong><\/td>\n<td><strong>D\u00e9tails<\/strong><\/td>\n<\/tr>\n<\/thead>\n<tbody>\n<tr>\n<td><span data-path-to-node=\"12,1,0,0\"><b data-path-to-node=\"12,1,0,0\" data-index-in-node=\"0\">Fabricant<\/b><\/span><\/td>\n<td><span data-path-to-node=\"12,1,1,0\">Qingfa Ceramics<\/span><\/td>\n<\/tr>\n<tr>\n<td><span data-path-to-node=\"12,2,0,0\"><b data-path-to-node=\"12,2,0,0\" data-index-in-node=\"0\">Nom du produit<\/b><\/span><\/td>\n<td><span data-path-to-node=\"12,2,1,0\">Tasses \u00e0 caf\u00e9 rustiques personnalis\u00e9es \/ Tasse \u00e0 caf\u00e9 mouchet\u00e9e vintage<\/span><\/td>\n<\/tr>\n<tr>\n<td><span data-path-to-node=\"12,3,0,0\"><b data-path-to-node=\"12,3,0,0\" data-index-in-node=\"0\">Mat\u00e9riau<\/b><\/span><\/td>\n<td><span data-path-to-node=\"12,3,1,0\">Gr\u00e8s mouchet\u00e9 de haute densit\u00e9 \/ c\u00e9ramique<\/span><\/td>\n<\/tr>\n<tr>\n<td><span data-path-to-node=\"12,4,0,0\"><b data-path-to-node=\"12,4,0,0\" data-index-in-node=\"0\">Capacit\u00e9<\/b><\/span><\/td>\n<td><span data-path-to-node=\"12,4,1,0\">400ml<\/span><\/td>\n<\/tr>\n<tr>\n<td><span data-path-to-node=\"12,5,0,0\"><b data-path-to-node=\"12,5,0,0\" data-index-in-node=\"0\">Design \/ Style<\/b><\/span><\/td>\n<td><span data-path-to-node=\"12,5,1,0\">Vintage rustique ; en forme de cloche avec des motifs floraux<\/span><\/td>\n<\/tr>\n<tr>\n<td><span data-path-to-node=\"12,6,0,0\"><b data-path-to-node=\"12,6,0,0\" data-index-in-node=\"0\">Finition de la surface<\/b><\/span><\/td>\n<td><span data-path-to-node=\"12,6,1,0\">Glace mate mouchet\u00e9e avec d\u00e9calcomanies appliqu\u00e9es \u00e0 la main<\/span><\/td>\n<\/tr>\n<tr>\n<td><span data-path-to-node=\"12,7,0,0\"><b data-path-to-node=\"12,7,0,0\" data-index-in-node=\"0\">Options de couleur<\/b><\/span><\/td>\n<td><span data-path-to-node=\"12,7,1,0\">Blanc cr\u00e8me, Gris pierre, Ocre p\u00e2le (personnalisable)<\/span><\/td>\n<\/tr>\n<tr>\n<td><span data-path-to-node=\"12,8,0,0\"><b data-path-to-node=\"12,8,0,0\" data-index-in-node=\"0\">Poign\u00e9e<\/b><\/span><\/td>\n<td><span data-path-to-node=\"12,8,1,0\">Poign\u00e9e ergonomique pour un transport confortable<\/span><\/td>\n<\/tr>\n<tr>\n<td><span data-path-to-node=\"12,9,0,0\"><b data-path-to-node=\"12,9,0,0\" data-index-in-node=\"0\">Personnalisation<\/b><\/span><\/td>\n<td><span data-path-to-node=\"12,9,1,0\">Conception de motifs, impression de logos, couleur de gla\u00e7age (OEM\/ODM)<\/span><\/td>\n<\/tr>\n<tr>\n<td><span data-path-to-node=\"12,10,0,0\"><b data-path-to-node=\"12,10,0,0\" data-index-in-node=\"0\">Utilisation<\/b><\/span><\/td>\n<td><span data-path-to-node=\"12,10,1,0\">Caf\u00e9s sp\u00e9cialis\u00e9s, h\u00f4tels rustiques et magasins de cadeaux<\/span><\/td>\n<\/tr>\n<tr>\n<td><span data-path-to-node=\"12,11,0,0\"><b data-path-to-node=\"12,11,0,0\" data-index-in-node=\"0\">Certifications<\/b><\/span><\/td>\n<td><span data-path-to-node=\"12,11,1,0\">Conforme aux normes FDA, LFGB, CE\/EU, Prop 65<\/span><\/td>\n<\/tr>\n<\/tbody>\n<\/table>\n<p>&nbsp;<\/p>","protected":false},"featured_media":1330,"comment_status":"closed","ping_status":"closed","template":"","meta":{"_acf_changed":false},"market":[],"product_brand":[],"product_cat":[17,28],"product_tag":[],"class_list":{"0":"post-1326","1":"product","2":"type-product","3":"status-publish","4":"has-post-thumbnail","6":"product_cat-custom-coffee-cups","7":"product_cat-custom-coffee-mugs","9":"first","10":"instock","11":"shipping-taxable","12":"product-type-simple"},"acf":[],"_links":{"self":[{"href":"https:\/\/www.qingfaceramic.com\/fr\/wp-json\/wp\/v2\/product\/1326","targetHints":{"allow":["GET"]}}],"collection":[{"href":"https:\/\/www.qingfaceramic.com\/fr\/wp-json\/wp\/v2\/product"}],"about":[{"href":"https:\/\/www.qingfaceramic.com\/fr\/wp-json\/wp\/v2\/types\/product"}],"replies":[{"embeddable":true,"href":"https:\/\/www.qingfaceramic.com\/fr\/wp-json\/wp\/v2\/comments?post=1326"}],"wp:featuredmedia":[{"embeddable":true,"href":"https:\/\/www.qingfaceramic.com\/fr\/wp-json\/wp\/v2\/media\/1330"}],"wp:attachment":[{"href":"https:\/\/www.qingfaceramic.com\/fr\/wp-json\/wp\/v2\/media?parent=1326"}],"wp:term":[{"taxonomy":"market","embeddable":true,"href":"https:\/\/www.qingfaceramic.com\/fr\/wp-json\/wp\/v2\/market?post=1326"},{"taxonomy":"product_brand","embeddable":true,"href":"https:\/\/www.qingfaceramic.com\/fr\/wp-json\/wp\/v2\/product_brand?post=1326"},{"taxonomy":"product_cat","embeddable":true,"href":"https:\/\/www.qingfaceramic.com\/fr\/wp-json\/wp\/v2\/product_cat?post=1326"},{"taxonomy":"product_tag","embeddable":true,"href":"https:\/\/www.qingfaceramic.com\/fr\/wp-json\/wp\/v2\/product_tag?post=1326"}],"curies":[{"name":"wp","href":"https:\/\/api.w.org\/{rel}","templated":true}]}}