{"id":1318,"date":"2026-03-17T09:25:34","date_gmt":"2026-03-17T09:25:34","guid":{"rendered":"https:\/\/www.qingfaceramic.com\/?post_type=product&#038;p=1318"},"modified":"2026-03-17T09:43:27","modified_gmt":"2026-03-17T09:43:27","slug":"custom-artisanal-coffee-mugs","status":"publish","type":"product","link":"https:\/\/www.qingfaceramic.com\/fr\/produit\/custom-artisanal-coffee-mugs\/","title":{"rendered":"Tasses \u00e0 caf\u00e9 artisanales personnalis\u00e9es empilables en gr\u00e8s nordique"},"content":{"rendered":"<h2 class=\"wp-block-heading\">Caract\u00e9ristiques des tasses \u00e0 caf\u00e9 artisanales personnalis\u00e9es<\/h2>\n\n\n\n<div class=\"wp-block-columns is-layout-flex wp-container-core-columns-is-layout-9d6595d7 wp-block-columns-is-layout-flex\">\n<div class=\"wp-block-column is-layout-flow wp-block-column-is-layout-flow\">\n<p><strong>Forme architecturale empilable<\/strong>: La base encastr\u00e9e, con\u00e7ue avec pr\u00e9cision, permet un embo\u00eetement vertical s\u00e9curis\u00e9, ce qui r\u00e9duit consid\u00e9rablement l'encombrement du stockage dans les caf\u00e9s \u00e0 grand volume.<\/p>\n\n\n\n<p><strong>Contraste tactile \u00e0 double texture<\/strong>: Combine une base \u201csableuse\u201d brute et non \u00e9maill\u00e9e avec une tige lisse et mate, offrant une exp\u00e9rience sensorielle unique qui renforce la qualit\u00e9 artisanale.<\/p>\n\n\n\n<p><strong>Motifs inspir\u00e9s de Wabi-Sabi<\/strong>: Les cottages grav\u00e9s \u00e0 la main et les ic\u00f4nes botaniques, qui embrassent la beaut\u00e9 imparfaite, s\u00e9duisent les clients \u00e0 la recherche d'une \u201cvie lente\u201d et d'une esth\u00e9tique organique.<\/p>\n\n\n\n<p><strong>Inertie thermique de qualit\u00e9 commerciale<\/strong>: Les parois denses en gr\u00e8s minimisent les fluctuations de temp\u00e9rature, ce qui permet de pr\u00e9server les notes complexes de l'espresso de sp\u00e9cialit\u00e9, de la premi\u00e8re \u00e0 la derni\u00e8re gorg\u00e9e.<\/p>\n\n\n\n<p><strong>L'appel de la petite production \u00e9co-consciente<\/strong>: Positionn\u00e9 comme une alternative durable aux c\u00e9ramiques de masse, avec un support OEM complet permettant aux marques de raconter leur propre histoire par le biais d'ic\u00f4nes personnalis\u00e9es.<\/p>\n<\/div>\n\n\n\n<div class=\"wp-block-column is-layout-flow wp-block-column-is-layout-flow\">\n<figure class=\"wp-block-image size-full\"><img decoding=\"async\" width=\"1330\" height=\"1502\" src=\"https:\/\/www.qingfaceramic.com\/wp-content\/uploads\/2026\/03\/Custom-Artisanal-Coffee-Mugs.webp\" alt=\"Tasses \u00e0 caf\u00e9 artisanales personnalis\u00e9es\" class=\"wp-image-1319\" srcset=\"https:\/\/www.qingfaceramic.com\/wp-content\/uploads\/2026\/03\/Custom-Artisanal-Coffee-Mugs.webp 1330w, https:\/\/www.qingfaceramic.com\/wp-content\/uploads\/2026\/03\/Custom-Artisanal-Coffee-Mugs-266x300.webp 266w, https:\/\/www.qingfaceramic.com\/wp-content\/uploads\/2026\/03\/Custom-Artisanal-Coffee-Mugs-768x867.webp 768w, https:\/\/www.qingfaceramic.com\/wp-content\/uploads\/2026\/03\/Custom-Artisanal-Coffee-Mugs-11x12.webp 11w, https:\/\/www.qingfaceramic.com\/wp-content\/uploads\/2026\/03\/Custom-Artisanal-Coffee-Mugs-1200x1355.webp 1200w, https:\/\/www.qingfaceramic.com\/wp-content\/uploads\/2026\/03\/Custom-Artisanal-Coffee-Mugs-600x678.webp 600w\" sizes=\"(max-width: 1330px) 100vw, 1330px\" \/><\/figure>\n<\/div>\n<\/div>\n\n\n\n<div class=\"wp-block-columns is-layout-flex wp-container-core-columns-is-layout-9d6595d7 wp-block-columns-is-layout-flex\">\n<div class=\"wp-block-column is-layout-flow wp-block-column-is-layout-flow\">\n<figure class=\"wp-block-image size-full\"><img decoding=\"async\" width=\"750\" height=\"1694\" src=\"https:\/\/www.qingfaceramic.com\/wp-content\/uploads\/2026\/01\/Custom-Ceramic-Coffee-Mug-in-Bulk4.webp\" alt=\"Tasse \u00e0 caf\u00e9 en c\u00e9ramique personnalis\u00e9e en vrac4\" class=\"wp-image-591\" srcset=\"https:\/\/www.qingfaceramic.com\/wp-content\/uploads\/2026\/01\/Custom-Ceramic-Coffee-Mug-in-Bulk4.webp 750w, https:\/\/www.qingfaceramic.com\/wp-content\/uploads\/2026\/01\/Custom-Ceramic-Coffee-Mug-in-Bulk4-133x300.webp 133w, https:\/\/www.qingfaceramic.com\/wp-content\/uploads\/2026\/01\/Custom-Ceramic-Coffee-Mug-in-Bulk4-600x1355.webp 600w\" sizes=\"(max-width: 750px) 100vw, 750px\" \/><\/figure>\n<\/div>\n\n\n\n<div class=\"wp-block-column is-layout-flow wp-block-column-is-layout-flow\">\n<figure class=\"wp-block-image size-full\"><img decoding=\"async\" width=\"750\" height=\"1166\" src=\"https:\/\/www.qingfaceramic.com\/wp-content\/uploads\/2026\/01\/Custom-Ceramic-Coffee-Mug-in-Bulk5.webp\" alt=\"Tasse \u00e0 caf\u00e9 en c\u00e9ramique personnalis\u00e9e en vrac5\" class=\"wp-image-592\" srcset=\"https:\/\/www.qingfaceramic.com\/wp-content\/uploads\/2026\/01\/Custom-Ceramic-Coffee-Mug-in-Bulk5.webp 750w, https:\/\/www.qingfaceramic.com\/wp-content\/uploads\/2026\/01\/Custom-Ceramic-Coffee-Mug-in-Bulk5-193x300.webp 193w, https:\/\/www.qingfaceramic.com\/wp-content\/uploads\/2026\/01\/Custom-Ceramic-Coffee-Mug-in-Bulk5-600x933.webp 600w\" sizes=\"(max-width: 750px) 100vw, 750px\" \/><\/figure>\n\n\n\n<figure class=\"wp-block-image size-full\"><img decoding=\"async\" width=\"1707\" height=\"1280\" src=\"https:\/\/www.qingfaceramic.com\/wp-content\/uploads\/2026\/01\/Integrated-Craftsmanship-Capability-1.webp\" alt=\"Capacit\u00e9 artisanale int\u00e9gr\u00e9e\" class=\"wp-image-571\" srcset=\"https:\/\/www.qingfaceramic.com\/wp-content\/uploads\/2026\/01\/Integrated-Craftsmanship-Capability-1.webp 1707w, https:\/\/www.qingfaceramic.com\/wp-content\/uploads\/2026\/01\/Integrated-Craftsmanship-Capability-1-300x225.webp 300w, https:\/\/www.qingfaceramic.com\/wp-content\/uploads\/2026\/01\/Integrated-Craftsmanship-Capability-1-768x576.webp 768w, https:\/\/www.qingfaceramic.com\/wp-content\/uploads\/2026\/01\/Integrated-Craftsmanship-Capability-1-1200x900.webp 1200w, https:\/\/www.qingfaceramic.com\/wp-content\/uploads\/2026\/01\/Integrated-Craftsmanship-Capability-1-600x450.webp 600w\" sizes=\"(max-width: 1707px) 100vw, 1707px\" \/><\/figure>\n<\/div>\n<\/div>","protected":false},"excerpt":{"rendered":"<p data-start=\"428\" data-end=\"756\">Nos tasses \u00e0 caf\u00e9 artisanales personnalis\u00e9es pr\u00e9sentent un design nordique empilable et des ic\u00f4nes grav\u00e9es \u00e0 la main. Fabriqu\u00e9es en gr\u00e8s r\u00e9sistant, ces tasses peu encombrantes sont parfaites pour les caf\u00e9s sp\u00e9cialis\u00e9s et les boutiques de vente de cadeaux.<\/p>\n<h2>Tasses \u00e0 caf\u00e9 artisanales personnalis\u00e9es Param\u00e8tre<\/h2>\n<table data-path-to-node=\"12\">\n<thead>\n<tr>\n<td><strong>Champ d'application<\/strong><\/td>\n<td><strong>D\u00e9tails<\/strong><\/td>\n<\/tr>\n<\/thead>\n<tbody>\n<tr>\n<td><span data-path-to-node=\"12,1,0,0\"><b data-path-to-node=\"12,1,0,0\" data-index-in-node=\"0\">Fabricant<\/b><\/span><\/td>\n<td><span data-path-to-node=\"12,1,1,0\">Qingfa Ceramics<\/span><\/td>\n<\/tr>\n<tr>\n<td><span data-path-to-node=\"12,2,0,0\"><b data-path-to-node=\"12,2,0,0\" data-index-in-node=\"0\">Nom du produit<\/b><\/span><\/td>\n<td><span data-path-to-node=\"12,2,1,0\">Tasses \u00e0 caf\u00e9 artisanales personnalis\u00e9es \/ Tasse empilable aux ic\u00f4nes r\u00e9tro<\/span><\/td>\n<\/tr>\n<tr>\n<td><span data-path-to-node=\"12,3,0,0\"><b data-path-to-node=\"12,3,0,0\" data-index-in-node=\"0\">Mat\u00e9riau<\/b><\/span><\/td>\n<td><span data-path-to-node=\"12,3,1,0\">Gr\u00e8s r\u00e9sistant \/ Argile naturelle<\/span><\/td>\n<\/tr>\n<tr>\n<td><span data-path-to-node=\"12,4,0,0\"><b data-path-to-node=\"12,4,0,0\" data-index-in-node=\"0\">Capacit\u00e9<\/b><\/span><\/td>\n<td><span data-path-to-node=\"12,4,1,0\">375ml (Id\u00e9al pour les Lattes et les Flat Whites)<\/span><\/td>\n<\/tr>\n<tr>\n<td><span data-path-to-node=\"12,5,0,0\"><b data-path-to-node=\"12,5,0,0\" data-index-in-node=\"0\">Design \/ Style<\/b><\/span><\/td>\n<td><span data-path-to-node=\"12,5,1,0\">Empilable nordique ; esth\u00e9tique primitive grav\u00e9e \u00e0 la main<\/span><\/td>\n<\/tr>\n<tr>\n<td><span data-path-to-node=\"12,6,0,0\"><b data-path-to-node=\"12,6,0,0\" data-index-in-node=\"0\">Finition de la surface<\/b><\/span><\/td>\n<td><span data-path-to-node=\"12,6,1,0\">Bicolore (base sable non \u00e9maill\u00e9e + dessus \u00e9maill\u00e9 mat)<\/span><\/td>\n<\/tr>\n<tr>\n<td><span data-path-to-node=\"12,7,0,0\"><b data-path-to-node=\"12,7,0,0\" data-index-in-node=\"0\">Options de couleur<\/b><\/span><\/td>\n<td><span data-path-to-node=\"12,7,1,0\">Blanc craie, Vert mousse, Jaune moisson (personnalisable)<\/span><\/td>\n<\/tr>\n<tr>\n<td><span data-path-to-node=\"12,8,0,0\"><b data-path-to-node=\"12,8,0,0\" data-index-in-node=\"0\">Poign\u00e9e<\/b><\/span><\/td>\n<td><span data-path-to-node=\"12,8,1,0\">Poign\u00e9e \u201cComfort-Curve\u201d int\u00e9gr\u00e9e pour un \u00e9quilibre ergonomique<\/span><\/td>\n<\/tr>\n<tr>\n<td><span data-path-to-node=\"12,9,0,0\"><b data-path-to-node=\"12,9,0,0\" data-index-in-node=\"0\">Personnalisation<\/b><\/span><\/td>\n<td><span data-path-to-node=\"12,9,1,0\">Logos grav\u00e9s, ic\u00f4nes sur mesure, glacis Pantone personnalis\u00e9s<\/span><\/td>\n<\/tr>\n<tr>\n<td><span data-path-to-node=\"12,10,0,0\"><b data-path-to-node=\"12,10,0,0\" data-index-in-node=\"0\">Utilisation<\/b><\/span><\/td>\n<td><span data-path-to-node=\"12,10,1,0\">Torr\u00e9facteurs de caf\u00e9 sp\u00e9cialis\u00e9s, h\u00f4tels-boutiques, magasins conceptuels<\/span><\/td>\n<\/tr>\n<tr>\n<td><span data-path-to-node=\"12,11,0,0\"><b data-path-to-node=\"12,11,0,0\" data-index-in-node=\"0\">Certifications<\/b><\/span><\/td>\n<td><span data-path-to-node=\"12,11,1,0\">Conforme aux normes FDA, LFGB et Prop 65<\/span><\/td>\n<\/tr>\n<\/tbody>\n<\/table>\n<p>&nbsp;<\/p>","protected":false},"featured_media":1324,"comment_status":"closed","ping_status":"closed","template":"","meta":{"_acf_changed":false},"market":[],"product_brand":[],"product_cat":[17,28],"product_tag":[],"class_list":{"0":"post-1318","1":"product","2":"type-product","3":"status-publish","4":"has-post-thumbnail","6":"product_cat-custom-coffee-cups","7":"product_cat-custom-coffee-mugs","9":"first","10":"instock","11":"shipping-taxable","12":"product-type-simple"},"acf":[],"_links":{"self":[{"href":"https:\/\/www.qingfaceramic.com\/fr\/wp-json\/wp\/v2\/product\/1318","targetHints":{"allow":["GET"]}}],"collection":[{"href":"https:\/\/www.qingfaceramic.com\/fr\/wp-json\/wp\/v2\/product"}],"about":[{"href":"https:\/\/www.qingfaceramic.com\/fr\/wp-json\/wp\/v2\/types\/product"}],"replies":[{"embeddable":true,"href":"https:\/\/www.qingfaceramic.com\/fr\/wp-json\/wp\/v2\/comments?post=1318"}],"wp:featuredmedia":[{"embeddable":true,"href":"https:\/\/www.qingfaceramic.com\/fr\/wp-json\/wp\/v2\/media\/1324"}],"wp:attachment":[{"href":"https:\/\/www.qingfaceramic.com\/fr\/wp-json\/wp\/v2\/media?parent=1318"}],"wp:term":[{"taxonomy":"market","embeddable":true,"href":"https:\/\/www.qingfaceramic.com\/fr\/wp-json\/wp\/v2\/market?post=1318"},{"taxonomy":"product_brand","embeddable":true,"href":"https:\/\/www.qingfaceramic.com\/fr\/wp-json\/wp\/v2\/product_brand?post=1318"},{"taxonomy":"product_cat","embeddable":true,"href":"https:\/\/www.qingfaceramic.com\/fr\/wp-json\/wp\/v2\/product_cat?post=1318"},{"taxonomy":"product_tag","embeddable":true,"href":"https:\/\/www.qingfaceramic.com\/fr\/wp-json\/wp\/v2\/product_tag?post=1318"}],"curies":[{"name":"wp","href":"https:\/\/api.w.org\/{rel}","templated":true}]}}