{"id":1306,"date":"2026-03-17T09:13:00","date_gmt":"2026-03-17T09:13:00","guid":{"rendered":"https:\/\/www.qingfaceramic.com\/?post_type=product&#038;p=1306"},"modified":"2026-03-17T09:22:14","modified_gmt":"2026-03-17T09:22:14","slug":"custom-nordic-vintage-mugs","status":"publish","type":"product","link":"https:\/\/www.qingfaceramic.com\/fr\/produit\/custom-nordic-vintage-mugs\/","title":{"rendered":"Mugs nordiques Vintage personnalis\u00e9s Tasse \u00e0 th\u00e9 en terre cuite \u00e0 relief r\u00e9tro"},"content":{"rendered":"<h2 class=\"wp-block-heading\">Caract\u00e9ristiques des mugs Vintage nordiques personnalis\u00e9s<\/h2>\n\n\n\n<div class=\"wp-block-columns is-layout-flex wp-container-core-columns-is-layout-9d6595d7 wp-block-columns-is-layout-flex\">\n<div class=\"wp-block-column is-layout-flow wp-block-column-is-layout-flow\">\n<p><strong>L'art du relief dimensionnel<\/strong>: Les motifs g\u00e9om\u00e9triques gaufr\u00e9s complexes offrent une exp\u00e9rience tactile et sensorielle en 3D, contrairement aux tasses standard imprim\u00e9es \u00e0 plat.<\/p>\n\n\n\n<p><strong>Esth\u00e9tique antique cuite au four<\/strong>: L'\u00e9mail sp\u00e9cialis\u00e9 cr\u00e9e un aspect vieilli et alt\u00e9r\u00e9 qui s'accorde parfaitement avec les tendances d'int\u00e9rieurs boh\u00e8mes, rustiques ou \u201cgrand-mill\u00e9naires\u201d.<\/p>\n\n\n\n<p><strong>Texture finie \u00e0 la main<\/strong>: Chaque tasse subit un processus de gaufrage d\u00e9taill\u00e9, garantissant un aspect haut de gamme et artisanal qui augmente la valeur per\u00e7ue pour la vente au d\u00e9tail.<\/p>\n\n\n\n<p><strong>Masse thermique professionnelle<\/strong>: La construction en gr\u00e8s \u00e0 parois \u00e9paisses offre une isolation thermique sup\u00e9rieure, ce qui permet de maintenir les caf\u00e9s et les th\u00e9s artisanaux \u00e0 une temp\u00e9rature optimale.<\/p>\n\n\n\n<p><strong>Options de gaufrage sur mesure<\/strong>: Nous proposons des services OEM\/ODM complets, permettant de personnaliser les logos en relief ou de d\u00e9velopper des mod\u00e8les exclusifs pour r\u00e9pondre \u00e0 des identit\u00e9s de marque sp\u00e9cifiques.<\/p>\n<\/div>\n\n\n\n<div class=\"wp-block-column is-layout-flow wp-block-column-is-layout-flow\">\n<figure class=\"wp-block-image size-full\"><img decoding=\"async\" width=\"1240\" height=\"1462\" src=\"https:\/\/www.qingfaceramic.com\/wp-content\/uploads\/2026\/03\/Custom-Nordic-Vintage-Mugs.webp\" alt=\"Tasses nordiques vintage personnalis\u00e9es\" class=\"wp-image-1307\" srcset=\"https:\/\/www.qingfaceramic.com\/wp-content\/uploads\/2026\/03\/Custom-Nordic-Vintage-Mugs.webp 1240w, https:\/\/www.qingfaceramic.com\/wp-content\/uploads\/2026\/03\/Custom-Nordic-Vintage-Mugs-254x300.webp 254w, https:\/\/www.qingfaceramic.com\/wp-content\/uploads\/2026\/03\/Custom-Nordic-Vintage-Mugs-768x905.webp 768w, https:\/\/www.qingfaceramic.com\/wp-content\/uploads\/2026\/03\/Custom-Nordic-Vintage-Mugs-10x12.webp 10w, https:\/\/www.qingfaceramic.com\/wp-content\/uploads\/2026\/03\/Custom-Nordic-Vintage-Mugs-1200x1415.webp 1200w, https:\/\/www.qingfaceramic.com\/wp-content\/uploads\/2026\/03\/Custom-Nordic-Vintage-Mugs-600x707.webp 600w\" sizes=\"(max-width: 1240px) 100vw, 1240px\" \/><\/figure>\n<\/div>\n<\/div>\n\n\n\n<div class=\"wp-block-columns is-layout-flex wp-container-core-columns-is-layout-9d6595d7 wp-block-columns-is-layout-flex\">\n<div class=\"wp-block-column is-layout-flow wp-block-column-is-layout-flow\">\n<figure class=\"wp-block-image size-full\"><img decoding=\"async\" width=\"750\" height=\"1694\" src=\"https:\/\/www.qingfaceramic.com\/wp-content\/uploads\/2026\/01\/Custom-Ceramic-Coffee-Mug-in-Bulk4.webp\" alt=\"Tasse \u00e0 caf\u00e9 en c\u00e9ramique personnalis\u00e9e en vrac4\" class=\"wp-image-591\" srcset=\"https:\/\/www.qingfaceramic.com\/wp-content\/uploads\/2026\/01\/Custom-Ceramic-Coffee-Mug-in-Bulk4.webp 750w, https:\/\/www.qingfaceramic.com\/wp-content\/uploads\/2026\/01\/Custom-Ceramic-Coffee-Mug-in-Bulk4-133x300.webp 133w, https:\/\/www.qingfaceramic.com\/wp-content\/uploads\/2026\/01\/Custom-Ceramic-Coffee-Mug-in-Bulk4-600x1355.webp 600w\" sizes=\"(max-width: 750px) 100vw, 750px\" \/><\/figure>\n<\/div>\n\n\n\n<div class=\"wp-block-column is-layout-flow wp-block-column-is-layout-flow\">\n<figure class=\"wp-block-image size-full\"><img decoding=\"async\" width=\"750\" height=\"1166\" src=\"https:\/\/www.qingfaceramic.com\/wp-content\/uploads\/2026\/01\/Custom-Ceramic-Coffee-Mug-in-Bulk5.webp\" alt=\"Tasse \u00e0 caf\u00e9 en c\u00e9ramique personnalis\u00e9e en vrac5\" class=\"wp-image-592\" srcset=\"https:\/\/www.qingfaceramic.com\/wp-content\/uploads\/2026\/01\/Custom-Ceramic-Coffee-Mug-in-Bulk5.webp 750w, https:\/\/www.qingfaceramic.com\/wp-content\/uploads\/2026\/01\/Custom-Ceramic-Coffee-Mug-in-Bulk5-193x300.webp 193w, https:\/\/www.qingfaceramic.com\/wp-content\/uploads\/2026\/01\/Custom-Ceramic-Coffee-Mug-in-Bulk5-600x933.webp 600w\" sizes=\"(max-width: 750px) 100vw, 750px\" \/><\/figure>\n\n\n\n<figure class=\"wp-block-image size-full\"><img decoding=\"async\" width=\"1707\" height=\"1280\" src=\"https:\/\/www.qingfaceramic.com\/wp-content\/uploads\/2026\/01\/Integrated-Craftsmanship-Capability-1.webp\" alt=\"Capacit\u00e9 artisanale int\u00e9gr\u00e9e\" class=\"wp-image-571\" srcset=\"https:\/\/www.qingfaceramic.com\/wp-content\/uploads\/2026\/01\/Integrated-Craftsmanship-Capability-1.webp 1707w, https:\/\/www.qingfaceramic.com\/wp-content\/uploads\/2026\/01\/Integrated-Craftsmanship-Capability-1-300x225.webp 300w, https:\/\/www.qingfaceramic.com\/wp-content\/uploads\/2026\/01\/Integrated-Craftsmanship-Capability-1-768x576.webp 768w, https:\/\/www.qingfaceramic.com\/wp-content\/uploads\/2026\/01\/Integrated-Craftsmanship-Capability-1-1200x900.webp 1200w, https:\/\/www.qingfaceramic.com\/wp-content\/uploads\/2026\/01\/Integrated-Craftsmanship-Capability-1-600x450.webp 600w\" sizes=\"(max-width: 1707px) 100vw, 1707px\" \/><\/figure>\n<\/div>\n<\/div>","protected":false},"excerpt":{"rendered":"<p data-start=\"428\" data-end=\"756\">Nos tasses Nordic Vintage personnalis\u00e9es pr\u00e9sentent des motifs artistiques en relief et une finition rustique en argile. Ces tasses en gr\u00e8s \u00e0 la texture unique allient esth\u00e9tique ancienne et durabilit\u00e9 moderne. Elles sont id\u00e9ales pour les caf\u00e9s artisanaux, les h\u00f4tels de charme et les collections de cadeaux haut de gamme.<\/p>\n<h2>Tasses nordiques vintage personnalis\u00e9es Param\u00e8tre<\/h2>\n<table data-path-to-node=\"11\">\n<thead>\n<tr>\n<td><strong>\u00a0Champ d'application<\/strong><\/td>\n<td><strong>D\u00e9tails<\/strong><\/td>\n<\/tr>\n<\/thead>\n<tbody>\n<tr>\n<td><span data-path-to-node=\"11,1,0,0\"><b data-path-to-node=\"11,1,0,0\" data-index-in-node=\"0\">Fabricant<\/b><\/span><\/td>\n<td><span data-path-to-node=\"11,1,1,0\">Qingfa Ceramics<\/span><\/td>\n<\/tr>\n<tr>\n<td><span data-path-to-node=\"11,2,0,0\"><b data-path-to-node=\"11,2,0,0\" data-index-in-node=\"0\">Nom du produit<\/b><\/span><\/td>\n<td><span data-path-to-node=\"11,2,1,0\">Mug personnalis\u00e9 Nordic Vintage Embossed \/ Mug Retro Relief<\/span><\/td>\n<\/tr>\n<tr>\n<td><span data-path-to-node=\"11,3,0,0\"><b data-path-to-node=\"11,3,0,0\" data-index-in-node=\"0\">Mat\u00e9riau<\/b><\/span><\/td>\n<td><span data-path-to-node=\"11,3,1,0\">Gr\u00e8s \/ argile de haute qualit\u00e9<\/span><\/td>\n<\/tr>\n<tr>\n<td><span data-path-to-node=\"11,4,0,0\"><b data-path-to-node=\"11,4,0,0\" data-index-in-node=\"0\">Capacit\u00e9<\/b><\/span><\/td>\n<td><span data-path-to-node=\"11,4,1,0\">Environ 325 ml<\/span><\/td>\n<\/tr>\n<tr>\n<td><span data-path-to-node=\"11,5,0,0\"><b data-path-to-node=\"11,5,0,0\" data-index-in-node=\"0\">Design \/ Style<\/b><\/span><\/td>\n<td><span data-path-to-node=\"11,5,1,0\">Vintage nordique avec motifs g\u00e9om\u00e9triques gaufr\u00e9s en 3D<\/span><\/td>\n<\/tr>\n<tr>\n<td><span data-path-to-node=\"11,6,0,0\"><b data-path-to-node=\"11,6,0,0\" data-index-in-node=\"0\">Finition de la surface<\/b><\/span><\/td>\n<td><span data-path-to-node=\"11,6,1,0\">Finition en relief mate\/satin\u00e9e avec accents de gla\u00e7age antique<\/span><\/td>\n<\/tr>\n<tr>\n<td><span data-path-to-node=\"11,7,0,0\"><b data-path-to-node=\"11,7,0,0\" data-index-in-node=\"0\">Options de couleur<\/b><\/span><\/td>\n<td><span data-path-to-node=\"11,7,1,0\">Vert olive, Gris pierre, Brun terreux (personnalisable)<\/span><\/td>\n<\/tr>\n<tr>\n<td><span data-path-to-node=\"11,8,0,0\"><b data-path-to-node=\"11,8,0,0\" data-index-in-node=\"0\">Poign\u00e9e<\/b><\/span><\/td>\n<td><span data-path-to-node=\"11,8,1,0\">Poign\u00e9e ergonomique \u00e9l\u00e9gante en forme de C<\/span><\/td>\n<\/tr>\n<tr>\n<td><span data-path-to-node=\"11,9,0,0\"><b data-path-to-node=\"11,9,0,0\" data-index-in-node=\"0\">Personnalisation<\/b><\/span><\/td>\n<td><span data-path-to-node=\"11,9,1,0\">Logo en relief, conception de motifs, gla\u00e7age des couleurs, emballage<\/span><\/td>\n<\/tr>\n<tr>\n<td><span data-path-to-node=\"11,10,0,0\"><b data-path-to-node=\"11,10,0,0\" data-index-in-node=\"0\">Utilisation<\/b><\/span><\/td>\n<td><span data-path-to-node=\"11,10,1,0\">Caf\u00e9s sp\u00e9cialis\u00e9s, h\u00f4tels-boutiques et d\u00e9coration d'int\u00e9rieur de style de vie<\/span><\/td>\n<\/tr>\n<tr>\n<td><span data-path-to-node=\"11,11,0,0\"><b data-path-to-node=\"11,11,0,0\" data-index-in-node=\"0\">Certifications<\/b><\/span><\/td>\n<td><span data-path-to-node=\"11,11,1,0\">Conforme aux normes FDA, LFGB, CE \/ EU, CIQ<\/span><\/td>\n<\/tr>\n<\/tbody>\n<\/table>\n<p>&nbsp;<\/p>","protected":false},"featured_media":1313,"comment_status":"closed","ping_status":"closed","template":"","meta":{"_acf_changed":false},"market":[],"product_brand":[],"product_cat":[17,28],"product_tag":[],"class_list":{"0":"post-1306","1":"product","2":"type-product","3":"status-publish","4":"has-post-thumbnail","6":"product_cat-custom-coffee-cups","7":"product_cat-custom-coffee-mugs","9":"first","10":"instock","11":"shipping-taxable","12":"product-type-simple"},"acf":[],"_links":{"self":[{"href":"https:\/\/www.qingfaceramic.com\/fr\/wp-json\/wp\/v2\/product\/1306","targetHints":{"allow":["GET"]}}],"collection":[{"href":"https:\/\/www.qingfaceramic.com\/fr\/wp-json\/wp\/v2\/product"}],"about":[{"href":"https:\/\/www.qingfaceramic.com\/fr\/wp-json\/wp\/v2\/types\/product"}],"replies":[{"embeddable":true,"href":"https:\/\/www.qingfaceramic.com\/fr\/wp-json\/wp\/v2\/comments?post=1306"}],"wp:featuredmedia":[{"embeddable":true,"href":"https:\/\/www.qingfaceramic.com\/fr\/wp-json\/wp\/v2\/media\/1313"}],"wp:attachment":[{"href":"https:\/\/www.qingfaceramic.com\/fr\/wp-json\/wp\/v2\/media?parent=1306"}],"wp:term":[{"taxonomy":"market","embeddable":true,"href":"https:\/\/www.qingfaceramic.com\/fr\/wp-json\/wp\/v2\/market?post=1306"},{"taxonomy":"product_brand","embeddable":true,"href":"https:\/\/www.qingfaceramic.com\/fr\/wp-json\/wp\/v2\/product_brand?post=1306"},{"taxonomy":"product_cat","embeddable":true,"href":"https:\/\/www.qingfaceramic.com\/fr\/wp-json\/wp\/v2\/product_cat?post=1306"},{"taxonomy":"product_tag","embeddable":true,"href":"https:\/\/www.qingfaceramic.com\/fr\/wp-json\/wp\/v2\/product_tag?post=1306"}],"curies":[{"name":"wp","href":"https:\/\/api.w.org\/{rel}","templated":true}]}}