{"id":1275,"date":"2026-03-17T07:09:47","date_gmt":"2026-03-17T07:09:47","guid":{"rendered":"https:\/\/www.qingfaceramic.com\/?post_type=product&#038;p=1275"},"modified":"2026-03-17T08:07:44","modified_gmt":"2026-03-17T08:07:44","slug":"custom-ceramic-tea-mug","status":"publish","type":"product","link":"https:\/\/www.qingfaceramic.com\/fr\/produit\/custom-ceramic-tea-mug\/","title":{"rendered":"Tasse \u00e0 th\u00e9 en c\u00e9ramique personnalis\u00e9e Unique Hand Made Retro Design"},"content":{"rendered":"<h2 class=\"wp-block-heading\">Caract\u00e9ristiques de la tasse \u00e0 th\u00e9 en c\u00e9ramique personnalis\u00e9e<\/h2>\n\n\n\n<div class=\"wp-block-columns is-layout-flex wp-container-core-columns-is-layout-9d6595d7 wp-block-columns-is-layout-flex\">\n<div class=\"wp-block-column is-layout-flow wp-block-column-is-layout-flow\">\n<p><strong>L'esth\u00e9tique nordique authentique faite \u00e0 la main<\/strong>: Chaque tasse pr\u00e9sente une texture unique, fabriqu\u00e9e \u00e0 la main, avec des d\u00e9tails de grains verticaux complexes, apportant un charme nordique r\u00e9tro sophistiqu\u00e9 \u00e0 tout service \u00e0 caf\u00e9 moderne.<\/p>\n\n\n\n<p><strong>Finition gla\u00e7ure r\u00e9active de premi\u00e8re qualit\u00e9<\/strong>: Finies avec une gla\u00e7ure r\u00e9active de haute qualit\u00e9, ces tasses pr\u00e9sentent une belle profondeur de couleur et un toucher lisse et tactile qui est \u00e0 la fois durable et visuellement frappant.<\/p>\n\n\n\n<p><strong>Poign\u00e9e ergonomique et confortable<\/strong>: Con\u00e7ue avec une poign\u00e9e spacieuse et facile \u00e0 tenir, elle permet de boire de mani\u00e8re \u00e9quilibr\u00e9e et confortable, que ce soit dans un caf\u00e9 professionnel ou \u00e0 la maison.<\/p>\n\n\n\n<p><strong>C\u00e9ramique durable cuite \u00e0 haute temp\u00e9rature<\/strong>: Fabriqu\u00e9 en c\u00e9ramique alimentaire de premi\u00e8re qualit\u00e9 cuite \u00e0 haute temp\u00e9rature, il garantit une r\u00e9sistance exceptionnelle \u00e0 l'\u00e9caillage et une r\u00e9tention thermique \u00e0 long terme pour les boissons chaudes.<\/p>\n\n\n\n<p><strong>Personnalisation B2B polyvalente<\/strong>: Nous proposons des services OEM\/ODM flexibles, qui vous permettent de personnaliser les couleurs des gla\u00e7ages et d'ajouter des logos de marque afin de correspondre parfaitement \u00e0 la marque de votre restaurant ou de votre boutique de vente au d\u00e9tail.<\/p>\n<\/div>\n\n\n\n<div class=\"wp-block-column is-layout-flow wp-block-column-is-layout-flow\">\n<figure class=\"wp-block-image size-full\"><img decoding=\"async\" width=\"1214\" height=\"1222\" src=\"https:\/\/www.qingfaceramic.com\/wp-content\/uploads\/2026\/03\/Custom-Ceramic-Tea-Mug.webp\" alt=\"Tasse \u00e0 th\u00e9 en c\u00e9ramique personnalis\u00e9e\" class=\"wp-image-1276\" srcset=\"https:\/\/www.qingfaceramic.com\/wp-content\/uploads\/2026\/03\/Custom-Ceramic-Tea-Mug.webp 1214w, https:\/\/www.qingfaceramic.com\/wp-content\/uploads\/2026\/03\/Custom-Ceramic-Tea-Mug-298x300.webp 298w, https:\/\/www.qingfaceramic.com\/wp-content\/uploads\/2026\/03\/Custom-Ceramic-Tea-Mug-150x150.webp 150w, https:\/\/www.qingfaceramic.com\/wp-content\/uploads\/2026\/03\/Custom-Ceramic-Tea-Mug-768x773.webp 768w, https:\/\/www.qingfaceramic.com\/wp-content\/uploads\/2026\/03\/Custom-Ceramic-Tea-Mug-12x12.webp 12w, https:\/\/www.qingfaceramic.com\/wp-content\/uploads\/2026\/03\/Custom-Ceramic-Tea-Mug-1200x1208.webp 1200w, https:\/\/www.qingfaceramic.com\/wp-content\/uploads\/2026\/03\/Custom-Ceramic-Tea-Mug-600x604.webp 600w, https:\/\/www.qingfaceramic.com\/wp-content\/uploads\/2026\/03\/Custom-Ceramic-Tea-Mug-100x100.webp 100w\" sizes=\"(max-width: 1214px) 100vw, 1214px\" \/><\/figure>\n<\/div>\n<\/div>\n\n\n\n<div class=\"wp-block-columns is-layout-flex wp-container-core-columns-is-layout-9d6595d7 wp-block-columns-is-layout-flex\">\n<div class=\"wp-block-column is-layout-flow wp-block-column-is-layout-flow\">\n<figure class=\"wp-block-image size-full\"><img decoding=\"async\" width=\"750\" height=\"1694\" src=\"https:\/\/www.qingfaceramic.com\/wp-content\/uploads\/2026\/01\/Custom-Ceramic-Coffee-Mug-in-Bulk4.webp\" alt=\"Tasse \u00e0 caf\u00e9 en c\u00e9ramique personnalis\u00e9e en vrac4\" class=\"wp-image-591\" srcset=\"https:\/\/www.qingfaceramic.com\/wp-content\/uploads\/2026\/01\/Custom-Ceramic-Coffee-Mug-in-Bulk4.webp 750w, https:\/\/www.qingfaceramic.com\/wp-content\/uploads\/2026\/01\/Custom-Ceramic-Coffee-Mug-in-Bulk4-133x300.webp 133w, https:\/\/www.qingfaceramic.com\/wp-content\/uploads\/2026\/01\/Custom-Ceramic-Coffee-Mug-in-Bulk4-600x1355.webp 600w\" sizes=\"(max-width: 750px) 100vw, 750px\" \/><\/figure>\n<\/div>\n\n\n\n<div class=\"wp-block-column is-layout-flow wp-block-column-is-layout-flow\">\n<figure class=\"wp-block-image size-full\"><img decoding=\"async\" width=\"750\" height=\"1166\" src=\"https:\/\/www.qingfaceramic.com\/wp-content\/uploads\/2026\/01\/Custom-Ceramic-Coffee-Mug-in-Bulk5.webp\" alt=\"Tasse \u00e0 caf\u00e9 en c\u00e9ramique personnalis\u00e9e en vrac5\" class=\"wp-image-592\" srcset=\"https:\/\/www.qingfaceramic.com\/wp-content\/uploads\/2026\/01\/Custom-Ceramic-Coffee-Mug-in-Bulk5.webp 750w, https:\/\/www.qingfaceramic.com\/wp-content\/uploads\/2026\/01\/Custom-Ceramic-Coffee-Mug-in-Bulk5-193x300.webp 193w, https:\/\/www.qingfaceramic.com\/wp-content\/uploads\/2026\/01\/Custom-Ceramic-Coffee-Mug-in-Bulk5-600x933.webp 600w\" sizes=\"(max-width: 750px) 100vw, 750px\" \/><\/figure>\n\n\n\n<figure class=\"wp-block-image size-full\"><img decoding=\"async\" width=\"1707\" height=\"1280\" src=\"https:\/\/www.qingfaceramic.com\/wp-content\/uploads\/2026\/01\/Integrated-Craftsmanship-Capability-1.webp\" alt=\"Capacit\u00e9 artisanale int\u00e9gr\u00e9e\" class=\"wp-image-571\" srcset=\"https:\/\/www.qingfaceramic.com\/wp-content\/uploads\/2026\/01\/Integrated-Craftsmanship-Capability-1.webp 1707w, https:\/\/www.qingfaceramic.com\/wp-content\/uploads\/2026\/01\/Integrated-Craftsmanship-Capability-1-300x225.webp 300w, https:\/\/www.qingfaceramic.com\/wp-content\/uploads\/2026\/01\/Integrated-Craftsmanship-Capability-1-768x576.webp 768w, https:\/\/www.qingfaceramic.com\/wp-content\/uploads\/2026\/01\/Integrated-Craftsmanship-Capability-1-1200x900.webp 1200w, https:\/\/www.qingfaceramic.com\/wp-content\/uploads\/2026\/01\/Integrated-Craftsmanship-Capability-1-600x450.webp 600w\" sizes=\"(max-width: 1707px) 100vw, 1707px\" \/><\/figure>\n<\/div>\n<\/div>","protected":false},"excerpt":{"rendered":"<p data-start=\"428\" data-end=\"756\">Notre tasse \u00e0 th\u00e9 en c\u00e9ramique personnalis\u00e9e pr\u00e9sente une esth\u00e9tique nordique r\u00e9tro unique, faite \u00e0 la main. Cette tasse en c\u00e9ramique de haute qualit\u00e9 est fabriqu\u00e9e avec un grain textur\u00e9 complexe et une gla\u00e7ure r\u00e9active de premi\u00e8re qualit\u00e9, ce qui la rend parfaite pour les caf\u00e9s, les h\u00f4tels ou les collections de cadeaux de marque.<\/p>\n<h2>Tasse \u00e0 th\u00e9 en c\u00e9ramique personnalis\u00e9e Param\u00e8tre<\/h2>\n<table data-path-to-node=\"3\">\n<thead>\n<tr>\n<td><strong>(Champ)<\/strong><\/td>\n<td><strong>(D\u00e9tails)<\/strong><\/td>\n<\/tr>\n<\/thead>\n<tbody>\n<tr>\n<td><span data-path-to-node=\"3,1,0,0\"><b data-path-to-node=\"3,1,0,0\" data-index-in-node=\"0\">Fabricant<\/b><\/span><\/td>\n<td><span data-path-to-node=\"3,1,1,0\">Qingfa Ceramics<\/span><\/td>\n<\/tr>\n<tr>\n<td><span data-path-to-node=\"3,2,0,0\"><b data-path-to-node=\"3,2,0,0\" data-index-in-node=\"0\">Nom du produit<\/b><\/span><\/td>\n<td><span data-path-to-node=\"3,2,1,0\">Unique Hand Made Retro Design Nordic Style Ceramic Coffee Tea Mug<\/span><\/td>\n<\/tr>\n<tr>\n<td><span data-path-to-node=\"3,3,0,0\"><b data-path-to-node=\"3,3,0,0\" data-index-in-node=\"0\">Mat\u00e9riau<\/b><\/span><\/td>\n<td><span data-path-to-node=\"3,3,1,0\">Porcelaine \/ c\u00e9ramique de haute qualit\u00e9<\/span><\/td>\n<\/tr>\n<tr>\n<td><span data-path-to-node=\"3,4,0,0\"><b data-path-to-node=\"3,4,0,0\" data-index-in-node=\"0\">Capacit\u00e9<\/b><\/span><\/td>\n<td><span data-path-to-node=\"3,4,1,0\">350ml\u00a0<\/span><\/td>\n<\/tr>\n<tr>\n<td><span data-path-to-node=\"3,5,0,0\"><b data-path-to-node=\"3,5,0,0\" data-index-in-node=\"0\">Design \/ Style<\/b><\/span><\/td>\n<td><span data-path-to-node=\"3,5,1,0\">Style r\u00e9tro nordique avec texture d'\u00e9pi de bl\u00e9 sculpt\u00e9e \u00e0 la main<\/span><\/td>\n<\/tr>\n<tr>\n<td><span data-path-to-node=\"3,6,0,0\"><b data-path-to-node=\"3,6,0,0\" data-index-in-node=\"0\">Finition de la surface<\/b><\/span><\/td>\n<td><span data-path-to-node=\"3,6,1,0\">Glacis r\u00e9actif \u00e0 haute temp\u00e9rature (lisse et brillant)<\/span><\/td>\n<\/tr>\n<tr>\n<td><span data-path-to-node=\"3,7,0,0\"><b data-path-to-node=\"3,7,0,0\" data-index-in-node=\"0\">Options de couleur<\/b><\/span><\/td>\n<td><span data-path-to-node=\"3,7,1,0\">Retro Brown, Creamy White (Couleurs personnalis\u00e9es disponibles)<\/span><\/td>\n<\/tr>\n<tr>\n<td><span data-path-to-node=\"3,8,0,0\"><b data-path-to-node=\"3,8,0,0\" data-index-in-node=\"0\">Poign\u00e9e<\/b><\/span><\/td>\n<td><span data-path-to-node=\"3,8,1,0\">Grande poign\u00e9e ergonomique en forme de C pour une prise en main stable<\/span><\/td>\n<\/tr>\n<tr>\n<td><span data-path-to-node=\"3,9,0,0\"><b data-path-to-node=\"3,9,0,0\" data-index-in-node=\"0\">Personnalisation<\/b><\/span><\/td>\n<td><span data-path-to-node=\"3,9,1,0\">OEM\/ODM, logo personnalis\u00e9, gla\u00e7age personnalis\u00e9, emballage sp\u00e9cialis\u00e9<\/span><\/td>\n<\/tr>\n<tr>\n<td><span data-path-to-node=\"3,10,0,0\"><b data-path-to-node=\"3,10,0,0\" data-index-in-node=\"0\">Utilisation<\/b><\/span><\/td>\n<td><span data-path-to-node=\"3,10,1,0\">Maison, Bureau, Caf\u00e9, Restaurant, H\u00f4tel, Coffret Cadeau<\/span><\/td>\n<\/tr>\n<tr>\n<td><span data-path-to-node=\"3,11,0,0\"><b data-path-to-node=\"3,11,0,0\" data-index-in-node=\"0\">Certifications<\/b><\/span><\/td>\n<td><span data-path-to-node=\"3,11,1,0\">CE \/ EU, CIQ, EEC, LFGB, FDA<\/span><\/td>\n<\/tr>\n<\/tbody>\n<\/table>\n<p>&nbsp;<\/p>","protected":false},"featured_media":1280,"comment_status":"closed","ping_status":"closed","template":"","meta":{"_acf_changed":false},"market":[],"product_brand":[],"product_cat":[17,28],"product_tag":[],"class_list":{"0":"post-1275","1":"product","2":"type-product","3":"status-publish","4":"has-post-thumbnail","6":"product_cat-custom-coffee-cups","7":"product_cat-custom-coffee-mugs","9":"first","10":"instock","11":"shipping-taxable","12":"product-type-simple"},"acf":[],"_links":{"self":[{"href":"https:\/\/www.qingfaceramic.com\/fr\/wp-json\/wp\/v2\/product\/1275","targetHints":{"allow":["GET"]}}],"collection":[{"href":"https:\/\/www.qingfaceramic.com\/fr\/wp-json\/wp\/v2\/product"}],"about":[{"href":"https:\/\/www.qingfaceramic.com\/fr\/wp-json\/wp\/v2\/types\/product"}],"replies":[{"embeddable":true,"href":"https:\/\/www.qingfaceramic.com\/fr\/wp-json\/wp\/v2\/comments?post=1275"}],"wp:featuredmedia":[{"embeddable":true,"href":"https:\/\/www.qingfaceramic.com\/fr\/wp-json\/wp\/v2\/media\/1280"}],"wp:attachment":[{"href":"https:\/\/www.qingfaceramic.com\/fr\/wp-json\/wp\/v2\/media?parent=1275"}],"wp:term":[{"taxonomy":"market","embeddable":true,"href":"https:\/\/www.qingfaceramic.com\/fr\/wp-json\/wp\/v2\/market?post=1275"},{"taxonomy":"product_brand","embeddable":true,"href":"https:\/\/www.qingfaceramic.com\/fr\/wp-json\/wp\/v2\/product_brand?post=1275"},{"taxonomy":"product_cat","embeddable":true,"href":"https:\/\/www.qingfaceramic.com\/fr\/wp-json\/wp\/v2\/product_cat?post=1275"},{"taxonomy":"product_tag","embeddable":true,"href":"https:\/\/www.qingfaceramic.com\/fr\/wp-json\/wp\/v2\/product_tag?post=1275"}],"curies":[{"name":"wp","href":"https:\/\/api.w.org\/{rel}","templated":true}]}}