{"id":1257,"date":"2026-03-10T07:41:56","date_gmt":"2026-03-10T07:41:56","guid":{"rendered":"https:\/\/www.qingfaceramic.com\/?post_type=product&#038;p=1257"},"modified":"2026-03-10T07:50:10","modified_gmt":"2026-03-10T07:50:10","slug":"custom-modern-porcelain-dripper","status":"publish","type":"product","link":"https:\/\/www.qingfaceramic.com\/fr\/produit\/custom-modern-porcelain-dripper\/","title":{"rendered":"Goutte \u00e0 goutte et cafeti\u00e8re en porcelaine moderne personnalis\u00e9e avec motifs artistiques"},"content":{"rendered":"<h2 class=\"wp-block-heading\">Caract\u00e9ristiques du compte-gouttes en porcelaine Custom Modern<\/h2>\n\n\n\n<div class=\"wp-block-columns is-layout-flex wp-container-core-columns-is-layout-9d6595d7 wp-block-columns-is-layout-flex\">\n<div class=\"wp-block-column is-layout-flow wp-block-column-is-layout-flow\">\n<ol class=\"wp-block-list\">\n<li><strong>Esth\u00e9tique g\u00e9om\u00e9trique contemporaine<\/strong>: Les motifs artistiques uniques et modernes, y compris les triangles et les motifs abstraits lin\u00e9aires, ajoutent une touche sophistiqu\u00e9e \u00e0 la cuisine d'un caf\u00e9 ou d'une maison.<\/li>\n\n\n\n<li><strong>Conception de l'extraction professionnelle<\/strong>: Le goutteur c\u00e9ramique en forme de V, con\u00e7u avec pr\u00e9cision, assure un d\u00e9bit d'eau optimal et un contr\u00f4le r\u00e9gulier de la temp\u00e9rature pour une extraction sup\u00e9rieure de la saveur du caf\u00e9.<\/li>\n\n\n\n<li><strong>Porcelaine de qualit\u00e9 sup\u00e9rieure<\/strong>: Fabriqu\u00e9 en porcelaine alimentaire cuite \u00e0 haute temp\u00e9rature, durable et sans plomb, il conserve mieux la chaleur que les cafeti\u00e8res en verre ou en plastique.<\/li>\n\n\n\n<li><strong>Ergonomique et pratique<\/strong>: La cafeti\u00e8re est dot\u00e9e d'une poign\u00e9e confortable et froide et d'un bec verseur lisse pour \u00e9viter les gouttes et garantir un service sans faille.<\/li>\n\n\n\n<li><strong>Options de style polyvalentes<\/strong>: Disponible dans de multiples combinaisons de couleurs et de motifs, ce qui permet aux boutiques et aux cha\u00eenes h\u00f4teli\u00e8res d'offrir une gamme de produits diversifi\u00e9s et \u00e9l\u00e9gants.<\/li>\n\n\n\n<li><strong>Pr\u00eat pour la personnalisation B2B<\/strong>: Nous proposons des services OEM\/ODM complets, notamment l'impression de logos personnalis\u00e9s et le d\u00e9veloppement de motifs uniques pour s'aligner sur l'identit\u00e9 de votre marque.<\/li>\n<\/ol>\n\n\n\n<div style=\"height:0px\" aria-hidden=\"true\" class=\"wp-block-spacer\"><\/div>\n<\/div>\n\n\n\n<div class=\"wp-block-column is-layout-flow wp-block-column-is-layout-flow\">\n<figure class=\"wp-block-image size-full\"><img decoding=\"async\" width=\"800\" height=\"800\" src=\"https:\/\/www.qingfaceramic.com\/wp-content\/uploads\/2026\/03\/Custom-Modern-Porcelain-Dripper6.webp\" alt=\"Brouilleur moderne en porcelaine sur mesure6\" class=\"wp-image-1263\" srcset=\"https:\/\/www.qingfaceramic.com\/wp-content\/uploads\/2026\/03\/Custom-Modern-Porcelain-Dripper6.webp 800w, https:\/\/www.qingfaceramic.com\/wp-content\/uploads\/2026\/03\/Custom-Modern-Porcelain-Dripper6-300x300.webp 300w, https:\/\/www.qingfaceramic.com\/wp-content\/uploads\/2026\/03\/Custom-Modern-Porcelain-Dripper6-150x150.webp 150w, https:\/\/www.qingfaceramic.com\/wp-content\/uploads\/2026\/03\/Custom-Modern-Porcelain-Dripper6-768x768.webp 768w, https:\/\/www.qingfaceramic.com\/wp-content\/uploads\/2026\/03\/Custom-Modern-Porcelain-Dripper6-12x12.webp 12w, https:\/\/www.qingfaceramic.com\/wp-content\/uploads\/2026\/03\/Custom-Modern-Porcelain-Dripper6-600x600.webp 600w, https:\/\/www.qingfaceramic.com\/wp-content\/uploads\/2026\/03\/Custom-Modern-Porcelain-Dripper6-100x100.webp 100w\" sizes=\"(max-width: 800px) 100vw, 800px\" \/><\/figure>\n<\/div>\n<\/div>\n\n\n\n<div class=\"wp-block-columns is-layout-flex wp-container-core-columns-is-layout-9d6595d7 wp-block-columns-is-layout-flex\">\n<div class=\"wp-block-column is-layout-flow wp-block-column-is-layout-flow\"><\/div>\n\n\n\n<div class=\"wp-block-column is-layout-flow wp-block-column-is-layout-flow\"><\/div>\n<\/div>\n\n\n\n<p><\/p>","protected":false},"excerpt":{"rendered":"<p data-start=\"503\" data-end=\"756\">Am\u00e9liorez votre pr\u00e9paration artisanale avec notre goutteur en porcelaine moderne personnalis\u00e9. Avec ses motifs artistiques modernes et audacieux et sa finition en porcelaine de haute qualit\u00e9, ce duo dripper et pot professionnel allie un style contemporain \u00e0 une r\u00e9tention de chaleur exceptionnelle pour une tasse de caf\u00e9 parfaite.<\/p>\n<p>&nbsp;<\/p>\n<p>&nbsp;<\/p>","protected":false},"featured_media":1258,"comment_status":"closed","ping_status":"closed","template":"","meta":{"_acf_changed":false},"market":[],"product_brand":[],"product_cat":[16,27],"product_tag":[],"class_list":{"0":"post-1257","1":"product","2":"type-product","3":"status-publish","4":"has-post-thumbnail","6":"product_cat-tea-and-coffee-sets-factory","7":"product_cat-custom-coffee-drippers","9":"first","10":"instock","11":"shipping-taxable","12":"product-type-simple"},"acf":[],"_links":{"self":[{"href":"https:\/\/www.qingfaceramic.com\/fr\/wp-json\/wp\/v2\/product\/1257","targetHints":{"allow":["GET"]}}],"collection":[{"href":"https:\/\/www.qingfaceramic.com\/fr\/wp-json\/wp\/v2\/product"}],"about":[{"href":"https:\/\/www.qingfaceramic.com\/fr\/wp-json\/wp\/v2\/types\/product"}],"replies":[{"embeddable":true,"href":"https:\/\/www.qingfaceramic.com\/fr\/wp-json\/wp\/v2\/comments?post=1257"}],"wp:featuredmedia":[{"embeddable":true,"href":"https:\/\/www.qingfaceramic.com\/fr\/wp-json\/wp\/v2\/media\/1258"}],"wp:attachment":[{"href":"https:\/\/www.qingfaceramic.com\/fr\/wp-json\/wp\/v2\/media?parent=1257"}],"wp:term":[{"taxonomy":"market","embeddable":true,"href":"https:\/\/www.qingfaceramic.com\/fr\/wp-json\/wp\/v2\/market?post=1257"},{"taxonomy":"product_brand","embeddable":true,"href":"https:\/\/www.qingfaceramic.com\/fr\/wp-json\/wp\/v2\/product_brand?post=1257"},{"taxonomy":"product_cat","embeddable":true,"href":"https:\/\/www.qingfaceramic.com\/fr\/wp-json\/wp\/v2\/product_cat?post=1257"},{"taxonomy":"product_tag","embeddable":true,"href":"https:\/\/www.qingfaceramic.com\/fr\/wp-json\/wp\/v2\/product_tag?post=1257"}],"curies":[{"name":"wp","href":"https:\/\/api.w.org\/{rel}","templated":true}]}}