{"id":1248,"date":"2026-03-10T06:56:39","date_gmt":"2026-03-10T06:56:39","guid":{"rendered":"https:\/\/www.qingfaceramic.com\/?post_type=product&#038;p=1248"},"modified":"2026-03-10T07:38:07","modified_gmt":"2026-03-10T07:38:07","slug":"custom-vintage-red-clay-coffee-drippers","status":"publish","type":"product","link":"https:\/\/www.qingfaceramic.com\/fr\/produit\/custom-vintage-red-clay-coffee-drippers\/","title":{"rendered":"Gouttes \u00e0 caf\u00e9 personnalis\u00e9es en argile rouge"},"content":{"rendered":"<h2 class=\"wp-block-heading\">Caract\u00e9ristiques des compte-gouttes \u00e0 caf\u00e9 Custom Vintage Red Clay<\/h2>\n\n\n\n<div class=\"wp-block-columns is-layout-flex wp-container-core-columns-is-layout-9d6595d7 wp-block-columns-is-layout-flex\">\n<div class=\"wp-block-column is-layout-flow wp-block-column-is-layout-flow\">\n<ol class=\"wp-block-list\">\n<li><strong>L'artisanat de l'argile rouge de premi\u00e8re qualit\u00e9<\/strong>: Chaque pi\u00e8ce est fabriqu\u00e9e \u00e0 partir d'argile rouge non \u00e9maill\u00e9e de haute qualit\u00e9 (terre cuite), connue pour son excellente r\u00e9tention thermique et sa texture terreuse unique.<\/li>\n\n\n\n<li><strong>Design bicolore artisanal<\/strong>: Le contraste saisissant entre la base en terre cuite sableuse naturelle et la finition \u00e9maill\u00e9e bleu ciel lisse est parfait pour une esth\u00e9tique minimaliste et rustique.<\/li>\n\n\n\n<li><strong>Syst\u00e8me d'\u00e9coulement professionnel<\/strong>: Comprend un goutteur en c\u00e9ramique en forme de V, con\u00e7u avec pr\u00e9cision, qui assure un d\u00e9bit d'eau et une extraction optimaux pour une saveur de caf\u00e9 sup\u00e9rieure.<\/li>\n\n\n\n<li><strong>Solution compl\u00e8te de brassage<\/strong>: L'ensemble est livr\u00e9 avec une th\u00e9i\u00e8re, un support de goutte \u00e0 goutte et des tasses assortis, offrant une table coh\u00e9rente et \u00e9l\u00e9gante pour les suites d'h\u00f4tel ou les caf\u00e9s sp\u00e9cialis\u00e9s.<\/li>\n\n\n\n<li><strong>\u00c9cologique et durable<\/strong>: Fabriqu\u00e9 \u00e0 partir de mat\u00e9riaux naturels 100%, cet ensemble est sans danger pour les aliments, sans plomb et con\u00e7u pour r\u00e9sister \u00e0 des temp\u00e9ratures \u00e9lev\u00e9es pour une utilisation commerciale \u00e0 long terme.<\/li>\n\n\n\n<li><strong>Pr\u00eat pour la personnalisation B2B<\/strong>: Nous proposons des services OBM\/ODM complets, ce qui vous permet d'ajouter des logos de marque personnalis\u00e9s ou de modifier les couleurs de gla\u00e7age pour qu'elles correspondent \u00e0 l'identit\u00e9 unique de votre marque.<\/li>\n<\/ol>\n\n\n\n<div style=\"height:0px\" aria-hidden=\"true\" class=\"wp-block-spacer\"><\/div>\n<\/div>\n\n\n\n<div class=\"wp-block-column is-layout-flow wp-block-column-is-layout-flow\">\n<figure class=\"wp-block-image size-full\"><img decoding=\"async\" width=\"800\" height=\"800\" src=\"https:\/\/www.qingfaceramic.com\/wp-content\/uploads\/2026\/03\/Custom-Vintage-Red-Clay-Coffee-Set1.webp\" alt=\"Gouttes \u00e0 caf\u00e9 vintage en terre rouge personnalis\u00e9es1\" class=\"wp-image-1249\" srcset=\"https:\/\/www.qingfaceramic.com\/wp-content\/uploads\/2026\/03\/Custom-Vintage-Red-Clay-Coffee-Set1.webp 800w, https:\/\/www.qingfaceramic.com\/wp-content\/uploads\/2026\/03\/Custom-Vintage-Red-Clay-Coffee-Set1-300x300.webp 300w, https:\/\/www.qingfaceramic.com\/wp-content\/uploads\/2026\/03\/Custom-Vintage-Red-Clay-Coffee-Set1-150x150.webp 150w, https:\/\/www.qingfaceramic.com\/wp-content\/uploads\/2026\/03\/Custom-Vintage-Red-Clay-Coffee-Set1-768x768.webp 768w, https:\/\/www.qingfaceramic.com\/wp-content\/uploads\/2026\/03\/Custom-Vintage-Red-Clay-Coffee-Set1-12x12.webp 12w, https:\/\/www.qingfaceramic.com\/wp-content\/uploads\/2026\/03\/Custom-Vintage-Red-Clay-Coffee-Set1-600x600.webp 600w, https:\/\/www.qingfaceramic.com\/wp-content\/uploads\/2026\/03\/Custom-Vintage-Red-Clay-Coffee-Set1-100x100.webp 100w\" sizes=\"(max-width: 800px) 100vw, 800px\" \/><\/figure>\n<\/div>\n<\/div>\n\n\n\n<div class=\"wp-block-columns is-layout-flex wp-container-core-columns-is-layout-9d6595d7 wp-block-columns-is-layout-flex\">\n<div class=\"wp-block-column is-layout-flow wp-block-column-is-layout-flow\"><\/div>\n\n\n\n<div class=\"wp-block-column is-layout-flow wp-block-column-is-layout-flow\"><\/div>\n<\/div>\n\n\n\n<p><\/p>","protected":false},"excerpt":{"rendered":"<p data-start=\"503\" data-end=\"756\">Am\u00e9liorez votre exp\u00e9rience de brassage avec notre <b data-path-to-node=\"5\" data-index-in-node=\"41\">goutteurs de caf\u00e9 vintage personnalis\u00e9s en terre cuite rouge <\/b>. Compos\u00e9 d'un bec verseur en terre cuite fait main et d'une th\u00e9i\u00e8re assortie, cet ensemble \u00e9cologique allie charme rustique et fonctionnalit\u00e9 professionnelle pour les caf\u00e9s et les boutiques.<\/p>\n<p>&nbsp;<\/p>\n<p>&nbsp;<\/p>","protected":false},"featured_media":1250,"comment_status":"closed","ping_status":"closed","template":"","meta":{"_acf_changed":false},"market":[],"product_brand":[],"product_cat":[16,27],"product_tag":[],"class_list":{"0":"post-1248","1":"product","2":"type-product","3":"status-publish","4":"has-post-thumbnail","6":"product_cat-tea-and-coffee-sets-factory","7":"product_cat-custom-coffee-drippers","9":"first","10":"instock","11":"shipping-taxable","12":"product-type-simple"},"acf":[],"_links":{"self":[{"href":"https:\/\/www.qingfaceramic.com\/fr\/wp-json\/wp\/v2\/product\/1248","targetHints":{"allow":["GET"]}}],"collection":[{"href":"https:\/\/www.qingfaceramic.com\/fr\/wp-json\/wp\/v2\/product"}],"about":[{"href":"https:\/\/www.qingfaceramic.com\/fr\/wp-json\/wp\/v2\/types\/product"}],"replies":[{"embeddable":true,"href":"https:\/\/www.qingfaceramic.com\/fr\/wp-json\/wp\/v2\/comments?post=1248"}],"wp:featuredmedia":[{"embeddable":true,"href":"https:\/\/www.qingfaceramic.com\/fr\/wp-json\/wp\/v2\/media\/1250"}],"wp:attachment":[{"href":"https:\/\/www.qingfaceramic.com\/fr\/wp-json\/wp\/v2\/media?parent=1248"}],"wp:term":[{"taxonomy":"market","embeddable":true,"href":"https:\/\/www.qingfaceramic.com\/fr\/wp-json\/wp\/v2\/market?post=1248"},{"taxonomy":"product_brand","embeddable":true,"href":"https:\/\/www.qingfaceramic.com\/fr\/wp-json\/wp\/v2\/product_brand?post=1248"},{"taxonomy":"product_cat","embeddable":true,"href":"https:\/\/www.qingfaceramic.com\/fr\/wp-json\/wp\/v2\/product_cat?post=1248"},{"taxonomy":"product_tag","embeddable":true,"href":"https:\/\/www.qingfaceramic.com\/fr\/wp-json\/wp\/v2\/product_tag?post=1248"}],"curies":[{"name":"wp","href":"https:\/\/api.w.org\/{rel}","templated":true}]}}