{"id":1189,"date":"2026-02-11T03:19:51","date_gmt":"2026-02-11T03:19:51","guid":{"rendered":"https:\/\/www.qingfaceramic.com\/?post_type=product&#038;p=1189"},"modified":"2026-02-11T03:28:31","modified_gmt":"2026-02-11T03:28:31","slug":"custom-coffee-cup-in-arabic","status":"publish","type":"product","link":"https:\/\/www.qingfaceramic.com\/fr\/produit\/custom-coffee-cup-in-arabic\/","title":{"rendered":"Tasse \u00e0 caf\u00e9 personnalis\u00e9e en c\u00e9ramique avec motif arabe fait \u00e0 la main 75 ml"},"content":{"rendered":"<h2 class=\"wp-block-heading\">Caract\u00e9ristiques de la tasse \u00e0 caf\u00e9 personnalis\u00e9e en arabe<\/h2>\n\n\n\n<div class=\"wp-block-columns is-layout-flex wp-container-core-columns-is-layout-9d6595d7 wp-block-columns-is-layout-flex\">\n<div class=\"wp-block-column is-layout-flow wp-block-column-is-layout-flow\">\n<ol class=\"wp-block-list\">\n<li><strong>\u00c9l\u00e9ments de design arabes authentiques<\/strong> - Inspir\u00e9e par l'art arabe traditionnel et les motifs culturels, cette tasse \u00e0 caf\u00e9 refl\u00e8te l'esth\u00e9tique et le patrimoine locaux.<\/li>\n\n\n\n<li><strong>Finition des motifs faite \u00e0 la main<\/strong> - Chaque tasse est orn\u00e9e d'un motif d\u00e9taill\u00e9 qui lui conf\u00e8re un aspect artisanal unique et une sensation tactile.<\/li>\n\n\n\n<li><strong>Tasse \u00e0 caf\u00e9 personnalis\u00e9e en arabe<\/strong> - Support OEM\/ODM complet pour l'impression du logo, les motifs de surface, la couleur de l'\u00e9mail et l'emballage pour r\u00e9pondre aux besoins de la marque.<\/li>\n\n\n\n<li><strong>Construction en c\u00e9ramique de haute qualit\u00e9<\/strong> - Fabriqu\u00e9 en c\u00e9ramique durable et sans danger pour les aliments, il garantit des performances constantes dans les environnements commerciaux et domestiques.<\/li>\n\n\n\n<li><strong>Id\u00e9al pour le caf\u00e9 arabe traditionnel<\/strong> - Taille parfaite (\u224875 ml) pour servir du caf\u00e9 arabe ou de l'espresso, en accord avec les rituels culturels en mati\u00e8re de boissons.<\/li>\n<\/ol>\n\n\n\n<div style=\"height:0px\" aria-hidden=\"true\" class=\"wp-block-spacer\"><\/div>\n<\/div>\n\n\n\n<div class=\"wp-block-column is-layout-flow wp-block-column-is-layout-flow\">\n<figure class=\"wp-block-image size-full\"><img decoding=\"async\" width=\"1048\" height=\"1048\" src=\"https:\/\/www.qingfaceramic.com\/wp-content\/uploads\/2026\/02\/Custom-Coffee-Cup-in-Arabic.webp\" alt=\"Tasse \u00e0 caf\u00e9 personnalis\u00e9e en arabe\" class=\"wp-image-1196\" srcset=\"https:\/\/www.qingfaceramic.com\/wp-content\/uploads\/2026\/02\/Custom-Coffee-Cup-in-Arabic.webp 1048w, https:\/\/www.qingfaceramic.com\/wp-content\/uploads\/2026\/02\/Custom-Coffee-Cup-in-Arabic-300x300.webp 300w, https:\/\/www.qingfaceramic.com\/wp-content\/uploads\/2026\/02\/Custom-Coffee-Cup-in-Arabic-150x150.webp 150w, https:\/\/www.qingfaceramic.com\/wp-content\/uploads\/2026\/02\/Custom-Coffee-Cup-in-Arabic-768x768.webp 768w, https:\/\/www.qingfaceramic.com\/wp-content\/uploads\/2026\/02\/Custom-Coffee-Cup-in-Arabic-12x12.webp 12w, https:\/\/www.qingfaceramic.com\/wp-content\/uploads\/2026\/02\/Custom-Coffee-Cup-in-Arabic-600x600.webp 600w, https:\/\/www.qingfaceramic.com\/wp-content\/uploads\/2026\/02\/Custom-Coffee-Cup-in-Arabic-100x100.webp 100w\" sizes=\"(max-width: 1048px) 100vw, 1048px\" \/><\/figure>\n<\/div>\n<\/div>\n\n\n\n<div class=\"wp-block-columns is-layout-flex wp-container-core-columns-is-layout-9d6595d7 wp-block-columns-is-layout-flex\">\n<div class=\"wp-block-column is-layout-flow wp-block-column-is-layout-flow\">\n<figure class=\"wp-block-image size-full\"><img decoding=\"async\" width=\"988\" height=\"988\" src=\"https:\/\/www.qingfaceramic.com\/wp-content\/uploads\/2026\/01\/Custom-Ceramic-Coffee-Mug1.webp\" alt=\"Tasse \u00e0 caf\u00e9 en c\u00e9ramique personnalis\u00e9e1\" class=\"wp-image-608\" srcset=\"https:\/\/www.qingfaceramic.com\/wp-content\/uploads\/2026\/01\/Custom-Ceramic-Coffee-Mug1.webp 988w, https:\/\/www.qingfaceramic.com\/wp-content\/uploads\/2026\/01\/Custom-Ceramic-Coffee-Mug1-300x300.webp 300w, https:\/\/www.qingfaceramic.com\/wp-content\/uploads\/2026\/01\/Custom-Ceramic-Coffee-Mug1-150x150.webp 150w, https:\/\/www.qingfaceramic.com\/wp-content\/uploads\/2026\/01\/Custom-Ceramic-Coffee-Mug1-768x768.webp 768w, https:\/\/www.qingfaceramic.com\/wp-content\/uploads\/2026\/01\/Custom-Ceramic-Coffee-Mug1-600x600.webp 600w, https:\/\/www.qingfaceramic.com\/wp-content\/uploads\/2026\/01\/Custom-Ceramic-Coffee-Mug1-100x100.webp 100w\" sizes=\"(max-width: 988px) 100vw, 988px\" \/><\/figure>\n<\/div>\n\n\n\n<div class=\"wp-block-column is-layout-flow wp-block-column-is-layout-flow\">\n<figure class=\"wp-block-image size-full\"><img decoding=\"async\" width=\"750\" height=\"582\" src=\"https:\/\/www.qingfaceramic.com\/wp-content\/uploads\/2026\/01\/custom-ceramic-coffee-mug8.webp\" alt=\"Tasse \u00e0 caf\u00e9 en c\u00e9ramique personnalis\u00e9e8\" class=\"wp-image-611\" srcset=\"https:\/\/www.qingfaceramic.com\/wp-content\/uploads\/2026\/01\/custom-ceramic-coffee-mug8.webp 750w, https:\/\/www.qingfaceramic.com\/wp-content\/uploads\/2026\/01\/custom-ceramic-coffee-mug8-300x233.webp 300w, https:\/\/www.qingfaceramic.com\/wp-content\/uploads\/2026\/01\/custom-ceramic-coffee-mug8-600x466.webp 600w\" sizes=\"(max-width: 750px) 100vw, 750px\" \/><\/figure>\n<\/div>\n<\/div>\n\n\n\n<p><\/p>","protected":false},"excerpt":{"rendered":"<p data-start=\"503\" data-end=\"756\">Notre tasse \u00e0 caf\u00e9 personnalis\u00e9e en arabe pr\u00e9sente un motif fait \u00e0 la main sur une c\u00e9ramique de haute qualit\u00e9 \u00e0 l'esth\u00e9tique arabe authentique. Elle est id\u00e9ale pour servir du caf\u00e9 arabe traditionnel, dans les caf\u00e9s, les h\u00f4tels, les cadeaux culturels et la personnalisation OEM en vrac.<\/p>\n<h2>Tasse \u00e0 caf\u00e9 personnalis\u00e9e en param\u00e8tre arabe<\/h2>\n<table>\n<thead>\n<tr>\n<th>Fabricant<\/th>\n<th>Qingfa Ceramics<\/th>\n<\/tr>\n<\/thead>\n<tbody>\n<tr>\n<td>Nom du produit<\/td>\n<td>Tasse \u00e0 caf\u00e9 en c\u00e9ramique avec motif fait \u00e0 la main \/ Tasse \u00e0 caf\u00e9 personnalis\u00e9e en arabe<\/td>\n<\/tr>\n<tr>\n<td>Mat\u00e9riau<\/td>\n<td>C\u00e9ramique \u00e9maill\u00e9e de haute qualit\u00e9<\/td>\n<\/tr>\n<tr>\n<td>Capacit\u00e9<\/td>\n<td>Environ 75 ml (personnalisable)<\/td>\n<\/tr>\n<tr>\n<td>Design \/ Style<\/td>\n<td>Motif fait \u00e0 la main avec une esth\u00e9tique culturelle arabe<\/td>\n<\/tr>\n<tr>\n<td>Finition de la surface<\/td>\n<td>C\u00e9ramique \u00e9maill\u00e9e lisse avec motif artisanal<\/td>\n<\/tr>\n<tr>\n<td>Options de couleur<\/td>\n<td>Gla\u00e7ure et motifs personnalis\u00e9s disponibles<\/td>\n<\/tr>\n<tr>\n<td>Poign\u00e9e<\/td>\n<td>Options avec ou sans poign\u00e9e disponibles<\/td>\n<\/tr>\n<tr>\n<td>Personnalisation<\/td>\n<td>Impression de logos, conception de motifs de surface, gla\u00e7age color\u00e9, emballage, OEM\/ODM<\/td>\n<\/tr>\n<tr>\n<td>Utilisation<\/td>\n<td>Caf\u00e9 arabe, espresso, boissons sp\u00e9ciales pour les caf\u00e9s, les h\u00f4tels et les cadeaux culturels<\/td>\n<\/tr>\n<tr>\n<td>Certifications<\/td>\n<td>FDA, LFGB, ISO (en fonction de la personnalisation)<\/td>\n<\/tr>\n<\/tbody>\n<\/table>\n<p>&nbsp;<\/p>","protected":false},"featured_media":1190,"comment_status":"closed","ping_status":"closed","template":"","meta":{"_acf_changed":false},"market":[42],"product_brand":[],"product_cat":[17,28],"product_tag":[],"class_list":{"0":"post-1189","1":"product","2":"type-product","3":"status-publish","4":"has-post-thumbnail","6":"market-middle-east-market","7":"product_cat-custom-coffee-cups","8":"product_cat-custom-coffee-mugs","10":"first","11":"instock","12":"shipping-taxable","13":"product-type-simple"},"acf":[],"_links":{"self":[{"href":"https:\/\/www.qingfaceramic.com\/fr\/wp-json\/wp\/v2\/product\/1189","targetHints":{"allow":["GET"]}}],"collection":[{"href":"https:\/\/www.qingfaceramic.com\/fr\/wp-json\/wp\/v2\/product"}],"about":[{"href":"https:\/\/www.qingfaceramic.com\/fr\/wp-json\/wp\/v2\/types\/product"}],"replies":[{"embeddable":true,"href":"https:\/\/www.qingfaceramic.com\/fr\/wp-json\/wp\/v2\/comments?post=1189"}],"wp:featuredmedia":[{"embeddable":true,"href":"https:\/\/www.qingfaceramic.com\/fr\/wp-json\/wp\/v2\/media\/1190"}],"wp:attachment":[{"href":"https:\/\/www.qingfaceramic.com\/fr\/wp-json\/wp\/v2\/media?parent=1189"}],"wp:term":[{"taxonomy":"market","embeddable":true,"href":"https:\/\/www.qingfaceramic.com\/fr\/wp-json\/wp\/v2\/market?post=1189"},{"taxonomy":"product_brand","embeddable":true,"href":"https:\/\/www.qingfaceramic.com\/fr\/wp-json\/wp\/v2\/product_brand?post=1189"},{"taxonomy":"product_cat","embeddable":true,"href":"https:\/\/www.qingfaceramic.com\/fr\/wp-json\/wp\/v2\/product_cat?post=1189"},{"taxonomy":"product_tag","embeddable":true,"href":"https:\/\/www.qingfaceramic.com\/fr\/wp-json\/wp\/v2\/product_tag?post=1189"}],"curies":[{"name":"wp","href":"https:\/\/api.w.org\/{rel}","templated":true}]}}