{"id":1181,"date":"2026-02-11T03:04:42","date_gmt":"2026-02-11T03:04:42","guid":{"rendered":"https:\/\/www.qingfaceramic.com\/?post_type=product&#038;p=1181"},"modified":"2026-02-11T03:12:27","modified_gmt":"2026-02-11T03:12:27","slug":"custom-coffee-arabic-cup","status":"publish","type":"product","link":"https:\/\/www.qingfaceramic.com\/fr\/produit\/custom-coffee-arabic-cup\/","title":{"rendered":"Tasse \u00e0 caf\u00e9 arabe personnalis\u00e9e Tasse \u00e0 caf\u00e9 en c\u00e9ramique \u00e9maill\u00e9e de couleur saoudienne"},"content":{"rendered":"<h2 class=\"wp-block-heading\">Caract\u00e9ristiques de la tasse \u00e0 caf\u00e9 arabe personnalis\u00e9e<\/h2>\n\n\n\n<div class=\"wp-block-columns is-layout-flex wp-container-core-columns-is-layout-9d6595d7 wp-block-columns-is-layout-flex\">\n<div class=\"wp-block-column is-layout-flow wp-block-column-is-layout-flow\">\n<ol class=\"wp-block-list\">\n<li><strong>Tasse \u00e0 caf\u00e9 arabe personnalis\u00e9e<\/strong> - Prise en charge de la personnalisation compl\u00e8te du logo, de la conception et de l'emballage pour les OEM\/ODM afin de s'adapter \u00e0 l'identit\u00e9 de la marque et aux th\u00e8mes culturels.<\/li>\n\n\n\n<li><strong>Couleur vibrante Finition glac\u00e9e<\/strong> - Le gla\u00e7age riche et lisse cr\u00e9e un attrait visuel accrocheur et am\u00e9liore l'esth\u00e9tique du produit.<\/li>\n\n\n\n<li><strong>Inspiration en mati\u00e8re de design culturel<\/strong> - Inspir\u00e9 des traditions saoudiennes et moyen-orientales en mati\u00e8re de caf\u00e9, id\u00e9al pour une pr\u00e9sentation et une hospitalit\u00e9 authentiques.<\/li>\n\n\n\n<li><strong>Construction en c\u00e9ramique de haute qualit\u00e9<\/strong> - La c\u00e9ramique durable, compatible avec les aliments, garantit une utilisation quotidienne dans les caf\u00e9s, les h\u00f4tels et les bureaux.<\/li>\n\n\n\n<li><strong>Utilisation polyvalente des boissons<\/strong> - Convient pour le caf\u00e9 arabe, l'espresso, le th\u00e9 et d'autres boissons chaudes dans les locaux commerciaux et de vente au d\u00e9tail.<\/li>\n<\/ol>\n\n\n\n<div style=\"height:0px\" aria-hidden=\"true\" class=\"wp-block-spacer\"><\/div>\n<\/div>\n\n\n\n<div class=\"wp-block-column is-layout-flow wp-block-column-is-layout-flow\">\n<figure class=\"wp-block-image size-full\"><img decoding=\"async\" width=\"1420\" height=\"1332\" src=\"https:\/\/www.qingfaceramic.com\/wp-content\/uploads\/2026\/02\/Custom-Coffee-Arabic-Cup1.webp\" alt=\"Tasse \u00e0 caf\u00e9 arabe personnalis\u00e9e1\" class=\"wp-image-1182\" srcset=\"https:\/\/www.qingfaceramic.com\/wp-content\/uploads\/2026\/02\/Custom-Coffee-Arabic-Cup1.webp 1420w, https:\/\/www.qingfaceramic.com\/wp-content\/uploads\/2026\/02\/Custom-Coffee-Arabic-Cup1-300x281.webp 300w, https:\/\/www.qingfaceramic.com\/wp-content\/uploads\/2026\/02\/Custom-Coffee-Arabic-Cup1-768x720.webp 768w, https:\/\/www.qingfaceramic.com\/wp-content\/uploads\/2026\/02\/Custom-Coffee-Arabic-Cup1-13x12.webp 13w, https:\/\/www.qingfaceramic.com\/wp-content\/uploads\/2026\/02\/Custom-Coffee-Arabic-Cup1-1200x1126.webp 1200w, https:\/\/www.qingfaceramic.com\/wp-content\/uploads\/2026\/02\/Custom-Coffee-Arabic-Cup1-600x563.webp 600w\" sizes=\"(max-width: 1420px) 100vw, 1420px\" \/><\/figure>\n<\/div>\n<\/div>\n\n\n\n<div class=\"wp-block-columns is-layout-flex wp-container-core-columns-is-layout-9d6595d7 wp-block-columns-is-layout-flex\">\n<div class=\"wp-block-column is-layout-flow wp-block-column-is-layout-flow\">\n<figure class=\"wp-block-image size-full\"><img decoding=\"async\" width=\"988\" height=\"988\" src=\"https:\/\/www.qingfaceramic.com\/wp-content\/uploads\/2026\/01\/Custom-Ceramic-Coffee-Mug1.webp\" alt=\"Tasse \u00e0 caf\u00e9 en c\u00e9ramique personnalis\u00e9e1\" class=\"wp-image-608\" srcset=\"https:\/\/www.qingfaceramic.com\/wp-content\/uploads\/2026\/01\/Custom-Ceramic-Coffee-Mug1.webp 988w, https:\/\/www.qingfaceramic.com\/wp-content\/uploads\/2026\/01\/Custom-Ceramic-Coffee-Mug1-300x300.webp 300w, https:\/\/www.qingfaceramic.com\/wp-content\/uploads\/2026\/01\/Custom-Ceramic-Coffee-Mug1-150x150.webp 150w, https:\/\/www.qingfaceramic.com\/wp-content\/uploads\/2026\/01\/Custom-Ceramic-Coffee-Mug1-768x768.webp 768w, https:\/\/www.qingfaceramic.com\/wp-content\/uploads\/2026\/01\/Custom-Ceramic-Coffee-Mug1-600x600.webp 600w, https:\/\/www.qingfaceramic.com\/wp-content\/uploads\/2026\/01\/Custom-Ceramic-Coffee-Mug1-100x100.webp 100w\" sizes=\"(max-width: 988px) 100vw, 988px\" \/><\/figure>\n<\/div>\n\n\n\n<div class=\"wp-block-column is-layout-flow wp-block-column-is-layout-flow\">\n<figure class=\"wp-block-image size-full\"><img decoding=\"async\" width=\"750\" height=\"582\" src=\"https:\/\/www.qingfaceramic.com\/wp-content\/uploads\/2026\/01\/custom-ceramic-coffee-mug8.webp\" alt=\"Tasse \u00e0 caf\u00e9 en c\u00e9ramique personnalis\u00e9e8\" class=\"wp-image-611\" srcset=\"https:\/\/www.qingfaceramic.com\/wp-content\/uploads\/2026\/01\/custom-ceramic-coffee-mug8.webp 750w, https:\/\/www.qingfaceramic.com\/wp-content\/uploads\/2026\/01\/custom-ceramic-coffee-mug8-300x233.webp 300w, https:\/\/www.qingfaceramic.com\/wp-content\/uploads\/2026\/01\/custom-ceramic-coffee-mug8-600x466.webp 600w\" sizes=\"(max-width: 750px) 100vw, 750px\" \/><\/figure>\n<\/div>\n<\/div>\n\n\n\n<p><\/p>","protected":false},"excerpt":{"rendered":"<p data-start=\"503\" data-end=\"756\">Notre tasse \u00e0 caf\u00e9 arabe personnalis\u00e9e pr\u00e9sente une gla\u00e7ure aux couleurs vives et un design d'inspiration saoudienne sur une c\u00e9ramique de haute qualit\u00e9. Elle est parfaite pour les caf\u00e9s, les h\u00f4tels, la vente au d\u00e9tail et les cadeaux culturels, avec une personnalisation OEM\/ODM flexible pour les logos et les motifs.<\/p>\n<h2>Param\u00e8tres de la tasse de caf\u00e9 arabe personnalis\u00e9e<\/h2>\n<table>\n<thead>\n<tr>\n<th>Fabricant<\/th>\n<th>Qingfa Ceramics<\/th>\n<\/tr>\n<\/thead>\n<tbody>\n<tr>\n<td>Nom du produit<\/td>\n<td>Tasse \u00e0 caf\u00e9 arabe personnalis\u00e9e \/ Tasse \u00e0 caf\u00e9 en c\u00e9ramique \u00e9maill\u00e9e de couleur saoudienne<\/td>\n<\/tr>\n<tr>\n<td>Mat\u00e9riau<\/td>\n<td>C\u00e9ramique \u00e9maill\u00e9e de haute qualit\u00e9<\/td>\n<\/tr>\n<tr>\n<td>Capacit\u00e9<\/td>\n<td>Environ 125-225 ml (taille typique d'une tasse arabe, personnalisable)<\/td>\n<\/tr>\n<tr>\n<td>Design \/ Style<\/td>\n<td>Surface \u00e9maill\u00e9e de couleur avec une esth\u00e9tique saoudienne\/moyenne-orientale<\/td>\n<\/tr>\n<tr>\n<td>Finition de la surface<\/td>\n<td>Gla\u00e7age color\u00e9 lisse, sans danger pour les aliments<\/td>\n<\/tr>\n<tr>\n<td>Options de couleur<\/td>\n<td>Possibilit\u00e9 de gla\u00e7age personnalis\u00e9 et d'impression d'illustrations<\/td>\n<\/tr>\n<tr>\n<td>Poign\u00e9e<\/td>\n<td>Options avec ou sans poign\u00e9e disponibles<\/td>\n<\/tr>\n<tr>\n<td>Personnalisation<\/td>\n<td>Impression de logos, conception de motifs, gla\u00e7age des couleurs, emballage, OEM\/ODM<\/td>\n<\/tr>\n<tr>\n<td>Utilisation<\/td>\n<td>Caf\u00e9 arabe, espresso, th\u00e9 pour les caf\u00e9s, les h\u00f4tels, le commerce de d\u00e9tail, les cadeaux culturels<\/td>\n<\/tr>\n<tr>\n<td>Certifications<\/td>\n<td>FDA, LFGB, ISO (en fonction de la personnalisation)<\/td>\n<\/tr>\n<\/tbody>\n<\/table>\n<p>&nbsp;<\/p>","protected":false},"featured_media":1187,"comment_status":"closed","ping_status":"closed","template":"","meta":{"_acf_changed":false},"market":[42],"product_brand":[],"product_cat":[17,28],"product_tag":[],"class_list":{"0":"post-1181","1":"product","2":"type-product","3":"status-publish","4":"has-post-thumbnail","6":"market-middle-east-market","7":"product_cat-custom-coffee-cups","8":"product_cat-custom-coffee-mugs","10":"first","11":"instock","12":"shipping-taxable","13":"product-type-simple"},"acf":[],"_links":{"self":[{"href":"https:\/\/www.qingfaceramic.com\/fr\/wp-json\/wp\/v2\/product\/1181","targetHints":{"allow":["GET"]}}],"collection":[{"href":"https:\/\/www.qingfaceramic.com\/fr\/wp-json\/wp\/v2\/product"}],"about":[{"href":"https:\/\/www.qingfaceramic.com\/fr\/wp-json\/wp\/v2\/types\/product"}],"replies":[{"embeddable":true,"href":"https:\/\/www.qingfaceramic.com\/fr\/wp-json\/wp\/v2\/comments?post=1181"}],"wp:featuredmedia":[{"embeddable":true,"href":"https:\/\/www.qingfaceramic.com\/fr\/wp-json\/wp\/v2\/media\/1187"}],"wp:attachment":[{"href":"https:\/\/www.qingfaceramic.com\/fr\/wp-json\/wp\/v2\/media?parent=1181"}],"wp:term":[{"taxonomy":"market","embeddable":true,"href":"https:\/\/www.qingfaceramic.com\/fr\/wp-json\/wp\/v2\/market?post=1181"},{"taxonomy":"product_brand","embeddable":true,"href":"https:\/\/www.qingfaceramic.com\/fr\/wp-json\/wp\/v2\/product_brand?post=1181"},{"taxonomy":"product_cat","embeddable":true,"href":"https:\/\/www.qingfaceramic.com\/fr\/wp-json\/wp\/v2\/product_cat?post=1181"},{"taxonomy":"product_tag","embeddable":true,"href":"https:\/\/www.qingfaceramic.com\/fr\/wp-json\/wp\/v2\/product_tag?post=1181"}],"curies":[{"name":"wp","href":"https:\/\/api.w.org\/{rel}","templated":true}]}}