{"id":1148,"date":"2026-02-11T01:48:04","date_gmt":"2026-02-11T01:48:04","guid":{"rendered":"https:\/\/www.qingfaceramic.com\/?post_type=product&#038;p=1148"},"modified":"2026-02-11T02:00:16","modified_gmt":"2026-02-11T02:00:16","slug":"custom-arabia-coffee-cups","status":"publish","type":"product","link":"https:\/\/www.qingfaceramic.com\/fr\/produit\/custom-arabia-coffee-cups\/","title":{"rendered":"Tasses \u00e0 caf\u00e9 personnalis\u00e9es Arabie Poign\u00e9e cr\u00e9ative Tasse \u00e0 caf\u00e9 en c\u00e9ramique arabe 50 ml"},"content":{"rendered":"<h2 class=\"wp-block-heading\">Caract\u00e9ristiques des tasses \u00e0 caf\u00e9 Custom Arabia<\/h2>\n\n\n\n<div class=\"wp-block-columns is-layout-flex wp-container-core-columns-is-layout-9d6595d7 wp-block-columns-is-layout-flex\">\n<div class=\"wp-block-column is-layout-flow wp-block-column-is-layout-flow\">\n<ol class=\"wp-block-list\">\n<li><strong>Tasses \u00e0 caf\u00e9 Arabie personnalis\u00e9es<\/strong> - Possibilit\u00e9 de personnalisation OEM\/ODM compl\u00e8te, y compris l'impression du logo, le dessin du mod\u00e8le et l'emballage pour r\u00e9pondre aux besoins de votre marque.<\/li>\n\n\n\n<li><strong>Conception cr\u00e9ative des poign\u00e9es<\/strong> - Une poign\u00e9e ergonomique et \u00e9l\u00e9gante am\u00e9liore la prise en main tout en mettant en valeur l'esth\u00e9tique du Moyen-Orient.<\/li>\n\n\n\n<li><strong>Style arabe authentique<\/strong> - Con\u00e7u pour refl\u00e9ter la culture saoudienne et plus largement arabe du caf\u00e9, avec une forme et des proportions traditionnelles.<\/li>\n\n\n\n<li><strong>Construction en c\u00e9ramique de haute qualit\u00e9<\/strong> - Le gla\u00e7age alimentaire durable garantit une utilisation durable dans les caf\u00e9s, les h\u00f4tels ou les lieux d'accueil.<\/li>\n\n\n\n<li><strong>Id\u00e9al pour les rituels du caf\u00e9<\/strong> - La petite contenance de 50 ml s'aligne sur les coutumes arabes traditionnelles de service du caf\u00e9, ajoutant ainsi une authenticit\u00e9 culturelle.<\/li>\n\n\n\n<li><strong>Pr\u00eat pour la vente en gros et en vrac<\/strong> - Gr\u00e2ce \u00e0 un contr\u00f4le de qualit\u00e9 constant et \u00e0 une production modulable, ces gobelets conviennent aux distributeurs, aux d\u00e9taillants et aux commandes \u00e0 grande \u00e9chelle.<\/li>\n<\/ol>\n\n\n\n<div style=\"height:0px\" aria-hidden=\"true\" class=\"wp-block-spacer\"><\/div>\n<\/div>\n\n\n\n<div class=\"wp-block-column is-layout-flow wp-block-column-is-layout-flow\">\n<figure class=\"wp-block-image size-full\"><img decoding=\"async\" width=\"1278\" height=\"2514\" src=\"https:\/\/www.qingfaceramic.com\/wp-content\/uploads\/2026\/02\/Custom-Arabia-Coffee-Cups1.1.webp\" alt=\"Tasses \u00e0 caf\u00e9 Arabie personnalis\u00e9es1.1\" class=\"wp-image-1149\" srcset=\"https:\/\/www.qingfaceramic.com\/wp-content\/uploads\/2026\/02\/Custom-Arabia-Coffee-Cups1.1.webp 1278w, https:\/\/www.qingfaceramic.com\/wp-content\/uploads\/2026\/02\/Custom-Arabia-Coffee-Cups1.1-153x300.webp 153w, https:\/\/www.qingfaceramic.com\/wp-content\/uploads\/2026\/02\/Custom-Arabia-Coffee-Cups1.1-768x1511.webp 768w, https:\/\/www.qingfaceramic.com\/wp-content\/uploads\/2026\/02\/Custom-Arabia-Coffee-Cups1.1-6x12.webp 6w, https:\/\/www.qingfaceramic.com\/wp-content\/uploads\/2026\/02\/Custom-Arabia-Coffee-Cups1.1-1200x2361.webp 1200w, https:\/\/www.qingfaceramic.com\/wp-content\/uploads\/2026\/02\/Custom-Arabia-Coffee-Cups1.1-600x1180.webp 600w\" sizes=\"(max-width: 1278px) 100vw, 1278px\" \/><\/figure>\n<\/div>\n<\/div>\n\n\n\n<div class=\"wp-block-columns is-layout-flex wp-container-core-columns-is-layout-9d6595d7 wp-block-columns-is-layout-flex\">\n<div class=\"wp-block-column is-layout-flow wp-block-column-is-layout-flow\">\n<figure class=\"wp-block-image size-full\"><img decoding=\"async\" width=\"988\" height=\"988\" src=\"https:\/\/www.qingfaceramic.com\/wp-content\/uploads\/2026\/01\/Custom-Ceramic-Coffee-Mug1.webp\" alt=\"Tasse \u00e0 caf\u00e9 en c\u00e9ramique personnalis\u00e9e1\" class=\"wp-image-608\" srcset=\"https:\/\/www.qingfaceramic.com\/wp-content\/uploads\/2026\/01\/Custom-Ceramic-Coffee-Mug1.webp 988w, https:\/\/www.qingfaceramic.com\/wp-content\/uploads\/2026\/01\/Custom-Ceramic-Coffee-Mug1-300x300.webp 300w, https:\/\/www.qingfaceramic.com\/wp-content\/uploads\/2026\/01\/Custom-Ceramic-Coffee-Mug1-150x150.webp 150w, https:\/\/www.qingfaceramic.com\/wp-content\/uploads\/2026\/01\/Custom-Ceramic-Coffee-Mug1-768x768.webp 768w, https:\/\/www.qingfaceramic.com\/wp-content\/uploads\/2026\/01\/Custom-Ceramic-Coffee-Mug1-600x600.webp 600w, https:\/\/www.qingfaceramic.com\/wp-content\/uploads\/2026\/01\/Custom-Ceramic-Coffee-Mug1-100x100.webp 100w\" sizes=\"(max-width: 988px) 100vw, 988px\" \/><\/figure>\n<\/div>\n\n\n\n<div class=\"wp-block-column is-layout-flow wp-block-column-is-layout-flow\">\n<figure class=\"wp-block-image size-full\"><img decoding=\"async\" width=\"750\" height=\"582\" src=\"https:\/\/www.qingfaceramic.com\/wp-content\/uploads\/2026\/01\/custom-ceramic-coffee-mug8.webp\" alt=\"Tasse \u00e0 caf\u00e9 en c\u00e9ramique personnalis\u00e9e8\" class=\"wp-image-611\" srcset=\"https:\/\/www.qingfaceramic.com\/wp-content\/uploads\/2026\/01\/custom-ceramic-coffee-mug8.webp 750w, https:\/\/www.qingfaceramic.com\/wp-content\/uploads\/2026\/01\/custom-ceramic-coffee-mug8-300x233.webp 300w, https:\/\/www.qingfaceramic.com\/wp-content\/uploads\/2026\/01\/custom-ceramic-coffee-mug8-600x466.webp 600w\" sizes=\"(max-width: 750px) 100vw, 750px\" \/><\/figure>\n<\/div>\n<\/div>","protected":false},"excerpt":{"rendered":"<p>Nos tasses \u00e0 caf\u00e9 Arabia personnalis\u00e9es sont dot\u00e9es d'une poign\u00e9e cr\u00e9ative et d'un design authentiquement moyen-oriental en c\u00e9ramique de 50 ml. Elles sont id\u00e9ales pour les caf\u00e9s, les h\u00f4tels, les \u00e9v\u00e9nements culturels et les commandes OEM en vrac avec des logos et des motifs personnalisables.<\/p>\n<h2>Tasses \u00e0 caf\u00e9 Arabie personnalis\u00e9es Param\u00e8tre<\/h2>\n<table>\n<thead>\n<tr>\n<th>Fabricant<\/th>\n<th>Qingfa Ceramics<\/th>\n<\/tr>\n<\/thead>\n<tbody>\n<tr>\n<td>Nom du produit<\/td>\n<td>Tasse \u00e0 caf\u00e9 en c\u00e9ramique arabe \u00e0 poign\u00e9e cr\u00e9ative \/ Tasses \u00e0 caf\u00e9 Arabie personnalis\u00e9es<\/td>\n<\/tr>\n<tr>\n<td>Mat\u00e9riau<\/td>\n<td>C\u00e9ramique \u00e9maill\u00e9e de haute qualit\u00e9<\/td>\n<\/tr>\n<tr>\n<td>Capacit\u00e9<\/td>\n<td>Environ 50 ml (taille typique d'une tasse \u00e0 caf\u00e9 arabe)<\/td>\n<\/tr>\n<tr>\n<td>Design \/ Style<\/td>\n<td>Inspiration arabe\/moyen-orientale avec une poign\u00e9e cr\u00e9ative<\/td>\n<\/tr>\n<tr>\n<td>Finition de la surface<\/td>\n<td>C\u00e9ramique \u00e9maill\u00e9e lisse, compatible avec les aliments<\/td>\n<\/tr>\n<tr>\n<td>Options de couleur<\/td>\n<td>Options de gla\u00e7age et d'impression personnalis\u00e9es disponibles<\/td>\n<\/tr>\n<tr>\n<td>Poign\u00e9e<\/td>\n<td>Poign\u00e9e ergonomique cr\u00e9ative en c\u00e9ramique<\/td>\n<\/tr>\n<tr>\n<td>Personnalisation<\/td>\n<td>Impression de logos, conception de d\u00e9calcomanies, emballage, OEM\/ODM<\/td>\n<\/tr>\n<tr>\n<td>Utilisation<\/td>\n<td>Caf\u00e9 arabe, espresso, th\u00e9 et boissons pour les caf\u00e9s, les h\u00f4tels et les \u00e9v\u00e9nements culturels<\/td>\n<\/tr>\n<tr>\n<td>Certifications<\/td>\n<td>FDA, LFGB, ISO (en fonction de la personnalisation)<\/td>\n<\/tr>\n<\/tbody>\n<\/table>\n<p>&nbsp;<\/p>","protected":false},"featured_media":1155,"comment_status":"closed","ping_status":"closed","template":"","meta":{"_acf_changed":false},"market":[42],"product_brand":[],"product_cat":[17,28],"product_tag":[],"class_list":{"0":"post-1148","1":"product","2":"type-product","3":"status-publish","4":"has-post-thumbnail","6":"market-middle-east-market","7":"product_cat-custom-coffee-cups","8":"product_cat-custom-coffee-mugs","10":"first","11":"instock","12":"shipping-taxable","13":"product-type-simple"},"acf":[],"_links":{"self":[{"href":"https:\/\/www.qingfaceramic.com\/fr\/wp-json\/wp\/v2\/product\/1148","targetHints":{"allow":["GET"]}}],"collection":[{"href":"https:\/\/www.qingfaceramic.com\/fr\/wp-json\/wp\/v2\/product"}],"about":[{"href":"https:\/\/www.qingfaceramic.com\/fr\/wp-json\/wp\/v2\/types\/product"}],"replies":[{"embeddable":true,"href":"https:\/\/www.qingfaceramic.com\/fr\/wp-json\/wp\/v2\/comments?post=1148"}],"wp:featuredmedia":[{"embeddable":true,"href":"https:\/\/www.qingfaceramic.com\/fr\/wp-json\/wp\/v2\/media\/1155"}],"wp:attachment":[{"href":"https:\/\/www.qingfaceramic.com\/fr\/wp-json\/wp\/v2\/media?parent=1148"}],"wp:term":[{"taxonomy":"market","embeddable":true,"href":"https:\/\/www.qingfaceramic.com\/fr\/wp-json\/wp\/v2\/market?post=1148"},{"taxonomy":"product_brand","embeddable":true,"href":"https:\/\/www.qingfaceramic.com\/fr\/wp-json\/wp\/v2\/product_brand?post=1148"},{"taxonomy":"product_cat","embeddable":true,"href":"https:\/\/www.qingfaceramic.com\/fr\/wp-json\/wp\/v2\/product_cat?post=1148"},{"taxonomy":"product_tag","embeddable":true,"href":"https:\/\/www.qingfaceramic.com\/fr\/wp-json\/wp\/v2\/product_tag?post=1148"}],"curies":[{"name":"wp","href":"https:\/\/api.w.org\/{rel}","templated":true}]}}