{"id":1088,"date":"2026-01-31T02:59:34","date_gmt":"2026-01-31T02:59:34","guid":{"rendered":"https:\/\/www.qingfaceramic.com\/?post_type=product&#038;p=1088"},"modified":"2026-01-31T03:04:00","modified_gmt":"2026-01-31T03:04:00","slug":"custom-ceramic-storage-holders","status":"publish","type":"product","link":"https:\/\/www.qingfaceramic.com\/fr\/produit\/custom-ceramic-storage-holders\/","title":{"rendered":"Supports de rangement en c\u00e9ramique personnalis\u00e9s, range-couverts en terre cuite ray\u00e9e"},"content":{"rendered":"<h2 class=\"wp-block-heading\">Caract\u00e9ristiques des supports de rangement en c\u00e9ramique sur mesure<\/h2>\n\n\n\n<div class=\"wp-block-columns is-layout-flex wp-container-core-columns-is-layout-9d6595d7 wp-block-columns-is-layout-flex\">\n<div class=\"wp-block-column is-layout-flow wp-block-column-is-layout-flow\">\n<ol class=\"wp-block-list\">\n<li><strong>Supports de rangement en c\u00e9ramique personnalis\u00e9s<\/strong> - Possibilit\u00e9 de personnalisation OEM\/ODM, y compris du logo, du motif, de la couleur de l'\u00e9mail et de l'emballage pour r\u00e9pondre aux exigences sp\u00e9cifiques de la marque.<\/li>\n\n\n\n<li><strong>Design unique \u00e0 rayures<\/strong> - L'esth\u00e9tique artistique de l'argile ray\u00e9e ajoute du caract\u00e8re et de l'attrait visuel aux comptoirs de cuisine et aux salles \u00e0 manger.<\/li>\n\n\n\n<li><strong>Mat\u00e9riau c\u00e9ramique de haute qualit\u00e9<\/strong> - Construction en c\u00e9ramique \u00e9maill\u00e9e durable pour des performances durables et un nettoyage facile.<\/li>\n\n\n\n<li><strong>Utilisation polyvalente de l'espace de stockage<\/strong> - Id\u00e9al pour organiser les couverts, les ustensiles, les outils de cuisine, les stylos, les brosses et les petits articles m\u00e9nagers.<\/li>\n\n\n\n<li><strong>Parfait pour le vrac et la vente en gros<\/strong> - Con\u00e7us pour les commandes en gros avec un contr\u00f4le fiable de la qualit\u00e9 de la production, ils conviennent aux distributeurs et aux d\u00e9taillants.<\/li>\n\n\n\n<li><strong>\u00c9l\u00e9gant et fonctionnel<\/strong> - Combine l'aspect pratique avec un d\u00e9cor de cuisine contemporain, am\u00e9liorant \u00e0 la fois la fonctionnalit\u00e9 et l'esth\u00e9tique.<\/li>\n<\/ol>\n\n\n\n<figure class=\"wp-block-image size-full\"><img decoding=\"async\" width=\"1000\" height=\"1000\" src=\"https:\/\/www.qingfaceramic.com\/wp-content\/uploads\/2026\/01\/custom-ceramic-storage-holders1.webp\" alt=\"\" class=\"wp-image-675\" srcset=\"https:\/\/www.qingfaceramic.com\/wp-content\/uploads\/2026\/01\/custom-ceramic-storage-holders1.webp 1000w, https:\/\/www.qingfaceramic.com\/wp-content\/uploads\/2026\/01\/custom-ceramic-storage-holders1-300x300.webp 300w, https:\/\/www.qingfaceramic.com\/wp-content\/uploads\/2026\/01\/custom-ceramic-storage-holders1-150x150.webp 150w, https:\/\/www.qingfaceramic.com\/wp-content\/uploads\/2026\/01\/custom-ceramic-storage-holders1-768x768.webp 768w, https:\/\/www.qingfaceramic.com\/wp-content\/uploads\/2026\/01\/custom-ceramic-storage-holders1-600x600.webp 600w, https:\/\/www.qingfaceramic.com\/wp-content\/uploads\/2026\/01\/custom-ceramic-storage-holders1-100x100.webp 100w\" sizes=\"(max-width: 1000px) 100vw, 1000px\" \/><\/figure>\n<\/div>\n\n\n\n<div class=\"wp-block-column is-layout-flow wp-block-column-is-layout-flow\">\n<figure class=\"wp-block-image size-full\"><img decoding=\"async\" width=\"790\" height=\"1493\" src=\"https:\/\/www.qingfaceramic.com\/wp-content\/uploads\/2026\/01\/custom-ceramic-storage-holders5.webp\" alt=\"Supports de rangement en c\u00e9ramique personnalis\u00e9s5\" class=\"wp-image-677\" srcset=\"https:\/\/www.qingfaceramic.com\/wp-content\/uploads\/2026\/01\/custom-ceramic-storage-holders5.webp 790w, https:\/\/www.qingfaceramic.com\/wp-content\/uploads\/2026\/01\/custom-ceramic-storage-holders5-159x300.webp 159w, https:\/\/www.qingfaceramic.com\/wp-content\/uploads\/2026\/01\/custom-ceramic-storage-holders5-768x1451.webp 768w, https:\/\/www.qingfaceramic.com\/wp-content\/uploads\/2026\/01\/custom-ceramic-storage-holders5-600x1134.webp 600w\" sizes=\"(max-width: 790px) 100vw, 790px\" \/><\/figure>\n<\/div>\n<\/div>\n\n\n\n<div class=\"wp-block-columns is-layout-flex wp-container-core-columns-is-layout-9d6595d7 wp-block-columns-is-layout-flex\">\n<div class=\"wp-block-column is-layout-flow wp-block-column-is-layout-flow\"><\/div>\n\n\n\n<div class=\"wp-block-column is-layout-flow wp-block-column-is-layout-flow\"><\/div>\n\n\n\n<div class=\"wp-block-column is-layout-flow wp-block-column-is-layout-flow\"><\/div>\n<\/div>\n\n\n\n<div class=\"wp-block-columns is-layout-flex wp-container-core-columns-is-layout-9d6595d7 wp-block-columns-is-layout-flex\">\n<div class=\"wp-block-column is-layout-flow wp-block-column-is-layout-flow\"><\/div>\n\n\n\n<div class=\"wp-block-column is-layout-flow wp-block-column-is-layout-flow\"><\/div>\n<\/div>","protected":false},"excerpt":{"rendered":"<p data-start=\"441\" data-end=\"787\">Nos supports de rangement en c\u00e9ramique personnalis\u00e9s pr\u00e9sentent un design unique d'argile ray\u00e9e, parfait pour organiser les couverts, les outils de cuisine et les ustensiles. Fabriqu\u00e9s en c\u00e9ramique de haute qualit\u00e9 avec une finition \u00e9l\u00e9gante et un support de personnalisation OEM\/ODM, ils sont id\u00e9aux pour les solutions de rangement de cuisine et d'organisation de la maison en gros.<\/p>\n<h2>Supports de rangement en c\u00e9ramique personnalis\u00e9s Param\u00e8tre<\/h2>\n<table>\n<thead>\n<tr>\n<th>Fabricant<\/th>\n<th>Qingfa Ceramics<\/th>\n<\/tr>\n<\/thead>\n<tbody>\n<tr>\n<td>Nom du produit<\/td>\n<td>Porte-couverts et ustensiles unique en c\u00e9ramique stri\u00e9e \/ Supports de rangement en c\u00e9ramique personnalis\u00e9s<\/td>\n<\/tr>\n<tr>\n<td>Mat\u00e9riau<\/td>\n<td>C\u00e9ramique \u00e9maill\u00e9e de haute qualit\u00e9<\/td>\n<\/tr>\n<tr>\n<td>Design \/ Forme<\/td>\n<td>Motif unique d'argile ray\u00e9e, conception de rangement ouverte sur le dessus<\/td>\n<\/tr>\n<tr>\n<td>Finition de la surface<\/td>\n<td>Surface lisse en c\u00e9ramique \u00e9maill\u00e9e<\/td>\n<\/tr>\n<tr>\n<td>Options de couleur<\/td>\n<td>Possibilit\u00e9 de personnaliser la couleur de la gla\u00e7ure et le dessin des rayures<\/td>\n<\/tr>\n<tr>\n<td>Personnalisation<\/td>\n<td>Impression de logos, gla\u00e7age color\u00e9, motifs de surface, emballage, OEM\/ODM<\/td>\n<\/tr>\n<tr>\n<td>Utilisation<\/td>\n<td>Couverts de cuisine, organisation des ustensiles, rangement des stylos\/outils, comptoirs de maison et de caf\u00e9<\/td>\n<\/tr>\n<tr>\n<td>Fonction<\/td>\n<td>Rangement et organisation pour les petits articles de cuisine et de m\u00e9nage<\/td>\n<\/tr>\n<tr>\n<td>Certifications<\/td>\n<td>FDA, LFGB, ISO (en fonction de la personnalisation)<\/td>\n<\/tr>\n<\/tbody>\n<\/table>\n<p>&nbsp;<\/p>\n<p>&nbsp;<\/p>","protected":false},"featured_media":675,"comment_status":"closed","ping_status":"closed","template":"","meta":{"_acf_changed":false},"market":[],"product_brand":[],"product_cat":[20,37],"product_tag":[],"class_list":{"0":"post-1088","1":"product","2":"type-product","3":"status-publish","4":"has-post-thumbnail","6":"product_cat-ceramic-kitchenware-wholesale","7":"product_cat-custom-kitchen-tools","9":"first","10":"instock","11":"shipping-taxable","12":"product-type-simple"},"acf":[],"_links":{"self":[{"href":"https:\/\/www.qingfaceramic.com\/fr\/wp-json\/wp\/v2\/product\/1088","targetHints":{"allow":["GET"]}}],"collection":[{"href":"https:\/\/www.qingfaceramic.com\/fr\/wp-json\/wp\/v2\/product"}],"about":[{"href":"https:\/\/www.qingfaceramic.com\/fr\/wp-json\/wp\/v2\/types\/product"}],"replies":[{"embeddable":true,"href":"https:\/\/www.qingfaceramic.com\/fr\/wp-json\/wp\/v2\/comments?post=1088"}],"wp:featuredmedia":[{"embeddable":true,"href":"https:\/\/www.qingfaceramic.com\/fr\/wp-json\/wp\/v2\/media\/675"}],"wp:attachment":[{"href":"https:\/\/www.qingfaceramic.com\/fr\/wp-json\/wp\/v2\/media?parent=1088"}],"wp:term":[{"taxonomy":"market","embeddable":true,"href":"https:\/\/www.qingfaceramic.com\/fr\/wp-json\/wp\/v2\/market?post=1088"},{"taxonomy":"product_brand","embeddable":true,"href":"https:\/\/www.qingfaceramic.com\/fr\/wp-json\/wp\/v2\/product_brand?post=1088"},{"taxonomy":"product_cat","embeddable":true,"href":"https:\/\/www.qingfaceramic.com\/fr\/wp-json\/wp\/v2\/product_cat?post=1088"},{"taxonomy":"product_tag","embeddable":true,"href":"https:\/\/www.qingfaceramic.com\/fr\/wp-json\/wp\/v2\/product_tag?post=1088"}],"curies":[{"name":"wp","href":"https:\/\/api.w.org\/{rel}","templated":true}]}}