{"id":1072,"date":"2026-01-29T09:39:00","date_gmt":"2026-01-29T09:39:00","guid":{"rendered":"https:\/\/www.qingfaceramic.com\/?post_type=product&#038;p=1072"},"modified":"2026-01-31T03:30:10","modified_gmt":"2026-01-31T03:30:10","slug":"custom-vintage-ceramic-vases","status":"publish","type":"product","link":"https:\/\/www.qingfaceramic.com\/fr\/produit\/custom-vintage-ceramic-vases\/","title":{"rendered":"Vases en c\u00e9ramique vintage personnalis\u00e9s | Grossiste Pots de fleurs r\u00e9tro de style chinois"},"content":{"rendered":"<h2 class=\"wp-block-heading\">Caract\u00e9ristiques des vases \u00e0 fleurs en terre cuite mate sur mesure<\/h2>\n\n\n\n<div class=\"wp-block-columns is-layout-flex wp-container-core-columns-is-layout-9d6595d7 wp-block-columns-is-layout-flex\">\n<div class=\"wp-block-column is-layout-flow wp-block-column-is-layout-flow\">\n<p><strong>Esth\u00e9tique orientale r\u00e9tro authentique :<\/strong> Inspir\u00e9s des formes chinoises classiques, ces vases pr\u00e9sentent une texture \u201cnervur\u00e9e\u201d unique et une gla\u00e7ure vieillie qui exsudent l'\u00e9l\u00e9gance antique.<\/p>\n\n\n\n<p><strong>Finition artisanale \u00e9maill\u00e9e \u00e0 la main :<\/strong> Chaque pi\u00e8ce est finie avec une gla\u00e7ure r\u00e9active sophistiqu\u00e9e, cr\u00e9ant de subtiles variations de couleur qui donnent \u00e0 chaque vase un aspect unique et artisanal.<\/p>\n\n\n\n<p><strong>Des tailles et des silhouettes polyvalentes :<\/strong> La collection comprend une grande vari\u00e9t\u00e9 de formes - des pots \u00e0 large ouverture aux bouteilles \u00e9lanc\u00e9es - offrant des possibilit\u00e9s infinies pour des arrangements floraux cr\u00e9atifs.<\/p>\n\n\n\n<p><strong>Fabrication durable et de haute qualit\u00e9 :<\/strong> Cuites \u00e0 haute temp\u00e9rature pour une r\u00e9sistance exceptionnelle, ces pi\u00e8ces d\u00e9coratives sont aussi durables que belles et peuvent \u00eatre utilis\u00e9es \u00e0 des fins commerciales ou r\u00e9sidentielles.<\/p>\n\n\n\n<p><strong>D\u00e9coration \u00e9l\u00e9gante et polyvalente :<\/strong> Leur design sobre mais color\u00e9 les rend parfaits pour les halls d'entr\u00e9e des h\u00f4tels, les restaurants gastronomiques ou comme pi\u00e8ces ma\u00eetresses dans les maisons modernes.<\/p>\n\n\n\n<p><strong>Personnalisation B2B \u00e9volutive :<\/strong> Nous fournissons des services professionnels OEM\/ODM, permettant de personnaliser les couleurs des \u00e9maux, la marque et l'emballage sur mesure pour r\u00e9pondre aux exigences sp\u00e9cifiques des projets.<\/p>\n<\/div>\n\n\n\n<div class=\"wp-block-column is-layout-flow wp-block-column-is-layout-flow\">\n<figure class=\"wp-block-image size-full\"><img decoding=\"async\" width=\"4160\" height=\"4160\" src=\"https:\/\/www.qingfaceramic.com\/wp-content\/uploads\/2026\/01\/Custom-Vintage-Ceramic-Vases1.webp\" alt=\"Vases en c\u00e9ramique vintage personnalis\u00e9s1\" class=\"wp-image-1073\" srcset=\"https:\/\/www.qingfaceramic.com\/wp-content\/uploads\/2026\/01\/Custom-Vintage-Ceramic-Vases1.webp 4160w, https:\/\/www.qingfaceramic.com\/wp-content\/uploads\/2026\/01\/Custom-Vintage-Ceramic-Vases1-300x300.webp 300w, https:\/\/www.qingfaceramic.com\/wp-content\/uploads\/2026\/01\/Custom-Vintage-Ceramic-Vases1-150x150.webp 150w, https:\/\/www.qingfaceramic.com\/wp-content\/uploads\/2026\/01\/Custom-Vintage-Ceramic-Vases1-768x768.webp 768w, https:\/\/www.qingfaceramic.com\/wp-content\/uploads\/2026\/01\/Custom-Vintage-Ceramic-Vases1-12x12.webp 12w, https:\/\/www.qingfaceramic.com\/wp-content\/uploads\/2026\/01\/Custom-Vintage-Ceramic-Vases1-1200x1200.webp 1200w, https:\/\/www.qingfaceramic.com\/wp-content\/uploads\/2026\/01\/Custom-Vintage-Ceramic-Vases1-600x600.webp 600w, https:\/\/www.qingfaceramic.com\/wp-content\/uploads\/2026\/01\/Custom-Vintage-Ceramic-Vases1-100x100.webp 100w\" sizes=\"(max-width: 4160px) 100vw, 4160px\" \/><\/figure>\n<\/div>\n<\/div>\n\n\n\n<div class=\"wp-block-columns is-layout-flex wp-container-core-columns-is-layout-9d6595d7 wp-block-columns-is-layout-flex\">\n<div class=\"wp-block-column is-layout-flow wp-block-column-is-layout-flow\"><\/div>\n\n\n\n<div class=\"wp-block-column is-layout-flow wp-block-column-is-layout-flow\"><\/div>\n<\/div>","protected":false},"excerpt":{"rendered":"<p data-start=\"428\" data-end=\"756\">Am\u00e9liorez votre collection avec nos vases en c\u00e9ramique vintage personnalis\u00e9s, qui allient l'art chinois traditionnel \u00e0 une finition r\u00e9tro moderne. Ces vases \u00e9maill\u00e9s \u00e0 la main pr\u00e9sentent d'\u00e9l\u00e9gantes textures nervur\u00e9es et une palette de couleurs vari\u00e9e, ce qui les rend parfaits pour les d\u00e9cors d'accueil haut de gamme ou les boutiques de vente de fleurs \u00e0 la recherche d'un charme oriental intemporel.<\/p>\n<h2 data-start=\"428\" data-end=\"756\">Vases en c\u00e9ramique vintage sur mesure Param\u00e8tre<\/h2>\n<table data-path-to-node=\"11\">\n<thead>\n<tr>\n<td><strong>Objet<\/strong><\/td>\n<td><strong>Sp\u00e9cifications<\/strong><\/td>\n<\/tr>\n<\/thead>\n<tbody>\n<tr>\n<td><span data-path-to-node=\"11,1,0,0\"><b data-path-to-node=\"11,1,0,0\" data-index-in-node=\"0\">Fabricant<\/b><\/span><\/td>\n<td><span data-path-to-node=\"11,1,1,0\">Qingfa Ceramics<\/span><\/td>\n<\/tr>\n<tr>\n<td><span data-path-to-node=\"11,2,0,0\"><b data-path-to-node=\"11,2,0,0\" data-index-in-node=\"0\">Nom du produit<\/b><\/span><\/td>\n<td><span data-path-to-node=\"11,2,1,0\">S\u00e9rie de vases r\u00e9tro \u00e9maill\u00e9s \u00e0 la main de style chinois<\/span><\/td>\n<\/tr>\n<tr>\n<td><span data-path-to-node=\"11,3,0,0\"><b data-path-to-node=\"11,3,0,0\" data-index-in-node=\"0\">Mat\u00e9riau<\/b><\/span><\/td>\n<td><span data-path-to-node=\"11,3,1,0\">C\u00e9ramique de premi\u00e8re qualit\u00e9 cuite \u00e0 haute temp\u00e9rature<\/span><\/td>\n<\/tr>\n<tr>\n<td><span data-path-to-node=\"11,4,0,0\"><b data-path-to-node=\"11,4,0,0\" data-index-in-node=\"0\">Finition de la surface<\/b><\/span><\/td>\n<td><span data-path-to-node=\"11,4,1,0\">\u00c9mail r\u00e9actif avec d\u00e9tails nervur\u00e9s\/textur\u00e9s<\/span><\/td>\n<\/tr>\n<tr>\n<td><span data-path-to-node=\"11,5,0,0\"><b data-path-to-node=\"11,5,0,0\" data-index-in-node=\"0\">Style de conception<\/b><\/span><\/td>\n<td><span data-path-to-node=\"11,5,1,0\">Chinois vintage \/ R\u00e9tro oriental \/ Zen classique<\/span><\/td>\n<\/tr>\n<tr>\n<td><span data-path-to-node=\"11,6,0,0\"><b data-path-to-node=\"11,6,0,0\" data-index-in-node=\"0\">Options de couleur<\/b><\/span><\/td>\n<td><span data-path-to-node=\"11,6,1,0\">Vert mousse, Jaune moutarde, Rose tendre, Beige terreux (couleurs personnalis\u00e9es disponibles)<\/span><\/td>\n<\/tr>\n<tr>\n<td><span data-path-to-node=\"11,7,0,0\"><b data-path-to-node=\"11,7,0,0\" data-index-in-node=\"0\">Utilisation<\/b><\/span><\/td>\n<td><span data-path-to-node=\"11,7,1,0\">Arrangements floraux, d\u00e9coration d'int\u00e9rieur de luxe, d\u00e9coration d'int\u00e9rieur d'h\u00f4tels et de bureaux<\/span><\/td>\n<\/tr>\n<tr>\n<td><span data-path-to-node=\"11,8,0,0\"><b data-path-to-node=\"11,8,0,0\" data-index-in-node=\"0\">Personnalisation<\/b><\/span><\/td>\n<td><span data-path-to-node=\"11,8,1,0\">\u00a0OEM\/ODM, couleurs personnalis\u00e9es, emplacement du logo<\/span><\/td>\n<\/tr>\n<tr>\n<td><span data-path-to-node=\"11,9,0,0\"><b data-path-to-node=\"11,9,0,0\" data-index-in-node=\"0\">Caract\u00e9ristiques<\/b><\/span><\/td>\n<td><span data-path-to-node=\"11,9,1,0\">Toucher artisanal, gla\u00e7ure r\u00e9sistante \u00e0 la d\u00e9coloration, structure durable<\/span><\/td>\n<\/tr>\n<tr>\n<td><span data-path-to-node=\"11,10,0,0\"><b data-path-to-node=\"11,10,0,0\" data-index-in-node=\"0\">Certifications<\/b><\/span><\/td>\n<td><span data-path-to-node=\"11,10,1,0\">\u00c9maux conformes aux normes ISO, BSCI et alimentaires disponibles sur demande<\/span><\/td>\n<\/tr>\n<\/tbody>\n<\/table>\n<p>&nbsp;<\/p>","protected":false},"featured_media":1073,"comment_status":"closed","ping_status":"closed","template":"","meta":{"_acf_changed":false},"market":[],"product_brand":[],"product_cat":[18,32],"product_tag":[],"class_list":{"0":"post-1072","1":"product","2":"type-product","3":"status-publish","4":"has-post-thumbnail","6":"product_cat-custom-home-decor","7":"product_cat-custom-vases","9":"first","10":"instock","11":"shipping-taxable","12":"product-type-simple"},"acf":[],"_links":{"self":[{"href":"https:\/\/www.qingfaceramic.com\/fr\/wp-json\/wp\/v2\/product\/1072","targetHints":{"allow":["GET"]}}],"collection":[{"href":"https:\/\/www.qingfaceramic.com\/fr\/wp-json\/wp\/v2\/product"}],"about":[{"href":"https:\/\/www.qingfaceramic.com\/fr\/wp-json\/wp\/v2\/types\/product"}],"replies":[{"embeddable":true,"href":"https:\/\/www.qingfaceramic.com\/fr\/wp-json\/wp\/v2\/comments?post=1072"}],"wp:featuredmedia":[{"embeddable":true,"href":"https:\/\/www.qingfaceramic.com\/fr\/wp-json\/wp\/v2\/media\/1073"}],"wp:attachment":[{"href":"https:\/\/www.qingfaceramic.com\/fr\/wp-json\/wp\/v2\/media?parent=1072"}],"wp:term":[{"taxonomy":"market","embeddable":true,"href":"https:\/\/www.qingfaceramic.com\/fr\/wp-json\/wp\/v2\/market?post=1072"},{"taxonomy":"product_brand","embeddable":true,"href":"https:\/\/www.qingfaceramic.com\/fr\/wp-json\/wp\/v2\/product_brand?post=1072"},{"taxonomy":"product_cat","embeddable":true,"href":"https:\/\/www.qingfaceramic.com\/fr\/wp-json\/wp\/v2\/product_cat?post=1072"},{"taxonomy":"product_tag","embeddable":true,"href":"https:\/\/www.qingfaceramic.com\/fr\/wp-json\/wp\/v2\/product_tag?post=1072"}],"curies":[{"name":"wp","href":"https:\/\/api.w.org\/{rel}","templated":true}]}}