{"id":1048,"date":"2026-01-29T07:55:49","date_gmt":"2026-01-29T07:55:49","guid":{"rendered":"https:\/\/www.qingfaceramic.com\/?post_type=product&#038;p=1048"},"modified":"2026-01-31T03:25:55","modified_gmt":"2026-01-31T03:25:55","slug":"custom-ceramic-jars-fragrance-container","status":"publish","type":"product","link":"https:\/\/www.qingfaceramic.com\/fr\/produit\/custom-ceramic-jars-fragrance-container\/","title":{"rendered":"Pots en c\u00e9ramique personnalis\u00e9s en vrac, vente en gros de contenants de parfum personnalis\u00e9s"},"content":{"rendered":"<h2 class=\"wp-block-heading\">Caract\u00e9ristiques des pots en c\u00e9ramique personnalis\u00e9s en vrac<\/h2>\n\n\n\n<div class=\"wp-block-columns is-layout-flex wp-container-core-columns-is-layout-9d6595d7 wp-block-columns-is-layout-flex\">\n<div class=\"wp-block-column is-layout-flow wp-block-column-is-layout-flow\">\n<p><strong>L'attrait esth\u00e9tique :<\/strong> Un style Wabi-sabi tr\u00e8s tendance avec un gla\u00e7age mouchet\u00e9 unique qui ajoute une touche artisanale et haut de gamme \u00e0 votre marque de bougies.<\/p>\n\n\n\n<p><strong>Couvercle fonctionnel :<\/strong> Comprend un couvercle en c\u00e9ramique assorti pour pr\u00e9server le parfum, \u00e9viter la poussi\u00e8re et \u00e9teindre les flammes en toute s\u00e9curit\u00e9 et sans fum\u00e9e.<\/p>\n\n\n\n<p><strong>La s\u00e9curit\u00e9 avant tout :<\/strong> Fabriqu\u00e9 en c\u00e9ramique de premi\u00e8re qualit\u00e9, cuite \u00e0 haute temp\u00e9rature, pour garantir une excellente r\u00e9sistance \u00e0 la chaleur et une durabilit\u00e9 pendant de longues dur\u00e9es de combustion.<\/p>\n\n\n\n<p><strong>Taille parfaite :<\/strong> Les dimensions de 9,4 cm x 7,4 cm sont optimis\u00e9es pour des bougies standard de 8 \u00e0 10 oz, ce qui correspond aux exigences de la plupart des march\u00e9s de luxe.<\/p>\n\n\n\n<p><strong>Respectueux de l'environnement et r\u00e9utilisable :<\/strong> Con\u00e7u dans une optique de durabilit\u00e9, le pot peut \u00eatre r\u00e9utilis\u00e9, une fois la bougie termin\u00e9e, en tant que r\u00e9cipient de rangement \u00e9l\u00e9gant ou en tant que tasse.<\/p>\n\n\n\n<p><strong>Personnalisation B2B :<\/strong> Enti\u00e8rement personnalisable avec votre logo (laser ou d\u00e9calcomanie) et des couleurs Pantone sp\u00e9cifiques pour correspondre \u00e0 l'identit\u00e9 de votre marque.<\/p>\n<\/div>\n\n\n\n<div class=\"wp-block-column is-layout-flow wp-block-column-is-layout-flow\">\n<figure class=\"wp-block-image size-full\"><img decoding=\"async\" width=\"800\" height=\"800\" src=\"https:\/\/www.qingfaceramic.com\/wp-content\/uploads\/2026\/01\/Custom-Ceramic-Jars-in-Bulk-Wholesale-Custom-Fragrance-Containers3.webp\" alt=\"Pots en c\u00e9ramique personnalis\u00e9s en vrac, vente en gros de contenants de parfum personnalis\u00e9s3\" class=\"wp-image-1051\" srcset=\"https:\/\/www.qingfaceramic.com\/wp-content\/uploads\/2026\/01\/Custom-Ceramic-Jars-in-Bulk-Wholesale-Custom-Fragrance-Containers3.webp 800w, https:\/\/www.qingfaceramic.com\/wp-content\/uploads\/2026\/01\/Custom-Ceramic-Jars-in-Bulk-Wholesale-Custom-Fragrance-Containers3-300x300.webp 300w, https:\/\/www.qingfaceramic.com\/wp-content\/uploads\/2026\/01\/Custom-Ceramic-Jars-in-Bulk-Wholesale-Custom-Fragrance-Containers3-150x150.webp 150w, https:\/\/www.qingfaceramic.com\/wp-content\/uploads\/2026\/01\/Custom-Ceramic-Jars-in-Bulk-Wholesale-Custom-Fragrance-Containers3-768x768.webp 768w, https:\/\/www.qingfaceramic.com\/wp-content\/uploads\/2026\/01\/Custom-Ceramic-Jars-in-Bulk-Wholesale-Custom-Fragrance-Containers3-12x12.webp 12w, https:\/\/www.qingfaceramic.com\/wp-content\/uploads\/2026\/01\/Custom-Ceramic-Jars-in-Bulk-Wholesale-Custom-Fragrance-Containers3-600x600.webp 600w, https:\/\/www.qingfaceramic.com\/wp-content\/uploads\/2026\/01\/Custom-Ceramic-Jars-in-Bulk-Wholesale-Custom-Fragrance-Containers3-100x100.webp 100w\" sizes=\"(max-width: 800px) 100vw, 800px\" \/><\/figure>\n<\/div>\n<\/div>\n\n\n\n<div class=\"wp-block-columns is-layout-flex wp-container-core-columns-is-layout-9d6595d7 wp-block-columns-is-layout-flex\">\n<div class=\"wp-block-column is-layout-flow wp-block-column-is-layout-flow\"><\/div>\n\n\n\n<div class=\"wp-block-column is-layout-flow wp-block-column-is-layout-flow\"><\/div>\n<\/div>","protected":false},"excerpt":{"rendered":"<p data-start=\"428\" data-end=\"756\">Am\u00e9liorez votre marque avec nos pots en c\u00e9ramique personnalis\u00e9s en vrac. En tant que fabricant leader, nous fournissons en gros des contenants de parfum personnalis\u00e9s avec des gla\u00e7ures mouchet\u00e9es uniques et l'impression de logos personnalis\u00e9s. Certifi\u00e9 FDA\/LFGB.<\/p>\n<h2>Param\u00e8tres des pots en c\u00e9ramique personnalis\u00e9s en vrac<\/h2>\n<table data-path-to-node=\"3\">\n<thead>\n<tr>\n<td><strong>Objet<\/strong><\/td>\n<td><strong>Sp\u00e9cifications<\/strong><\/td>\n<\/tr>\n<\/thead>\n<tbody>\n<tr>\n<td><span data-path-to-node=\"3,1,0,0\"><b data-path-to-node=\"3,1,0,0\" data-index-in-node=\"0\">Fabricant<\/b><\/span><\/td>\n<td><span data-path-to-node=\"3,1,1,0\">Qingfa Ceramics<\/span><\/td>\n<\/tr>\n<tr>\n<td><span data-path-to-node=\"3,2,0,0\"><b data-path-to-node=\"3,2,0,0\" data-index-in-node=\"0\">Nom du produit<\/b><\/span><\/td>\n<td><span data-path-to-node=\"3,2,1,0\">Photophore r\u00e9tro en c\u00e9ramique mouchet\u00e9e avec couvercle \/ R\u00e9cipient \u00e0 parfum personnalis\u00e9<\/span><\/td>\n<\/tr>\n<tr>\n<td><span data-path-to-node=\"3,3,0,0\"><b data-path-to-node=\"3,3,0,0\" data-index-in-node=\"0\">Mat\u00e9riau<\/b><\/span><\/td>\n<td><span data-path-to-node=\"3,3,1,0\">C\u00e9ramique \u00e9maill\u00e9e de haute qualit\u00e9 et r\u00e9sistante \u00e0 la chaleur<\/span><\/td>\n<\/tr>\n<tr>\n<td><span data-path-to-node=\"3,4,0,0\"><b data-path-to-node=\"3,4,0,0\" data-index-in-node=\"0\">Dimensions<\/b><\/span><\/td>\n<td><span data-path-to-node=\"3,4,1,0\">Haut : 9,4cm<\/span><\/td>\n<\/tr>\n<tr>\n<td><span data-path-to-node=\"3,5,0,0\"><b data-path-to-node=\"3,5,0,0\" data-index-in-node=\"0\">Design \/ Style<\/b><\/span><\/td>\n<td><span data-path-to-node=\"3,5,1,0\">Wabi-sabi minimaliste \/ style japonais r\u00e9tro avec finition mouchet\u00e9e<\/span><\/td>\n<\/tr>\n<tr>\n<td><span data-path-to-node=\"3,6,0,0\"><b data-path-to-node=\"3,6,0,0\" data-index-in-node=\"0\">Finition de la surface<\/b><\/span><\/td>\n<td><span data-path-to-node=\"3,6,1,0\">Gla\u00e7ure r\u00e9active lisse, r\u00e9sistante \u00e0 la chaleur et durable<\/span><\/td>\n<\/tr>\n<tr>\n<td><span data-path-to-node=\"3,7,0,0\"><b data-path-to-node=\"3,7,0,0\" data-index-in-node=\"0\">Type de couvercle<\/b><\/span><\/td>\n<td><span data-path-to-node=\"3,7,1,0\">Couvercle anti-poussi\u00e8re en c\u00e9ramique assorti (compatible avec l'extinction des fum\u00e9es)<\/span><\/td>\n<\/tr>\n<tr>\n<td><span data-path-to-node=\"3,8,0,0\"><b data-path-to-node=\"3,8,0,0\" data-index-in-node=\"0\">Options de couleur<\/b><\/span><\/td>\n<td><span data-path-to-node=\"3,8,1,0\">Beige naturel, blanc mouchet\u00e9 ou gla\u00e7ures personnalis\u00e9es de couleur Pantone<\/span><\/td>\n<\/tr>\n<tr>\n<td><span data-path-to-node=\"3,9,0,0\"><b data-path-to-node=\"3,9,0,0\" data-index-in-node=\"0\">Personnalisation<\/b><\/span><\/td>\n<td><span data-path-to-node=\"3,9,1,0\">Logo (laser\/d\u00e9calque), couleurs de gla\u00e7age personnalis\u00e9es, conception de motifs, emballage sur mesure<\/span><\/td>\n<\/tr>\n<tr>\n<td><span data-path-to-node=\"3,10,0,0\"><b data-path-to-node=\"3,10,0,0\" data-index-in-node=\"0\">Utilisation<\/b><\/span><\/td>\n<td><span data-path-to-node=\"3,10,1,0\">Fabrication de bougies parfum\u00e9es, aromath\u00e9rapie, rangement de d\u00e9coration d'int\u00e9rieur et cadeaux haut de gamme<\/span><\/td>\n<\/tr>\n<tr>\n<td><span data-path-to-node=\"3,11,0,0\"><b data-path-to-node=\"3,11,0,0\" data-index-in-node=\"0\">OEM \/ ODM<\/b><\/span><\/td>\n<td><span data-path-to-node=\"3,11,1,0\">Support complet (plus de 30 sp\u00e9cialistes en R&amp;D disponibles pour le d\u00e9veloppement de nouveaux moules)<\/span><\/td>\n<\/tr>\n<tr>\n<td><span data-path-to-node=\"3,12,0,0\"><b data-path-to-node=\"3,12,0,0\" data-index-in-node=\"0\">Certifications<\/b><\/span><\/td>\n<td><span data-path-to-node=\"3,12,1,0\">FDA, LFGB, ISO (en fonction des exigences de personnalisation)<\/span><\/td>\n<\/tr>\n<\/tbody>\n<\/table>\n<p>&nbsp;<\/p>","protected":false},"featured_media":1049,"comment_status":"closed","ping_status":"closed","template":"","meta":{"_acf_changed":false},"market":[],"product_brand":[],"product_cat":[18,31],"product_tag":[],"class_list":{"0":"post-1048","1":"product","2":"type-product","3":"status-publish","4":"has-post-thumbnail","6":"product_cat-custom-home-decor","7":"product_cat-custom-candle-jars","9":"first","10":"instock","11":"shipping-taxable","12":"product-type-simple"},"acf":[],"_links":{"self":[{"href":"https:\/\/www.qingfaceramic.com\/fr\/wp-json\/wp\/v2\/product\/1048","targetHints":{"allow":["GET"]}}],"collection":[{"href":"https:\/\/www.qingfaceramic.com\/fr\/wp-json\/wp\/v2\/product"}],"about":[{"href":"https:\/\/www.qingfaceramic.com\/fr\/wp-json\/wp\/v2\/types\/product"}],"replies":[{"embeddable":true,"href":"https:\/\/www.qingfaceramic.com\/fr\/wp-json\/wp\/v2\/comments?post=1048"}],"wp:featuredmedia":[{"embeddable":true,"href":"https:\/\/www.qingfaceramic.com\/fr\/wp-json\/wp\/v2\/media\/1049"}],"wp:attachment":[{"href":"https:\/\/www.qingfaceramic.com\/fr\/wp-json\/wp\/v2\/media?parent=1048"}],"wp:term":[{"taxonomy":"market","embeddable":true,"href":"https:\/\/www.qingfaceramic.com\/fr\/wp-json\/wp\/v2\/market?post=1048"},{"taxonomy":"product_brand","embeddable":true,"href":"https:\/\/www.qingfaceramic.com\/fr\/wp-json\/wp\/v2\/product_brand?post=1048"},{"taxonomy":"product_cat","embeddable":true,"href":"https:\/\/www.qingfaceramic.com\/fr\/wp-json\/wp\/v2\/product_cat?post=1048"},{"taxonomy":"product_tag","embeddable":true,"href":"https:\/\/www.qingfaceramic.com\/fr\/wp-json\/wp\/v2\/product_tag?post=1048"}],"curies":[{"name":"wp","href":"https:\/\/api.w.org\/{rel}","templated":true}]}}