{"id":1035,"date":"2026-01-29T07:33:04","date_gmt":"2026-01-29T07:33:04","guid":{"rendered":"https:\/\/www.qingfaceramic.com\/?post_type=product&#038;p=1035"},"modified":"2026-01-31T03:18:05","modified_gmt":"2026-01-31T03:18:05","slug":"customized-coffee-mugs-japanese-style","status":"publish","type":"product","link":"https:\/\/www.qingfaceramic.com\/fr\/produit\/customized-coffee-mugs-japanese-style\/","title":{"rendered":"Tasses \u00e0 caf\u00e9 personnalis\u00e9es Nouveau Design Glac\u00e9 Grand R\u00e9tro Style Japonais"},"content":{"rendered":"<h2 class=\"wp-block-heading\">Caract\u00e9ristiques des tasses \u00e0 caf\u00e9 personnalis\u00e9es<\/h2>\n\n\n\n<div class=\"wp-block-columns is-layout-flex wp-container-core-columns-is-layout-9d6595d7 wp-block-columns-is-layout-flex\">\n<div class=\"wp-block-column is-layout-flow wp-block-column-is-layout-flow\">\n<p><strong>Tasses \u00e0 caf\u00e9 personnalis\u00e9es pour les commandes en gros<\/strong> - La personnalisation OEM\/ODM est enti\u00e8rement prise en charge, y compris l'impression du logo, les options de couleur et l'emballage adapt\u00e9 \u00e0 l'identit\u00e9 de votre marque.<\/p>\n\n\n\n<p><strong>Grand mod\u00e8le r\u00e9tro de style japonais<\/strong> - Nouveau design \u00e0 l'esth\u00e9tique r\u00e9tro qui ajoute de l'attrait visuel et du caract\u00e8re \u00e0 la pr\u00e9sentation des boissons.<\/p>\n\n\n\n<p><strong>Construction en c\u00e9ramique de haute qualit\u00e9<\/strong> - Fabriqu\u00e9 en c\u00e9ramique durable avec une gla\u00e7ure lisse, il est sans danger pour les aliments et convient \u00e0 un usage quotidien.<\/p>\n\n\n\n<p><strong>Finition gla\u00e7ure r\u00e9active<\/strong> - L'\u00e9mail r\u00e9agit de mani\u00e8re unique pendant la cuisson, cr\u00e9ant des variations subtiles et des effets de surface artistiques qui rendent chaque tasse unique.<\/p>\n\n\n\n<p><strong>Utilisation polyvalente<\/strong> - Parfait pour le caf\u00e9, le th\u00e9, les lattes, les cappuccinos et autres boissons chaudes dans les caf\u00e9s, les h\u00f4tels, les maisons et les lieux d'accueil.<\/p>\n\n\n\n<p><strong>Pr\u00eat pour la vente en gros et en vrac<\/strong> - Con\u00e7us pour r\u00e9pondre aux exigences de l'approvisionnement en vrac, avec un contr\u00f4le de qualit\u00e9 coh\u00e9rent et une capacit\u00e9 de production efficace.<\/p>\n\n\n\n<figure class=\"wp-block-image size-full\"><img decoding=\"async\" width=\"1204\" height=\"558\" src=\"https:\/\/www.qingfaceramic.com\/wp-content\/uploads\/2026\/01\/Customized-Coffee-Mugs8.webp\" alt=\"Tasses \u00e0 caf\u00e9 personnalis\u00e9es8\" class=\"wp-image-1043\" srcset=\"https:\/\/www.qingfaceramic.com\/wp-content\/uploads\/2026\/01\/Customized-Coffee-Mugs8.webp 1204w, https:\/\/www.qingfaceramic.com\/wp-content\/uploads\/2026\/01\/Customized-Coffee-Mugs8-300x139.webp 300w, https:\/\/www.qingfaceramic.com\/wp-content\/uploads\/2026\/01\/Customized-Coffee-Mugs8-768x356.webp 768w, https:\/\/www.qingfaceramic.com\/wp-content\/uploads\/2026\/01\/Customized-Coffee-Mugs8-18x8.webp 18w, https:\/\/www.qingfaceramic.com\/wp-content\/uploads\/2026\/01\/Customized-Coffee-Mugs8-1200x556.webp 1200w, https:\/\/www.qingfaceramic.com\/wp-content\/uploads\/2026\/01\/Customized-Coffee-Mugs8-600x278.webp 600w\" sizes=\"(max-width: 1204px) 100vw, 1204px\" \/><\/figure>\n<\/div>\n\n\n\n<div class=\"wp-block-column is-layout-flow wp-block-column-is-layout-flow\">\n<figure class=\"wp-block-image size-full\"><img decoding=\"async\" width=\"1242\" height=\"736\" src=\"https:\/\/www.qingfaceramic.com\/wp-content\/uploads\/2026\/01\/Customized-Coffee-Mugs9.webp\" alt=\"Tasses \u00e0 caf\u00e9 personnalis\u00e9es9\" class=\"wp-image-1044\" srcset=\"https:\/\/www.qingfaceramic.com\/wp-content\/uploads\/2026\/01\/Customized-Coffee-Mugs9.webp 1242w, https:\/\/www.qingfaceramic.com\/wp-content\/uploads\/2026\/01\/Customized-Coffee-Mugs9-300x178.webp 300w, https:\/\/www.qingfaceramic.com\/wp-content\/uploads\/2026\/01\/Customized-Coffee-Mugs9-768x455.webp 768w, https:\/\/www.qingfaceramic.com\/wp-content\/uploads\/2026\/01\/Customized-Coffee-Mugs9-18x12.webp 18w, https:\/\/www.qingfaceramic.com\/wp-content\/uploads\/2026\/01\/Customized-Coffee-Mugs9-1200x711.webp 1200w, https:\/\/www.qingfaceramic.com\/wp-content\/uploads\/2026\/01\/Customized-Coffee-Mugs9-600x356.webp 600w\" sizes=\"(max-width: 1242px) 100vw, 1242px\" \/><\/figure>\n\n\n\n<figure class=\"wp-block-image size-full\"><img decoding=\"async\" width=\"650\" height=\"652\" src=\"https:\/\/www.qingfaceramic.com\/wp-content\/uploads\/2026\/01\/Customized-Ceramic-Mugs11.webp\" alt=\"Tasses en c\u00e9ramique personnalis\u00e9es11\" class=\"wp-image-1045\" srcset=\"https:\/\/www.qingfaceramic.com\/wp-content\/uploads\/2026\/01\/Customized-Ceramic-Mugs11.webp 650w, https:\/\/www.qingfaceramic.com\/wp-content\/uploads\/2026\/01\/Customized-Ceramic-Mugs11-300x300.webp 300w, https:\/\/www.qingfaceramic.com\/wp-content\/uploads\/2026\/01\/Customized-Ceramic-Mugs11-150x150.webp 150w, https:\/\/www.qingfaceramic.com\/wp-content\/uploads\/2026\/01\/Customized-Ceramic-Mugs11-12x12.webp 12w, https:\/\/www.qingfaceramic.com\/wp-content\/uploads\/2026\/01\/Customized-Ceramic-Mugs11-600x602.webp 600w, https:\/\/www.qingfaceramic.com\/wp-content\/uploads\/2026\/01\/Customized-Ceramic-Mugs11-100x100.webp 100w\" sizes=\"(max-width: 650px) 100vw, 650px\" \/><\/figure>\n<\/div>\n<\/div>\n\n\n\n<div class=\"wp-block-columns is-layout-flex wp-container-core-columns-is-layout-9d6595d7 wp-block-columns-is-layout-flex\">\n<div class=\"wp-block-column is-layout-flow wp-block-column-is-layout-flow\">\n<figure class=\"wp-block-image size-full\"><img decoding=\"async\" width=\"750\" height=\"1694\" src=\"https:\/\/www.qingfaceramic.com\/wp-content\/uploads\/2026\/01\/Custom-Ceramic-Coffee-Mug-in-Bulk4.webp\" alt=\"Tasse \u00e0 caf\u00e9 en c\u00e9ramique personnalis\u00e9e en vrac4\" class=\"wp-image-591\" srcset=\"https:\/\/www.qingfaceramic.com\/wp-content\/uploads\/2026\/01\/Custom-Ceramic-Coffee-Mug-in-Bulk4.webp 750w, https:\/\/www.qingfaceramic.com\/wp-content\/uploads\/2026\/01\/Custom-Ceramic-Coffee-Mug-in-Bulk4-133x300.webp 133w, https:\/\/www.qingfaceramic.com\/wp-content\/uploads\/2026\/01\/Custom-Ceramic-Coffee-Mug-in-Bulk4-600x1355.webp 600w\" sizes=\"(max-width: 750px) 100vw, 750px\" \/><\/figure>\n<\/div>\n\n\n\n<div class=\"wp-block-column is-layout-flow wp-block-column-is-layout-flow\">\n<figure class=\"wp-block-image size-full\"><img decoding=\"async\" width=\"750\" height=\"1166\" src=\"https:\/\/www.qingfaceramic.com\/wp-content\/uploads\/2026\/01\/Custom-Ceramic-Coffee-Mug-in-Bulk5.webp\" alt=\"Tasse \u00e0 caf\u00e9 en c\u00e9ramique personnalis\u00e9e en vrac5\" class=\"wp-image-592\" srcset=\"https:\/\/www.qingfaceramic.com\/wp-content\/uploads\/2026\/01\/Custom-Ceramic-Coffee-Mug-in-Bulk5.webp 750w, https:\/\/www.qingfaceramic.com\/wp-content\/uploads\/2026\/01\/Custom-Ceramic-Coffee-Mug-in-Bulk5-193x300.webp 193w, https:\/\/www.qingfaceramic.com\/wp-content\/uploads\/2026\/01\/Custom-Ceramic-Coffee-Mug-in-Bulk5-600x933.webp 600w\" sizes=\"(max-width: 750px) 100vw, 750px\" \/><\/figure>\n\n\n\n<figure class=\"wp-block-image size-full\"><img decoding=\"async\" width=\"1707\" height=\"1280\" src=\"https:\/\/www.qingfaceramic.com\/wp-content\/uploads\/2026\/01\/Integrated-Craftsmanship-Capability-1.webp\" alt=\"Capacit\u00e9 artisanale int\u00e9gr\u00e9e\" class=\"wp-image-571\" srcset=\"https:\/\/www.qingfaceramic.com\/wp-content\/uploads\/2026\/01\/Integrated-Craftsmanship-Capability-1.webp 1707w, https:\/\/www.qingfaceramic.com\/wp-content\/uploads\/2026\/01\/Integrated-Craftsmanship-Capability-1-300x225.webp 300w, https:\/\/www.qingfaceramic.com\/wp-content\/uploads\/2026\/01\/Integrated-Craftsmanship-Capability-1-768x576.webp 768w, https:\/\/www.qingfaceramic.com\/wp-content\/uploads\/2026\/01\/Integrated-Craftsmanship-Capability-1-1200x900.webp 1200w, https:\/\/www.qingfaceramic.com\/wp-content\/uploads\/2026\/01\/Integrated-Craftsmanship-Capability-1-600x450.webp 600w\" sizes=\"(max-width: 1707px) 100vw, 1707px\" \/><\/figure>\n<\/div>\n<\/div>","protected":false},"excerpt":{"rendered":"<p data-start=\"428\" data-end=\"756\">Nos tasses \u00e0 caf\u00e9 personnalis\u00e9es pr\u00e9sentent un nouveau style r\u00e9tro japonais glac\u00e9 de grande taille et sont fabriqu\u00e9es en c\u00e9ramique de haute qualit\u00e9 avec une finition unique de gla\u00e7age r\u00e9actif. Id\u00e9ales pour les caf\u00e9s, les restaurants, les h\u00f4tels et le commerce de d\u00e9tail, ces tasses peuvent \u00eatre personnalis\u00e9es (OEM\/ODM) pour les logos, les couleurs et l'emballage dans les commandes en vrac.<\/p>\n<h2>Tasses \u00e0 caf\u00e9 personnalis\u00e9es Param\u00e8tres<\/h2>\n<table>\n<thead>\n<tr>\n<th>Fabricant<\/th>\n<th>Qingfa Ceramics<\/th>\n<\/tr>\n<\/thead>\n<tbody>\n<tr>\n<td>Nom du produit<\/td>\n<td>Grande tasse \u00e0 caf\u00e9 r\u00e9tro en c\u00e9ramique de style japonais \/ Tasses \u00e0 caf\u00e9 personnalis\u00e9es<\/td>\n<\/tr>\n<tr>\n<td>Mat\u00e9riau<\/td>\n<td>C\u00e9ramique \u00e9maill\u00e9e de haute qualit\u00e9<\/td>\n<\/tr>\n<tr>\n<td>Capacit\u00e9<\/td>\n<td>Environ 400 ml (personnalisable)<\/td>\n<\/tr>\n<tr>\n<td>Design \/ Style<\/td>\n<td>Nouveau vitrage grand style r\u00e9tro japonais<\/td>\n<\/tr>\n<tr>\n<td>Finition de la surface<\/td>\n<td>Glacis r\u00e9actif lisse, sans danger pour les aliments<\/td>\n<\/tr>\n<tr>\n<td>Options de couleur<\/td>\n<td>Options de gla\u00e7age de couleurs personnalis\u00e9es disponibles<\/td>\n<\/tr>\n<tr>\n<td>Poign\u00e9e<\/td>\n<td>Poign\u00e9e ergonomique confortable<\/td>\n<\/tr>\n<tr>\n<td>Personnalisation<\/td>\n<td>Impression de logos, gla\u00e7age de couleurs, conception de motifs, emballage, OEM\/ODM<\/td>\n<\/tr>\n<tr>\n<td>Utilisation<\/td>\n<td>Caf\u00e9, th\u00e9, lattes, cappuccinos dans les caf\u00e9s, les h\u00f4tels, les restaurants, le commerce de d\u00e9tail<\/td>\n<\/tr>\n<tr>\n<td>Certifications<\/td>\n<td>FDA, LFGB, ISO (sur la base d'une personnalisation)<\/td>\n<\/tr>\n<\/tbody>\n<\/table>\n<p>&nbsp;<\/p>","protected":false},"featured_media":1038,"comment_status":"closed","ping_status":"closed","template":"","meta":{"_acf_changed":false},"market":[],"product_brand":[],"product_cat":[17,28],"product_tag":[],"class_list":{"0":"post-1035","1":"product","2":"type-product","3":"status-publish","4":"has-post-thumbnail","6":"product_cat-custom-coffee-cups","7":"product_cat-custom-coffee-mugs","9":"first","10":"instock","11":"shipping-taxable","12":"product-type-simple"},"acf":[],"_links":{"self":[{"href":"https:\/\/www.qingfaceramic.com\/fr\/wp-json\/wp\/v2\/product\/1035","targetHints":{"allow":["GET"]}}],"collection":[{"href":"https:\/\/www.qingfaceramic.com\/fr\/wp-json\/wp\/v2\/product"}],"about":[{"href":"https:\/\/www.qingfaceramic.com\/fr\/wp-json\/wp\/v2\/types\/product"}],"replies":[{"embeddable":true,"href":"https:\/\/www.qingfaceramic.com\/fr\/wp-json\/wp\/v2\/comments?post=1035"}],"wp:featuredmedia":[{"embeddable":true,"href":"https:\/\/www.qingfaceramic.com\/fr\/wp-json\/wp\/v2\/media\/1038"}],"wp:attachment":[{"href":"https:\/\/www.qingfaceramic.com\/fr\/wp-json\/wp\/v2\/media?parent=1035"}],"wp:term":[{"taxonomy":"market","embeddable":true,"href":"https:\/\/www.qingfaceramic.com\/fr\/wp-json\/wp\/v2\/market?post=1035"},{"taxonomy":"product_brand","embeddable":true,"href":"https:\/\/www.qingfaceramic.com\/fr\/wp-json\/wp\/v2\/product_brand?post=1035"},{"taxonomy":"product_cat","embeddable":true,"href":"https:\/\/www.qingfaceramic.com\/fr\/wp-json\/wp\/v2\/product_cat?post=1035"},{"taxonomy":"product_tag","embeddable":true,"href":"https:\/\/www.qingfaceramic.com\/fr\/wp-json\/wp\/v2\/product_tag?post=1035"}],"curies":[{"name":"wp","href":"https:\/\/api.w.org\/{rel}","templated":true}]}}