{"id":694,"date":"2026-01-14T08:36:59","date_gmt":"2026-01-14T08:36:59","guid":{"rendered":"https:\/\/www.qingfaceramic.com\/?post_type=product&#038;p=694"},"modified":"2026-01-31T03:13:14","modified_gmt":"2026-01-31T03:13:14","slug":"custom-ceramic-tea-pot-set-in-bulk-retro","status":"publish","type":"product","link":"https:\/\/www.qingfaceramic.com\/es\/producto\/custom-ceramic-tea-pot-set-in-bulk-retro\/","title":{"rendered":"Juego de Taza de T\u00e9 de Cer\u00e1mica Personalizada a Granel Juego de Taza de T\u00e9 y Caf\u00e9 Retro de Alta Calidad Hecho a Mano"},"content":{"rendered":"<h2 class=\"wp-block-heading\">Caracter\u00edsticas del Juego de Tetera de Cer\u00e1mica Personalizada a Granel<\/h2>\n\n\n\n<div class=\"wp-block-columns is-layout-flex wp-container-core-columns-is-layout-9d6595d7 wp-block-columns-is-layout-flex\">\n<div class=\"wp-block-column is-layout-flow wp-block-column-is-layout-flow\">\n<ol class=\"wp-block-list\">\n<li><strong>Juego de Tetera de Cer\u00e1mica Personalizada a Granel<\/strong> - Dise\u00f1ado para pedidos al por mayor con soporte OEM\/ODM completo para logotipos, ilustraciones y embalajes personalizados.<\/li>\n\n\n\n<li><strong>Estilo retro hecho a mano<\/strong> - Las tazas artesanales con una est\u00e9tica retro \u00fanica a\u00f1aden car\u00e1cter y encanto a cualquier servicio de t\u00e9 o caf\u00e9.<\/li>\n\n\n\n<li><strong>Cer\u00e1mica esmaltada de alta calidad<\/strong> - Material cer\u00e1mico duradero con un suave acabado esmaltado apto para alimentos que garantiza un rendimiento duradero.<\/li>\n\n\n\n<li><strong>Uso vers\u00e1til<\/strong> - Perfecta para servir caf\u00e9, t\u00e9 y bebidas calientes en cafeter\u00edas, hoteles, restaurantes y establecimientos de hosteler\u00eda.<\/li>\n\n\n\n<li><strong>Venta al por mayor y a granel<\/strong> - La capacidad de producci\u00f3n estable y el control de calidad hacen que este conjunto sea ideal para mayoristas, distribuidores y clientes corporativos.<\/li>\n\n\n\n<li><strong>Manejo c\u00f3modo<\/strong> - El dise\u00f1o ergon\u00f3mico y el peso equilibrado proporcionan una experiencia de consumo c\u00f3moda para el uso diario.<\/li>\n<\/ol>\n\n\n\n<figure class=\"wp-block-image size-full\"><img decoding=\"async\" width=\"1570\" height=\"756\" src=\"https:\/\/www.qingfaceramic.com\/wp-content\/uploads\/2026\/01\/custom-ceramic-tea-pot-set-in-bulk11.webp\" alt=\"juego de tetera de cer\u00e1mica a granel11\" class=\"wp-image-674\" srcset=\"https:\/\/www.qingfaceramic.com\/wp-content\/uploads\/2026\/01\/custom-ceramic-tea-pot-set-in-bulk11.webp 1570w, https:\/\/www.qingfaceramic.com\/wp-content\/uploads\/2026\/01\/custom-ceramic-tea-pot-set-in-bulk11-300x144.webp 300w, https:\/\/www.qingfaceramic.com\/wp-content\/uploads\/2026\/01\/custom-ceramic-tea-pot-set-in-bulk11-768x370.webp 768w, https:\/\/www.qingfaceramic.com\/wp-content\/uploads\/2026\/01\/custom-ceramic-tea-pot-set-in-bulk11-1200x578.webp 1200w, https:\/\/www.qingfaceramic.com\/wp-content\/uploads\/2026\/01\/custom-ceramic-tea-pot-set-in-bulk11-600x289.webp 600w\" sizes=\"(max-width: 1570px) 100vw, 1570px\" \/><\/figure>\n<\/div>\n\n\n\n<div class=\"wp-block-column is-layout-flow wp-block-column-is-layout-flow\">\n<figure class=\"wp-block-image size-full\"><img decoding=\"async\" width=\"750\" height=\"1146\" src=\"https:\/\/www.qingfaceramic.com\/wp-content\/uploads\/2026\/01\/custom-ceramic-tea-pot-set-in-bulk8.webp\" alt=\"juego de tetera de cer\u00e1mica personalizado a granel8\" class=\"wp-image-673\" srcset=\"https:\/\/www.qingfaceramic.com\/wp-content\/uploads\/2026\/01\/custom-ceramic-tea-pot-set-in-bulk8.webp 750w, https:\/\/www.qingfaceramic.com\/wp-content\/uploads\/2026\/01\/custom-ceramic-tea-pot-set-in-bulk8-196x300.webp 196w, https:\/\/www.qingfaceramic.com\/wp-content\/uploads\/2026\/01\/custom-ceramic-tea-pot-set-in-bulk8-600x917.webp 600w\" sizes=\"(max-width: 750px) 100vw, 750px\" \/><\/figure>\n<\/div>\n<\/div>\n\n\n\n<div class=\"wp-block-columns is-layout-flex wp-container-core-columns-is-layout-9d6595d7 wp-block-columns-is-layout-flex\">\n<div class=\"wp-block-column is-layout-flow wp-block-column-is-layout-flow\"><\/div>\n\n\n\n<div class=\"wp-block-column is-layout-flow wp-block-column-is-layout-flow\"><\/div>\n\n\n\n<div class=\"wp-block-column is-layout-flow wp-block-column-is-layout-flow\"><\/div>\n<\/div>\n\n\n\n<div class=\"wp-block-columns is-layout-flex wp-container-core-columns-is-layout-9d6595d7 wp-block-columns-is-layout-flex\">\n<div class=\"wp-block-column is-layout-flow wp-block-column-is-layout-flow\"><\/div>\n\n\n\n<div class=\"wp-block-column is-layout-flow wp-block-column-is-layout-flow\"><\/div>\n<\/div>","protected":false},"excerpt":{"rendered":"<p data-start=\"441\" data-end=\"787\">Nuestro juego de teteras de cer\u00e1mica personalizadas a granel presenta un juego de tazas de caf\u00e9 y t\u00e9 de dise\u00f1o retro de alta calidad hecho a mano, fabricado en cer\u00e1mica esmaltada duradera e ideal para cafeter\u00edas, hoteles y comercios minoristas. Con personalizaci\u00f3n OEM\/ODM flexible para logotipo y esmalte, es perfecto para pedidos de bebidas al por mayor.<\/p>\n<h2>Juego de Tetera de Cer\u00e1mica Personalizado a Granel Par\u00e1metro<\/h2>\n<table>\n<thead>\n<tr>\n<th>Fabricante<\/th>\n<th>Cer\u00e1mica Qingfa<\/th>\n<\/tr>\n<\/thead>\n<tbody>\n<tr>\n<td>Nombre del producto<\/td>\n<td>Juego de tazas de caf\u00e9 y t\u00e9 retro de alta calidad hecho a mano \/ Juego de tetera de cer\u00e1mica personalizada a granel<\/td>\n<\/tr>\n<tr>\n<td>Material<\/td>\n<td>Cer\u00e1mica esmaltada de alta calidad<\/td>\n<\/tr>\n<tr>\n<td>Capacidad<\/td>\n<td>Aprox. 250-350 ml por taza (personalizable)<\/td>\n<\/tr>\n<tr>\n<td>Dise\u00f1o \/ Estilo<\/td>\n<td>Est\u00e9tica retro vintage hecha a mano<\/td>\n<\/tr>\n<tr>\n<td>Acabado superficial<\/td>\n<td>Cer\u00e1mica esmaltada lisa, apta para alimentos<\/td>\n<\/tr>\n<tr>\n<td>Opciones de color<\/td>\n<td>Colores y dise\u00f1os de esmalte personalizados<\/td>\n<\/tr>\n<tr>\n<td>Mango<\/td>\n<td>Empu\u00f1adura ergon\u00f3mica para mayor comodidad<\/td>\n<\/tr>\n<tr>\n<td>Personalizaci\u00f3n<\/td>\n<td>Impresi\u00f3n de logotipos, calcoman\u00edas, esmaltes, embalajes, OEM\/ODM<\/td>\n<\/tr>\n<tr>\n<td>Utilizaci\u00f3n<\/td>\n<td>Caf\u00e9, t\u00e9 y bebidas calientes para cafeter\u00edas, hoteles, restaurantes y minoristas<\/td>\n<\/tr>\n<tr>\n<td>Certificaciones<\/td>\n<td>FDA, LFGB, ISO (seg\u00fan personalizaci\u00f3n)<\/td>\n<\/tr>\n<\/tbody>\n<\/table>\n<p>&nbsp;<\/p>\n<p>&nbsp;<\/p>","protected":false},"featured_media":670,"comment_status":"closed","ping_status":"closed","template":"","meta":{"_acf_changed":false},"market":[],"product_brand":[],"product_cat":[16,26],"product_tag":[],"class_list":{"0":"post-694","1":"product","2":"type-product","3":"status-publish","4":"has-post-thumbnail","6":"product_cat-tea-and-coffee-sets-factory","7":"product_cat-custom-teapot-sets","9":"first","10":"instock","11":"shipping-taxable","12":"product-type-simple"},"acf":[],"_links":{"self":[{"href":"https:\/\/www.qingfaceramic.com\/es\/wp-json\/wp\/v2\/product\/694","targetHints":{"allow":["GET"]}}],"collection":[{"href":"https:\/\/www.qingfaceramic.com\/es\/wp-json\/wp\/v2\/product"}],"about":[{"href":"https:\/\/www.qingfaceramic.com\/es\/wp-json\/wp\/v2\/types\/product"}],"replies":[{"embeddable":true,"href":"https:\/\/www.qingfaceramic.com\/es\/wp-json\/wp\/v2\/comments?post=694"}],"wp:featuredmedia":[{"embeddable":true,"href":"https:\/\/www.qingfaceramic.com\/es\/wp-json\/wp\/v2\/media\/670"}],"wp:attachment":[{"href":"https:\/\/www.qingfaceramic.com\/es\/wp-json\/wp\/v2\/media?parent=694"}],"wp:term":[{"taxonomy":"market","embeddable":true,"href":"https:\/\/www.qingfaceramic.com\/es\/wp-json\/wp\/v2\/market?post=694"},{"taxonomy":"product_brand","embeddable":true,"href":"https:\/\/www.qingfaceramic.com\/es\/wp-json\/wp\/v2\/product_brand?post=694"},{"taxonomy":"product_cat","embeddable":true,"href":"https:\/\/www.qingfaceramic.com\/es\/wp-json\/wp\/v2\/product_cat?post=694"},{"taxonomy":"product_tag","embeddable":true,"href":"https:\/\/www.qingfaceramic.com\/es\/wp-json\/wp\/v2\/product_tag?post=694"}],"curies":[{"name":"wp","href":"https:\/\/api.w.org\/{rel}","templated":true}]}}