{"id":678,"date":"2026-01-14T07:59:27","date_gmt":"2026-01-14T07:59:27","guid":{"rendered":"https:\/\/www.qingfaceramic.com\/?post_type=product&#038;p=678"},"modified":"2026-01-31T03:08:21","modified_gmt":"2026-01-31T03:08:21","slug":"custom-ceramic-spice-jars-set","status":"publish","type":"product","link":"https:\/\/www.qingfaceramic.com\/es\/producto\/custom-ceramic-spice-jars-set\/","title":{"rendered":"Juego de tarros de cer\u00e1mica personalizados para especias Tarros de cer\u00e1mica para sal y az\u00facar"},"content":{"rendered":"<h2 class=\"wp-block-heading\">Caracter\u00edsticas del juego de especieros de cer\u00e1mica personalizados <\/h2>\n\n\n\n<div class=\"wp-block-columns is-layout-flex wp-container-core-columns-is-layout-9d6595d7 wp-block-columns-is-layout-flex\">\n<div class=\"wp-block-column is-layout-flow wp-block-column-is-layout-flow\">\n<p><strong>Juego de especieros de cer\u00e1mica personalizados<\/strong> - Admite la personalizaci\u00f3n OEM\/ODM, incluida la impresi\u00f3n de logotipos, calcoman\u00edas, colores de esmalte y embalajes adaptados a las necesidades de su marca.<\/p>\n\n\n\n<p><strong>Construcci\u00f3n de cer\u00e1mica de alta calidad<\/strong> - Fabricado en cer\u00e1mica esmaltada de primera calidad, duradera, no t\u00f3xica y apta para alimentos, para guardar sal, az\u00facar y especias.<\/p>\n\n\n\n<p><strong>Almacenamiento elegante en la cocina<\/strong> - Los elegantes tarros de acabado liso realzan la est\u00e9tica de la cocina a la vez que ofrecen un pr\u00e1ctico almacenamiento para los utensilios de cocina de uso diario.<\/p>\n\n\n\n<p><strong>Tapa segura y f\u00e1cil acceso<\/strong> - Cada tarro suele incluir una tapa ajustada (y una cuchara en algunos dise\u00f1os) para proteger el contenido del polvo y la humedad, garantizando su frescura.<\/p>\n\n\n\n<p><strong>Escenarios de uso vers\u00e1tiles<\/strong> - Ideal para cocinas dom\u00e9sticas, cafeter\u00edas, restaurantes, hoteles y comercios que busquen un almacenamiento organizado de especias.<\/p>\n\n\n\n<p><strong>Venta al por mayor y a granel<\/strong> - Dise\u00f1ado para pedidos a granel con calidad y capacidad de producci\u00f3n constantes, adecuado para mayoristas y distribuidores.<\/p>\n\n\n\n<figure class=\"wp-block-image size-full\"><img decoding=\"async\" width=\"1000\" height=\"1000\" src=\"https:\/\/www.qingfaceramic.com\/wp-content\/uploads\/2026\/01\/custom-spice-jars-set5.webp\" alt=\"especieros de ceramica personalizados set3\" class=\"wp-image-682\" srcset=\"https:\/\/www.qingfaceramic.com\/wp-content\/uploads\/2026\/01\/custom-spice-jars-set5.webp 1000w, https:\/\/www.qingfaceramic.com\/wp-content\/uploads\/2026\/01\/custom-spice-jars-set5-300x300.webp 300w, https:\/\/www.qingfaceramic.com\/wp-content\/uploads\/2026\/01\/custom-spice-jars-set5-150x150.webp 150w, https:\/\/www.qingfaceramic.com\/wp-content\/uploads\/2026\/01\/custom-spice-jars-set5-768x768.webp 768w, https:\/\/www.qingfaceramic.com\/wp-content\/uploads\/2026\/01\/custom-spice-jars-set5-600x600.webp 600w, https:\/\/www.qingfaceramic.com\/wp-content\/uploads\/2026\/01\/custom-spice-jars-set5-100x100.webp 100w\" sizes=\"(max-width: 1000px) 100vw, 1000px\" \/><\/figure>\n<\/div>\n\n\n\n<div class=\"wp-block-column is-layout-flow wp-block-column-is-layout-flow\">\n<figure class=\"wp-block-image size-full\"><img decoding=\"async\" width=\"790\" height=\"1585\" src=\"https:\/\/www.qingfaceramic.com\/wp-content\/uploads\/2026\/01\/custom-spice-jars-set11.webp\" alt=\"tarros de cer\u00e1mica personalizados set4\" class=\"wp-image-683\" srcset=\"https:\/\/www.qingfaceramic.com\/wp-content\/uploads\/2026\/01\/custom-spice-jars-set11.webp 790w, https:\/\/www.qingfaceramic.com\/wp-content\/uploads\/2026\/01\/custom-spice-jars-set11-150x300.webp 150w, https:\/\/www.qingfaceramic.com\/wp-content\/uploads\/2026\/01\/custom-spice-jars-set11-768x1541.webp 768w, https:\/\/www.qingfaceramic.com\/wp-content\/uploads\/2026\/01\/custom-spice-jars-set11-600x1204.webp 600w\" sizes=\"(max-width: 790px) 100vw, 790px\" \/><\/figure>\n<\/div>\n<\/div>\n\n\n\n<div class=\"wp-block-columns is-layout-flex wp-container-core-columns-is-layout-9d6595d7 wp-block-columns-is-layout-flex\">\n<div class=\"wp-block-column is-layout-flow wp-block-column-is-layout-flow\"><\/div>\n\n\n\n<div class=\"wp-block-column is-layout-flow wp-block-column-is-layout-flow\"><\/div>\n\n\n\n<div class=\"wp-block-column is-layout-flow wp-block-column-is-layout-flow\"><\/div>\n<\/div>\n\n\n\n<div class=\"wp-block-columns is-layout-flex wp-container-core-columns-is-layout-9d6595d7 wp-block-columns-is-layout-flex\">\n<div class=\"wp-block-column is-layout-flow wp-block-column-is-layout-flow\"><\/div>\n\n\n\n<div class=\"wp-block-column is-layout-flow wp-block-column-is-layout-flow\"><\/div>\n<\/div>","protected":false},"excerpt":{"rendered":"<p data-start=\"248\" data-end=\"569\">Nuestro juego de tarros de cer\u00e1mica personalizados para especias contiene tarros de cer\u00e1mica de alta calidad para sal, az\u00facar y condimentos, con un dise\u00f1o elegante y tapas seguras. Perfecto para la cocina, cafeter\u00eda, hotel, y el uso al por menor, este conjunto es compatible con la personalizaci\u00f3n flexible de OEM \/ ODM para los logotipos, colores de esmalte, y el embalaje.<\/p>\n<h2>Juego de especieros de cer\u00e1mica personalizados Par\u00e1metros<\/h2>\n<table>\n<thead>\n<tr>\n<th>Fabricante<\/th>\n<th>Cer\u00e1mica Qingfa<\/th>\n<\/tr>\n<\/thead>\n<tbody>\n<tr>\n<td>Nombre del producto<\/td>\n<td>Juego de especieros de cer\u00e1mica de alta calidad \/ Juego de especieros de cer\u00e1mica personalizados<\/td>\n<\/tr>\n<tr>\n<td>Material<\/td>\n<td>Cer\u00e1mica esmaltada de alta calidad<\/td>\n<\/tr>\n<tr>\n<td>Componentes<\/td>\n<td>Tarro de sal, tarro de az\u00facar, tarro de especias (juego configurable)<\/td>\n<\/tr>\n<tr>\n<td>Acabado superficial<\/td>\n<td>Cer\u00e1mica esmaltada lisa, apta para alimentos<\/td>\n<\/tr>\n<tr>\n<td>Tipo de tapa<\/td>\n<td>Tapa (cer\u00e1mica, bamb\u00fa o madera, seg\u00fan el dise\u00f1o)<\/td>\n<\/tr>\n<tr>\n<td>Opciones de color<\/td>\n<td>Colores de esmalte personalizados<\/td>\n<\/tr>\n<tr>\n<td>Personalizaci\u00f3n<\/td>\n<td>Impresi\u00f3n de logotipos, calcoman\u00edas, esmaltado en color, embalajes, OEM\/ODM<\/td>\n<\/tr>\n<tr>\n<td>Utilizaci\u00f3n<\/td>\n<td>Sal de cocina, az\u00facar, almacenamiento de especias para el hogar, cafeter\u00edas, hoteles, minoristas<\/td>\n<\/tr>\n<tr>\n<td>Certificaciones<\/td>\n<td>FDA, LFGB, ISO (seg\u00fan personalizaci\u00f3n)<\/td>\n<\/tr>\n<\/tbody>\n<\/table>\n<p>&nbsp;<\/p>\n<p>&nbsp;<\/p>","protected":false},"featured_media":679,"comment_status":"closed","ping_status":"closed","template":"","meta":{"_acf_changed":false},"market":[],"product_brand":[],"product_cat":[20,37],"product_tag":[],"class_list":{"0":"post-678","1":"product","2":"type-product","3":"status-publish","4":"has-post-thumbnail","6":"product_cat-ceramic-kitchenware-wholesale","7":"product_cat-custom-kitchen-tools","9":"first","10":"instock","11":"shipping-taxable","12":"product-type-simple"},"acf":[],"_links":{"self":[{"href":"https:\/\/www.qingfaceramic.com\/es\/wp-json\/wp\/v2\/product\/678","targetHints":{"allow":["GET"]}}],"collection":[{"href":"https:\/\/www.qingfaceramic.com\/es\/wp-json\/wp\/v2\/product"}],"about":[{"href":"https:\/\/www.qingfaceramic.com\/es\/wp-json\/wp\/v2\/types\/product"}],"replies":[{"embeddable":true,"href":"https:\/\/www.qingfaceramic.com\/es\/wp-json\/wp\/v2\/comments?post=678"}],"wp:featuredmedia":[{"embeddable":true,"href":"https:\/\/www.qingfaceramic.com\/es\/wp-json\/wp\/v2\/media\/679"}],"wp:attachment":[{"href":"https:\/\/www.qingfaceramic.com\/es\/wp-json\/wp\/v2\/media?parent=678"}],"wp:term":[{"taxonomy":"market","embeddable":true,"href":"https:\/\/www.qingfaceramic.com\/es\/wp-json\/wp\/v2\/market?post=678"},{"taxonomy":"product_brand","embeddable":true,"href":"https:\/\/www.qingfaceramic.com\/es\/wp-json\/wp\/v2\/product_brand?post=678"},{"taxonomy":"product_cat","embeddable":true,"href":"https:\/\/www.qingfaceramic.com\/es\/wp-json\/wp\/v2\/product_cat?post=678"},{"taxonomy":"product_tag","embeddable":true,"href":"https:\/\/www.qingfaceramic.com\/es\/wp-json\/wp\/v2\/product_tag?post=678"}],"curies":[{"name":"wp","href":"https:\/\/api.w.org\/{rel}","templated":true}]}}