{"id":644,"date":"2026-01-14T07:17:41","date_gmt":"2026-01-14T07:17:41","guid":{"rendered":"https:\/\/www.qingfaceramic.com\/?post_type=product&#038;p=644"},"modified":"2026-01-31T02:49:16","modified_gmt":"2026-01-31T02:49:16","slug":"custom-restaurant-dinnerware-vintage-fluid-glazed","status":"publish","type":"product","link":"https:\/\/www.qingfaceramic.com\/es\/producto\/custom-restaurant-dinnerware-vintage-fluid-glazed\/","title":{"rendered":"Vajilla de restaurante a medida Vajilla de cer\u00e1mica esmaltada Vintage Fluid"},"content":{"rendered":"<h2 class=\"wp-block-heading\">Caracter\u00edsticas de la Vajilla a Medida para Restaurantes<\/h2>\n\n\n\n<div class=\"wp-block-columns is-layout-flex wp-container-core-columns-is-layout-9d6595d7 wp-block-columns-is-layout-flex\">\n<div class=\"wp-block-column is-layout-flow wp-block-column-is-layout-flow\">\n<ol class=\"wp-block-list\">\n<li><strong>Vajilla a medida para restaurantes<\/strong> - Totalmente compatible con tama\u00f1os, colores, logotipos y dise\u00f1os personalizados, ideal para experiencias gastron\u00f3micas de marca y pedidos de hosteler\u00eda al por mayor.<\/li>\n\n\n\n<li><strong>Dise\u00f1o Vintage Fluid Glazed<\/strong> - El acabado art\u00edstico de esmalte fluido confiere a cada plato una textura visual \u00fanica y un tacto de primera calidad, mejorando la presentaci\u00f3n en la mesa.<\/li>\n\n\n\n<li><strong>Construcci\u00f3n de cer\u00e1mica de alta calidad<\/strong> - Material duradero con un esmalte suave y apto para alimentos que garantiza un rendimiento duradero en entornos de comedores comerciales.<\/li>\n\n\n\n<li><strong>Vajillas vers\u00e1tiles<\/strong> - Disponibles en varios tama\u00f1os y formas para servir comidas, aperitivos, postres y platos compartidos para restaurantes y hoteles.<\/li>\n\n\n\n<li><strong>Suministro al por mayor a granel<\/strong> - Dise\u00f1ada para pedidos a gran escala con calidad y productividad constantes, perfecta para distribuidores y proveedores de hosteler\u00eda.<\/li>\n\n\n\n<li><strong>F\u00e1cil cuidado y mantenimiento<\/strong> - La superficie esmaltada lisa es apta para alimentos, f\u00e1cil de limpiar y adecuada para el uso diario en cocinas profesionales.<\/li>\n<\/ol>\n\n\n\n<figure class=\"wp-block-image size-full\"><img decoding=\"async\" width=\"1582\" height=\"734\" src=\"https:\/\/www.qingfaceramic.com\/wp-content\/uploads\/2026\/01\/custom-restaurant-dinnerware7.webp\" alt=\"vajilla personalizada para restaurante7\" class=\"wp-image-650\" srcset=\"https:\/\/www.qingfaceramic.com\/wp-content\/uploads\/2026\/01\/custom-restaurant-dinnerware7.webp 1582w, https:\/\/www.qingfaceramic.com\/wp-content\/uploads\/2026\/01\/custom-restaurant-dinnerware7-300x139.webp 300w, https:\/\/www.qingfaceramic.com\/wp-content\/uploads\/2026\/01\/custom-restaurant-dinnerware7-768x356.webp 768w, https:\/\/www.qingfaceramic.com\/wp-content\/uploads\/2026\/01\/custom-restaurant-dinnerware7-1200x557.webp 1200w, https:\/\/www.qingfaceramic.com\/wp-content\/uploads\/2026\/01\/custom-restaurant-dinnerware7-600x278.webp 600w\" sizes=\"(max-width: 1582px) 100vw, 1582px\" \/><\/figure>\n<\/div>\n\n\n\n<div class=\"wp-block-column is-layout-flow wp-block-column-is-layout-flow\">\n<figure class=\"wp-block-image size-full\"><img decoding=\"async\" width=\"980\" height=\"980\" src=\"https:\/\/www.qingfaceramic.com\/wp-content\/uploads\/2026\/01\/custom-restaurant-dinnerware2.webp\" alt=\"vajilla personalizada para restaurante2\" class=\"wp-image-646\" srcset=\"https:\/\/www.qingfaceramic.com\/wp-content\/uploads\/2026\/01\/custom-restaurant-dinnerware2.webp 980w, https:\/\/www.qingfaceramic.com\/wp-content\/uploads\/2026\/01\/custom-restaurant-dinnerware2-300x300.webp 300w, https:\/\/www.qingfaceramic.com\/wp-content\/uploads\/2026\/01\/custom-restaurant-dinnerware2-150x150.webp 150w, https:\/\/www.qingfaceramic.com\/wp-content\/uploads\/2026\/01\/custom-restaurant-dinnerware2-768x768.webp 768w, https:\/\/www.qingfaceramic.com\/wp-content\/uploads\/2026\/01\/custom-restaurant-dinnerware2-600x600.webp 600w, https:\/\/www.qingfaceramic.com\/wp-content\/uploads\/2026\/01\/custom-restaurant-dinnerware2-100x100.webp 100w\" sizes=\"(max-width: 980px) 100vw, 980px\" \/><\/figure>\n\n\n\n<figure class=\"wp-block-image size-full\"><img decoding=\"async\" width=\"750\" height=\"1425\" src=\"https:\/\/www.qingfaceramic.com\/wp-content\/uploads\/2026\/01\/custom-restaurant-dinnerware9.webp\" alt=\"vajilla de restaurante personalizada9\" class=\"wp-image-651\" srcset=\"https:\/\/www.qingfaceramic.com\/wp-content\/uploads\/2026\/01\/custom-restaurant-dinnerware9.webp 750w, https:\/\/www.qingfaceramic.com\/wp-content\/uploads\/2026\/01\/custom-restaurant-dinnerware9-158x300.webp 158w, https:\/\/www.qingfaceramic.com\/wp-content\/uploads\/2026\/01\/custom-restaurant-dinnerware9-600x1140.webp 600w\" sizes=\"(max-width: 750px) 100vw, 750px\" \/><\/figure>\n<\/div>\n<\/div>\n\n\n\n<div class=\"wp-block-columns is-layout-flex wp-container-core-columns-is-layout-9d6595d7 wp-block-columns-is-layout-flex\">\n<div class=\"wp-block-column is-layout-flow wp-block-column-is-layout-flow\"><\/div>\n\n\n\n<div class=\"wp-block-column is-layout-flow wp-block-column-is-layout-flow\"><\/div>\n<\/div>","protected":false},"excerpt":{"rendered":"<p data-start=\"441\" data-end=\"787\">Nuestra vajilla personalizada para restaurantes incluye platos de cer\u00e1mica esmaltada fluida vintage en tama\u00f1os personalizados, dise\u00f1ados para restaurantes, hoteles y cafeter\u00edas. Duraderos, aptos para uso alimentario y totalmente personalizables para su uso en hosteler\u00eda a granel.<\/p>\n<h2>Vajilla de restaurante personalizada Par\u00e1metro<\/h2>\n<table>\n<thead>\n<tr>\n<th>Fabricante<\/th>\n<th>Cer\u00e1mica Qingfa<\/th>\n<\/tr>\n<\/thead>\n<tbody>\n<tr>\n<td>Nombre del producto<\/td>\n<td>Vintage Fluid Platos y Vajilla de Cer\u00e1mica Esmaltada \/ Vajilla a Medida para Restaurante<\/td>\n<\/tr>\n<tr>\n<td>Material<\/td>\n<td>Cer\u00e1mica de alta calidad \/<\/td>\n<\/tr>\n<tr>\n<td>Esmalte<\/td>\n<td>Acabado de esmalte reactivo fluido<\/td>\n<\/tr>\n<tr>\n<td>Tallas<\/td>\n<td>Tama\u00f1os personalizados disponibles<\/td>\n<\/tr>\n<tr>\n<td>Forma<\/td>\n<td>Dise\u00f1os de platos llanos y redondos<\/td>\n<\/tr>\n<tr>\n<td>Acabado superficial<\/td>\n<td>Superficie esmaltada lisa y apta para alimentos<\/td>\n<\/tr>\n<tr>\n<td>Opciones de color<\/td>\n<td>Colores de esmalte personalizados<\/td>\n<\/tr>\n<tr>\n<td>Personalizaci\u00f3n<\/td>\n<td>Tama\u00f1o, logotipo, dise\u00f1o, embalaje, OEM\/ODM<\/td>\n<\/tr>\n<tr>\n<td>Utilizaci\u00f3n<\/td>\n<td>Restaurantes, hoteles, caf\u00e9s, banquetes, catering a granel<\/td>\n<\/tr>\n<tr>\n<td>Certificaciones<\/td>\n<td>FDA, LFGB, ISO (seg\u00fan personalizaci\u00f3n)<\/td>\n<\/tr>\n<\/tbody>\n<\/table>\n<p>&nbsp;<\/p>","protected":false},"featured_media":649,"comment_status":"closed","ping_status":"closed","template":"","meta":{"_acf_changed":false},"market":[43],"product_brand":[],"product_cat":[19,35],"product_tag":[],"class_list":{"0":"post-644","1":"product","2":"type-product","3":"status-publish","4":"has-post-thumbnail","6":"market-uk","7":"product_cat-custom-dinnerware-manufacturer","8":"product_cat-custom-dinnerware-sets","10":"first","11":"instock","12":"shipping-taxable","13":"product-type-simple"},"acf":[],"_links":{"self":[{"href":"https:\/\/www.qingfaceramic.com\/es\/wp-json\/wp\/v2\/product\/644","targetHints":{"allow":["GET"]}}],"collection":[{"href":"https:\/\/www.qingfaceramic.com\/es\/wp-json\/wp\/v2\/product"}],"about":[{"href":"https:\/\/www.qingfaceramic.com\/es\/wp-json\/wp\/v2\/types\/product"}],"replies":[{"embeddable":true,"href":"https:\/\/www.qingfaceramic.com\/es\/wp-json\/wp\/v2\/comments?post=644"}],"wp:featuredmedia":[{"embeddable":true,"href":"https:\/\/www.qingfaceramic.com\/es\/wp-json\/wp\/v2\/media\/649"}],"wp:attachment":[{"href":"https:\/\/www.qingfaceramic.com\/es\/wp-json\/wp\/v2\/media?parent=644"}],"wp:term":[{"taxonomy":"market","embeddable":true,"href":"https:\/\/www.qingfaceramic.com\/es\/wp-json\/wp\/v2\/market?post=644"},{"taxonomy":"product_brand","embeddable":true,"href":"https:\/\/www.qingfaceramic.com\/es\/wp-json\/wp\/v2\/product_brand?post=644"},{"taxonomy":"product_cat","embeddable":true,"href":"https:\/\/www.qingfaceramic.com\/es\/wp-json\/wp\/v2\/product_cat?post=644"},{"taxonomy":"product_tag","embeddable":true,"href":"https:\/\/www.qingfaceramic.com\/es\/wp-json\/wp\/v2\/product_tag?post=644"}],"curies":[{"name":"wp","href":"https:\/\/api.w.org\/{rel}","templated":true}]}}