{"id":601,"date":"2026-01-14T01:32:34","date_gmt":"2026-01-14T01:32:34","guid":{"rendered":"https:\/\/www.qingfaceramic.com\/?post_type=product&#038;p=601"},"modified":"2026-01-31T02:35:22","modified_gmt":"2026-01-31T02:35:22","slug":"custom-ceramic-coffee-mug-color-glaze-arabic-style","status":"publish","type":"product","link":"https:\/\/www.qingfaceramic.com\/es\/producto\/custom-ceramic-coffee-mug-color-glaze-arabic-style\/","title":{"rendered":"Taza de caf\u00e9 de cer\u00e1mica personalizada Color Glaze Taza de cer\u00e1mica de estilo \u00e1rabe a granel"},"content":{"rendered":"<h2 class=\"wp-block-heading\">Caracter\u00edsticas de la taza de cer\u00e1mica personalizada<\/h2>\n\n\n\n<div class=\"wp-block-columns is-layout-flex wp-container-core-columns-is-layout-9d6595d7 wp-block-columns-is-layout-flex\">\n<div class=\"wp-block-column is-layout-flow wp-block-column-is-layout-flow\">\n<p><strong>Dise\u00f1o de esmalte de color de estilo \u00e1rabe<\/strong> - Llamativo acristalamiento multicolor inspirado en la est\u00e9tica saud\u00ed y de Oriente Medio, perfecto para bebidas exclusivas para el comercio o la hosteler\u00eda.<\/p>\n\n\n\n<p><strong>Taza de caf\u00e9 de cer\u00e1mica personalizada<\/strong> - Admite la personalizaci\u00f3n OEM\/ODM, incluida la impresi\u00f3n de logotipos, calcoman\u00edas, colores de esmalte y envases para adaptarse a la visi\u00f3n de su marca.<\/p>\n\n\n\n<p><strong>Construcci\u00f3n de cer\u00e1mica duradera<\/strong> - Fabricado con materiales cer\u00e1micos de alta calidad para garantizar un uso duradero, ideal para el servicio diario de bebidas.<\/p>\n\n\n\n<p><strong>Escenarios de uso vers\u00e1tiles<\/strong> - Adecuado para caf\u00e9, t\u00e9 y otras bebidas en cafeter\u00edas, hoteles, oficinas y tiendas.<\/p>\n\n\n\n<p><strong>Capacidad de suministro a granel<\/strong> - Dise\u00f1ado para pedidos al por mayor con una producci\u00f3n racionalizada y una calidad constante para mayoristas y distribuidores.<\/p>\n\n\n\n<p><strong>Seguro para los alimentos y f\u00e1cil de cuidar<\/strong> - Las tazas de cer\u00e1mica son aptas para el contacto con alimentos y compatibles con la manipulaci\u00f3n est\u00e1ndar en entornos de restauraci\u00f3n.<\/p>\n\n\n\n<figure class=\"wp-block-image size-full\"><img decoding=\"async\" width=\"750\" height=\"809\" src=\"https:\/\/www.qingfaceramic.com\/wp-content\/uploads\/2026\/01\/custom-ceramic-coffee-mug7.webp\" alt=\"taza de cer\u00e1mica personalizada7\" class=\"wp-image-610\" srcset=\"https:\/\/www.qingfaceramic.com\/wp-content\/uploads\/2026\/01\/custom-ceramic-coffee-mug7.webp 750w, https:\/\/www.qingfaceramic.com\/wp-content\/uploads\/2026\/01\/custom-ceramic-coffee-mug7-278x300.webp 278w, https:\/\/www.qingfaceramic.com\/wp-content\/uploads\/2026\/01\/custom-ceramic-coffee-mug7-600x647.webp 600w\" sizes=\"(max-width: 750px) 100vw, 750px\" \/><\/figure>\n<\/div>\n\n\n\n<div class=\"wp-block-column is-layout-flow wp-block-column-is-layout-flow\">\n<figure class=\"wp-block-image size-full\"><img decoding=\"async\" width=\"1252\" height=\"1334\" src=\"https:\/\/www.qingfaceramic.com\/wp-content\/uploads\/2026\/01\/custom-ceramic-coffee-mug11.webp\" alt=\"taza de cer\u00e1mica personalizada11\" class=\"wp-image-612\" srcset=\"https:\/\/www.qingfaceramic.com\/wp-content\/uploads\/2026\/01\/custom-ceramic-coffee-mug11.webp 1252w, https:\/\/www.qingfaceramic.com\/wp-content\/uploads\/2026\/01\/custom-ceramic-coffee-mug11-282x300.webp 282w, https:\/\/www.qingfaceramic.com\/wp-content\/uploads\/2026\/01\/custom-ceramic-coffee-mug11-768x818.webp 768w, https:\/\/www.qingfaceramic.com\/wp-content\/uploads\/2026\/01\/custom-ceramic-coffee-mug11-1200x1279.webp 1200w, https:\/\/www.qingfaceramic.com\/wp-content\/uploads\/2026\/01\/custom-ceramic-coffee-mug11-600x639.webp 600w\" sizes=\"(max-width: 1252px) 100vw, 1252px\" \/><\/figure>\n\n\n\n<figure class=\"wp-block-image size-full\"><img decoding=\"async\" width=\"750\" height=\"531\" src=\"https:\/\/www.qingfaceramic.com\/wp-content\/uploads\/2026\/01\/custom-ceramic-coffee-mug6.webp\" alt=\"taza de cer\u00e1mica personalizada6\" class=\"wp-image-609\" srcset=\"https:\/\/www.qingfaceramic.com\/wp-content\/uploads\/2026\/01\/custom-ceramic-coffee-mug6.webp 750w, https:\/\/www.qingfaceramic.com\/wp-content\/uploads\/2026\/01\/custom-ceramic-coffee-mug6-300x212.webp 300w, https:\/\/www.qingfaceramic.com\/wp-content\/uploads\/2026\/01\/custom-ceramic-coffee-mug6-600x425.webp 600w\" sizes=\"(max-width: 750px) 100vw, 750px\" \/><\/figure>\n<\/div>\n<\/div>\n\n\n\n<div class=\"wp-block-columns is-layout-flex wp-container-core-columns-is-layout-9d6595d7 wp-block-columns-is-layout-flex\">\n<div class=\"wp-block-column is-layout-flow wp-block-column-is-layout-flow\">\n<figure class=\"wp-block-image size-full\"><img decoding=\"async\" width=\"750\" height=\"582\" src=\"https:\/\/www.qingfaceramic.com\/wp-content\/uploads\/2026\/01\/custom-ceramic-coffee-mug8.webp\" alt=\"taza de cer\u00e1mica personalizada8\" class=\"wp-image-611\" srcset=\"https:\/\/www.qingfaceramic.com\/wp-content\/uploads\/2026\/01\/custom-ceramic-coffee-mug8.webp 750w, https:\/\/www.qingfaceramic.com\/wp-content\/uploads\/2026\/01\/custom-ceramic-coffee-mug8-300x233.webp 300w, https:\/\/www.qingfaceramic.com\/wp-content\/uploads\/2026\/01\/custom-ceramic-coffee-mug8-600x466.webp 600w\" sizes=\"(max-width: 750px) 100vw, 750px\" \/><\/figure>\n<\/div>\n\n\n\n<div class=\"wp-block-column is-layout-flow wp-block-column-is-layout-flow\">\n<figure class=\"wp-block-image size-full\"><img decoding=\"async\" width=\"988\" height=\"988\" src=\"https:\/\/www.qingfaceramic.com\/wp-content\/uploads\/2026\/01\/Custom-Ceramic-Coffee-Mug1.webp\" alt=\"Taza de caf\u00e9 de cer\u00e1mica personalizada1\" class=\"wp-image-608\" srcset=\"https:\/\/www.qingfaceramic.com\/wp-content\/uploads\/2026\/01\/Custom-Ceramic-Coffee-Mug1.webp 988w, https:\/\/www.qingfaceramic.com\/wp-content\/uploads\/2026\/01\/Custom-Ceramic-Coffee-Mug1-300x300.webp 300w, https:\/\/www.qingfaceramic.com\/wp-content\/uploads\/2026\/01\/Custom-Ceramic-Coffee-Mug1-150x150.webp 150w, https:\/\/www.qingfaceramic.com\/wp-content\/uploads\/2026\/01\/Custom-Ceramic-Coffee-Mug1-768x768.webp 768w, https:\/\/www.qingfaceramic.com\/wp-content\/uploads\/2026\/01\/Custom-Ceramic-Coffee-Mug1-600x600.webp 600w, https:\/\/www.qingfaceramic.com\/wp-content\/uploads\/2026\/01\/Custom-Ceramic-Coffee-Mug1-100x100.webp 100w\" sizes=\"(max-width: 988px) 100vw, 988px\" \/><\/figure>\n<\/div>\n<\/div>","protected":false},"excerpt":{"rendered":"<p>Taza de caf\u00e9 de cer\u00e1mica personalizada de alta calidad con esmalte de color vibrante y dise\u00f1o de inspiraci\u00f3n \u00e1rabe, ideal para cafeter\u00edas, hoteles, minoristas y colecciones de recuerdos. Fabricadas en cer\u00e1mica apta para alimentos, con suministro estable a granel y soporte de personalizaci\u00f3n OEM\/ODM para logotipos, dise\u00f1os y envases.<\/p>\n<h2>Taza de caf\u00e9 de cer\u00e1mica personalizada Par\u00e1metro<\/h2>\n<table>\n<thead>\n<tr>\n<th>Fabricante<\/th>\n<th>Cer\u00e1mica Qingfa<\/th>\n<\/tr>\n<\/thead>\n<tbody>\n<tr>\n<td>Nombre del producto<\/td>\n<td>Taza de caf\u00e9 de cer\u00e1mica esmaltada a mano \/ Taza de caf\u00e9 de cer\u00e1mica personalizada<\/td>\n<\/tr>\n<tr>\n<td>Material<\/td>\n<td>Cer\u00e1mica esmaltada de alta calidad<\/td>\n<\/tr>\n<tr>\n<td>Capacidad<\/td>\n<td>Aprox. 125-225 ml (personalizable)<\/td>\n<\/tr>\n<tr>\n<td>Dise\u00f1o \/ Forma<\/td>\n<td>Dise\u00f1o de mano sin asa con superficie esmaltada en color<\/td>\n<\/tr>\n<tr>\n<td>Acabado superficial<\/td>\n<td>Esmalte liso de colores vibrantes, apto para alimentos<\/td>\n<\/tr>\n<tr>\n<td>Opciones de color<\/td>\n<td>Colores de esmalte personalizados<\/td>\n<\/tr>\n<tr>\n<td>Personalizaci\u00f3n<\/td>\n<td>Impresi\u00f3n de logotipos, calcoman\u00edas, esmaltes, embalajes, OEM\/ODM<\/td>\n<\/tr>\n<tr>\n<td>Utilizaci\u00f3n<\/td>\n<td>Caf\u00e9, t\u00e9 y bebidas para cafeter\u00edas, hoteles, tiendas de recuerdos y minoristas<\/td>\n<\/tr>\n<tr>\n<td>Certificaciones<\/td>\n<td>FDA, LFGB, ISO (seg\u00fan personalizaci\u00f3n)<\/td>\n<\/tr>\n<\/tbody>\n<\/table>\n<p>&nbsp;<\/p>","protected":false},"featured_media":607,"comment_status":"closed","ping_status":"closed","template":"","meta":{"_acf_changed":false},"market":[42],"product_brand":[],"product_cat":[17,28],"product_tag":[],"class_list":{"0":"post-601","1":"product","2":"type-product","3":"status-publish","4":"has-post-thumbnail","6":"market-middle-east-market","7":"product_cat-custom-coffee-cups","8":"product_cat-custom-coffee-mugs","10":"first","11":"instock","12":"shipping-taxable","13":"product-type-simple"},"acf":[],"_links":{"self":[{"href":"https:\/\/www.qingfaceramic.com\/es\/wp-json\/wp\/v2\/product\/601","targetHints":{"allow":["GET"]}}],"collection":[{"href":"https:\/\/www.qingfaceramic.com\/es\/wp-json\/wp\/v2\/product"}],"about":[{"href":"https:\/\/www.qingfaceramic.com\/es\/wp-json\/wp\/v2\/types\/product"}],"replies":[{"embeddable":true,"href":"https:\/\/www.qingfaceramic.com\/es\/wp-json\/wp\/v2\/comments?post=601"}],"wp:featuredmedia":[{"embeddable":true,"href":"https:\/\/www.qingfaceramic.com\/es\/wp-json\/wp\/v2\/media\/607"}],"wp:attachment":[{"href":"https:\/\/www.qingfaceramic.com\/es\/wp-json\/wp\/v2\/media?parent=601"}],"wp:term":[{"taxonomy":"market","embeddable":true,"href":"https:\/\/www.qingfaceramic.com\/es\/wp-json\/wp\/v2\/market?post=601"},{"taxonomy":"product_brand","embeddable":true,"href":"https:\/\/www.qingfaceramic.com\/es\/wp-json\/wp\/v2\/product_brand?post=601"},{"taxonomy":"product_cat","embeddable":true,"href":"https:\/\/www.qingfaceramic.com\/es\/wp-json\/wp\/v2\/product_cat?post=601"},{"taxonomy":"product_tag","embeddable":true,"href":"https:\/\/www.qingfaceramic.com\/es\/wp-json\/wp\/v2\/product_tag?post=601"}],"curies":[{"name":"wp","href":"https:\/\/api.w.org\/{rel}","templated":true}]}}