{"id":594,"date":"2026-01-14T01:07:49","date_gmt":"2026-01-14T01:07:49","guid":{"rendered":"https:\/\/www.qingfaceramic.com\/?post_type=product&#038;p=594"},"modified":"2026-01-31T02:30:20","modified_gmt":"2026-01-31T02:30:20","slug":"customized-ceramic-mugs-in-bulk","status":"publish","type":"product","link":"https:\/\/www.qingfaceramic.com\/es\/producto\/customized-ceramic-mugs-in-bulk\/","title":{"rendered":"Tazas de Cer\u00e1mica Personalizadas Taza de Caf\u00e9 con Forma de Donut Europeo Salpicadura de Tinta a Granel"},"content":{"rendered":"<h2 class=\"wp-block-heading\">Caracter\u00edsticas de las tazas de cer\u00e1mica personalizadas<\/h2>\n\n\n\n<div class=\"wp-block-columns is-layout-flex wp-container-core-columns-is-layout-9d6595d7 wp-block-columns-is-layout-flex\">\n<div class=\"wp-block-column is-layout-flow wp-block-column-is-layout-flow\">\n<ol class=\"wp-block-list\">\n<li><strong>Forma \u00fanica de donut europeo<\/strong> - Dise\u00f1o llamativo inspirado en la est\u00e9tica europea que destaca en cafeter\u00edas, hoteles y comercios.<\/li>\n\n\n\n<li><strong>Salpicaduras de tinta Acabado<\/strong> - El estampado art\u00edstico de salpicaduras a\u00f1ade un toque creativo a cada taza, lo que la hace perfecta para las colecciones de vajillas de estilo de vida.<\/li>\n\n\n\n<li><strong>Construcci\u00f3n de cer\u00e1mica de alta calidad<\/strong> - Fabricado con material cer\u00e1mico de primera calidad para una mayor durabilidad y rendimiento en el uso diario.<\/li>\n\n\n\n<li><strong>Asa c\u00f3moda<\/strong> - El dise\u00f1o ergon\u00f3mico del mango garantiza un agarre seguro y c\u00f3modo durante el uso.<\/li>\n\n\n\n<li><strong>Opciones personalizadas disponibles<\/strong> - Compatible con <strong>Personalizaci\u00f3n OEM\/ODM<\/strong>, La identidad de la marca incluye logotipos, calcoman\u00edas, colores de esmalte y envases.<\/li>\n\n\n\n<li><strong>Ideal para pedidos al por mayor<\/strong> - Dise\u00f1ado para el suministro a granel a cafeter\u00edas, negocios de hosteler\u00eda y distribuidores minoristas que buscan una vajilla distintiva.<\/li>\n<\/ol>\n\n\n\n<figure class=\"wp-block-image size-full\"><img decoding=\"async\" width=\"854\" height=\"854\" src=\"https:\/\/www.qingfaceramic.com\/wp-content\/uploads\/2026\/01\/Customized-Ceramic-Mugs-European-Donut-Shape-Splash-Ink-Coffee-Mug-in-Bulk8.webp\" alt=\"Tazas de Cer\u00e1mica Personalizadas Forma de Donut Europeo Salpicadura de Tinta Taza de Caf\u00e9 a Granel8\" class=\"wp-image-596\" srcset=\"https:\/\/www.qingfaceramic.com\/wp-content\/uploads\/2026\/01\/Customized-Ceramic-Mugs-European-Donut-Shape-Splash-Ink-Coffee-Mug-in-Bulk8.webp 854w, https:\/\/www.qingfaceramic.com\/wp-content\/uploads\/2026\/01\/Customized-Ceramic-Mugs-European-Donut-Shape-Splash-Ink-Coffee-Mug-in-Bulk8-300x300.webp 300w, https:\/\/www.qingfaceramic.com\/wp-content\/uploads\/2026\/01\/Customized-Ceramic-Mugs-European-Donut-Shape-Splash-Ink-Coffee-Mug-in-Bulk8-150x150.webp 150w, https:\/\/www.qingfaceramic.com\/wp-content\/uploads\/2026\/01\/Customized-Ceramic-Mugs-European-Donut-Shape-Splash-Ink-Coffee-Mug-in-Bulk8-768x768.webp 768w, https:\/\/www.qingfaceramic.com\/wp-content\/uploads\/2026\/01\/Customized-Ceramic-Mugs-European-Donut-Shape-Splash-Ink-Coffee-Mug-in-Bulk8-600x600.webp 600w, https:\/\/www.qingfaceramic.com\/wp-content\/uploads\/2026\/01\/Customized-Ceramic-Mugs-European-Donut-Shape-Splash-Ink-Coffee-Mug-in-Bulk8-100x100.webp 100w\" sizes=\"(max-width: 854px) 100vw, 854px\" \/><\/figure>\n<\/div>\n\n\n\n<div class=\"wp-block-column is-layout-flow wp-block-column-is-layout-flow\">\n<figure class=\"wp-block-image size-full\"><img decoding=\"async\" width=\"750\" height=\"1084\" src=\"https:\/\/www.qingfaceramic.com\/wp-content\/uploads\/2026\/01\/Customized-Ceramic-Mugs3.webp\" alt=\"Tazas de cer\u00e1mica personalizadas3\" class=\"wp-image-597\" srcset=\"https:\/\/www.qingfaceramic.com\/wp-content\/uploads\/2026\/01\/Customized-Ceramic-Mugs3.webp 750w, https:\/\/www.qingfaceramic.com\/wp-content\/uploads\/2026\/01\/Customized-Ceramic-Mugs3-208x300.webp 208w, https:\/\/www.qingfaceramic.com\/wp-content\/uploads\/2026\/01\/Customized-Ceramic-Mugs3-600x867.webp 600w\" sizes=\"(max-width: 750px) 100vw, 750px\" \/><\/figure>\n\n\n\n<figure class=\"wp-block-image size-full\"><img decoding=\"async\" width=\"746\" height=\"382\" src=\"https:\/\/www.qingfaceramic.com\/wp-content\/uploads\/2026\/01\/Customized-Ceramic-Mugs9.webp\" alt=\"Tazas de cer\u00e1mica personalizadas6\" class=\"wp-image-600\" srcset=\"https:\/\/www.qingfaceramic.com\/wp-content\/uploads\/2026\/01\/Customized-Ceramic-Mugs9.webp 746w, https:\/\/www.qingfaceramic.com\/wp-content\/uploads\/2026\/01\/Customized-Ceramic-Mugs9-300x154.webp 300w, https:\/\/www.qingfaceramic.com\/wp-content\/uploads\/2026\/01\/Customized-Ceramic-Mugs9-600x307.webp 600w\" sizes=\"(max-width: 746px) 100vw, 746px\" \/><\/figure>\n<\/div>\n<\/div>\n\n\n\n<div class=\"wp-block-columns is-layout-flex wp-container-core-columns-is-layout-9d6595d7 wp-block-columns-is-layout-flex\">\n<div class=\"wp-block-column is-layout-flow wp-block-column-is-layout-flow\">\n<figure class=\"wp-block-image size-full\"><img decoding=\"async\" width=\"750\" height=\"1694\" src=\"https:\/\/www.qingfaceramic.com\/wp-content\/uploads\/2026\/01\/Custom-Ceramic-Coffee-Mug-in-Bulk4.webp\" alt=\"Taza de caf\u00e9 de cer\u00e1mica personalizada a granel4\" class=\"wp-image-591\" srcset=\"https:\/\/www.qingfaceramic.com\/wp-content\/uploads\/2026\/01\/Custom-Ceramic-Coffee-Mug-in-Bulk4.webp 750w, https:\/\/www.qingfaceramic.com\/wp-content\/uploads\/2026\/01\/Custom-Ceramic-Coffee-Mug-in-Bulk4-133x300.webp 133w, https:\/\/www.qingfaceramic.com\/wp-content\/uploads\/2026\/01\/Custom-Ceramic-Coffee-Mug-in-Bulk4-600x1355.webp 600w\" sizes=\"(max-width: 750px) 100vw, 750px\" \/><\/figure>\n<\/div>\n\n\n\n<div class=\"wp-block-column is-layout-flow wp-block-column-is-layout-flow\">\n<figure class=\"wp-block-image size-full\"><img decoding=\"async\" width=\"750\" height=\"1166\" src=\"https:\/\/www.qingfaceramic.com\/wp-content\/uploads\/2026\/01\/Custom-Ceramic-Coffee-Mug-in-Bulk5.webp\" alt=\"Taza de caf\u00e9 de cer\u00e1mica personalizada a granel5\" class=\"wp-image-592\" srcset=\"https:\/\/www.qingfaceramic.com\/wp-content\/uploads\/2026\/01\/Custom-Ceramic-Coffee-Mug-in-Bulk5.webp 750w, https:\/\/www.qingfaceramic.com\/wp-content\/uploads\/2026\/01\/Custom-Ceramic-Coffee-Mug-in-Bulk5-193x300.webp 193w, https:\/\/www.qingfaceramic.com\/wp-content\/uploads\/2026\/01\/Custom-Ceramic-Coffee-Mug-in-Bulk5-600x933.webp 600w\" sizes=\"(max-width: 750px) 100vw, 750px\" \/><\/figure>\n<\/div>\n<\/div>","protected":false},"excerpt":{"rendered":"<p>Descubra nuestras tazas de cer\u00e1mica personalizadas con forma de donut europeo y detalles en tinta. Fabricadas en cer\u00e1mica de alta calidad, estas tazas de caf\u00e9 combinan el dise\u00f1o art\u00edstico con la funcionalidad cotidiana, y son ideales para cafeter\u00edas, hoteles, minoristas y pedidos al por mayor de marca con personalizaci\u00f3n OEM\/ODM.<\/p>\n<h2>Par\u00e1metros de las tazas de cer\u00e1mica personalizadas<\/h2>\n<table style=\"border-collapse: collapse; width: 359.02pt;\" border=\"0\" width=\"359\" cellspacing=\"0\" cellpadding=\"0\">\n<tbody>\n<tr style=\"height: 17.75pt;\">\n<td class=\"et2\" style=\"height: 17.75pt; width: 139.95pt;\" width=\"139\" height=\"17\">Fabricante<\/td>\n<td class=\"et2\" style=\"width: 219.15pt;\" width=\"219\">Cer\u00e1mica Qingfa<\/td>\n<\/tr>\n<tr style=\"height: 32.00pt;\">\n<td class=\"et2\" style=\"height: 32.00pt; width: 139.95pt;\" width=\"139\" height=\"32\">Nombre del producto<\/td>\n<td class=\"et2\" style=\"width: 219.15pt;\" width=\"219\">Taza de caf\u00e9 de cer\u00e1mica con forma de donut \/ Taza de cer\u00e1mica personalizada<\/td>\n<\/tr>\n<tr style=\"height: 32.00pt;\">\n<td class=\"et2\" style=\"height: 32.00pt; width: 139.95pt;\" width=\"139\" height=\"32\">Material<\/td>\n<td class=\"et2\" style=\"width: 219.15pt;\" width=\"219\">Cer\u00e1mica esmaltada de alta calidad<\/td>\n<\/tr>\n<tr style=\"height: 32.00pt;\">\n<td class=\"et2\" style=\"height: 32.00pt; width: 139.95pt;\" width=\"139\" height=\"32\">Capacidad<\/td>\n<td class=\"et2\" style=\"width: 219.15pt;\" width=\"219\">Aprox. 250 ml (personalizable)<\/td>\n<\/tr>\n<tr style=\"height: 32.00pt;\">\n<td class=\"et2\" style=\"height: 32.00pt; width: 139.95pt;\" width=\"139\" height=\"32\">Dise\u00f1o \/ Forma<\/td>\n<td class=\"et2\" style=\"width: 219.15pt;\" width=\"219\">Forma europea inspirada en los donuts con acabado art\u00edstico de tinta salpicada<\/td>\n<\/tr>\n<tr style=\"height: 32.00pt;\">\n<td class=\"et2\" style=\"height: 32.00pt; width: 139.95pt;\" width=\"139\" height=\"32\">Acabado superficial<\/td>\n<td class=\"et2\" style=\"width: 219.15pt;\" width=\"219\">Esmalte de salpicaduras de tinta aplicado a mano, suave y apto para alimentos<\/td>\n<\/tr>\n<tr style=\"height: 32.00pt;\">\n<td class=\"et2\" style=\"height: 32.00pt; width: 139.95pt;\" width=\"139\" height=\"32\">Opciones de color<\/td>\n<td class=\"et2\" style=\"width: 219.15pt;\" width=\"219\">Base blanca con salpicaduras de tinta, colores personalizados disponibles<\/td>\n<\/tr>\n<tr style=\"height: 32.00pt;\">\n<td class=\"et2\" style=\"height: 32.00pt; width: 139.95pt;\" width=\"139\" height=\"32\">Mango<\/td>\n<td class=\"et2\" style=\"width: 219.15pt;\" width=\"219\">Mango ergon\u00f3mico para un agarre c\u00f3modo<\/td>\n<\/tr>\n<tr style=\"height: 32.00pt;\">\n<td class=\"et2\" style=\"height: 32.00pt; width: 139.95pt;\" width=\"139\" height=\"32\">Personalizaci\u00f3n<\/td>\n<td class=\"et2\" style=\"width: 219.15pt;\" width=\"219\">Impresi\u00f3n del logotipo, ajuste del patr\u00f3n, color del esmalte, embalaje, OEM\/ODM<\/td>\n<\/tr>\n<tr style=\"height: 32.00pt;\">\n<td class=\"et2\" style=\"height: 32.00pt; width: 139.95pt;\" width=\"139\" height=\"32\">Utilizaci\u00f3n<\/td>\n<td class=\"et2\" style=\"width: 219.15pt;\" width=\"219\">Caf\u00e9, t\u00e9 y bebidas para cafeter\u00edas, hoteles, minoristas y colecciones de marca<\/td>\n<\/tr>\n<tr style=\"height: 32.00pt;\">\n<td class=\"et2\" style=\"height: 32.00pt; width: 139.95pt;\" width=\"139\" height=\"32\">Certificaciones<\/td>\n<td class=\"et2\" style=\"width: 219.15pt;\" width=\"219\">FDA, LFGB, ISO (seg\u00fan personalizaci\u00f3n)<\/td>\n<\/tr>\n<\/tbody>\n<\/table>\n<p>&nbsp;<\/p>","protected":false},"featured_media":598,"comment_status":"closed","ping_status":"closed","template":"","meta":{"_acf_changed":false},"market":[],"product_brand":[],"product_cat":[17,28],"product_tag":[],"class_list":{"0":"post-594","1":"product","2":"type-product","3":"status-publish","4":"has-post-thumbnail","6":"product_cat-custom-coffee-cups","7":"product_cat-custom-coffee-mugs","9":"first","10":"instock","11":"shipping-taxable","12":"product-type-simple"},"acf":[],"_links":{"self":[{"href":"https:\/\/www.qingfaceramic.com\/es\/wp-json\/wp\/v2\/product\/594","targetHints":{"allow":["GET"]}}],"collection":[{"href":"https:\/\/www.qingfaceramic.com\/es\/wp-json\/wp\/v2\/product"}],"about":[{"href":"https:\/\/www.qingfaceramic.com\/es\/wp-json\/wp\/v2\/types\/product"}],"replies":[{"embeddable":true,"href":"https:\/\/www.qingfaceramic.com\/es\/wp-json\/wp\/v2\/comments?post=594"}],"wp:featuredmedia":[{"embeddable":true,"href":"https:\/\/www.qingfaceramic.com\/es\/wp-json\/wp\/v2\/media\/598"}],"wp:attachment":[{"href":"https:\/\/www.qingfaceramic.com\/es\/wp-json\/wp\/v2\/media?parent=594"}],"wp:term":[{"taxonomy":"market","embeddable":true,"href":"https:\/\/www.qingfaceramic.com\/es\/wp-json\/wp\/v2\/market?post=594"},{"taxonomy":"product_brand","embeddable":true,"href":"https:\/\/www.qingfaceramic.com\/es\/wp-json\/wp\/v2\/product_brand?post=594"},{"taxonomy":"product_cat","embeddable":true,"href":"https:\/\/www.qingfaceramic.com\/es\/wp-json\/wp\/v2\/product_cat?post=594"},{"taxonomy":"product_tag","embeddable":true,"href":"https:\/\/www.qingfaceramic.com\/es\/wp-json\/wp\/v2\/product_tag?post=594"}],"curies":[{"name":"wp","href":"https:\/\/api.w.org\/{rel}","templated":true}]}}