{"id":1706,"date":"2026-04-20T08:49:07","date_gmt":"2026-04-20T08:49:07","guid":{"rendered":"https:\/\/www.qingfaceramic.com\/?post_type=product&#038;p=1706"},"modified":"2026-04-20T08:57:17","modified_gmt":"2026-04-20T08:57:17","slug":"custom-halloween-mug-3d-relief-ceramic-coffee-cup","status":"publish","type":"product","link":"https:\/\/www.qingfaceramic.com\/es\/producto\/custom-halloween-mug-3d-relief-ceramic-coffee-cup\/","title":{"rendered":"Taza personalizada de Halloween | Taza de caf\u00e9 de cer\u00e1mica en relieve 3D"},"content":{"rendered":"<h2 class=\"wp-block-heading\">Caracter\u00edsticas de Custom Halloween Mug<\/h2>\n\n\n\n<div class=\"wp-block-columns is-layout-flex wp-container-core-columns-is-layout-9d6595d7 wp-block-columns-is-layout-flex\">\n<div class=\"wp-block-column is-layout-flow wp-block-column-is-layout-flow\">\n<p><strong>Iconos en relieve 3D t\u00e1ctiles:<\/strong> Decorado con iconos en relieve pintados a mano (fantasma, calabaza, murci\u00e9lago, calavera) para un aspecto tridimensional de primera calidad.<\/p>\n\n\n\n<p><strong>Textura martillada artesanal:<\/strong> Presenta una superficie irregular y martillada que imita la cer\u00e1mica artesanal, a\u00f1adiendo una est\u00e9tica moderna al tema festivo.<\/p>\n\n\n\n<p><strong>Esmalte vibrante resistente a la decoloraci\u00f3n:<\/strong> Acabado con esmalte profesional de alto brillo en blanco y negro cl\u00e1sico, que garantiza que los colores permanezcan vivos tras un uso prolongado.<\/p>\n\n\n\n<p><strong>Retenci\u00f3n t\u00e9rmica superior:<\/strong> Fabricado en cer\u00e1mica reforzada de paredes gruesas para garantizar que las bebidas de temporada se mantengan calientes durante m\u00e1s tiempo.<\/p>\n\n\n\n<p><strong>Personalizaci\u00f3n profesional B2B:<\/strong> Total flexibilidad OEM\/ODM con opciones de dise\u00f1os en relieve personalizados, colocaci\u00f3n de logotipos privados y envases de regalo a medida.<\/p>\n<\/div>\n\n\n\n<div class=\"wp-block-column is-layout-flow wp-block-column-is-layout-flow\">\n<figure class=\"wp-block-image size-full\"><img decoding=\"async\" width=\"800\" height=\"800\" src=\"https:\/\/www.qingfaceramic.com\/wp-content\/uploads\/2026\/04\/Custom-Halloween-Mug1.webp\" alt=\"Taza de Halloween personalizada1\" class=\"wp-image-1707\" srcset=\"https:\/\/www.qingfaceramic.com\/wp-content\/uploads\/2026\/04\/Custom-Halloween-Mug1.webp 800w, https:\/\/www.qingfaceramic.com\/wp-content\/uploads\/2026\/04\/Custom-Halloween-Mug1-300x300.webp 300w, https:\/\/www.qingfaceramic.com\/wp-content\/uploads\/2026\/04\/Custom-Halloween-Mug1-150x150.webp 150w, https:\/\/www.qingfaceramic.com\/wp-content\/uploads\/2026\/04\/Custom-Halloween-Mug1-768x768.webp 768w, https:\/\/www.qingfaceramic.com\/wp-content\/uploads\/2026\/04\/Custom-Halloween-Mug1-12x12.webp 12w, https:\/\/www.qingfaceramic.com\/wp-content\/uploads\/2026\/04\/Custom-Halloween-Mug1-600x600.webp 600w, https:\/\/www.qingfaceramic.com\/wp-content\/uploads\/2026\/04\/Custom-Halloween-Mug1-100x100.webp 100w\" sizes=\"(max-width: 800px) 100vw, 800px\" \/><\/figure>\n\n\n\n<figure class=\"wp-block-image size-full\"><img decoding=\"async\" width=\"800\" height=\"800\" src=\"https:\/\/www.qingfaceramic.com\/wp-content\/uploads\/2026\/04\/Custom-Halloween-Mug3.webp\" alt=\"Taza de Halloween personalizada3\" class=\"wp-image-1709\" srcset=\"https:\/\/www.qingfaceramic.com\/wp-content\/uploads\/2026\/04\/Custom-Halloween-Mug3.webp 800w, https:\/\/www.qingfaceramic.com\/wp-content\/uploads\/2026\/04\/Custom-Halloween-Mug3-300x300.webp 300w, https:\/\/www.qingfaceramic.com\/wp-content\/uploads\/2026\/04\/Custom-Halloween-Mug3-150x150.webp 150w, https:\/\/www.qingfaceramic.com\/wp-content\/uploads\/2026\/04\/Custom-Halloween-Mug3-768x768.webp 768w, https:\/\/www.qingfaceramic.com\/wp-content\/uploads\/2026\/04\/Custom-Halloween-Mug3-12x12.webp 12w, https:\/\/www.qingfaceramic.com\/wp-content\/uploads\/2026\/04\/Custom-Halloween-Mug3-600x600.webp 600w, https:\/\/www.qingfaceramic.com\/wp-content\/uploads\/2026\/04\/Custom-Halloween-Mug3-100x100.webp 100w\" sizes=\"(max-width: 800px) 100vw, 800px\" \/><\/figure>\n<\/div>\n<\/div>\n\n\n\n<div class=\"wp-block-columns is-layout-flex wp-container-core-columns-is-layout-9d6595d7 wp-block-columns-is-layout-flex\">\n<div class=\"wp-block-column is-layout-flow wp-block-column-is-layout-flow\"><\/div>\n\n\n\n<div class=\"wp-block-column is-layout-flow wp-block-column-is-layout-flow\"><\/div>\n<\/div>","protected":false},"excerpt":{"rendered":"<p data-start=\"428\" data-end=\"756\">Nuestra taza personalizada de Halloween presenta texturas martilladas \u00fanicas y motivos en relieve en 3D pintados a mano. Fabricada en cer\u00e1mica reforzada de primera calidad, esta vibrante colecci\u00f3n festiva ofrece una soluci\u00f3n sofisticada y personalizada para la marca estacional y los mercados de regalos navide\u00f1os.<\/p>\n<h2>Taza personalizada de Halloween Par\u00e1metro<\/h2>\n<table data-path-to-node=\"11\">\n<thead>\n<tr>\n<td><strong>Art\u00edculo<\/strong><\/td>\n<td><strong>Detalles t\u00e9cnicos<\/strong><\/td>\n<\/tr>\n<\/thead>\n<tbody>\n<tr>\n<td><span data-path-to-node=\"11,1,0,0\"><b data-path-to-node=\"11,1,0,0\" data-index-in-node=\"0\">Nombre del producto<\/b><\/span><\/td>\n<td><span data-path-to-node=\"11,1,1,0\">Taza personalizada de Halloween<\/span><\/td>\n<\/tr>\n<tr>\n<td><span data-path-to-node=\"11,2,0,0\"><b data-path-to-node=\"11,2,0,0\" data-index-in-node=\"0\">Material<\/b><\/span><\/td>\n<td><span data-path-to-node=\"11,2,1,0\">Cer\u00e1mica reforzada de alta calidad \/ Gres<\/span><\/td>\n<\/tr>\n<tr>\n<td><span data-path-to-node=\"11,3,0,0\"><b data-path-to-node=\"11,3,0,0\" data-index-in-node=\"0\">Motivo en relieve<\/b><\/span><\/td>\n<td><span data-path-to-node=\"11,3,1,0\">Relieve 3D (calabaza, fantasma, murci\u00e9lago, calavera)<\/span><\/td>\n<\/tr>\n<tr>\n<td><span data-path-to-node=\"11,4,0,0\"><b data-path-to-node=\"11,4,0,0\" data-index-in-node=\"0\">Acabado superficial<\/b><\/span><\/td>\n<td><span data-path-to-node=\"11,4,1,0\">Textura martillada con esmalte de alto brillo<\/span><\/td>\n<\/tr>\n<tr>\n<td><span data-path-to-node=\"11,5,0,0\"><b data-path-to-node=\"11,5,0,0\" data-index-in-node=\"0\">Opciones de color<\/b><\/span><\/td>\n<td><span data-path-to-node=\"11,5,1,0\">Negro Obsidiana, Blanco \u00c1rtico<\/span><\/td>\n<\/tr>\n<tr>\n<td><span data-path-to-node=\"11,6,0,0\"><b data-path-to-node=\"11,6,0,0\" data-index-in-node=\"0\">Dise\u00f1o del asa<\/b><\/span><\/td>\n<td><span data-path-to-node=\"11,6,1,0\">Mango en C ergon\u00f3mico de f\u00e1cil agarre<\/span><\/td>\n<\/tr>\n<tr>\n<td><span data-path-to-node=\"11,7,0,0\"><b data-path-to-node=\"11,7,0,0\" data-index-in-node=\"0\">Artesan\u00eda<\/b><\/span><\/td>\n<td><span data-path-to-node=\"11,7,1,0\">Cocci\u00f3n a alta temperatura + detalles pintados a mano<\/span><\/td>\n<\/tr>\n<tr>\n<td><span data-path-to-node=\"11,8,0,0\"><b data-path-to-node=\"11,8,0,0\" data-index-in-node=\"0\">Caracter\u00edsticas principales<\/b><\/span><\/td>\n<td><span data-path-to-node=\"11,8,1,0\"><b data-path-to-node=\"11,8,1,0\" data-index-in-node=\"0\">Resistente al astillado<\/b>, <b data-path-to-node=\"11,8,1,0\" data-index-in-node=\"16\">Retenci\u00f3n t\u00e9rmica<\/b>, <b data-path-to-node=\"11,8,1,0\" data-index-in-node=\"35\">A prueba de decoloraci\u00f3n<\/b><\/span><\/td>\n<\/tr>\n<tr>\n<td><span data-path-to-node=\"11,9,0,0\"><b data-path-to-node=\"11,9,0,0\" data-index-in-node=\"0\">Personalizaci\u00f3n<\/b><\/span><\/td>\n<td><span data-path-to-node=\"11,9,1,0\">Admite OEM\/ODM a granel, iconos a medida y embalajes<\/span><\/td>\n<\/tr>\n<tr>\n<td><span data-path-to-node=\"11,10,0,0\"><b data-path-to-node=\"11,10,0,0\" data-index-in-node=\"0\">Norma de seguridad<\/b><\/span><\/td>\n<td><span data-path-to-node=\"11,10,1,0\">Certificado sin plomo, sin cadmio y apto para uso alimentario<\/span><\/td>\n<\/tr>\n<\/tbody>\n<\/table>","protected":false},"featured_media":1710,"comment_status":"closed","ping_status":"closed","template":"","meta":{"_acf_changed":false},"market":[],"product_brand":[],"product_cat":[17,28],"product_tag":[],"class_list":{"0":"post-1706","1":"product","2":"type-product","3":"status-publish","4":"has-post-thumbnail","6":"product_cat-custom-coffee-cups","7":"product_cat-custom-coffee-mugs","9":"first","10":"instock","11":"shipping-taxable","12":"product-type-simple"},"acf":[],"_links":{"self":[{"href":"https:\/\/www.qingfaceramic.com\/es\/wp-json\/wp\/v2\/product\/1706","targetHints":{"allow":["GET"]}}],"collection":[{"href":"https:\/\/www.qingfaceramic.com\/es\/wp-json\/wp\/v2\/product"}],"about":[{"href":"https:\/\/www.qingfaceramic.com\/es\/wp-json\/wp\/v2\/types\/product"}],"replies":[{"embeddable":true,"href":"https:\/\/www.qingfaceramic.com\/es\/wp-json\/wp\/v2\/comments?post=1706"}],"wp:featuredmedia":[{"embeddable":true,"href":"https:\/\/www.qingfaceramic.com\/es\/wp-json\/wp\/v2\/media\/1710"}],"wp:attachment":[{"href":"https:\/\/www.qingfaceramic.com\/es\/wp-json\/wp\/v2\/media?parent=1706"}],"wp:term":[{"taxonomy":"market","embeddable":true,"href":"https:\/\/www.qingfaceramic.com\/es\/wp-json\/wp\/v2\/market?post=1706"},{"taxonomy":"product_brand","embeddable":true,"href":"https:\/\/www.qingfaceramic.com\/es\/wp-json\/wp\/v2\/product_brand?post=1706"},{"taxonomy":"product_cat","embeddable":true,"href":"https:\/\/www.qingfaceramic.com\/es\/wp-json\/wp\/v2\/product_cat?post=1706"},{"taxonomy":"product_tag","embeddable":true,"href":"https:\/\/www.qingfaceramic.com\/es\/wp-json\/wp\/v2\/product_tag?post=1706"}],"curies":[{"name":"wp","href":"https:\/\/api.w.org\/{rel}","templated":true}]}}