{"id":1694,"date":"2026-04-20T08:42:36","date_gmt":"2026-04-20T08:42:36","guid":{"rendered":"https:\/\/www.qingfaceramic.com\/?post_type=product&#038;p=1694"},"modified":"2026-04-20T08:48:26","modified_gmt":"2026-04-20T08:48:26","slug":"custom-christmas-tree-tableware","status":"publish","type":"product","link":"https:\/\/www.qingfaceramic.com\/es\/producto\/custom-christmas-tree-tableware\/","title":{"rendered":"Vajilla \u00c1rbol de Navidad Personalizada | Vajilla Cer\u00e1mica R\u00fastica"},"content":{"rendered":"<h2 class=\"wp-block-heading\">Caracter\u00edsticas de la vajilla personalizada con forma de \u00e1rbol de Navidad<\/h2>\n\n\n\n<div class=\"wp-block-columns is-layout-flex wp-container-core-columns-is-layout-9d6595d7 wp-block-columns-is-layout-flex\">\n<div class=\"wp-block-column is-layout-flow wp-block-column-is-layout-flow\">\n<ol class=\"wp-block-list\">\n<li><strong>Est\u00e9tica r\u00fastica artesanal:<\/strong> Presenta un borde de estilo terracota vintage y texturas de nieve aplicadas a mano para un aspecto festivo de granja atemporal.<\/li>\n\n\n\n<li><strong>Dise\u00f1o en relieve t\u00e1ctil:<\/strong> Cada pieza presenta un \u00e1rbol de Navidad en relieve que a\u00f1ade profundidad art\u00edstica y una sensaci\u00f3n t\u00e1ctil de primera calidad.<\/li>\n\n\n\n<li><strong>Resistencia cer\u00e1mica superior:<\/strong> Fabricado en gres reforzado de alta cocci\u00f3n, garantiza una excelente resistencia al desconchado y durabilidad para un uso estacional frecuente.<\/li>\n\n\n\n<li><strong>Acabado moteado \u00fanico:<\/strong> Un creativo esmalte interior moteado imita la nieve que cae, proporcionando un impresionante tel\u00f3n de fondo para las comidas festivas.<\/li>\n\n\n\n<li><strong>Asistencia profesional B2B:<\/strong> Flexibilidad total OEM\/ODM con opciones de colocaci\u00f3n de logotipos personalizados, colores a medida y envases para regalos navide\u00f1os.<\/li>\n<\/ol>\n\n\n\n<figure class=\"wp-block-image size-full\"><img decoding=\"async\" width=\"800\" height=\"800\" src=\"https:\/\/www.qingfaceramic.com\/wp-content\/uploads\/2026\/04\/Custom-Christmas-Tree-Tableware8.webp\" alt=\"Vajilla personalizada con forma de \u00e1rbol de Navidad8\" class=\"wp-image-1702\" srcset=\"https:\/\/www.qingfaceramic.com\/wp-content\/uploads\/2026\/04\/Custom-Christmas-Tree-Tableware8.webp 800w, https:\/\/www.qingfaceramic.com\/wp-content\/uploads\/2026\/04\/Custom-Christmas-Tree-Tableware8-300x300.webp 300w, https:\/\/www.qingfaceramic.com\/wp-content\/uploads\/2026\/04\/Custom-Christmas-Tree-Tableware8-150x150.webp 150w, https:\/\/www.qingfaceramic.com\/wp-content\/uploads\/2026\/04\/Custom-Christmas-Tree-Tableware8-768x768.webp 768w, https:\/\/www.qingfaceramic.com\/wp-content\/uploads\/2026\/04\/Custom-Christmas-Tree-Tableware8-12x12.webp 12w, https:\/\/www.qingfaceramic.com\/wp-content\/uploads\/2026\/04\/Custom-Christmas-Tree-Tableware8-600x600.webp 600w, https:\/\/www.qingfaceramic.com\/wp-content\/uploads\/2026\/04\/Custom-Christmas-Tree-Tableware8-100x100.webp 100w\" sizes=\"(max-width: 800px) 100vw, 800px\" \/><\/figure>\n<\/div>\n\n\n\n<div class=\"wp-block-column is-layout-flow wp-block-column-is-layout-flow\">\n<figure class=\"wp-block-image size-full\"><img decoding=\"async\" width=\"800\" height=\"800\" src=\"https:\/\/www.qingfaceramic.com\/wp-content\/uploads\/2026\/04\/Custom-Christmas-Tree-Tableware11.webp\" alt=\"Vajilla personalizada con forma de \u00e1rbol de Navidad11\" class=\"wp-image-1705\" srcset=\"https:\/\/www.qingfaceramic.com\/wp-content\/uploads\/2026\/04\/Custom-Christmas-Tree-Tableware11.webp 800w, https:\/\/www.qingfaceramic.com\/wp-content\/uploads\/2026\/04\/Custom-Christmas-Tree-Tableware11-300x300.webp 300w, https:\/\/www.qingfaceramic.com\/wp-content\/uploads\/2026\/04\/Custom-Christmas-Tree-Tableware11-150x150.webp 150w, https:\/\/www.qingfaceramic.com\/wp-content\/uploads\/2026\/04\/Custom-Christmas-Tree-Tableware11-768x768.webp 768w, https:\/\/www.qingfaceramic.com\/wp-content\/uploads\/2026\/04\/Custom-Christmas-Tree-Tableware11-12x12.webp 12w, https:\/\/www.qingfaceramic.com\/wp-content\/uploads\/2026\/04\/Custom-Christmas-Tree-Tableware11-600x600.webp 600w, https:\/\/www.qingfaceramic.com\/wp-content\/uploads\/2026\/04\/Custom-Christmas-Tree-Tableware11-100x100.webp 100w\" sizes=\"(max-width: 800px) 100vw, 800px\" \/><\/figure>\n\n\n\n<figure class=\"wp-block-image size-full\"><img decoding=\"async\" width=\"800\" height=\"800\" src=\"https:\/\/www.qingfaceramic.com\/wp-content\/uploads\/2026\/04\/Custom-Christmas-Tree-Tableware10.webp\" alt=\"Vajilla personalizada con forma de \u00e1rbol de Navidad10\" class=\"wp-image-1704\" srcset=\"https:\/\/www.qingfaceramic.com\/wp-content\/uploads\/2026\/04\/Custom-Christmas-Tree-Tableware10.webp 800w, https:\/\/www.qingfaceramic.com\/wp-content\/uploads\/2026\/04\/Custom-Christmas-Tree-Tableware10-300x300.webp 300w, https:\/\/www.qingfaceramic.com\/wp-content\/uploads\/2026\/04\/Custom-Christmas-Tree-Tableware10-150x150.webp 150w, https:\/\/www.qingfaceramic.com\/wp-content\/uploads\/2026\/04\/Custom-Christmas-Tree-Tableware10-768x768.webp 768w, https:\/\/www.qingfaceramic.com\/wp-content\/uploads\/2026\/04\/Custom-Christmas-Tree-Tableware10-12x12.webp 12w, https:\/\/www.qingfaceramic.com\/wp-content\/uploads\/2026\/04\/Custom-Christmas-Tree-Tableware10-600x600.webp 600w, https:\/\/www.qingfaceramic.com\/wp-content\/uploads\/2026\/04\/Custom-Christmas-Tree-Tableware10-100x100.webp 100w\" sizes=\"(max-width: 800px) 100vw, 800px\" \/><\/figure>\n<\/div>\n<\/div>\n\n\n\n<div class=\"wp-block-columns is-layout-flex wp-container-core-columns-is-layout-9d6595d7 wp-block-columns-is-layout-flex\">\n<div class=\"wp-block-column is-layout-flow wp-block-column-is-layout-flow\"><\/div>\n\n\n\n<div class=\"wp-block-column is-layout-flow wp-block-column-is-layout-flow\"><\/div>\n\n\n\n<div class=\"wp-block-column is-layout-flow wp-block-column-is-layout-flow\"><\/div>\n<\/div>\n\n\n\n<div class=\"wp-block-columns is-layout-flex wp-container-core-columns-is-layout-9d6595d7 wp-block-columns-is-layout-flex\">\n<div class=\"wp-block-column is-layout-flow wp-block-column-is-layout-flow\"><\/div>\n\n\n\n<div class=\"wp-block-column is-layout-flow wp-block-column-is-layout-flow\"><\/div>\n<\/div>","protected":false},"excerpt":{"rendered":"<p data-start=\"441\" data-end=\"787\">Nuestra vajilla personalizada \u00c1rbol de Navidad combina una acogedora est\u00e9tica navide\u00f1a con una durabilidad profesional. Con elegantes motivos de pinos en relieve y un exclusivo acabado r\u00fastico con reflejos de nieve, esta colecci\u00f3n de cer\u00e1mica de primera calidad es una opci\u00f3n ideal para la creaci\u00f3n de marcas estacionales de gama alta y soluciones de regalo personalizadas.<\/p>\n<h2>Vajilla personalizada \u00c1rbol de Navidad Par\u00e1metro<\/h2>\n<table data-path-to-node=\"11\">\n<thead>\n<tr>\n<td><strong>Art\u00edculo<\/strong><\/td>\n<td><strong>Detalles t\u00e9cnicos<\/strong><\/td>\n<\/tr>\n<\/thead>\n<tbody>\n<tr>\n<td><span data-path-to-node=\"11,1,0,0\"><b data-path-to-node=\"11,1,0,0\" data-index-in-node=\"0\">Nombre del producto<\/b><\/span><\/td>\n<td><span data-path-to-node=\"11,1,1,0\">Vajilla personalizada con forma de \u00e1rbol de Navidad<\/span><\/td>\n<\/tr>\n<tr>\n<td><span data-path-to-node=\"11,2,0,0\"><b data-path-to-node=\"11,2,0,0\" data-index-in-node=\"0\">Material<\/b><\/span><\/td>\n<td><span data-path-to-node=\"11,2,1,0\">Cer\u00e1mica reforzada de primera calidad \/ Gres<\/span><\/td>\n<\/tr>\n<tr>\n<td><span data-path-to-node=\"11,3,0,0\"><b data-path-to-node=\"11,3,0,0\" data-index-in-node=\"0\">Motivo de dise\u00f1o<\/b><\/span><\/td>\n<td><span data-path-to-node=\"11,3,1,0\">Siempreviva en relieve \/ Pino nevado<\/span><\/td>\n<\/tr>\n<tr>\n<td><span data-path-to-node=\"11,4,0,0\"><b data-path-to-node=\"11,4,0,0\" data-index-in-node=\"0\">Detalle del borde<\/b><\/span><\/td>\n<td><span data-path-to-node=\"11,4,1,0\">Borde esmaltado en marr\u00f3n r\u00fastico (estilo terracota)<\/span><\/td>\n<\/tr>\n<tr>\n<td><span data-path-to-node=\"11,5,0,0\"><b data-path-to-node=\"11,5,0,0\" data-index-in-node=\"0\">Acabado<\/b><\/span><\/td>\n<td><span data-path-to-node=\"11,5,1,0\">Exterior mate \/ Interior moteado de alto brillo<\/span><\/td>\n<\/tr>\n<tr>\n<td><span data-path-to-node=\"11,6,0,0\"><b data-path-to-node=\"11,6,0,0\" data-index-in-node=\"0\">Paleta de colores<\/b><\/span><\/td>\n<td><span data-path-to-node=\"11,6,1,0\">Verde pino, Marr\u00f3n tierra, Blanco nieve<\/span><\/td>\n<\/tr>\n<tr>\n<td><span data-path-to-node=\"11,7,0,0\"><b data-path-to-node=\"11,7,0,0\" data-index-in-node=\"0\">Artesan\u00eda<\/b><\/span><\/td>\n<td><span data-path-to-node=\"11,7,1,0\">Moldeo en relieve a alta temperatura<\/span><\/td>\n<\/tr>\n<tr>\n<td><span data-path-to-node=\"11,8,0,0\"><b data-path-to-node=\"11,8,0,0\" data-index-in-node=\"0\">Caracter\u00edsticas principales<\/b><\/span><\/td>\n<td><span data-path-to-node=\"11,8,1,0\"><b data-path-to-node=\"11,8,1,0\" data-index-in-node=\"0\">Resistente al astillado<\/b>, <b data-path-to-node=\"11,8,1,0\" data-index-in-node=\"16\">Estabilidad t\u00e9rmica<\/b>, <b data-path-to-node=\"11,8,1,0\" data-index-in-node=\"35\">A prueba de decoloraci\u00f3n<\/b><\/span><\/td>\n<\/tr>\n<tr>\n<td><span data-path-to-node=\"11,9,0,0\"><b data-path-to-node=\"11,9,0,0\" data-index-in-node=\"0\">Personalizaci\u00f3n<\/b><\/span><\/td>\n<td><span data-path-to-node=\"11,9,1,0\">Admite OEM\/ODM a granel, logotipo privado y embalaje<\/span><\/td>\n<\/tr>\n<tr>\n<td><span data-path-to-node=\"11,10,0,0\"><b data-path-to-node=\"11,10,0,0\" data-index-in-node=\"0\">Norma de seguridad<\/b><\/span><\/td>\n<td><span data-path-to-node=\"11,10,1,0\">Certificado sin plomo, sin cadmio y apto para uso alimentario<\/span><\/td>\n<\/tr>\n<\/tbody>\n<\/table>","protected":false},"featured_media":1696,"comment_status":"closed","ping_status":"closed","template":"","meta":{"_acf_changed":false},"market":[],"product_brand":[],"product_cat":[19,35],"product_tag":[],"class_list":{"0":"post-1694","1":"product","2":"type-product","3":"status-publish","4":"has-post-thumbnail","6":"product_cat-custom-dinnerware-manufacturer","7":"product_cat-custom-dinnerware-sets","9":"first","10":"instock","11":"shipping-taxable","12":"product-type-simple"},"acf":[],"_links":{"self":[{"href":"https:\/\/www.qingfaceramic.com\/es\/wp-json\/wp\/v2\/product\/1694","targetHints":{"allow":["GET"]}}],"collection":[{"href":"https:\/\/www.qingfaceramic.com\/es\/wp-json\/wp\/v2\/product"}],"about":[{"href":"https:\/\/www.qingfaceramic.com\/es\/wp-json\/wp\/v2\/types\/product"}],"replies":[{"embeddable":true,"href":"https:\/\/www.qingfaceramic.com\/es\/wp-json\/wp\/v2\/comments?post=1694"}],"wp:featuredmedia":[{"embeddable":true,"href":"https:\/\/www.qingfaceramic.com\/es\/wp-json\/wp\/v2\/media\/1696"}],"wp:attachment":[{"href":"https:\/\/www.qingfaceramic.com\/es\/wp-json\/wp\/v2\/media?parent=1694"}],"wp:term":[{"taxonomy":"market","embeddable":true,"href":"https:\/\/www.qingfaceramic.com\/es\/wp-json\/wp\/v2\/market?post=1694"},{"taxonomy":"product_brand","embeddable":true,"href":"https:\/\/www.qingfaceramic.com\/es\/wp-json\/wp\/v2\/product_brand?post=1694"},{"taxonomy":"product_cat","embeddable":true,"href":"https:\/\/www.qingfaceramic.com\/es\/wp-json\/wp\/v2\/product_cat?post=1694"},{"taxonomy":"product_tag","embeddable":true,"href":"https:\/\/www.qingfaceramic.com\/es\/wp-json\/wp\/v2\/product_tag?post=1694"}],"curies":[{"name":"wp","href":"https:\/\/api.w.org\/{rel}","templated":true}]}}