{"id":1685,"date":"2026-04-20T08:34:16","date_gmt":"2026-04-20T08:34:16","guid":{"rendered":"https:\/\/www.qingfaceramic.com\/?post_type=product&#038;p=1685"},"modified":"2026-04-20T08:39:43","modified_gmt":"2026-04-20T08:39:43","slug":"custom-christmas-plaid-dinnerware","status":"publish","type":"product","link":"https:\/\/www.qingfaceramic.com\/es\/producto\/custom-christmas-plaid-dinnerware\/","title":{"rendered":"Vajilla de Navidad a Cuadros | Vajilla de Navidad a Cuadros"},"content":{"rendered":"<h2 class=\"wp-block-heading\">Caracter\u00edsticas de la Vajilla de Navidad a Cuadros Personalizada<\/h2>\n\n\n\n<div class=\"wp-block-columns is-layout-flex wp-container-core-columns-is-layout-9d6595d7 wp-block-columns-is-layout-flex\">\n<div class=\"wp-block-column is-layout-flow wp-block-column-is-layout-flow\">\n<ol class=\"wp-block-list\">\n<li><strong>Est\u00e9tica cl\u00e1sica de tart\u00e1n:<\/strong> Con un dise\u00f1o atemporal de cuadros rojos y verdes, captura a la perfecci\u00f3n el esp\u00edritu navide\u00f1o tradicional para crear una mesa c\u00e1lida e inspirada en la granja.<\/li>\n\n\n\n<li><strong>Acabado vitrificado de lujo:<\/strong> Recubierto con un esmalte profesional de alto brillo resistente a ara\u00f1azos y manchas, que garantiza que el vibrante dise\u00f1o cuadriculado se mantenga n\u00edtido y resistente a la decoloraci\u00f3n.<\/li>\n\n\n\n<li><strong>Durabilidad de grado comercial:<\/strong> Fabricado con cer\u00e1mica reforzada cocida a altas temperaturas, ofrece una excelente resistencia al desconchado y estabilidad t\u00e9rmica para un uso prolongado.<\/li>\n\n\n\n<li><strong>Dise\u00f1o vers\u00e1til para combinar:<\/strong> El discreto pero festivo motivo de cuadros escoceses complementa f\u00e1cilmente otras decoraciones navide\u00f1as, lo que lo convierte en una opci\u00f3n muy vers\u00e1til para los sectores minorista y hostelero.<\/li>\n\n\n\n<li><strong>Personalizaci\u00f3n profesional B2B:<\/strong> Totalmente compatible con el etiquetado privado, los ajustes de color a medida del estampado de cuadros escoceses y el embalaje de cajas de regalo navide\u00f1as a medida para adaptarse a la identidad exclusiva de su marca.<\/li>\n<\/ol>\n<\/div>\n\n\n\n<div class=\"wp-block-column is-layout-flow wp-block-column-is-layout-flow\">\n<figure class=\"wp-block-image size-full\"><img decoding=\"async\" width=\"800\" height=\"800\" src=\"https:\/\/www.qingfaceramic.com\/wp-content\/uploads\/2026\/04\/Custom-Christmas-Plaid-Dinnerware8.webp\" alt=\"Vajilla a cuadros navide\u00f1a personalizada8\" class=\"wp-image-1693\" srcset=\"https:\/\/www.qingfaceramic.com\/wp-content\/uploads\/2026\/04\/Custom-Christmas-Plaid-Dinnerware8.webp 800w, https:\/\/www.qingfaceramic.com\/wp-content\/uploads\/2026\/04\/Custom-Christmas-Plaid-Dinnerware8-300x300.webp 300w, https:\/\/www.qingfaceramic.com\/wp-content\/uploads\/2026\/04\/Custom-Christmas-Plaid-Dinnerware8-150x150.webp 150w, https:\/\/www.qingfaceramic.com\/wp-content\/uploads\/2026\/04\/Custom-Christmas-Plaid-Dinnerware8-768x768.webp 768w, https:\/\/www.qingfaceramic.com\/wp-content\/uploads\/2026\/04\/Custom-Christmas-Plaid-Dinnerware8-12x12.webp 12w, https:\/\/www.qingfaceramic.com\/wp-content\/uploads\/2026\/04\/Custom-Christmas-Plaid-Dinnerware8-600x600.webp 600w, https:\/\/www.qingfaceramic.com\/wp-content\/uploads\/2026\/04\/Custom-Christmas-Plaid-Dinnerware8-100x100.webp 100w\" sizes=\"(max-width: 800px) 100vw, 800px\" \/><\/figure>\n\n\n\n<figure class=\"wp-block-image size-full\"><img decoding=\"async\" width=\"800\" height=\"800\" src=\"https:\/\/www.qingfaceramic.com\/wp-content\/uploads\/2026\/04\/Custom-Christmas-Tableware-with-Embossed-Heart-Love-Motif6.webp\" alt=\"Vajilla de Navidad personalizada con motivo de coraz\u00f3n y amor en relieve6\" class=\"wp-image-1671\" srcset=\"https:\/\/www.qingfaceramic.com\/wp-content\/uploads\/2026\/04\/Custom-Christmas-Tableware-with-Embossed-Heart-Love-Motif6.webp 800w, https:\/\/www.qingfaceramic.com\/wp-content\/uploads\/2026\/04\/Custom-Christmas-Tableware-with-Embossed-Heart-Love-Motif6-300x300.webp 300w, https:\/\/www.qingfaceramic.com\/wp-content\/uploads\/2026\/04\/Custom-Christmas-Tableware-with-Embossed-Heart-Love-Motif6-150x150.webp 150w, https:\/\/www.qingfaceramic.com\/wp-content\/uploads\/2026\/04\/Custom-Christmas-Tableware-with-Embossed-Heart-Love-Motif6-768x768.webp 768w, https:\/\/www.qingfaceramic.com\/wp-content\/uploads\/2026\/04\/Custom-Christmas-Tableware-with-Embossed-Heart-Love-Motif6-12x12.webp 12w, https:\/\/www.qingfaceramic.com\/wp-content\/uploads\/2026\/04\/Custom-Christmas-Tableware-with-Embossed-Heart-Love-Motif6-600x600.webp 600w, https:\/\/www.qingfaceramic.com\/wp-content\/uploads\/2026\/04\/Custom-Christmas-Tableware-with-Embossed-Heart-Love-Motif6-100x100.webp 100w\" sizes=\"(max-width: 800px) 100vw, 800px\" \/><\/figure>\n<\/div>\n<\/div>\n\n\n\n<div class=\"wp-block-columns is-layout-flex wp-container-core-columns-is-layout-9d6595d7 wp-block-columns-is-layout-flex\">\n<div class=\"wp-block-column is-layout-flow wp-block-column-is-layout-flow\"><\/div>\n\n\n\n<div class=\"wp-block-column is-layout-flow wp-block-column-is-layout-flow\"><\/div>\n\n\n\n<div class=\"wp-block-column is-layout-flow wp-block-column-is-layout-flow\"><\/div>\n<\/div>\n\n\n\n<div class=\"wp-block-columns is-layout-flex wp-container-core-columns-is-layout-9d6595d7 wp-block-columns-is-layout-flex\">\n<div class=\"wp-block-column is-layout-flow wp-block-column-is-layout-flow\"><\/div>\n\n\n\n<div class=\"wp-block-column is-layout-flow wp-block-column-is-layout-flow\"><\/div>\n<\/div>","protected":false},"excerpt":{"rendered":"<p data-start=\"441\" data-end=\"787\">Eleva tus colecciones navide\u00f1as con esta vajilla personalizada de cuadros escoceses navide\u00f1os. Con un dise\u00f1o de tart\u00e1n rojo y verde atemporal y un acabado vitrificado de primera calidad, este duradero juego de cer\u00e1mica ofrece una sofisticada est\u00e9tica de granja para colecciones de regalos y marcas de temporada de gama alta.<\/p>\n<h2>Vajilla de Navidad a cuadros personalizada Par\u00e1metro<\/h2>\n<table data-path-to-node=\"13\">\n<thead>\n<tr>\n<td><strong>Art\u00edculo<\/strong><\/td>\n<td><strong>Detalles t\u00e9cnicos<\/strong><\/td>\n<\/tr>\n<\/thead>\n<tbody>\n<tr>\n<td><span data-path-to-node=\"13,1,0,0\"><b data-path-to-node=\"13,1,0,0\" data-index-in-node=\"0\">Nombre del producto<\/b><\/span><\/td>\n<td><span data-path-to-node=\"13,1,1,0\">Vajilla a cuadros navide\u00f1a personalizada<\/span><\/td>\n<\/tr>\n<tr>\n<td><span data-path-to-node=\"13,2,0,0\"><b data-path-to-node=\"13,2,0,0\" data-index-in-node=\"0\">Material<\/b><\/span><\/td>\n<td><span data-path-to-node=\"13,2,1,0\">Cer\u00e1mica reforzada de primera calidad \/ Gres de alta calidad<\/span><\/td>\n<\/tr>\n<tr>\n<td><span data-path-to-node=\"13,3,0,0\"><b data-path-to-node=\"13,3,0,0\" data-index-in-node=\"0\">Tipo de patr\u00f3n<\/b><\/span><\/td>\n<td><span data-path-to-node=\"13,3,1,0\">Tart\u00e1n cl\u00e1sico \/ Dise\u00f1o de cuadr\u00edcula a cuadros<\/span><\/td>\n<\/tr>\n<tr>\n<td><span data-path-to-node=\"13,4,0,0\"><b data-path-to-node=\"13,4,0,0\" data-index-in-node=\"0\">Acabado<\/b><\/span><\/td>\n<td><span data-path-to-node=\"13,4,1,0\">Esmalte vitrificado liso de alto brillo<\/span><\/td>\n<\/tr>\n<tr>\n<td><span data-path-to-node=\"13,5,0,0\"><b data-path-to-node=\"13,5,0,0\" data-index-in-node=\"0\">Paleta de colores<\/b><\/span><\/td>\n<td><span data-path-to-node=\"13,5,1,0\">Rojo festivo, verde bosque y blanco cremoso<\/span><\/td>\n<\/tr>\n<tr>\n<td><span data-path-to-node=\"13,6,0,0\"><b data-path-to-node=\"13,6,0,0\" data-index-in-node=\"0\">Componentes del juego<\/b><\/span><\/td>\n<td><span data-path-to-node=\"13,6,1,0\">Platos llanos, platos para ensalada, soperas y tazas de caf\u00e9<\/span><\/td>\n<\/tr>\n<tr>\n<td><span data-path-to-node=\"13,7,0,0\"><b data-path-to-node=\"13,7,0,0\" data-index-in-node=\"0\">Artesan\u00eda<\/b><\/span><\/td>\n<td><span data-path-to-node=\"13,7,1,0\">Tecnolog\u00eda de calcoman\u00eda Underglaze (apta para alimentos y resistente a la decoloraci\u00f3n)<\/span><\/td>\n<\/tr>\n<tr>\n<td><span data-path-to-node=\"13,8,0,0\"><b data-path-to-node=\"13,8,0,0\" data-index-in-node=\"0\">Caracter\u00edsticas principales<\/b><\/span><\/td>\n<td><span data-path-to-node=\"13,8,1,0\"><b data-path-to-node=\"13,8,1,0\" data-index-in-node=\"0\">Dise\u00f1o apilable<\/b>, <b data-path-to-node=\"13,8,1,0\" data-index-in-node=\"18\">Superficie resistente a los ara\u00f1azos<\/b>, <b data-path-to-node=\"13,8,1,0\" data-index-in-node=\"45\">Alta retenci\u00f3n del calor<\/b><\/span><\/td>\n<\/tr>\n<tr>\n<td><span data-path-to-node=\"13,9,0,0\"><b data-path-to-node=\"13,9,0,0\" data-index-in-node=\"0\">Personalizaci\u00f3n<\/b><\/span><\/td>\n<td><span data-path-to-node=\"13,9,1,0\">Admite OEM\/ODM a granel, logotipo privado y colores personalizados<\/span><\/td>\n<\/tr>\n<tr>\n<td><span data-path-to-node=\"13,10,0,0\"><b data-path-to-node=\"13,10,0,0\" data-index-in-node=\"0\">Norma de seguridad<\/b><\/span><\/td>\n<td><span data-path-to-node=\"13,10,1,0\">Certificado sin plomo, sin cadmio y apto para uso alimentario<\/span><\/td>\n<\/tr>\n<\/tbody>\n<\/table>","protected":false},"featured_media":1686,"comment_status":"closed","ping_status":"closed","template":"","meta":{"_acf_changed":false},"market":[],"product_brand":[],"product_cat":[19,35],"product_tag":[],"class_list":{"0":"post-1685","1":"product","2":"type-product","3":"status-publish","4":"has-post-thumbnail","6":"product_cat-custom-dinnerware-manufacturer","7":"product_cat-custom-dinnerware-sets","9":"first","10":"instock","11":"shipping-taxable","12":"product-type-simple"},"acf":[],"_links":{"self":[{"href":"https:\/\/www.qingfaceramic.com\/es\/wp-json\/wp\/v2\/product\/1685","targetHints":{"allow":["GET"]}}],"collection":[{"href":"https:\/\/www.qingfaceramic.com\/es\/wp-json\/wp\/v2\/product"}],"about":[{"href":"https:\/\/www.qingfaceramic.com\/es\/wp-json\/wp\/v2\/types\/product"}],"replies":[{"embeddable":true,"href":"https:\/\/www.qingfaceramic.com\/es\/wp-json\/wp\/v2\/comments?post=1685"}],"wp:featuredmedia":[{"embeddable":true,"href":"https:\/\/www.qingfaceramic.com\/es\/wp-json\/wp\/v2\/media\/1686"}],"wp:attachment":[{"href":"https:\/\/www.qingfaceramic.com\/es\/wp-json\/wp\/v2\/media?parent=1685"}],"wp:term":[{"taxonomy":"market","embeddable":true,"href":"https:\/\/www.qingfaceramic.com\/es\/wp-json\/wp\/v2\/market?post=1685"},{"taxonomy":"product_brand","embeddable":true,"href":"https:\/\/www.qingfaceramic.com\/es\/wp-json\/wp\/v2\/product_brand?post=1685"},{"taxonomy":"product_cat","embeddable":true,"href":"https:\/\/www.qingfaceramic.com\/es\/wp-json\/wp\/v2\/product_cat?post=1685"},{"taxonomy":"product_tag","embeddable":true,"href":"https:\/\/www.qingfaceramic.com\/es\/wp-json\/wp\/v2\/product_tag?post=1685"}],"curies":[{"name":"wp","href":"https:\/\/api.w.org\/{rel}","templated":true}]}}