{"id":1673,"date":"2026-04-20T08:23:18","date_gmt":"2026-04-20T08:23:18","guid":{"rendered":"https:\/\/www.qingfaceramic.com\/?post_type=product&#038;p=1673"},"modified":"2026-04-20T08:29:04","modified_gmt":"2026-04-20T08:29:04","slug":"custom-santa-claus-mug","status":"publish","type":"product","link":"https:\/\/www.qingfaceramic.com\/es\/producto\/custom-santa-claus-mug\/","title":{"rendered":"Taza personalizada de Pap\u00e1 Noel con tapa | Taza navide\u00f1a de cer\u00e1mica con figura 3D y caja de regalo"},"content":{"rendered":"<h2 class=\"wp-block-heading\">Caracter\u00edsticas de Custom Santa Claus Mug<\/h2>\n\n\n\n<div class=\"wp-block-columns is-layout-flex wp-container-core-columns-is-layout-9d6595d7 wp-block-columns-is-layout-flex\">\n<div class=\"wp-block-column is-layout-flow wp-block-column-is-layout-flow\">\n<p><strong>Caprichoso dise\u00f1o de figuras en 3D:<\/strong> Esculpido por expertos en un <strong>Pap\u00e1 Noel tridimensional<\/strong> con una expresi\u00f3n alegre y una nariz roja decorativa, que proporciona una experiencia t\u00e1ctil \u00fanica.<\/p>\n\n\n\n<p><strong>Tapa funcional a juego:<\/strong> Incluye una tapa de cer\u00e1mica dise\u00f1ada para parecerse al gorro de Pap\u00e1 Noel, que ayuda a conservar la temperatura de la bebida y a\u00f1ade un toque final completo y de alta gama al dise\u00f1o.<\/p>\n\n\n\n<p><strong>Artesan\u00eda de primera calidad:<\/strong> Fabricado con cer\u00e1mica duradera de alta calidad cocida a temperaturas extremas, lo que garantiza la <strong>esmalte vibrante<\/strong> Los colores se mantienen vivos y resistentes a la decoloraci\u00f3n para un uso prolongado.<\/p>\n\n\n\n<p><strong>Embalaje listo para la venta:<\/strong> Cada taza va acompa\u00f1ada de una caja de regalo a cuadros con un dise\u00f1o profesional, que ofrece una excelente presentaci\u00f3n para la venta al por menor o una impresionante soluci\u00f3n para regalos de empresa.<\/p>\n\n\n\n<p><strong>Flexibilidad total OEM\/ODM:<\/strong> Especializada en la personalizaci\u00f3n B2B, ofrece combinaci\u00f3n de colores a medida, integraci\u00f3n de logotipos personalizados en la base y dise\u00f1os de cajas de regalo a medida para adaptarse a diversas identidades de marca.<\/p>\n<\/div>\n\n\n\n<div class=\"wp-block-column is-layout-flow wp-block-column-is-layout-flow\">\n<figure class=\"wp-block-image size-full\"><img decoding=\"async\" width=\"800\" height=\"800\" src=\"https:\/\/www.qingfaceramic.com\/wp-content\/uploads\/2026\/04\/Custom-Santa-Claus-Mug-with-Lid11.webp\" alt=\"Taza personalizada de Pap\u00e1 Noel con tapa11\" class=\"wp-image-1684\" srcset=\"https:\/\/www.qingfaceramic.com\/wp-content\/uploads\/2026\/04\/Custom-Santa-Claus-Mug-with-Lid11.webp 800w, https:\/\/www.qingfaceramic.com\/wp-content\/uploads\/2026\/04\/Custom-Santa-Claus-Mug-with-Lid11-300x300.webp 300w, https:\/\/www.qingfaceramic.com\/wp-content\/uploads\/2026\/04\/Custom-Santa-Claus-Mug-with-Lid11-150x150.webp 150w, https:\/\/www.qingfaceramic.com\/wp-content\/uploads\/2026\/04\/Custom-Santa-Claus-Mug-with-Lid11-768x768.webp 768w, https:\/\/www.qingfaceramic.com\/wp-content\/uploads\/2026\/04\/Custom-Santa-Claus-Mug-with-Lid11-12x12.webp 12w, https:\/\/www.qingfaceramic.com\/wp-content\/uploads\/2026\/04\/Custom-Santa-Claus-Mug-with-Lid11-600x600.webp 600w, https:\/\/www.qingfaceramic.com\/wp-content\/uploads\/2026\/04\/Custom-Santa-Claus-Mug-with-Lid11-100x100.webp 100w\" sizes=\"(max-width: 800px) 100vw, 800px\" \/><\/figure>\n<\/div>\n<\/div>\n\n\n\n<div class=\"wp-block-columns is-layout-flex wp-container-core-columns-is-layout-9d6595d7 wp-block-columns-is-layout-flex\">\n<div class=\"wp-block-column is-layout-flow wp-block-column-is-layout-flow\"><\/div>\n\n\n\n<div class=\"wp-block-column is-layout-flow wp-block-column-is-layout-flow\"><\/div>\n<\/div>","protected":false},"excerpt":{"rendered":"<p data-start=\"428\" data-end=\"756\">Celebra la Navidad con esta taza personalizada de Pap\u00e1 Noel. Con un vibrante dise\u00f1o figurado en 3D pintado a mano y una pr\u00e1ctica tapa de cer\u00e1mica, esta taza navide\u00f1a premium viene con una caja de regalo decorativa, lo que la convierte en una soluci\u00f3n a medida perfecta para marcas boutique y regalos corporativos de temporada.<\/p>\n<h2>Taza personalizada de Pap\u00e1 Noel Par\u00e1metro<\/h2>\n<table data-path-to-node=\"13\">\n<thead>\n<tr>\n<td><strong>Art\u00edculo<\/strong><\/td>\n<td><strong>Detalles t\u00e9cnicos<\/strong><\/td>\n<\/tr>\n<\/thead>\n<tbody>\n<tr>\n<td><span data-path-to-node=\"13,1,0,0\"><b data-path-to-node=\"13,1,0,0\" data-index-in-node=\"0\">Nombre del producto<\/b><\/span><\/td>\n<td><span data-path-to-node=\"13,1,1,0\">Taza personalizada de Pap\u00e1 Noel con tapa<\/span><\/td>\n<\/tr>\n<tr>\n<td><span data-path-to-node=\"13,2,0,0\"><b data-path-to-node=\"13,2,0,0\" data-index-in-node=\"0\">Material<\/b><\/span><\/td>\n<td><span data-path-to-node=\"13,2,1,0\">Cer\u00e1mica de calidad superior AB \/ Gres duradero<\/span><\/td>\n<\/tr>\n<tr>\n<td><span data-path-to-node=\"13,3,0,0\"><b data-path-to-node=\"13,3,0,0\" data-index-in-node=\"0\">Estilo de dise\u00f1o<\/b><\/span><\/td>\n<td><span data-path-to-node=\"13,3,1,0\">Dise\u00f1o de Pap\u00e1 Noel esculpido en 3D<\/span><\/td>\n<\/tr>\n<tr>\n<td><span data-path-to-node=\"13,4,0,0\"><b data-path-to-node=\"13,4,0,0\" data-index-in-node=\"0\">Dise\u00f1o de la tapa<\/b><\/span><\/td>\n<td><span data-path-to-node=\"13,4,1,0\">Tapa de cer\u00e1mica a juego<\/span><\/td>\n<\/tr>\n<tr>\n<td><span data-path-to-node=\"13,5,0,0\"><b data-path-to-node=\"13,5,0,0\" data-index-in-node=\"0\">Mango Artesanal<\/b><\/span><\/td>\n<td><span data-path-to-node=\"13,5,1,0\">Mango ergon\u00f3mico en forma de C con acabado rojo<\/span><\/td>\n<\/tr>\n<tr>\n<td><span data-path-to-node=\"13,6,0,0\"><b data-path-to-node=\"13,6,0,0\" data-index-in-node=\"0\">Acabado<\/b><\/span><\/td>\n<td><span data-path-to-node=\"13,6,1,0\">Esmalte vitrificado de alto brillo<\/span><\/td>\n<\/tr>\n<tr>\n<td><span data-path-to-node=\"13,7,0,0\"><b data-path-to-node=\"13,7,0,0\" data-index-in-node=\"0\">Paleta de colores<\/b><\/span><\/td>\n<td><span data-path-to-node=\"13,7,1,0\">Rojo festivo, blanco cl\u00e1sico (detalles pintados a mano)<\/span><\/td>\n<\/tr>\n<tr>\n<td><span data-path-to-node=\"13,8,0,0\"><b data-path-to-node=\"13,8,0,0\" data-index-in-node=\"0\">Artesan\u00eda<\/b><\/span><\/td>\n<td><span data-path-to-node=\"13,8,1,0\">Cer\u00e1mica cocida a alta temperatura con escultura<\/span><\/td>\n<\/tr>\n<tr>\n<td><span data-path-to-node=\"13,9,0,0\"><b data-path-to-node=\"13,9,0,0\" data-index-in-node=\"0\">Embalaje<\/b><\/span><\/td>\n<td><span data-path-to-node=\"13,9,1,0\">Caja de regalo navide\u00f1a individual a cuadros (incluida)<\/span><\/td>\n<\/tr>\n<tr>\n<td><span data-path-to-node=\"13,10,0,0\"><b data-path-to-node=\"13,10,0,0\" data-index-in-node=\"0\">Caracter\u00edsticas principales<\/b><\/span><\/td>\n<td><span data-path-to-node=\"13,10,1,0\"><b data-path-to-node=\"13,10,1,0\" data-index-in-node=\"0\">Ecol\u00f3gico<\/b>, <b data-path-to-node=\"13,10,1,0\" data-index-in-node=\"14\">Dise\u00f1o apilable<\/b>, <b data-path-to-node=\"13,10,1,0\" data-index-in-node=\"32\">Colores resistentes a la decoloraci\u00f3n<\/b>, <b data-path-to-node=\"13,10,1,0\" data-index-in-node=\"55\">Retenci\u00f3n del calor<\/b><\/span><\/td>\n<\/tr>\n<tr>\n<td><span data-path-to-node=\"13,11,0,0\"><b data-path-to-node=\"13,11,0,0\" data-index-in-node=\"0\">Personalizaci\u00f3n<\/b><\/span><\/td>\n<td><span data-path-to-node=\"13,11,1,0\">Admite OEM\/ODM a granel, logotipo privado, colores y embalajes a medida<\/span><\/td>\n<\/tr>\n<tr>\n<td><span data-path-to-node=\"13,12,0,0\"><b data-path-to-node=\"13,12,0,0\" data-index-in-node=\"0\">Norma de seguridad<\/b><\/span><\/td>\n<td><span data-path-to-node=\"13,12,1,0\">Certificado sin plomo, sin cadmio y apto para uso alimentario<\/span><\/td>\n<\/tr>\n<\/tbody>\n<\/table>","protected":false},"featured_media":1674,"comment_status":"closed","ping_status":"closed","template":"","meta":{"_acf_changed":false},"market":[],"product_brand":[],"product_cat":[17,28],"product_tag":[],"class_list":{"0":"post-1673","1":"product","2":"type-product","3":"status-publish","4":"has-post-thumbnail","6":"product_cat-custom-coffee-cups","7":"product_cat-custom-coffee-mugs","9":"first","10":"instock","11":"shipping-taxable","12":"product-type-simple"},"acf":[],"_links":{"self":[{"href":"https:\/\/www.qingfaceramic.com\/es\/wp-json\/wp\/v2\/product\/1673","targetHints":{"allow":["GET"]}}],"collection":[{"href":"https:\/\/www.qingfaceramic.com\/es\/wp-json\/wp\/v2\/product"}],"about":[{"href":"https:\/\/www.qingfaceramic.com\/es\/wp-json\/wp\/v2\/types\/product"}],"replies":[{"embeddable":true,"href":"https:\/\/www.qingfaceramic.com\/es\/wp-json\/wp\/v2\/comments?post=1673"}],"wp:featuredmedia":[{"embeddable":true,"href":"https:\/\/www.qingfaceramic.com\/es\/wp-json\/wp\/v2\/media\/1674"}],"wp:attachment":[{"href":"https:\/\/www.qingfaceramic.com\/es\/wp-json\/wp\/v2\/media?parent=1673"}],"wp:term":[{"taxonomy":"market","embeddable":true,"href":"https:\/\/www.qingfaceramic.com\/es\/wp-json\/wp\/v2\/market?post=1673"},{"taxonomy":"product_brand","embeddable":true,"href":"https:\/\/www.qingfaceramic.com\/es\/wp-json\/wp\/v2\/product_brand?post=1673"},{"taxonomy":"product_cat","embeddable":true,"href":"https:\/\/www.qingfaceramic.com\/es\/wp-json\/wp\/v2\/product_cat?post=1673"},{"taxonomy":"product_tag","embeddable":true,"href":"https:\/\/www.qingfaceramic.com\/es\/wp-json\/wp\/v2\/product_tag?post=1673"}],"curies":[{"name":"wp","href":"https:\/\/api.w.org\/{rel}","templated":true}]}}