{"id":1655,"date":"2026-04-20T08:03:04","date_gmt":"2026-04-20T08:03:04","guid":{"rendered":"https:\/\/www.qingfaceramic.com\/?post_type=product&#038;p=1655"},"modified":"2026-04-20T08:08:36","modified_gmt":"2026-04-20T08:08:36","slug":"custom-christmas-tree-cup","status":"publish","type":"product","link":"https:\/\/www.qingfaceramic.com\/es\/producto\/custom-christmas-tree-cup\/","title":{"rendered":"Taza navide\u00f1a personalizada | Taza navide\u00f1a de cer\u00e1mica con forma de \u00e1rbol y asa dorada"},"content":{"rendered":"<h2 class=\"wp-block-heading\">Caracter\u00edsticas de Custom Christmas Tree Cup<\/h2>\n\n\n\n<div class=\"wp-block-columns is-layout-flex wp-container-core-columns-is-layout-9d6595d7 wp-block-columns-is-layout-flex\">\n<div class=\"wp-block-column is-layout-flow wp-block-column-is-layout-flow\">\n<p><strong>Silueta ic\u00f3nica en forma de \u00e1rbol:<\/strong> Presenta un exclusivo dise\u00f1o escalonado que imita las capas de un \u00e1rbol de Navidad, proporcionando una est\u00e9tica creativa y festiva que destaca en cualquier estanter\u00eda.<\/p>\n\n\n\n<p><strong>Mango de lujo chapado en oro:<\/strong> Equipado con un mango ergon\u00f3mico acabado en oro galv\u00e1nico de alta gama, que a\u00f1ade un sofisticado contraste al vibrante esmalte festivo.<\/p>\n\n\n\n<p><strong>Esmalte artesanal de primera calidad:<\/strong> Decorado con puntos dorados met\u00e1licos y un acabado brillante que garantiza que los colores permanezcan vivos y resistentes a la decoloraci\u00f3n durante a\u00f1os de uso navide\u00f1o.<\/p>\n\n\n\n<p><strong>Cer\u00e1mica de calidad comercial:<\/strong> Fabricado en gres reforzado para una mayor durabilidad y retenci\u00f3n del calor, es ideal para servir desde cacao caliente hasta festivos caf\u00e9s con leche.<\/p>\n\n\n\n<p><strong>Personalizaci\u00f3n profesional:<\/strong> Totalmente adaptable a las necesidades B2B, incluyendo combinaciones de colores a medida, colocaci\u00f3n del logotipo en la base y embalaje profesional en caja de regalo para las fiestas.<\/p>\n<\/div>\n\n\n\n<div class=\"wp-block-column is-layout-flow wp-block-column-is-layout-flow\">\n<figure class=\"wp-block-image size-full\"><img decoding=\"async\" width=\"800\" height=\"800\" src=\"https:\/\/www.qingfaceramic.com\/wp-content\/uploads\/2026\/04\/Custom-Christmas-Tree-Cup11.webp\" alt=\"Taza personalizada \u00c1rbol de Navidad11\" class=\"wp-image-1663\" srcset=\"https:\/\/www.qingfaceramic.com\/wp-content\/uploads\/2026\/04\/Custom-Christmas-Tree-Cup11.webp 800w, https:\/\/www.qingfaceramic.com\/wp-content\/uploads\/2026\/04\/Custom-Christmas-Tree-Cup11-300x300.webp 300w, https:\/\/www.qingfaceramic.com\/wp-content\/uploads\/2026\/04\/Custom-Christmas-Tree-Cup11-150x150.webp 150w, https:\/\/www.qingfaceramic.com\/wp-content\/uploads\/2026\/04\/Custom-Christmas-Tree-Cup11-768x768.webp 768w, https:\/\/www.qingfaceramic.com\/wp-content\/uploads\/2026\/04\/Custom-Christmas-Tree-Cup11-12x12.webp 12w, https:\/\/www.qingfaceramic.com\/wp-content\/uploads\/2026\/04\/Custom-Christmas-Tree-Cup11-600x600.webp 600w, https:\/\/www.qingfaceramic.com\/wp-content\/uploads\/2026\/04\/Custom-Christmas-Tree-Cup11-100x100.webp 100w\" sizes=\"(max-width: 800px) 100vw, 800px\" \/><\/figure>\n<\/div>\n<\/div>\n\n\n\n<div class=\"wp-block-columns is-layout-flex wp-container-core-columns-is-layout-9d6595d7 wp-block-columns-is-layout-flex\">\n<div class=\"wp-block-column is-layout-flow wp-block-column-is-layout-flow\"><\/div>\n\n\n\n<div class=\"wp-block-column is-layout-flow wp-block-column-is-layout-flow\"><\/div>\n<\/div>","protected":false},"excerpt":{"rendered":"<p data-start=\"428\" data-end=\"756\">Lleva la magia de las fiestas a la mesa con esta taza personalizada con forma de \u00e1rbol de Navidad. Dise\u00f1ada con una distintiva silueta escalonada que imita a la perfecci\u00f3n un \u00e1rbol festivo, esta taza de cer\u00e1mica premium cuenta con un lujoso asa dorada y elegantes detalles, lo que la convierte en una pieza destacada para las colecciones de marca y regalos de temporada.<\/p>\n<h2>Par\u00e1metro de taza de \u00e1rbol de Navidad personalizado<\/h2>\n<table data-path-to-node=\"4\">\n<thead>\n<tr>\n<td><strong>Art\u00edculo<\/strong><\/td>\n<td><strong>Detalles t\u00e9cnicos<\/strong><\/td>\n<\/tr>\n<\/thead>\n<tbody>\n<tr>\n<td><span data-path-to-node=\"4,1,0,0\"><b data-path-to-node=\"4,1,0,0\" data-index-in-node=\"0\">Nombre del producto<\/b><\/span><\/td>\n<td><span data-path-to-node=\"4,1,1,0\">Taza personalizada con forma de \u00e1rbol de Navidad<\/span><\/td>\n<\/tr>\n<tr>\n<td><span data-path-to-node=\"4,2,0,0\"><b data-path-to-node=\"4,2,0,0\" data-index-in-node=\"0\">Material<\/b><\/span><\/td>\n<td><span data-path-to-node=\"4,2,1,0\">Cer\u00e1mica reforzada de primera calidad \/ Gres de alta calidad<\/span><\/td>\n<\/tr>\n<tr>\n<td><span data-path-to-node=\"4,3,0,0\"><b data-path-to-node=\"4,3,0,0\" data-index-in-node=\"0\">Forma del dise\u00f1o<\/b><\/span><\/td>\n<td><span data-path-to-node=\"4,3,1,0\">Silueta estilizada de \u00e1rbol de Navidad escalonado<\/span><\/td>\n<\/tr>\n<tr>\n<td><span data-path-to-node=\"4,4,0,0\"><b data-path-to-node=\"4,4,0,0\" data-index-in-node=\"0\">Mango Artesanal<\/b><\/span><\/td>\n<td><span data-path-to-node=\"4,4,1,0\">Asa en C ergon\u00f3mica con lujoso acabado dorado galv\u00e1nico<\/span><\/td>\n<\/tr>\n<tr>\n<td><span data-path-to-node=\"4,5,0,0\"><b data-path-to-node=\"4,5,0,0\" data-index-in-node=\"0\">Acabado<\/b><\/span><\/td>\n<td><span data-path-to-node=\"4,5,1,0\">Esmalte vitrificado de alto brillo con detalles \u201cornamentales\u201d en oro met\u00e1lico<\/span><\/td>\n<\/tr>\n<tr>\n<td><span data-path-to-node=\"4,6,0,0\"><b data-path-to-node=\"4,6,0,0\" data-index-in-node=\"0\">Estilo llanta<\/b><\/span><\/td>\n<td><span data-path-to-node=\"4,6,1,0\">Borde ondulado festoneado (imitando las copas de los \u00e1rboles)<\/span><\/td>\n<\/tr>\n<tr>\n<td><span data-path-to-node=\"4,7,0,0\"><b data-path-to-node=\"4,7,0,0\" data-index-in-node=\"0\">Opciones de color<\/b><\/span><\/td>\n<td><span data-path-to-node=\"4,7,1,0\">Verde bosque, Rojo festivo (Colores de glaseado personalizados disponibles)<\/span><\/td>\n<\/tr>\n<tr>\n<td><span data-path-to-node=\"4,8,0,0\"><b data-path-to-node=\"4,8,0,0\" data-index-in-node=\"0\">Textura corporal<\/b><\/span><\/td>\n<td><span data-path-to-node=\"4,8,1,0\">Moldura ondulada horizontal de 3 niveles<\/span><\/td>\n<\/tr>\n<tr>\n<td><span data-path-to-node=\"4,9,0,0\"><b data-path-to-node=\"4,9,0,0\" data-index-in-node=\"0\">Caracter\u00edsticas principales<\/b><\/span><\/td>\n<td><span data-path-to-node=\"4,9,1,0\"><b data-path-to-node=\"4,9,1,0\" data-index-in-node=\"0\">Esmalte resistente a la decoloraci\u00f3n<\/b>, <b data-path-to-node=\"4,9,1,0\" data-index-in-node=\"22\">Alta retenci\u00f3n t\u00e9rmica<\/b>, <b data-path-to-node=\"4,9,1,0\" data-index-in-node=\"46\">Resistente al astillado<\/b><\/span><\/td>\n<\/tr>\n<tr>\n<td><span data-path-to-node=\"4,10,0,0\"><b data-path-to-node=\"4,10,0,0\" data-index-in-node=\"0\">Artesan\u00eda<\/b><\/span><\/td>\n<td><span data-path-to-node=\"4,10,1,0\">Cer\u00e1mica cocida a alta temperatura + metalizado i\u00f3nico en vac\u00edo<\/span><\/td>\n<\/tr>\n<tr>\n<td><span data-path-to-node=\"4,11,0,0\"><b data-path-to-node=\"4,11,0,0\" data-index-in-node=\"0\">Personalizaci\u00f3n<\/b><\/span><\/td>\n<td><span data-path-to-node=\"4,11,1,0\">Admite OEM\/ODM a granel, logotipo privado y envases a medida<\/span><\/td>\n<\/tr>\n<tr>\n<td><span data-path-to-node=\"4,12,0,0\"><b data-path-to-node=\"4,12,0,0\" data-index-in-node=\"0\">Norma de seguridad<\/b><\/span><\/td>\n<td><span data-path-to-node=\"4,12,1,0\">Certificado sin plomo, sin cadmio y apto para uso alimentario<\/span><\/td>\n<\/tr>\n<\/tbody>\n<\/table>","protected":false},"featured_media":1657,"comment_status":"closed","ping_status":"closed","template":"","meta":{"_acf_changed":false},"market":[],"product_brand":[],"product_cat":[17,28],"product_tag":[],"class_list":{"0":"post-1655","1":"product","2":"type-product","3":"status-publish","4":"has-post-thumbnail","6":"product_cat-custom-coffee-cups","7":"product_cat-custom-coffee-mugs","9":"first","10":"instock","11":"shipping-taxable","12":"product-type-simple"},"acf":[],"_links":{"self":[{"href":"https:\/\/www.qingfaceramic.com\/es\/wp-json\/wp\/v2\/product\/1655","targetHints":{"allow":["GET"]}}],"collection":[{"href":"https:\/\/www.qingfaceramic.com\/es\/wp-json\/wp\/v2\/product"}],"about":[{"href":"https:\/\/www.qingfaceramic.com\/es\/wp-json\/wp\/v2\/types\/product"}],"replies":[{"embeddable":true,"href":"https:\/\/www.qingfaceramic.com\/es\/wp-json\/wp\/v2\/comments?post=1655"}],"wp:featuredmedia":[{"embeddable":true,"href":"https:\/\/www.qingfaceramic.com\/es\/wp-json\/wp\/v2\/media\/1657"}],"wp:attachment":[{"href":"https:\/\/www.qingfaceramic.com\/es\/wp-json\/wp\/v2\/media?parent=1655"}],"wp:term":[{"taxonomy":"market","embeddable":true,"href":"https:\/\/www.qingfaceramic.com\/es\/wp-json\/wp\/v2\/market?post=1655"},{"taxonomy":"product_brand","embeddable":true,"href":"https:\/\/www.qingfaceramic.com\/es\/wp-json\/wp\/v2\/product_brand?post=1655"},{"taxonomy":"product_cat","embeddable":true,"href":"https:\/\/www.qingfaceramic.com\/es\/wp-json\/wp\/v2\/product_cat?post=1655"},{"taxonomy":"product_tag","embeddable":true,"href":"https:\/\/www.qingfaceramic.com\/es\/wp-json\/wp\/v2\/product_tag?post=1655"}],"curies":[{"name":"wp","href":"https:\/\/api.w.org\/{rel}","templated":true}]}}