{"id":1646,"date":"2026-04-20T07:44:50","date_gmt":"2026-04-20T07:44:50","guid":{"rendered":"https:\/\/www.qingfaceramic.com\/?post_type=product&#038;p=1646"},"modified":"2026-04-20T07:53:58","modified_gmt":"2026-04-20T07:53:58","slug":"custom-christmas-mug-creative-ceramic-holiday-mug","status":"publish","type":"product","link":"https:\/\/www.qingfaceramic.com\/es\/producto\/custom-christmas-mug-creative-ceramic-holiday-mug\/","title":{"rendered":"Taza navide\u00f1a personalizada Taza navide\u00f1a creativa de cer\u00e1mica con base de pedestal"},"content":{"rendered":"<h2 class=\"wp-block-heading\">Caracter\u00edsticas de Custom Christmas Mug<\/h2>\n\n\n\n<div class=\"wp-block-columns is-layout-flex wp-container-core-columns-is-layout-9d6595d7 wp-block-columns-is-layout-flex\">\n<div class=\"wp-block-column is-layout-flow wp-block-column-is-layout-flow\">\n<p><strong>Dise\u00f1o festivo creativo<\/strong><br>La exclusiva base de pedestal elevada y la forma de boca ancha crean una experiencia de bebida festiva distintiva y llamativa.<\/p>\n\n\n\n<p><strong>Construcci\u00f3n de cer\u00e1mica de primera calidad<\/strong><br>Fabricado en cer\u00e1mica duradera o porcelana fina con un suave acabado esmaltado para un uso duradero y un aspecto refinado.<\/p>\n\n\n\n<p><strong>Detalle interactivo oculto<\/strong><br>El elemento interior 3D incorporado a\u00f1ade un toque divertido y sorprendente, mejorando la experiencia del usuario y el atractivo del regalo.<\/p>\n\n\n\n<p><strong>Uso c\u00f3modo y funcional<\/strong><br>El mango ergon\u00f3mico en forma de C y el dise\u00f1o de aislamiento t\u00e9rmico garantizan un agarre c\u00f3modo y una experiencia agradable al beber.<\/p>\n\n\n\n<p><strong>Preparado para personalizaci\u00f3n OEM\/ODM<\/strong><br>Admite colores, dise\u00f1os, formas y envases de regalo personalizados, ideales para colecciones de temporada y productos de marca.<\/p>\n<\/div>\n\n\n\n<div class=\"wp-block-column is-layout-flow wp-block-column-is-layout-flow\">\n<figure class=\"wp-block-image size-full\"><img decoding=\"async\" width=\"800\" height=\"800\" src=\"https:\/\/www.qingfaceramic.com\/wp-content\/uploads\/2026\/04\/Custom-Christmas-Mug3.webp\" alt=\"Taza de Navidad personalizada3\" class=\"wp-image-1648\" srcset=\"https:\/\/www.qingfaceramic.com\/wp-content\/uploads\/2026\/04\/Custom-Christmas-Mug3.webp 800w, https:\/\/www.qingfaceramic.com\/wp-content\/uploads\/2026\/04\/Custom-Christmas-Mug3-300x300.webp 300w, https:\/\/www.qingfaceramic.com\/wp-content\/uploads\/2026\/04\/Custom-Christmas-Mug3-150x150.webp 150w, https:\/\/www.qingfaceramic.com\/wp-content\/uploads\/2026\/04\/Custom-Christmas-Mug3-768x768.webp 768w, https:\/\/www.qingfaceramic.com\/wp-content\/uploads\/2026\/04\/Custom-Christmas-Mug3-12x12.webp 12w, https:\/\/www.qingfaceramic.com\/wp-content\/uploads\/2026\/04\/Custom-Christmas-Mug3-600x600.webp 600w, https:\/\/www.qingfaceramic.com\/wp-content\/uploads\/2026\/04\/Custom-Christmas-Mug3-100x100.webp 100w\" sizes=\"(max-width: 800px) 100vw, 800px\" \/><\/figure>\n<\/div>\n<\/div>\n\n\n\n<div class=\"wp-block-columns is-layout-flex wp-container-core-columns-is-layout-9d6595d7 wp-block-columns-is-layout-flex\">\n<div class=\"wp-block-column is-layout-flow wp-block-column-is-layout-flow\"><\/div>\n\n\n\n<div class=\"wp-block-column is-layout-flow wp-block-column-is-layout-flow\"><\/div>\n<\/div>","protected":false},"excerpt":{"rendered":"<p data-start=\"428\" data-end=\"756\">Nuestra taza navide\u00f1a personalizada presenta un creativo dise\u00f1o de pedestal con un acabado de cer\u00e1mica de alto brillo, ideal para bebidas festivas, regalos navide\u00f1os y marcas personalizadas OEM.<\/p>\n<h2>Taza de Navidad personalizada Par\u00e1metro<\/h2>\n<table data-path-to-node=\"1\">\n<thead>\n<tr>\n<td><strong>Art\u00edculo<\/strong><\/td>\n<td><strong>Detalles t\u00e9cnicos<\/strong><\/td>\n<\/tr>\n<\/thead>\n<tbody>\n<tr>\n<td><span data-path-to-node=\"1,1,0,0\"><b data-path-to-node=\"1,1,0,0\" data-index-in-node=\"0\">Nombre del producto<\/b><\/span><\/td>\n<td><span data-path-to-node=\"1,1,1,0\">\u00a0Taza de Navidad<\/span><\/td>\n<\/tr>\n<tr>\n<td><span data-path-to-node=\"1,2,0,0\"><b data-path-to-node=\"1,2,0,0\" data-index-in-node=\"0\">Material<\/b><\/span><\/td>\n<td><span data-path-to-node=\"1,2,1,0\">Cer\u00e1mica duradera de alta calidad \/ New Bone China<\/span><\/td>\n<\/tr>\n<tr>\n<td><span data-path-to-node=\"1,3,0,0\"><b data-path-to-node=\"1,3,0,0\" data-index-in-node=\"0\">Estilo de dise\u00f1o<\/b><\/span><\/td>\n<td><span data-path-to-node=\"1,3,1,0\">Temas festivos (hombre de jengibre, copos de nieve, lunares)<\/span><\/td>\n<\/tr>\n<tr>\n<td><span data-path-to-node=\"1,4,0,0\"><b data-path-to-node=\"1,4,0,0\" data-index-in-node=\"0\">Estructura corporal<\/b><\/span><\/td>\n<td><span data-path-to-node=\"1,4,1,0\">Forma de cuenco de boca ancha con elegante base de pedestal elevada<\/span><\/td>\n<\/tr>\n<tr>\n<td><span data-path-to-node=\"1,5,0,0\"><b data-path-to-node=\"1,5,0,0\" data-index-in-node=\"0\">Tipo de asa<\/b><\/span><\/td>\n<td><span data-path-to-node=\"1,5,1,0\">Mango ergon\u00f3mico en forma de C de f\u00e1cil agarre<\/span><\/td>\n<\/tr>\n<tr>\n<td><span data-path-to-node=\"1,6,0,0\"><b data-path-to-node=\"1,6,0,0\" data-index-in-node=\"0\">Acabado<\/b><\/span><\/td>\n<td><span data-path-to-node=\"1,6,1,0\">Esmalte liso de alto brillo con letras doradas met\u00e1licas<\/span><\/td>\n<\/tr>\n<tr>\n<td><span data-path-to-node=\"1,7,0,0\"><b data-path-to-node=\"1,7,0,0\" data-index-in-node=\"0\">Opciones de color<\/b><\/span><\/td>\n<td><span data-path-to-node=\"1,7,1,0\">Rojo festivo, Verde bosque, Blanco cremoso<\/span><\/td>\n<\/tr>\n<tr>\n<td><span data-path-to-node=\"1,8,0,0\"><b data-path-to-node=\"1,8,0,0\" data-index-in-node=\"0\">Detalle interno<\/b><\/span><\/td>\n<td><span data-path-to-node=\"1,8,1,0\">Figuritas 3D \u201cSorpresa oculta\u201d (por ejemplo, el hombre de jengibre)<\/span><\/td>\n<\/tr>\n<tr>\n<td><span data-path-to-node=\"1,9,0,0\"><b data-path-to-node=\"1,9,0,0\" data-index-in-node=\"0\">Caracter\u00edsticas principales<\/b><\/span><\/td>\n<td><span data-path-to-node=\"1,9,1,0\"><b data-path-to-node=\"1,9,1,0\" data-index-in-node=\"0\">Dise\u00f1o apilable<\/b>, <b data-path-to-node=\"1,9,1,0\" data-index-in-node=\"18\">Aislamiento t\u00e9rmico<\/b>, <b data-path-to-node=\"1,9,1,0\" data-index-in-node=\"38\">Colores vibrantes resistentes a la decoloraci\u00f3n<\/b><\/span><\/td>\n<\/tr>\n<tr>\n<td><span data-path-to-node=\"1,10,0,0\"><b data-path-to-node=\"1,10,0,0\" data-index-in-node=\"0\">Personalizaci\u00f3n<\/b><\/span><\/td>\n<td><span data-path-to-node=\"1,10,1,0\">Admite OEM\/ODM a granel (patrones, formas y envases de regalo personalizados)<\/span><\/td>\n<\/tr>\n<tr>\n<td><span data-path-to-node=\"1,11,0,0\"><b data-path-to-node=\"1,11,0,0\" data-index-in-node=\"0\">Norma de seguridad<\/b><\/span><\/td>\n<td><span data-path-to-node=\"1,11,1,0\">Certificado sin plomo, sin cadmio y apto para uso alimentario<\/span><\/td>\n<\/tr>\n<\/tbody>\n<\/table>","protected":false},"featured_media":1649,"comment_status":"closed","ping_status":"closed","template":"","meta":{"_acf_changed":false},"market":[],"product_brand":[],"product_cat":[17,28],"product_tag":[],"class_list":{"0":"post-1646","1":"product","2":"type-product","3":"status-publish","4":"has-post-thumbnail","6":"product_cat-custom-coffee-cups","7":"product_cat-custom-coffee-mugs","9":"first","10":"instock","11":"shipping-taxable","12":"product-type-simple"},"acf":[],"_links":{"self":[{"href":"https:\/\/www.qingfaceramic.com\/es\/wp-json\/wp\/v2\/product\/1646","targetHints":{"allow":["GET"]}}],"collection":[{"href":"https:\/\/www.qingfaceramic.com\/es\/wp-json\/wp\/v2\/product"}],"about":[{"href":"https:\/\/www.qingfaceramic.com\/es\/wp-json\/wp\/v2\/types\/product"}],"replies":[{"embeddable":true,"href":"https:\/\/www.qingfaceramic.com\/es\/wp-json\/wp\/v2\/comments?post=1646"}],"wp:featuredmedia":[{"embeddable":true,"href":"https:\/\/www.qingfaceramic.com\/es\/wp-json\/wp\/v2\/media\/1649"}],"wp:attachment":[{"href":"https:\/\/www.qingfaceramic.com\/es\/wp-json\/wp\/v2\/media?parent=1646"}],"wp:term":[{"taxonomy":"market","embeddable":true,"href":"https:\/\/www.qingfaceramic.com\/es\/wp-json\/wp\/v2\/market?post=1646"},{"taxonomy":"product_brand","embeddable":true,"href":"https:\/\/www.qingfaceramic.com\/es\/wp-json\/wp\/v2\/product_brand?post=1646"},{"taxonomy":"product_cat","embeddable":true,"href":"https:\/\/www.qingfaceramic.com\/es\/wp-json\/wp\/v2\/product_cat?post=1646"},{"taxonomy":"product_tag","embeddable":true,"href":"https:\/\/www.qingfaceramic.com\/es\/wp-json\/wp\/v2\/product_tag?post=1646"}],"curies":[{"name":"wp","href":"https:\/\/api.w.org\/{rel}","templated":true}]}}