{"id":1625,"date":"2026-04-18T10:13:31","date_gmt":"2026-04-18T10:13:31","guid":{"rendered":"https:\/\/www.qingfaceramic.com\/?post_type=product&#038;p=1625"},"modified":"2026-04-20T07:44:27","modified_gmt":"2026-04-20T07:44:27","slug":"custom-jujube-bowl-coffee-cup-set","status":"publish","type":"product","link":"https:\/\/www.qingfaceramic.com\/es\/producto\/custom-jujube-bowl-coffee-cup-set\/","title":{"rendered":"Juego de tazas de caf\u00e9 con taz\u00f3n de azufaifo personalizado"},"content":{"rendered":"<h2 class=\"wp-block-heading\">Caracter\u00edsticas del juego de tazas de caf\u00e9 Custom Jujube Bowl <\/h2>\n\n\n\n<div class=\"wp-block-columns is-layout-flex wp-container-core-columns-is-layout-9d6595d7 wp-block-columns-is-layout-flex\">\n<div class=\"wp-block-column is-layout-flow wp-block-column-is-layout-flow\">\n<p>1<strong>. Innovador dise\u00f1o de servicio todo en uno<\/strong><br>Un cuenco central de azufaifo con tapa y 6 tazas de caf\u00e9 integradas, que combina el servicio, el almacenamiento y la presentaci\u00f3n en una \u00fanica y elegante estructura.<\/p>\n\n\n\n<p><strong>2. Construcci\u00f3n de cer\u00e1mica de alta calidad<\/strong><br>Fabricado en gres duradero con cocci\u00f3n a alta temperatura, lo que garantiza su solidez, resistencia al desconchado y capacidad de uso comercial a largo plazo.<\/p>\n\n\n\n<p><strong>3. Detalle de palmera cultural en relieve<\/strong><br>La refinada artesan\u00eda en relieve a\u00f1ade una est\u00e9tica distintiva inspirada en Oriente Medio, realzando la riqueza visual y la identidad cultural.<\/p>\n\n\n\n<p><strong>4. Acabado vitrificado de alto brillo<\/strong><br>La superficie lisa y brillante proporciona un aspecto de primera calidad a la vez que ofrece una excelente resistencia a las manchas y una f\u00e1cil limpieza.<\/p>\n\n\n\n<p><strong>5. Soporte de personalizaci\u00f3n OEM\/ODM<\/strong><br>Opciones de personalizaci\u00f3n flexibles que incluyen colores de esmalte, impresi\u00f3n de logotipos y dise\u00f1o de envases para proyectos de marca y venta al por mayor.<\/p>\n<\/div>\n\n\n\n<div class=\"wp-block-column is-layout-flow wp-block-column-is-layout-flow\">\n<figure class=\"wp-block-image size-full\"><img decoding=\"async\" width=\"800\" height=\"800\" src=\"https:\/\/www.qingfaceramic.com\/wp-content\/uploads\/2026\/04\/Custom-Jujube-Bowl-Coffee-Cup-Set7.webp\" alt=\"Set de taza de caf\u00e9 con azufaifo personalizado7\" class=\"wp-image-1632\" srcset=\"https:\/\/www.qingfaceramic.com\/wp-content\/uploads\/2026\/04\/Custom-Jujube-Bowl-Coffee-Cup-Set7.webp 800w, https:\/\/www.qingfaceramic.com\/wp-content\/uploads\/2026\/04\/Custom-Jujube-Bowl-Coffee-Cup-Set7-300x300.webp 300w, https:\/\/www.qingfaceramic.com\/wp-content\/uploads\/2026\/04\/Custom-Jujube-Bowl-Coffee-Cup-Set7-150x150.webp 150w, https:\/\/www.qingfaceramic.com\/wp-content\/uploads\/2026\/04\/Custom-Jujube-Bowl-Coffee-Cup-Set7-768x768.webp 768w, https:\/\/www.qingfaceramic.com\/wp-content\/uploads\/2026\/04\/Custom-Jujube-Bowl-Coffee-Cup-Set7-12x12.webp 12w, https:\/\/www.qingfaceramic.com\/wp-content\/uploads\/2026\/04\/Custom-Jujube-Bowl-Coffee-Cup-Set7-600x600.webp 600w, https:\/\/www.qingfaceramic.com\/wp-content\/uploads\/2026\/04\/Custom-Jujube-Bowl-Coffee-Cup-Set7-100x100.webp 100w\" sizes=\"(max-width: 800px) 100vw, 800px\" \/><\/figure>\n\n\n\n<figure class=\"wp-block-image size-full\"><img decoding=\"async\" width=\"750\" height=\"531\" src=\"https:\/\/www.qingfaceramic.com\/wp-content\/uploads\/2026\/01\/custom-ceramic-coffee-mug6.webp\" alt=\"taza de cer\u00e1mica personalizada6\" class=\"wp-image-609\" srcset=\"https:\/\/www.qingfaceramic.com\/wp-content\/uploads\/2026\/01\/custom-ceramic-coffee-mug6.webp 750w, https:\/\/www.qingfaceramic.com\/wp-content\/uploads\/2026\/01\/custom-ceramic-coffee-mug6-300x212.webp 300w, https:\/\/www.qingfaceramic.com\/wp-content\/uploads\/2026\/01\/custom-ceramic-coffee-mug6-600x425.webp 600w\" sizes=\"(max-width: 750px) 100vw, 750px\" \/><\/figure>\n<\/div>\n<\/div>\n\n\n\n<div class=\"wp-block-columns is-layout-flex wp-container-core-columns-is-layout-9d6595d7 wp-block-columns-is-layout-flex\">\n<div class=\"wp-block-column is-layout-flow wp-block-column-is-layout-flow\">\n<figure class=\"wp-block-image size-full\"><img decoding=\"async\" width=\"750\" height=\"582\" src=\"https:\/\/www.qingfaceramic.com\/wp-content\/uploads\/2026\/01\/custom-ceramic-coffee-mug8.webp\" alt=\"taza de cer\u00e1mica personalizada8\" class=\"wp-image-611\" srcset=\"https:\/\/www.qingfaceramic.com\/wp-content\/uploads\/2026\/01\/custom-ceramic-coffee-mug8.webp 750w, https:\/\/www.qingfaceramic.com\/wp-content\/uploads\/2026\/01\/custom-ceramic-coffee-mug8-300x233.webp 300w, https:\/\/www.qingfaceramic.com\/wp-content\/uploads\/2026\/01\/custom-ceramic-coffee-mug8-600x466.webp 600w\" sizes=\"(max-width: 750px) 100vw, 750px\" \/><\/figure>\n<\/div>\n\n\n\n<div class=\"wp-block-column is-layout-flow wp-block-column-is-layout-flow\">\n<figure class=\"wp-block-image size-full\"><img decoding=\"async\" width=\"988\" height=\"988\" src=\"https:\/\/www.qingfaceramic.com\/wp-content\/uploads\/2026\/01\/Custom-Ceramic-Coffee-Mug1.webp\" alt=\"Taza de caf\u00e9 de cer\u00e1mica personalizada1\" class=\"wp-image-608\" srcset=\"https:\/\/www.qingfaceramic.com\/wp-content\/uploads\/2026\/01\/Custom-Ceramic-Coffee-Mug1.webp 988w, https:\/\/www.qingfaceramic.com\/wp-content\/uploads\/2026\/01\/Custom-Ceramic-Coffee-Mug1-300x300.webp 300w, https:\/\/www.qingfaceramic.com\/wp-content\/uploads\/2026\/01\/Custom-Ceramic-Coffee-Mug1-150x150.webp 150w, https:\/\/www.qingfaceramic.com\/wp-content\/uploads\/2026\/01\/Custom-Ceramic-Coffee-Mug1-768x768.webp 768w, https:\/\/www.qingfaceramic.com\/wp-content\/uploads\/2026\/01\/Custom-Ceramic-Coffee-Mug1-600x600.webp 600w, https:\/\/www.qingfaceramic.com\/wp-content\/uploads\/2026\/01\/Custom-Ceramic-Coffee-Mug1-100x100.webp 100w\" sizes=\"(max-width: 988px) 100vw, 988px\" \/><\/figure>\n<\/div>\n<\/div>","protected":false},"excerpt":{"rendered":"<p>Nuestro juego de tazas de caf\u00e9 con taz\u00f3n de azufaifo personalizado presenta un innovador dise\u00f1o de servicio todo en uno inspirado en la hospitalidad tradicional de Oriente Medio, que combina la artesan\u00eda de cer\u00e1mica de palmera en relieve con una moderna estructura integrada, ideal para el servicio de t\u00e9 y caf\u00e9 de lujo, entornos de hospitalidad de boutiques y colecciones de regalos culturales de primera calidad.<\/p>\n<h2>Taz\u00f3n de azufaifo personalizado Juego de taza de caf\u00e9 Par\u00e1metro<\/h2>\n<table data-path-to-node=\"1\">\n<thead>\n<tr>\n<td><strong>Art\u00edculo<\/strong><\/td>\n<td><strong>Detalles t\u00e9cnicos<\/strong><\/td>\n<\/tr>\n<\/thead>\n<tbody>\n<tr>\n<td><span data-path-to-node=\"1,1,0,0\"><b data-path-to-node=\"1,1,0,0\" data-index-in-node=\"0\">Nombre del producto<\/b><\/span><\/td>\n<td><span data-path-to-node=\"1,1,1,0\">Juego de taza de caf\u00e9 con cuenco de azufaifo<\/span><\/td>\n<\/tr>\n<tr>\n<td><span data-path-to-node=\"1,2,0,0\"><b data-path-to-node=\"1,2,0,0\" data-index-in-node=\"0\">Material<\/b><\/span><\/td>\n<td><span data-path-to-node=\"1,2,1,0\">Cer\u00e1mica de alta cocci\u00f3n de primera calidad \/ Gres fino<\/span><\/td>\n<\/tr>\n<tr>\n<td><span data-path-to-node=\"1,3,0,0\"><b data-path-to-node=\"1,3,0,0\" data-index-in-node=\"0\">Componentes del juego<\/b><\/span><\/td>\n<td><span data-path-to-node=\"1,3,1,0\">1 cuenco central con tapa + 6 tazas de caf\u00e9 integradas (Fincans)<\/span><\/td>\n<\/tr>\n<tr>\n<td><span data-path-to-node=\"1,4,0,0\"><b data-path-to-node=\"1,4,0,0\" data-index-in-node=\"0\">Motivo de dise\u00f1o<\/b><\/span><\/td>\n<td><span data-path-to-node=\"1,4,1,0\">Patrones en relieve de palmeras<\/span><\/td>\n<\/tr>\n<tr>\n<td><span data-path-to-node=\"1,5,0,0\"><b data-path-to-node=\"1,5,0,0\" data-index-in-node=\"0\">Acabado<\/b><\/span><\/td>\n<td><span data-path-to-node=\"1,5,1,0\">Esmalte vitrificado de alto brillo<\/span><\/td>\n<\/tr>\n<tr>\n<td><span data-path-to-node=\"1,6,0,0\"><b data-path-to-node=\"1,6,0,0\" data-index-in-node=\"0\">Opciones de color<\/b><\/span><\/td>\n<td><span data-path-to-node=\"1,6,1,0\">Verde oliva, Beige arena, Azul pizarra, Blanco cl\u00e1sico<\/span><\/td>\n<\/tr>\n<tr>\n<td><span data-path-to-node=\"1,7,0,0\"><b data-path-to-node=\"1,7,0,0\" data-index-in-node=\"0\">Estructura<\/b><\/span><\/td>\n<td><span data-path-to-node=\"1,7,1,0\">Bandeja para servir todo en uno con tapa abovedada para mayor frescura<\/span><\/td>\n<\/tr>\n<tr>\n<td><span data-path-to-node=\"1,8,0,0\"><b data-path-to-node=\"1,8,0,0\" data-index-in-node=\"0\">Artesan\u00eda<\/b><\/span><\/td>\n<td><span data-path-to-node=\"1,8,1,0\">Durabilidad comercial; superficie resistente al astillado<\/span><\/td>\n<\/tr>\n<tr>\n<td><span data-path-to-node=\"1,9,0,0\"><b data-path-to-node=\"1,9,0,0\" data-index-in-node=\"0\">Caracter\u00edsticas principales<\/b><\/span><\/td>\n<td><span data-path-to-node=\"1,9,1,0\"><b data-path-to-node=\"1,9,1,0\" data-index-in-node=\"0\">Dise\u00f1o integrado que ahorra espacio<\/b>, <b data-path-to-node=\"1,9,1,0\" data-index-in-node=\"32\">Retenci\u00f3n t\u00e9rmica<\/b>, <b data-path-to-node=\"1,9,1,0\" data-index-in-node=\"51\">Est\u00e9tica cultural<\/b><\/span><\/td>\n<\/tr>\n<tr>\n<td><span data-path-to-node=\"1,10,0,0\"><b data-path-to-node=\"1,10,0,0\" data-index-in-node=\"0\">Personalizaci\u00f3n<\/b><\/span><\/td>\n<td><span data-path-to-node=\"1,10,1,0\">Admite OEM\/ODM a granel, colores de glaseado a medida e impresi\u00f3n de logotipos<\/span><\/td>\n<\/tr>\n<tr>\n<td><span data-path-to-node=\"1,11,0,0\"><b data-path-to-node=\"1,11,0,0\" data-index-in-node=\"0\">Norma de seguridad<\/b><\/span><\/td>\n<td><span data-path-to-node=\"1,11,1,0\">Certificado sin plomo, sin cadmio y apto para uso alimentario<\/span><\/td>\n<\/tr>\n<\/tbody>\n<\/table>","protected":false},"featured_media":1627,"comment_status":"closed","ping_status":"closed","template":"","meta":{"_acf_changed":false},"market":[42],"product_brand":[],"product_cat":[17,28],"product_tag":[],"class_list":{"0":"post-1625","1":"product","2":"type-product","3":"status-publish","4":"has-post-thumbnail","6":"market-middle-east-market","7":"product_cat-custom-coffee-cups","8":"product_cat-custom-coffee-mugs","10":"first","11":"instock","12":"shipping-taxable","13":"product-type-simple"},"acf":[],"_links":{"self":[{"href":"https:\/\/www.qingfaceramic.com\/es\/wp-json\/wp\/v2\/product\/1625","targetHints":{"allow":["GET"]}}],"collection":[{"href":"https:\/\/www.qingfaceramic.com\/es\/wp-json\/wp\/v2\/product"}],"about":[{"href":"https:\/\/www.qingfaceramic.com\/es\/wp-json\/wp\/v2\/types\/product"}],"replies":[{"embeddable":true,"href":"https:\/\/www.qingfaceramic.com\/es\/wp-json\/wp\/v2\/comments?post=1625"}],"wp:featuredmedia":[{"embeddable":true,"href":"https:\/\/www.qingfaceramic.com\/es\/wp-json\/wp\/v2\/media\/1627"}],"wp:attachment":[{"href":"https:\/\/www.qingfaceramic.com\/es\/wp-json\/wp\/v2\/media?parent=1625"}],"wp:term":[{"taxonomy":"market","embeddable":true,"href":"https:\/\/www.qingfaceramic.com\/es\/wp-json\/wp\/v2\/market?post=1625"},{"taxonomy":"product_brand","embeddable":true,"href":"https:\/\/www.qingfaceramic.com\/es\/wp-json\/wp\/v2\/product_brand?post=1625"},{"taxonomy":"product_cat","embeddable":true,"href":"https:\/\/www.qingfaceramic.com\/es\/wp-json\/wp\/v2\/product_cat?post=1625"},{"taxonomy":"product_tag","embeddable":true,"href":"https:\/\/www.qingfaceramic.com\/es\/wp-json\/wp\/v2\/product_tag?post=1625"}],"curies":[{"name":"wp","href":"https:\/\/api.w.org\/{rel}","templated":true}]}}