{"id":1617,"date":"2026-04-18T10:00:37","date_gmt":"2026-04-18T10:00:37","guid":{"rendered":"https:\/\/www.qingfaceramic.com\/?post_type=product&#038;p=1617"},"modified":"2026-04-18T10:10:29","modified_gmt":"2026-04-18T10:10:29","slug":"irregular-middle-eastern-coffee-cup-custom","status":"publish","type":"product","link":"https:\/\/www.qingfaceramic.com\/es\/producto\/irregular-middle-eastern-coffee-cup-custom\/","title":{"rendered":"Taza de caf\u00e9 irregular de Oriente Medio personalizada"},"content":{"rendered":"<h2 class=\"wp-block-heading\">Caracter\u00edsticas de la taza de caf\u00e9 personalizada de Oriente Medio<\/h2>\n\n\n\n<div class=\"wp-block-columns is-layout-flex wp-container-core-columns-is-layout-9d6595d7 wp-block-columns-is-layout-flex\">\n<div class=\"wp-block-column is-layout-flow wp-block-column-is-layout-flow\">\n<p><strong>Dise\u00f1o art\u00edstico de formas irregulares:<\/strong><br>Rompe la simetr\u00eda tradicional con una silueta escultural, creando una identidad visual distintiva y un atractivo art\u00edstico contempor\u00e1neo.<\/p>\n\n\n\n<p><strong>Est\u00e9tica inspirada en la cultura de Oriente Medio:<\/strong><br>Impregnados de sutiles elementos de dise\u00f1o regional, reflejan la riqueza cultural en una interpretaci\u00f3n minimalista moderna.<\/p>\n\n\n\n<p><strong>Cer\u00e1mica artesanal de primera calidad:<\/strong><br>Fabricado en gres de alta calidad con un acabado refinado, que garantiza durabilidad, estabilidad y una textura elegante.<\/p>\n\n\n\n<p><strong>Lujo Uso decorativo y funcional:<\/strong><br>Sirve tanto de taza de caf\u00e9 funcional como de pieza de decoraci\u00f3n art\u00edstica, mejorando la presentaci\u00f3n de la mesa en entornos de primera calidad.<\/p>\n\n\n\n<p><strong>Personalizaci\u00f3n OEM\/ODM flexible:<\/strong><br>Admite formas, colores, texturas de superficie y logotipos personalizados para proyectos de venta al por mayor y hosteler\u00eda.<\/p>\n\n\n\n<figure class=\"wp-block-image size-full\"><img decoding=\"async\" width=\"1230\" height=\"842\" src=\"https:\/\/www.qingfaceramic.com\/wp-content\/uploads\/2026\/01\/Custom-Coffee-Mug-Sets8.webp\" alt=\"juegos de tazas de caf\u00e9 personalizadas6\" class=\"wp-image-618\" srcset=\"https:\/\/www.qingfaceramic.com\/wp-content\/uploads\/2026\/01\/Custom-Coffee-Mug-Sets8.webp 1230w, https:\/\/www.qingfaceramic.com\/wp-content\/uploads\/2026\/01\/Custom-Coffee-Mug-Sets8-300x205.webp 300w, https:\/\/www.qingfaceramic.com\/wp-content\/uploads\/2026\/01\/Custom-Coffee-Mug-Sets8-768x526.webp 768w, https:\/\/www.qingfaceramic.com\/wp-content\/uploads\/2026\/01\/Custom-Coffee-Mug-Sets8-1200x821.webp 1200w, https:\/\/www.qingfaceramic.com\/wp-content\/uploads\/2026\/01\/Custom-Coffee-Mug-Sets8-600x411.webp 600w\" sizes=\"(max-width: 1230px) 100vw, 1230px\" \/><\/figure>\n<\/div>\n\n\n\n<div class=\"wp-block-column is-layout-flow wp-block-column-is-layout-flow\">\n<figure class=\"wp-block-image size-full\"><img decoding=\"async\" width=\"800\" height=\"800\" src=\"https:\/\/www.qingfaceramic.com\/wp-content\/uploads\/2026\/04\/Irregular-Middle-Eastern-Coffee-Cup-Custom6.webp\" alt=\"Taza de caf\u00e9 irregular de Oriente Medio Custom6\" class=\"wp-image-1623\" srcset=\"https:\/\/www.qingfaceramic.com\/wp-content\/uploads\/2026\/04\/Irregular-Middle-Eastern-Coffee-Cup-Custom6.webp 800w, https:\/\/www.qingfaceramic.com\/wp-content\/uploads\/2026\/04\/Irregular-Middle-Eastern-Coffee-Cup-Custom6-300x300.webp 300w, https:\/\/www.qingfaceramic.com\/wp-content\/uploads\/2026\/04\/Irregular-Middle-Eastern-Coffee-Cup-Custom6-150x150.webp 150w, https:\/\/www.qingfaceramic.com\/wp-content\/uploads\/2026\/04\/Irregular-Middle-Eastern-Coffee-Cup-Custom6-768x768.webp 768w, https:\/\/www.qingfaceramic.com\/wp-content\/uploads\/2026\/04\/Irregular-Middle-Eastern-Coffee-Cup-Custom6-12x12.webp 12w, https:\/\/www.qingfaceramic.com\/wp-content\/uploads\/2026\/04\/Irregular-Middle-Eastern-Coffee-Cup-Custom6-600x600.webp 600w, https:\/\/www.qingfaceramic.com\/wp-content\/uploads\/2026\/04\/Irregular-Middle-Eastern-Coffee-Cup-Custom6-100x100.webp 100w\" sizes=\"(max-width: 800px) 100vw, 800px\" \/><\/figure>\n\n\n\n<figure class=\"wp-block-image size-full\"><img decoding=\"async\" width=\"750\" height=\"531\" src=\"https:\/\/www.qingfaceramic.com\/wp-content\/uploads\/2026\/01\/custom-ceramic-coffee-mug6.webp\" alt=\"taza de cer\u00e1mica personalizada6\" class=\"wp-image-609\" srcset=\"https:\/\/www.qingfaceramic.com\/wp-content\/uploads\/2026\/01\/custom-ceramic-coffee-mug6.webp 750w, https:\/\/www.qingfaceramic.com\/wp-content\/uploads\/2026\/01\/custom-ceramic-coffee-mug6-300x212.webp 300w, https:\/\/www.qingfaceramic.com\/wp-content\/uploads\/2026\/01\/custom-ceramic-coffee-mug6-600x425.webp 600w\" sizes=\"(max-width: 750px) 100vw, 750px\" \/><\/figure>\n<\/div>\n<\/div>\n\n\n\n<div class=\"wp-block-columns is-layout-flex wp-container-core-columns-is-layout-9d6595d7 wp-block-columns-is-layout-flex\">\n<div class=\"wp-block-column is-layout-flow wp-block-column-is-layout-flow\">\n<figure class=\"wp-block-image size-full\"><img decoding=\"async\" width=\"750\" height=\"582\" src=\"https:\/\/www.qingfaceramic.com\/wp-content\/uploads\/2026\/01\/custom-ceramic-coffee-mug8.webp\" alt=\"taza de cer\u00e1mica personalizada8\" class=\"wp-image-611\" srcset=\"https:\/\/www.qingfaceramic.com\/wp-content\/uploads\/2026\/01\/custom-ceramic-coffee-mug8.webp 750w, https:\/\/www.qingfaceramic.com\/wp-content\/uploads\/2026\/01\/custom-ceramic-coffee-mug8-300x233.webp 300w, https:\/\/www.qingfaceramic.com\/wp-content\/uploads\/2026\/01\/custom-ceramic-coffee-mug8-600x466.webp 600w\" sizes=\"(max-width: 750px) 100vw, 750px\" \/><\/figure>\n<\/div>\n\n\n\n<div class=\"wp-block-column is-layout-flow wp-block-column-is-layout-flow\">\n<figure class=\"wp-block-image size-full\"><img decoding=\"async\" width=\"988\" height=\"988\" src=\"https:\/\/www.qingfaceramic.com\/wp-content\/uploads\/2026\/01\/Custom-Ceramic-Coffee-Mug1.webp\" alt=\"Taza de caf\u00e9 de cer\u00e1mica personalizada1\" class=\"wp-image-608\" srcset=\"https:\/\/www.qingfaceramic.com\/wp-content\/uploads\/2026\/01\/Custom-Ceramic-Coffee-Mug1.webp 988w, https:\/\/www.qingfaceramic.com\/wp-content\/uploads\/2026\/01\/Custom-Ceramic-Coffee-Mug1-300x300.webp 300w, https:\/\/www.qingfaceramic.com\/wp-content\/uploads\/2026\/01\/Custom-Ceramic-Coffee-Mug1-150x150.webp 150w, https:\/\/www.qingfaceramic.com\/wp-content\/uploads\/2026\/01\/Custom-Ceramic-Coffee-Mug1-768x768.webp 768w, https:\/\/www.qingfaceramic.com\/wp-content\/uploads\/2026\/01\/Custom-Ceramic-Coffee-Mug1-600x600.webp 600w, https:\/\/www.qingfaceramic.com\/wp-content\/uploads\/2026\/01\/Custom-Ceramic-Coffee-Mug1-100x100.webp 100w\" sizes=\"(max-width: 988px) 100vw, 988px\" \/><\/figure>\n<\/div>\n<\/div>","protected":false},"excerpt":{"rendered":"<p>Nuestra taza de caf\u00e9 irregular de Oriente Medio Custom presenta un dise\u00f1o art\u00edstico asim\u00e9trico inspirado en la est\u00e9tica regional, que combina la artesan\u00eda de la cer\u00e1mica hecha a mano con una forma escult\u00f3rica moderna, ideal para hosteler\u00eda de lujo, cafeter\u00edas boutique y colecciones de regalos de primera calidad.<\/p>\n<h2>Taza de caf\u00e9 de Oriente Medio Par\u00e1metro personalizado<\/h2>\n<table data-path-to-node=\"2\">\n<thead>\n<tr>\n<td><strong>Art\u00edculo<\/strong><\/td>\n<td><strong>Detalles t\u00e9cnicos<\/strong><\/td>\n<\/tr>\n<\/thead>\n<tbody>\n<tr>\n<td><span data-path-to-node=\"2,1,0,0\"><b data-path-to-node=\"2,1,0,0\" data-index-in-node=\"0\">Nombre del producto<\/b><\/span><\/td>\n<td><span data-path-to-node=\"2,1,1,0\">Taza de caf\u00e9 irregular de Oriente Medio<\/span><\/td>\n<\/tr>\n<tr>\n<td><span data-path-to-node=\"2,2,0,0\"><b data-path-to-node=\"2,2,0,0\" data-index-in-node=\"0\">Material<\/b><\/span><\/td>\n<td><span data-path-to-node=\"2,2,1,0\">Arcilla artesanal de gran calidad \/ Gres duradero<\/span><\/td>\n<\/tr>\n<tr>\n<td><span data-path-to-node=\"2,3,0,0\"><b data-path-to-node=\"2,3,0,0\" data-index-in-node=\"0\">Estilo de dise\u00f1o<\/b><\/span><\/td>\n<td><span data-path-to-node=\"2,3,1,0\">Borde org\u00e1nico irregular con motivos geom\u00e9tricos dibujados a mano<\/span><\/td>\n<\/tr>\n<tr>\n<td><span data-path-to-node=\"2,4,0,0\"><b data-path-to-node=\"2,4,0,0\" data-index-in-node=\"0\">Acabado<\/b><\/span><\/td>\n<td><span data-path-to-node=\"2,4,1,0\">Esmalte mate moteado \/ Textura natural terrosa<\/span><\/td>\n<\/tr>\n<tr>\n<td><span data-path-to-node=\"2,5,0,0\"><b data-path-to-node=\"2,5,0,0\" data-index-in-node=\"0\">Paleta de colores<\/b><\/span><\/td>\n<td><span data-path-to-node=\"2,5,1,0\">Beige arena, Naranja terracota, Crema suave<\/span><\/td>\n<\/tr>\n<tr>\n<td><span data-path-to-node=\"2,6,0,0\"><b data-path-to-node=\"2,6,0,0\" data-index-in-node=\"0\">Dise\u00f1o de llantas<\/b><\/span><\/td>\n<td><span data-path-to-node=\"2,6,1,0\">Borde ondulado\/festoneado \u00fanico para una est\u00e9tica art\u00edstica<\/span><\/td>\n<\/tr>\n<tr>\n<td><span data-path-to-node=\"2,7,0,0\"><b data-path-to-node=\"2,7,0,0\" data-index-in-node=\"0\">Detalle del patr\u00f3n<\/b><\/span><\/td>\n<td><span data-path-to-node=\"2,7,1,0\">Motivos arquitect\u00f3nicos grabados de Oriente Pr\u00f3ximo<\/span><\/td>\n<\/tr>\n<tr>\n<td><span data-path-to-node=\"2,8,0,0\"><b data-path-to-node=\"2,8,0,0\" data-index-in-node=\"0\">Artesan\u00eda<\/b><\/span><\/td>\n<td><span data-path-to-node=\"2,8,1,0\">Cocci\u00f3n a alta temperatura (resistente a las virutas y de larga duraci\u00f3n)<\/span><\/td>\n<\/tr>\n<tr>\n<td><span data-path-to-node=\"2,9,0,0\"><b data-path-to-node=\"2,9,0,0\" data-index-in-node=\"0\">Caracter\u00edsticas principales<\/b><\/span><\/td>\n<td><span data-path-to-node=\"2,9,1,0\"><b data-path-to-node=\"2,9,1,0\" data-index-in-node=\"0\">Dise\u00f1o apilable<\/b>, <b data-path-to-node=\"2,9,1,0\" data-index-in-node=\"18\">Empu\u00f1adura t\u00e1ctil ergon\u00f3mica<\/b>, <b data-path-to-node=\"2,9,1,0\" data-index-in-node=\"42\">Retenci\u00f3n del calor<\/b><\/span><\/td>\n<\/tr>\n<tr>\n<td><span data-path-to-node=\"2,10,0,0\"><b data-path-to-node=\"2,10,0,0\" data-index-in-node=\"0\">Personalizaci\u00f3n<\/b><\/span><\/td>\n<td><span data-path-to-node=\"2,10,1,0\">Admite OEM\/ODM a granel (patr\u00f3n y color de glaseado a medida)<\/span><\/td>\n<\/tr>\n<tr>\n<td><span data-path-to-node=\"2,11,0,0\"><b data-path-to-node=\"2,11,0,0\" data-index-in-node=\"0\">Norma de seguridad<\/b><\/span><\/td>\n<td><span data-path-to-node=\"2,11,1,0\">Certificado sin plomo, sin cadmio y apto para uso alimentario<\/span><\/td>\n<\/tr>\n<\/tbody>\n<\/table>\n<p>&nbsp;<\/p>","protected":false},"featured_media":1621,"comment_status":"closed","ping_status":"closed","template":"","meta":{"_acf_changed":false},"market":[42],"product_brand":[],"product_cat":[17,28],"product_tag":[],"class_list":{"0":"post-1617","1":"product","2":"type-product","3":"status-publish","4":"has-post-thumbnail","6":"market-middle-east-market","7":"product_cat-custom-coffee-cups","8":"product_cat-custom-coffee-mugs","10":"first","11":"instock","12":"shipping-taxable","13":"product-type-simple"},"acf":[],"_links":{"self":[{"href":"https:\/\/www.qingfaceramic.com\/es\/wp-json\/wp\/v2\/product\/1617","targetHints":{"allow":["GET"]}}],"collection":[{"href":"https:\/\/www.qingfaceramic.com\/es\/wp-json\/wp\/v2\/product"}],"about":[{"href":"https:\/\/www.qingfaceramic.com\/es\/wp-json\/wp\/v2\/types\/product"}],"replies":[{"embeddable":true,"href":"https:\/\/www.qingfaceramic.com\/es\/wp-json\/wp\/v2\/comments?post=1617"}],"wp:featuredmedia":[{"embeddable":true,"href":"https:\/\/www.qingfaceramic.com\/es\/wp-json\/wp\/v2\/media\/1621"}],"wp:attachment":[{"href":"https:\/\/www.qingfaceramic.com\/es\/wp-json\/wp\/v2\/media?parent=1617"}],"wp:term":[{"taxonomy":"market","embeddable":true,"href":"https:\/\/www.qingfaceramic.com\/es\/wp-json\/wp\/v2\/market?post=1617"},{"taxonomy":"product_brand","embeddable":true,"href":"https:\/\/www.qingfaceramic.com\/es\/wp-json\/wp\/v2\/product_brand?post=1617"},{"taxonomy":"product_cat","embeddable":true,"href":"https:\/\/www.qingfaceramic.com\/es\/wp-json\/wp\/v2\/product_cat?post=1617"},{"taxonomy":"product_tag","embeddable":true,"href":"https:\/\/www.qingfaceramic.com\/es\/wp-json\/wp\/v2\/product_tag?post=1617"}],"curies":[{"name":"wp","href":"https:\/\/api.w.org\/{rel}","templated":true}]}}