{"id":1610,"date":"2026-04-18T09:45:00","date_gmt":"2026-04-18T09:45:00","guid":{"rendered":"https:\/\/www.qingfaceramic.com\/?post_type=product&#038;p=1610"},"modified":"2026-04-18T09:53:48","modified_gmt":"2026-04-18T09:53:48","slug":"custom-middle-eastern-coffee-cup-and-saucer","status":"publish","type":"product","link":"https:\/\/www.qingfaceramic.com\/es\/producto\/custom-middle-eastern-coffee-cup-and-saucer\/","title":{"rendered":"Taza de caf\u00e9 y platillo personalizados de Oriente Medio con asa de forma especial"},"content":{"rendered":"<h2 class=\"wp-block-heading\">Caracter\u00edsticas de la taza y el platillo de caf\u00e9 personalizados de Oriente Medio <\/h2>\n\n\n\n<div class=\"wp-block-columns is-layout-flex wp-container-core-columns-is-layout-9d6595d7 wp-block-columns-is-layout-flex\">\n<div class=\"wp-block-column is-layout-flow wp-block-column-is-layout-flow\">\n<div style=\"height:0px\" aria-hidden=\"true\" class=\"wp-block-spacer\"><\/div>\n\n\n\n<p><strong>Dise\u00f1o distintivo inspirado en la cultura:<\/strong><br>Combina elementos est\u00e9ticos de Oriente Medio con una silueta \u00fanica, creando un juego de caf\u00e9 visualmente impactante y culturalmente expresivo.<\/p>\n\n\n\n<p><strong>Mango con forma especial Signature:<\/strong><br>Mango de dise\u00f1o ergon\u00f3mico con forma art\u00edstica, que mejora tanto la comodidad como la singularidad visual para una presentaci\u00f3n de primera calidad.<\/p>\n\n\n\n<p><strong>Cer\u00e1mica artesanal de primera calidad:<\/strong><br>Fabricado en gres de alta calidad con un acabado refinado, que garantiza su durabilidad, estabilidad y utilidad a largo plazo.<\/p>\n\n\n\n<p><strong>Elegante presentaci\u00f3n de la hospitalidad:<\/strong><br>El dise\u00f1o de taza y platillo a juego eleva la est\u00e9tica de la mesa, por lo que es ideal para cenas de lujo y entornos de servicios de lujo.<\/p>\n\n\n\n<p><strong>Personalizaci\u00f3n OEM\/ODM flexible:<\/strong><br>Admite formas, colores, logotipos y modificaciones de dise\u00f1o personalizados para proyectos de marca, venta al por mayor y hosteler\u00eda.<\/p>\n<\/div>\n\n\n\n<div class=\"wp-block-column is-layout-flow wp-block-column-is-layout-flow\">\n<figure class=\"wp-block-image size-full\"><img decoding=\"async\" width=\"800\" height=\"800\" src=\"https:\/\/www.qingfaceramic.com\/wp-content\/uploads\/2026\/04\/Custom-Middle-Eastern-Coffee-Cup-and-Saucer2.webp\" alt=\"Taza y platillo de caf\u00e9 personalizados de Oriente Medio2\" class=\"wp-image-1612\" srcset=\"https:\/\/www.qingfaceramic.com\/wp-content\/uploads\/2026\/04\/Custom-Middle-Eastern-Coffee-Cup-and-Saucer2.webp 800w, https:\/\/www.qingfaceramic.com\/wp-content\/uploads\/2026\/04\/Custom-Middle-Eastern-Coffee-Cup-and-Saucer2-300x300.webp 300w, https:\/\/www.qingfaceramic.com\/wp-content\/uploads\/2026\/04\/Custom-Middle-Eastern-Coffee-Cup-and-Saucer2-150x150.webp 150w, https:\/\/www.qingfaceramic.com\/wp-content\/uploads\/2026\/04\/Custom-Middle-Eastern-Coffee-Cup-and-Saucer2-768x768.webp 768w, https:\/\/www.qingfaceramic.com\/wp-content\/uploads\/2026\/04\/Custom-Middle-Eastern-Coffee-Cup-and-Saucer2-12x12.webp 12w, https:\/\/www.qingfaceramic.com\/wp-content\/uploads\/2026\/04\/Custom-Middle-Eastern-Coffee-Cup-and-Saucer2-600x600.webp 600w, https:\/\/www.qingfaceramic.com\/wp-content\/uploads\/2026\/04\/Custom-Middle-Eastern-Coffee-Cup-and-Saucer2-100x100.webp 100w\" sizes=\"(max-width: 800px) 100vw, 800px\" \/><\/figure>\n<\/div>\n<\/div>\n\n\n\n<div class=\"wp-block-columns is-layout-flex wp-container-core-columns-is-layout-9d6595d7 wp-block-columns-is-layout-flex\">\n<div class=\"wp-block-column is-layout-flow wp-block-column-is-layout-flow\">\n<figure class=\"wp-block-image size-full\"><img decoding=\"async\" width=\"988\" height=\"988\" src=\"https:\/\/www.qingfaceramic.com\/wp-content\/uploads\/2026\/01\/Custom-Ceramic-Coffee-Mug1.webp\" alt=\"Taza de caf\u00e9 de cer\u00e1mica personalizada1\" class=\"wp-image-608\" srcset=\"https:\/\/www.qingfaceramic.com\/wp-content\/uploads\/2026\/01\/Custom-Ceramic-Coffee-Mug1.webp 988w, https:\/\/www.qingfaceramic.com\/wp-content\/uploads\/2026\/01\/Custom-Ceramic-Coffee-Mug1-300x300.webp 300w, https:\/\/www.qingfaceramic.com\/wp-content\/uploads\/2026\/01\/Custom-Ceramic-Coffee-Mug1-150x150.webp 150w, https:\/\/www.qingfaceramic.com\/wp-content\/uploads\/2026\/01\/Custom-Ceramic-Coffee-Mug1-768x768.webp 768w, https:\/\/www.qingfaceramic.com\/wp-content\/uploads\/2026\/01\/Custom-Ceramic-Coffee-Mug1-600x600.webp 600w, https:\/\/www.qingfaceramic.com\/wp-content\/uploads\/2026\/01\/Custom-Ceramic-Coffee-Mug1-100x100.webp 100w\" sizes=\"(max-width: 988px) 100vw, 988px\" \/><\/figure>\n<\/div>\n\n\n\n<div class=\"wp-block-column is-layout-flow wp-block-column-is-layout-flow\">\n<figure class=\"wp-block-image size-full\"><img decoding=\"async\" width=\"750\" height=\"582\" src=\"https:\/\/www.qingfaceramic.com\/wp-content\/uploads\/2026\/01\/custom-ceramic-coffee-mug8.webp\" alt=\"taza de cer\u00e1mica personalizada8\" class=\"wp-image-611\" srcset=\"https:\/\/www.qingfaceramic.com\/wp-content\/uploads\/2026\/01\/custom-ceramic-coffee-mug8.webp 750w, https:\/\/www.qingfaceramic.com\/wp-content\/uploads\/2026\/01\/custom-ceramic-coffee-mug8-300x233.webp 300w, https:\/\/www.qingfaceramic.com\/wp-content\/uploads\/2026\/01\/custom-ceramic-coffee-mug8-600x466.webp 600w\" sizes=\"(max-width: 750px) 100vw, 750px\" \/><\/figure>\n<\/div>\n<\/div>\n\n\n\n<p><\/p>","protected":false},"excerpt":{"rendered":"<p data-start=\"38\" data-end=\"294\">Nuestra taza y platillo de caf\u00e9 personalizados de Oriente Medio con un asa de forma especial combinan un dise\u00f1o de inspiraci\u00f3n cultural con la artesan\u00eda art\u00edstica de la cer\u00e1mica, ofreciendo una experiencia de servicio distintiva para la hosteler\u00eda de lujo, las cafeter\u00edas boutique y los mercados de regalos premium.<\/p>\n<h2>Par\u00e1metro personalizado de taza y platillo de caf\u00e9 de Oriente Medio<\/h2>\n<table data-path-to-node=\"4\">\n<thead>\n<tr>\n<td><strong>Art\u00edculo<\/strong><\/td>\n<td><strong>Detalles t\u00e9cnicos<\/strong><\/td>\n<\/tr>\n<\/thead>\n<tbody>\n<tr>\n<td><span data-path-to-node=\"4,1,0,0\"><b data-path-to-node=\"4,1,0,0\" data-index-in-node=\"0\">Nombre del producto<\/b><\/span><\/td>\n<td><span data-path-to-node=\"4,1,1,0\">Taza y platillo de caf\u00e9 de Oriente Medio<\/span><\/td>\n<\/tr>\n<tr>\n<td><span data-path-to-node=\"4,2,0,0\"><b data-path-to-node=\"4,2,0,0\" data-index-in-node=\"0\">Material<\/b><\/span><\/td>\n<td><span data-path-to-node=\"4,2,1,0\">Arcilla ecol\u00f3gica de primera calidad \/ Gres de alta cocci\u00f3n<\/span><\/td>\n<\/tr>\n<tr>\n<td><span data-path-to-node=\"4,3,0,0\"><b data-path-to-node=\"4,3,0,0\" data-index-in-node=\"0\">Motivo de dise\u00f1o<\/b><\/span><\/td>\n<td><span data-path-to-node=\"4,3,1,0\">Simbolog\u00eda de la palmera grabada (dise\u00f1o de herencia \u00e1rabe)<\/span><\/td>\n<\/tr>\n<tr>\n<td><span data-path-to-node=\"4,4,0,0\"><b data-path-to-node=\"4,4,0,0\" data-index-in-node=\"0\">Acabado<\/b><\/span><\/td>\n<td><span data-path-to-node=\"4,4,1,0\">Esmalte bitonal (base de textura mate + borde de color liso)<\/span><\/td>\n<\/tr>\n<tr>\n<td><span data-path-to-node=\"4,5,0,0\"><b data-path-to-node=\"4,5,0,0\" data-index-in-node=\"0\">Paleta de colores<\/b><\/span><\/td>\n<td><span data-path-to-node=\"4,5,1,0\">Azul pizarra, Arena del desierto, Beige tierra, Terracota<\/span><\/td>\n<\/tr>\n<tr>\n<td><span data-path-to-node=\"4,6,0,0\"><b data-path-to-node=\"4,6,0,0\" data-index-in-node=\"0\">Dise\u00f1o del asa<\/b><\/span><\/td>\n<td><span data-path-to-node=\"4,6,1,0\">Mango rectangular geom\u00e9trico \u00fanico para un agarre ergon\u00f3mico<\/span><\/td>\n<\/tr>\n<tr>\n<td><span data-path-to-node=\"4,7,0,0\"><b data-path-to-node=\"4,7,0,0\" data-index-in-node=\"0\">Componentes<\/b><\/span><\/td>\n<td><span data-path-to-node=\"4,7,1,0\">Taza alta simple + Platillo circular a juego<\/span><\/td>\n<\/tr>\n<tr>\n<td><span data-path-to-node=\"4,8,0,0\"><b data-path-to-node=\"4,8,0,0\" data-index-in-node=\"0\">Artesan\u00eda<\/b><\/span><\/td>\n<td><span data-path-to-node=\"4,8,1,0\">Cocci\u00f3n a alta temperatura para una mayor durabilidad y resistencia a las virutas<\/span><\/td>\n<\/tr>\n<tr>\n<td><span data-path-to-node=\"4,9,0,0\"><b data-path-to-node=\"4,9,0,0\" data-index-in-node=\"0\">Caracter\u00edsticas principales<\/b><\/span><\/td>\n<td><span data-path-to-node=\"4,9,1,0\"><b data-path-to-node=\"4,9,1,0\" data-index-in-node=\"0\">Retenci\u00f3n del calor<\/b>, <b data-path-to-node=\"4,9,1,0\" data-index-in-node=\"16\">Estructura apilable<\/b>, <b data-path-to-node=\"4,9,1,0\" data-index-in-node=\"37\">Textura inferior antideslizante<\/b><\/span><\/td>\n<\/tr>\n<tr>\n<td><span data-path-to-node=\"4,10,0,0\"><b data-path-to-node=\"4,10,0,0\" data-index-in-node=\"0\">Personalizaci\u00f3n<\/b><\/span><\/td>\n<td><span data-path-to-node=\"4,10,1,0\">Admite OEM\/ODM a granel (logotipo, colores y patrones personalizados)<\/span><\/td>\n<\/tr>\n<tr>\n<td><span data-path-to-node=\"4,11,0,0\"><b data-path-to-node=\"4,11,0,0\" data-index-in-node=\"0\">Norma de seguridad<\/b><\/span><\/td>\n<td><span data-path-to-node=\"4,11,1,0\">Certificado sin plomo, sin cadmio y apto para uso alimentario<\/span><\/td>\n<\/tr>\n<\/tbody>\n<\/table>","protected":false},"featured_media":1615,"comment_status":"closed","ping_status":"closed","template":"","meta":{"_acf_changed":false},"market":[42],"product_brand":[],"product_cat":[29,17],"product_tag":[],"class_list":{"0":"post-1610","1":"product","2":"type-product","3":"status-publish","4":"has-post-thumbnail","6":"market-middle-east-market","7":"product_cat-wholesale-cup-and-saucer-sets","8":"product_cat-custom-coffee-cups","10":"first","11":"instock","12":"shipping-taxable","13":"product-type-simple"},"acf":[],"_links":{"self":[{"href":"https:\/\/www.qingfaceramic.com\/es\/wp-json\/wp\/v2\/product\/1610","targetHints":{"allow":["GET"]}}],"collection":[{"href":"https:\/\/www.qingfaceramic.com\/es\/wp-json\/wp\/v2\/product"}],"about":[{"href":"https:\/\/www.qingfaceramic.com\/es\/wp-json\/wp\/v2\/types\/product"}],"replies":[{"embeddable":true,"href":"https:\/\/www.qingfaceramic.com\/es\/wp-json\/wp\/v2\/comments?post=1610"}],"wp:featuredmedia":[{"embeddable":true,"href":"https:\/\/www.qingfaceramic.com\/es\/wp-json\/wp\/v2\/media\/1615"}],"wp:attachment":[{"href":"https:\/\/www.qingfaceramic.com\/es\/wp-json\/wp\/v2\/media?parent=1610"}],"wp:term":[{"taxonomy":"market","embeddable":true,"href":"https:\/\/www.qingfaceramic.com\/es\/wp-json\/wp\/v2\/market?post=1610"},{"taxonomy":"product_brand","embeddable":true,"href":"https:\/\/www.qingfaceramic.com\/es\/wp-json\/wp\/v2\/product_brand?post=1610"},{"taxonomy":"product_cat","embeddable":true,"href":"https:\/\/www.qingfaceramic.com\/es\/wp-json\/wp\/v2\/product_cat?post=1610"},{"taxonomy":"product_tag","embeddable":true,"href":"https:\/\/www.qingfaceramic.com\/es\/wp-json\/wp\/v2\/product_tag?post=1610"}],"curies":[{"name":"wp","href":"https:\/\/api.w.org\/{rel}","templated":true}]}}