{"id":1601,"date":"2026-04-18T09:35:42","date_gmt":"2026-04-18T09:35:42","guid":{"rendered":"https:\/\/www.qingfaceramic.com\/?post_type=product&#038;p=1601"},"modified":"2026-04-18T09:43:30","modified_gmt":"2026-04-18T09:43:30","slug":"custom-ceramic-middle-eastern-bakhoor-burner-with-metal-tray","status":"publish","type":"product","link":"https:\/\/www.qingfaceramic.com\/es\/producto\/custom-ceramic-middle-eastern-bakhoor-burner-with-metal-tray\/","title":{"rendered":"Quemador Bakhoor de cer\u00e1mica de Oriente Medio personalizado con bandeja de metal"},"content":{"rendered":"<h2 class=\"wp-block-heading\">Caracter\u00edsticas del quemador de cer\u00e1mica de Oriente Medio Bakhoor Custom <\/h2>\n\n\n\n<div class=\"wp-block-columns is-layout-flex wp-container-core-columns-is-layout-9d6595d7 wp-block-columns-is-layout-flex\">\n<div class=\"wp-block-column is-layout-flow wp-block-column-is-layout-flow\">\n<p><strong>Silueta arquitect\u00f3nica cl\u00e1sica<\/strong>: Presenta la ic\u00f3nica textura estriada de una columna de la Antigua Roma, aportando una sensaci\u00f3n de herencia y elegancia estructurada a los interiores modernos.<\/p>\n\n\n\n<p><strong>Detalles artesanales pintados a mano<\/strong>: Cada pieza est\u00e1 decorada con rayas y motivos \u00fanicos aplicados a mano, lo que garantiza una sensaci\u00f3n de \u201c\u00fanico en su especie\u201d para la venta al por menor de lujo.<\/p>\n\n\n\n<p><strong>Estabilidad estructural ponderada<\/strong>: Dise\u00f1ado con una base ancha y estable para soportar de forma segura velas c\u00f3nicas altas o velas de pilar sin riesgo de vuelco.<\/p>\n\n\n\n<p><strong>Funcionalidad decorativa vers\u00e1til<\/strong>: Sirve tanto de portavelas funcional como de pieza de arte escult\u00f3rica independiente, perfecta para chimeneas, mesas de centro o vest\u00edbulos de hotel.<\/p>\n\n\n\n<p><strong>Servicios de acabado a medida<\/strong>: El soporte OEM\/ODM completo permite ajustes de altura personalizados, colores de esmalte y patrones espec\u00edficos de la marca para que coincida con el tema de su colecci\u00f3n.<\/p>\n<\/div>\n\n\n\n<div class=\"wp-block-column is-layout-flow wp-block-column-is-layout-flow\">\n<figure class=\"wp-block-image size-full\"><img decoding=\"async\" width=\"800\" height=\"800\" src=\"https:\/\/www.qingfaceramic.com\/wp-content\/uploads\/2026\/04\/Custom-Ceramic-Middle-Eastern-Bakhoor-Burner-3.webp\" alt=\"Quemador Bakhoor personalizado de cer\u00e1mica de Oriente Medio 3\" class=\"wp-image-1604\" srcset=\"https:\/\/www.qingfaceramic.com\/wp-content\/uploads\/2026\/04\/Custom-Ceramic-Middle-Eastern-Bakhoor-Burner-3.webp 800w, https:\/\/www.qingfaceramic.com\/wp-content\/uploads\/2026\/04\/Custom-Ceramic-Middle-Eastern-Bakhoor-Burner-3-300x300.webp 300w, https:\/\/www.qingfaceramic.com\/wp-content\/uploads\/2026\/04\/Custom-Ceramic-Middle-Eastern-Bakhoor-Burner-3-150x150.webp 150w, https:\/\/www.qingfaceramic.com\/wp-content\/uploads\/2026\/04\/Custom-Ceramic-Middle-Eastern-Bakhoor-Burner-3-768x768.webp 768w, https:\/\/www.qingfaceramic.com\/wp-content\/uploads\/2026\/04\/Custom-Ceramic-Middle-Eastern-Bakhoor-Burner-3-12x12.webp 12w, https:\/\/www.qingfaceramic.com\/wp-content\/uploads\/2026\/04\/Custom-Ceramic-Middle-Eastern-Bakhoor-Burner-3-600x600.webp 600w, https:\/\/www.qingfaceramic.com\/wp-content\/uploads\/2026\/04\/Custom-Ceramic-Middle-Eastern-Bakhoor-Burner-3-100x100.webp 100w\" sizes=\"(max-width: 800px) 100vw, 800px\" \/><\/figure>\n<\/div>\n<\/div>\n\n\n\n<div class=\"wp-block-columns is-layout-flex wp-container-core-columns-is-layout-9d6595d7 wp-block-columns-is-layout-flex\">\n<div class=\"wp-block-column is-layout-flow wp-block-column-is-layout-flow\"><\/div>\n\n\n\n<div class=\"wp-block-column is-layout-flow wp-block-column-is-layout-flow\"><\/div>\n<\/div>","protected":false},"excerpt":{"rendered":"<p data-start=\"428\" data-end=\"756\">Nuestro quemador bakhoor de cer\u00e1mica de Oriente Medio est\u00e1 dise\u00f1ado para los rituales de incienso tradicionales, combinando motivos \u00e1rabes inspirados en el patrimonio con artesan\u00eda cer\u00e1mica cocida a alta temperatura, ideal para hogares de lujo, hoteles y mercados de regalos culturales.<\/p>\n<h2>Par\u00e1metro del quemador Bakhoor de cer\u00e1mica personalizado de Oriente Medio<\/h2>\n<table data-path-to-node=\"4\">\n<thead>\n<tr>\n<td><strong>Art\u00edculo<\/strong><\/td>\n<td><strong>Detalles t\u00e9cnicos<\/strong><\/td>\n<\/tr>\n<\/thead>\n<tbody>\n<tr>\n<td><span data-path-to-node=\"4,1,0,0\"><b data-path-to-node=\"4,1,0,0\" data-index-in-node=\"0\">Nombre del producto<\/b><\/span><\/td>\n<td><span data-path-to-node=\"4,1,1,0\">Quemador Bakhoor (Mabkhara) de cer\u00e1mica de Oriente Medio hecho a medida<\/span><\/td>\n<\/tr>\n<tr>\n<td><span data-path-to-node=\"4,2,0,0\"><b data-path-to-node=\"4,2,0,0\" data-index-in-node=\"0\">Material<\/b><\/span><\/td>\n<td><span data-path-to-node=\"4,2,1,0\">Cer\u00e1mica Premium de Alta Densidad \/ Porcelana Resistente al Calor<\/span><\/td>\n<\/tr>\n<tr>\n<td><span data-path-to-node=\"4,3,0,0\"><b data-path-to-node=\"4,3,0,0\" data-index-in-node=\"0\">Bandeja de inserci\u00f3n<\/b><\/span><\/td>\n<td><span data-path-to-node=\"4,3,1,0\">Porta-incienso extra\u00edble de metal dorado perforado<\/span><\/td>\n<\/tr>\n<tr>\n<td><span data-path-to-node=\"4,4,0,0\"><b data-path-to-node=\"4,4,0,0\" data-index-in-node=\"0\">Motivo de dise\u00f1o<\/b><\/span><\/td>\n<td><span data-path-to-node=\"4,4,1,0\">Iconos tradicionales del patrimonio \u00e1rabe (camello, le\u00f3n, guepardo)<\/span><\/td>\n<\/tr>\n<tr>\n<td><span data-path-to-node=\"4,5,0,0\"><b data-path-to-node=\"4,5,0,0\" data-index-in-node=\"0\">Acabado<\/b><\/span><\/td>\n<td><span data-path-to-node=\"4,5,1,0\">Esmalte vitrificado de alto brillo con acentos de motivos culturales<\/span><\/td>\n<\/tr>\n<tr>\n<td><span data-path-to-node=\"4,6,0,0\"><b data-path-to-node=\"4,6,0,0\" data-index-in-node=\"0\">Opciones de color<\/b><\/span><\/td>\n<td><span data-path-to-node=\"4,6,1,0\">Azul real, verde esmeralda, rojo rub\u00ed, morado intenso<\/span><\/td>\n<\/tr>\n<tr>\n<td><span data-path-to-node=\"4,7,0,0\"><b data-path-to-node=\"4,7,0,0\" data-index-in-node=\"0\">Estructura<\/b><\/span><\/td>\n<td><span data-path-to-node=\"4,7,1,0\">Sistema desmontable de dos piezas (parte superior ventilada + base de pedestal)<\/span><\/td>\n<\/tr>\n<tr>\n<td><span data-path-to-node=\"4,8,0,0\"><b data-path-to-node=\"4,8,0,0\" data-index-in-node=\"0\">Caracter\u00edsticas principales<\/b><\/span><\/td>\n<td><span data-path-to-node=\"4,8,1,0\"><b data-path-to-node=\"4,8,1,0\" data-index-in-node=\"0\">Difusi\u00f3n uniforme del humo<\/b>, <b data-path-to-node=\"4,8,1,0\" data-index-in-node=\"22\">Base cer\u00e1mica con aislamiento t\u00e9rmico<\/b>, <b data-path-to-node=\"4,8,1,0\" data-index-in-node=\"51\">Superficie f\u00e1cil de limpiar<\/b><\/span><\/td>\n<\/tr>\n<tr>\n<td><span data-path-to-node=\"4,9,0,0\"><b data-path-to-node=\"4,9,0,0\" data-index-in-node=\"0\">Artesan\u00eda<\/b><\/span><\/td>\n<td><span data-path-to-node=\"4,9,1,0\">Cer\u00e1mica cocida a alta temperatura con calcoman\u00edas aplicadas a mano<\/span><\/td>\n<\/tr>\n<tr>\n<td><span data-path-to-node=\"4,10,0,0\"><b data-path-to-node=\"4,10,0,0\" data-index-in-node=\"0\">Personalizaci\u00f3n<\/b><\/span><\/td>\n<td><span data-path-to-node=\"4,10,1,0\">Admite OEM\/ODM a granel, patrones a medida y marcas con logotipo<\/span><\/td>\n<\/tr>\n<tr>\n<td><span data-path-to-node=\"4,11,0,0\"><b data-path-to-node=\"4,11,0,0\" data-index-in-node=\"0\">Norma de seguridad<\/b><\/span><\/td>\n<td><span data-path-to-node=\"4,11,1,0\">Esmalte ecol\u00f3gico sin plomo ni cadmio<\/span><\/td>\n<\/tr>\n<\/tbody>\n<\/table>\n<p>&nbsp;<\/p>","protected":false},"featured_media":1609,"comment_status":"closed","ping_status":"closed","template":"","meta":{"_acf_changed":false},"market":[42],"product_brand":[],"product_cat":[18,31],"product_tag":[],"class_list":{"0":"post-1601","1":"product","2":"type-product","3":"status-publish","4":"has-post-thumbnail","6":"market-middle-east-market","7":"product_cat-custom-home-decor","8":"product_cat-custom-candle-jars","10":"first","11":"instock","12":"shipping-taxable","13":"product-type-simple"},"acf":[],"_links":{"self":[{"href":"https:\/\/www.qingfaceramic.com\/es\/wp-json\/wp\/v2\/product\/1601","targetHints":{"allow":["GET"]}}],"collection":[{"href":"https:\/\/www.qingfaceramic.com\/es\/wp-json\/wp\/v2\/product"}],"about":[{"href":"https:\/\/www.qingfaceramic.com\/es\/wp-json\/wp\/v2\/types\/product"}],"replies":[{"embeddable":true,"href":"https:\/\/www.qingfaceramic.com\/es\/wp-json\/wp\/v2\/comments?post=1601"}],"wp:featuredmedia":[{"embeddable":true,"href":"https:\/\/www.qingfaceramic.com\/es\/wp-json\/wp\/v2\/media\/1609"}],"wp:attachment":[{"href":"https:\/\/www.qingfaceramic.com\/es\/wp-json\/wp\/v2\/media?parent=1601"}],"wp:term":[{"taxonomy":"market","embeddable":true,"href":"https:\/\/www.qingfaceramic.com\/es\/wp-json\/wp\/v2\/market?post=1601"},{"taxonomy":"product_brand","embeddable":true,"href":"https:\/\/www.qingfaceramic.com\/es\/wp-json\/wp\/v2\/product_brand?post=1601"},{"taxonomy":"product_cat","embeddable":true,"href":"https:\/\/www.qingfaceramic.com\/es\/wp-json\/wp\/v2\/product_cat?post=1601"},{"taxonomy":"product_tag","embeddable":true,"href":"https:\/\/www.qingfaceramic.com\/es\/wp-json\/wp\/v2\/product_tag?post=1601"}],"curies":[{"name":"wp","href":"https:\/\/api.w.org\/{rel}","templated":true}]}}