{"id":1592,"date":"2026-04-18T09:12:34","date_gmt":"2026-04-18T09:12:34","guid":{"rendered":"https:\/\/www.qingfaceramic.com\/?post_type=product&#038;p=1592"},"modified":"2026-04-18T09:27:25","modified_gmt":"2026-04-18T09:27:25","slug":"custom-middle-east-coffee-set-with-palm-tree-motif","status":"publish","type":"product","link":"https:\/\/www.qingfaceramic.com\/es\/producto\/custom-middle-east-coffee-set-with-palm-tree-motif\/","title":{"rendered":"Juego de caf\u00e9 personalizado Oriente Medio con motivo de palmera"},"content":{"rendered":"<h2 class=\"wp-block-heading\">Caracter\u00edsticas del juego de caf\u00e9 personalizado Oriente Medio<\/h2>\n\n\n\n<div class=\"wp-block-columns is-layout-flex wp-container-core-columns-is-layout-9d6595d7 wp-block-columns-is-layout-flex\">\n<div class=\"wp-block-column is-layout-flow wp-block-column-is-layout-flow\">\n<div style=\"height:0px\" aria-hidden=\"true\" class=\"wp-block-spacer\"><\/div>\n\n\n\n<p><strong>Ic\u00f3nico motivo cultural de la palmera:<\/strong><br>Con un refinado dise\u00f1o de palmera inspirado en la simbolog\u00eda de Oriente Pr\u00f3ximo, aporta al producto una fuerte identidad cultural y valor narrativo.<\/p>\n\n\n\n<p><strong>Presentaci\u00f3n de Caf\u00e9 Decorativo Premium:<\/strong><br>Dise\u00f1ado para elevar la est\u00e9tica del servicio de caf\u00e9, creando una experiencia visualmente refinada para la hosteler\u00eda de lujo y la restauraci\u00f3n selecta.<\/p>\n\n\n\n<p><strong>Elegante fusi\u00f3n de tradici\u00f3n y modernidad:<\/strong><br>Combina elementos culturales tradicionales de Oriente Medio con un dise\u00f1o cer\u00e1mico contempor\u00e1neo para lograr un estilo atemporal y vers\u00e1til.<\/p>\n\n\n\n<p><strong>Atractivo para regalos y hosteler\u00eda de gama alta:<\/strong><br>Perfecta para regalos de lujo, hoteles boutique y caf\u00e9s de lujo que buscan colecciones de vajillas culturales distintivas.<\/p>\n\n\n\n<p><strong>Soluci\u00f3n OEM\/ODM totalmente personalizable:<\/strong><br>Admite una personalizaci\u00f3n flexible que incluye la adaptaci\u00f3n de motivos, el desarrollo de colores y la creaci\u00f3n de marcas para proyectos mayoristas y de marcas blancas.<\/p>\n<\/div>\n\n\n\n<div class=\"wp-block-column is-layout-flow wp-block-column-is-layout-flow\">\n<figure class=\"wp-block-image size-full\"><img decoding=\"async\" width=\"800\" height=\"800\" src=\"https:\/\/www.qingfaceramic.com\/wp-content\/uploads\/2026\/04\/Custom-Middle-East-Coffee-Set-with-Palm-Tree-Motif3.webp\" alt=\"Juego de caf\u00e9 personalizado de Oriente Medio con motivo de palmeras3\" class=\"wp-image-1595\" srcset=\"https:\/\/www.qingfaceramic.com\/wp-content\/uploads\/2026\/04\/Custom-Middle-East-Coffee-Set-with-Palm-Tree-Motif3.webp 800w, https:\/\/www.qingfaceramic.com\/wp-content\/uploads\/2026\/04\/Custom-Middle-East-Coffee-Set-with-Palm-Tree-Motif3-300x300.webp 300w, https:\/\/www.qingfaceramic.com\/wp-content\/uploads\/2026\/04\/Custom-Middle-East-Coffee-Set-with-Palm-Tree-Motif3-150x150.webp 150w, https:\/\/www.qingfaceramic.com\/wp-content\/uploads\/2026\/04\/Custom-Middle-East-Coffee-Set-with-Palm-Tree-Motif3-768x768.webp 768w, https:\/\/www.qingfaceramic.com\/wp-content\/uploads\/2026\/04\/Custom-Middle-East-Coffee-Set-with-Palm-Tree-Motif3-12x12.webp 12w, https:\/\/www.qingfaceramic.com\/wp-content\/uploads\/2026\/04\/Custom-Middle-East-Coffee-Set-with-Palm-Tree-Motif3-600x600.webp 600w, https:\/\/www.qingfaceramic.com\/wp-content\/uploads\/2026\/04\/Custom-Middle-East-Coffee-Set-with-Palm-Tree-Motif3-100x100.webp 100w\" sizes=\"(max-width: 800px) 100vw, 800px\" \/><\/figure>\n<\/div>\n<\/div>\n\n\n\n<div class=\"wp-block-columns is-layout-flex wp-container-core-columns-is-layout-9d6595d7 wp-block-columns-is-layout-flex\">\n<div class=\"wp-block-column is-layout-flow wp-block-column-is-layout-flow\">\n<figure class=\"wp-block-image size-full\"><img decoding=\"async\" width=\"988\" height=\"988\" src=\"https:\/\/www.qingfaceramic.com\/wp-content\/uploads\/2026\/01\/Custom-Ceramic-Coffee-Mug1.webp\" alt=\"Taza de caf\u00e9 de cer\u00e1mica personalizada1\" class=\"wp-image-608\" srcset=\"https:\/\/www.qingfaceramic.com\/wp-content\/uploads\/2026\/01\/Custom-Ceramic-Coffee-Mug1.webp 988w, https:\/\/www.qingfaceramic.com\/wp-content\/uploads\/2026\/01\/Custom-Ceramic-Coffee-Mug1-300x300.webp 300w, https:\/\/www.qingfaceramic.com\/wp-content\/uploads\/2026\/01\/Custom-Ceramic-Coffee-Mug1-150x150.webp 150w, https:\/\/www.qingfaceramic.com\/wp-content\/uploads\/2026\/01\/Custom-Ceramic-Coffee-Mug1-768x768.webp 768w, https:\/\/www.qingfaceramic.com\/wp-content\/uploads\/2026\/01\/Custom-Ceramic-Coffee-Mug1-600x600.webp 600w, https:\/\/www.qingfaceramic.com\/wp-content\/uploads\/2026\/01\/Custom-Ceramic-Coffee-Mug1-100x100.webp 100w\" sizes=\"(max-width: 988px) 100vw, 988px\" \/><\/figure>\n<\/div>\n\n\n\n<div class=\"wp-block-column is-layout-flow wp-block-column-is-layout-flow\">\n<figure class=\"wp-block-image size-full\"><img decoding=\"async\" width=\"750\" height=\"582\" src=\"https:\/\/www.qingfaceramic.com\/wp-content\/uploads\/2026\/01\/custom-ceramic-coffee-mug8.webp\" alt=\"taza de cer\u00e1mica personalizada8\" class=\"wp-image-611\" srcset=\"https:\/\/www.qingfaceramic.com\/wp-content\/uploads\/2026\/01\/custom-ceramic-coffee-mug8.webp 750w, https:\/\/www.qingfaceramic.com\/wp-content\/uploads\/2026\/01\/custom-ceramic-coffee-mug8-300x233.webp 300w, https:\/\/www.qingfaceramic.com\/wp-content\/uploads\/2026\/01\/custom-ceramic-coffee-mug8-600x466.webp 600w\" sizes=\"(max-width: 750px) 100vw, 750px\" \/><\/figure>\n<\/div>\n<\/div>\n\n\n\n<p><\/p>","protected":false},"excerpt":{"rendered":"<p data-start=\"503\" data-end=\"756\">Nuestro juego de caf\u00e9 personalizado de Oriente Medio con motivo de palmera combina la refinada artesan\u00eda cer\u00e1mica con el simbolismo ic\u00f3nico de Oriente Medio, ofreciendo un dise\u00f1o de inspiraci\u00f3n cultural ideal para la hosteler\u00eda de lujo, las cafeter\u00edas boutique y los mercados de regalos premium.<\/p>\n<h2>Par\u00e1metros del juego de caf\u00e9 personalizado de Oriente Medio<\/h2>\n<table data-path-to-node=\"2\">\n<thead>\n<tr>\n<td><strong>Art\u00edculo<\/strong><\/td>\n<td><strong>Detalles t\u00e9cnicos<\/strong><\/td>\n<\/tr>\n<\/thead>\n<tbody>\n<tr>\n<td><span data-path-to-node=\"2,1,0,0\"><b data-path-to-node=\"2,1,0,0\" data-index-in-node=\"0\">Nombre del producto<\/b><\/span><\/td>\n<td>Juego de caf\u00e9 personalizado para Oriente Pr\u00f3ximo<\/td>\n<\/tr>\n<tr>\n<td><span data-path-to-node=\"2,2,0,0\"><b data-path-to-node=\"2,2,0,0\" data-index-in-node=\"0\">Material<\/b><\/span><\/td>\n<td><span data-path-to-node=\"2,2,1,0\">Cer\u00e1mica \/ Gres Artesanal de Alta Calidad<\/span><\/td>\n<\/tr>\n<tr>\n<td><span data-path-to-node=\"2,3,0,0\"><b data-path-to-node=\"2,3,0,0\" data-index-in-node=\"0\">Estilo de dise\u00f1o<\/b><\/span><\/td>\n<td><span data-path-to-node=\"2,3,1,0\">De inspiraci\u00f3n griega cl\u00e1sica \/ arquitect\u00f3nica \/ neocl\u00e1sica<\/span><\/td>\n<\/tr>\n<tr>\n<td><span data-path-to-node=\"2,4,0,0\"><b data-path-to-node=\"2,4,0,0\" data-index-in-node=\"0\">Textura\/acabado<\/b><\/span><\/td>\n<td><span data-path-to-node=\"2,4,1,0\">Esmalte mate moteado y acabados lisos satinados<\/span><\/td>\n<\/tr>\n<tr>\n<td><span data-path-to-node=\"2,5,0,0\"><b data-path-to-node=\"2,5,0,0\" data-index-in-node=\"0\">Opciones de color<\/b><\/span><\/td>\n<td><span data-path-to-node=\"2,5,1,0\">Beige arena, Blanco marfil, Crema moteado, Gris suave<\/span><\/td>\n<\/tr>\n<tr>\n<td><span data-path-to-node=\"2,6,0,0\"><b data-path-to-node=\"2,6,0,0\" data-index-in-node=\"0\">Estructura<\/b><\/span><\/td>\n<td><span data-path-to-node=\"2,6,1,0\">Cuerpo de pilar estriado con bases arquitect\u00f3nicas escalonadas<\/span><\/td>\n<\/tr>\n<tr>\n<td><span data-path-to-node=\"2,7,0,0\"><b data-path-to-node=\"2,7,0,0\" data-index-in-node=\"0\">Caracter\u00edsticas principales<\/b><\/span><\/td>\n<td><span data-path-to-node=\"2,7,1,0\"><b data-path-to-node=\"2,7,1,0\" data-index-in-node=\"0\">Resistente al calor<\/b>, <b data-path-to-node=\"2,7,1,0\" data-index-in-node=\"16\">Base lastrada para mayor estabilidad<\/b>, <b data-path-to-node=\"2,7,1,0\" data-index-in-node=\"45\">Acabado a mano<\/b><\/span><\/td>\n<\/tr>\n<tr>\n<td><span data-path-to-node=\"2,8,0,0\"><b data-path-to-node=\"2,8,0,0\" data-index-in-node=\"0\">Personalizaci\u00f3n<\/b><\/span><\/td>\n<td><span data-path-to-node=\"2,8,1,0\">Admite OEM\/ODM a granel (altura, anchura y color a medida)<\/span><\/td>\n<\/tr>\n<\/tbody>\n<\/table>","protected":false},"featured_media":1593,"comment_status":"closed","ping_status":"closed","template":"","meta":{"_acf_changed":false},"market":[42],"product_brand":[],"product_cat":[17,28],"product_tag":[],"class_list":{"0":"post-1592","1":"product","2":"type-product","3":"status-publish","4":"has-post-thumbnail","6":"market-middle-east-market","7":"product_cat-custom-coffee-cups","8":"product_cat-custom-coffee-mugs","10":"first","11":"instock","12":"shipping-taxable","13":"product-type-simple"},"acf":[],"_links":{"self":[{"href":"https:\/\/www.qingfaceramic.com\/es\/wp-json\/wp\/v2\/product\/1592","targetHints":{"allow":["GET"]}}],"collection":[{"href":"https:\/\/www.qingfaceramic.com\/es\/wp-json\/wp\/v2\/product"}],"about":[{"href":"https:\/\/www.qingfaceramic.com\/es\/wp-json\/wp\/v2\/types\/product"}],"replies":[{"embeddable":true,"href":"https:\/\/www.qingfaceramic.com\/es\/wp-json\/wp\/v2\/comments?post=1592"}],"wp:featuredmedia":[{"embeddable":true,"href":"https:\/\/www.qingfaceramic.com\/es\/wp-json\/wp\/v2\/media\/1593"}],"wp:attachment":[{"href":"https:\/\/www.qingfaceramic.com\/es\/wp-json\/wp\/v2\/media?parent=1592"}],"wp:term":[{"taxonomy":"market","embeddable":true,"href":"https:\/\/www.qingfaceramic.com\/es\/wp-json\/wp\/v2\/market?post=1592"},{"taxonomy":"product_brand","embeddable":true,"href":"https:\/\/www.qingfaceramic.com\/es\/wp-json\/wp\/v2\/product_brand?post=1592"},{"taxonomy":"product_cat","embeddable":true,"href":"https:\/\/www.qingfaceramic.com\/es\/wp-json\/wp\/v2\/product_cat?post=1592"},{"taxonomy":"product_tag","embeddable":true,"href":"https:\/\/www.qingfaceramic.com\/es\/wp-json\/wp\/v2\/product_tag?post=1592"}],"curies":[{"name":"wp","href":"https:\/\/api.w.org\/{rel}","templated":true}]}}