{"id":1584,"date":"2026-04-18T09:00:56","date_gmt":"2026-04-18T09:00:56","guid":{"rendered":"https:\/\/www.qingfaceramic.com\/?post_type=product&#038;p=1584"},"modified":"2026-04-18T09:09:36","modified_gmt":"2026-04-18T09:09:36","slug":"custom-retro-middle-eastern-coffee-cup-without-handle","status":"publish","type":"product","link":"https:\/\/www.qingfaceramic.com\/es\/producto\/custom-retro-middle-eastern-coffee-cup-without-handle\/","title":{"rendered":"Taza de caf\u00e9 retro personalizada de Oriente Medio sin asa"},"content":{"rendered":"<h2 class=\"wp-block-heading\">Caracter\u00edsticas de la taza de caf\u00e9 retro personalizada de Oriente Medio<\/h2>\n\n\n\n<div class=\"wp-block-columns is-layout-flex wp-container-core-columns-is-layout-9d6595d7 wp-block-columns-is-layout-flex\">\n<div class=\"wp-block-column is-layout-flow wp-block-column-is-layout-flow\">\n<div style=\"height:0px\" aria-hidden=\"true\" class=\"wp-block-spacer\"><\/div>\n\n\n\n<p><strong>Dise\u00f1o retro distintivo de Oriente Medio:<\/strong><br>Inspirado en motivos tradicionales de Oriente Pr\u00f3ximo con una interpretaci\u00f3n industrial moderna, crea una fuerte identidad visual y un atractivo cultural de primer orden.<\/p>\n\n\n\n<p><strong>Acabado de esmalte met\u00e1lico de lujo:<\/strong><br>Los acabados en oro galv\u00e1nico y bronce antiguo ofrecen una superficie reflectante de alta gama con una elegante profundidad y una textura de lujo.<\/p>\n\n\n\n<p><strong>Artesan\u00eda art\u00edstica de superficies en 3D:<\/strong><br>Con facetas geom\u00e9tricas, patrones de ladrillos en relieve y texturas tribales en relieve para una mayor riqueza t\u00e1ctil y visual.<\/p>\n\n\n\n<p><strong>Estructura cer\u00e1mica funcional de primera calidad:<\/strong><br>Fabricada en gres de alta densidad con paredes gruesas que garantizan el aislamiento t\u00e9rmico, la durabilidad y la resistencia a los ara\u00f1azos.<\/p>\n\n\n\n<p><strong>Personalizaci\u00f3n OEM\/ODM flexible:<\/strong><br>Admite el grabado de logotipos personalizados, texturas superficiales a medida y desarrollo de colores para proyectos de marca y hosteler\u00eda a gran escala.<\/p>\n<\/div>\n\n\n\n<div class=\"wp-block-column is-layout-flow wp-block-column-is-layout-flow\">\n<figure class=\"wp-block-image size-full\"><img decoding=\"async\" width=\"800\" height=\"800\" src=\"https:\/\/www.qingfaceramic.com\/wp-content\/uploads\/2026\/04\/Custom-Retro-Middle-Eastern-Coffee-Cup5.webp\" alt=\"Taza de caf\u00e9 retro personalizada de Oriente Medio5\" class=\"wp-image-1589\" srcset=\"https:\/\/www.qingfaceramic.com\/wp-content\/uploads\/2026\/04\/Custom-Retro-Middle-Eastern-Coffee-Cup5.webp 800w, https:\/\/www.qingfaceramic.com\/wp-content\/uploads\/2026\/04\/Custom-Retro-Middle-Eastern-Coffee-Cup5-300x300.webp 300w, https:\/\/www.qingfaceramic.com\/wp-content\/uploads\/2026\/04\/Custom-Retro-Middle-Eastern-Coffee-Cup5-150x150.webp 150w, https:\/\/www.qingfaceramic.com\/wp-content\/uploads\/2026\/04\/Custom-Retro-Middle-Eastern-Coffee-Cup5-768x768.webp 768w, https:\/\/www.qingfaceramic.com\/wp-content\/uploads\/2026\/04\/Custom-Retro-Middle-Eastern-Coffee-Cup5-12x12.webp 12w, https:\/\/www.qingfaceramic.com\/wp-content\/uploads\/2026\/04\/Custom-Retro-Middle-Eastern-Coffee-Cup5-600x600.webp 600w, https:\/\/www.qingfaceramic.com\/wp-content\/uploads\/2026\/04\/Custom-Retro-Middle-Eastern-Coffee-Cup5-100x100.webp 100w\" sizes=\"(max-width: 800px) 100vw, 800px\" \/><\/figure>\n<\/div>\n<\/div>\n\n\n\n<div class=\"wp-block-columns is-layout-flex wp-container-core-columns-is-layout-9d6595d7 wp-block-columns-is-layout-flex\">\n<div class=\"wp-block-column is-layout-flow wp-block-column-is-layout-flow\">\n<figure class=\"wp-block-image size-full\"><img decoding=\"async\" width=\"988\" height=\"988\" src=\"https:\/\/www.qingfaceramic.com\/wp-content\/uploads\/2026\/01\/Custom-Ceramic-Coffee-Mug1.webp\" alt=\"Taza de caf\u00e9 de cer\u00e1mica personalizada1\" class=\"wp-image-608\" srcset=\"https:\/\/www.qingfaceramic.com\/wp-content\/uploads\/2026\/01\/Custom-Ceramic-Coffee-Mug1.webp 988w, https:\/\/www.qingfaceramic.com\/wp-content\/uploads\/2026\/01\/Custom-Ceramic-Coffee-Mug1-300x300.webp 300w, https:\/\/www.qingfaceramic.com\/wp-content\/uploads\/2026\/01\/Custom-Ceramic-Coffee-Mug1-150x150.webp 150w, https:\/\/www.qingfaceramic.com\/wp-content\/uploads\/2026\/01\/Custom-Ceramic-Coffee-Mug1-768x768.webp 768w, https:\/\/www.qingfaceramic.com\/wp-content\/uploads\/2026\/01\/Custom-Ceramic-Coffee-Mug1-600x600.webp 600w, https:\/\/www.qingfaceramic.com\/wp-content\/uploads\/2026\/01\/Custom-Ceramic-Coffee-Mug1-100x100.webp 100w\" sizes=\"(max-width: 988px) 100vw, 988px\" \/><\/figure>\n<\/div>\n\n\n\n<div class=\"wp-block-column is-layout-flow wp-block-column-is-layout-flow\">\n<figure class=\"wp-block-image size-full\"><img decoding=\"async\" width=\"750\" height=\"582\" src=\"https:\/\/www.qingfaceramic.com\/wp-content\/uploads\/2026\/01\/custom-ceramic-coffee-mug8.webp\" alt=\"taza de cer\u00e1mica personalizada8\" class=\"wp-image-611\" srcset=\"https:\/\/www.qingfaceramic.com\/wp-content\/uploads\/2026\/01\/custom-ceramic-coffee-mug8.webp 750w, https:\/\/www.qingfaceramic.com\/wp-content\/uploads\/2026\/01\/custom-ceramic-coffee-mug8-300x233.webp 300w, https:\/\/www.qingfaceramic.com\/wp-content\/uploads\/2026\/01\/custom-ceramic-coffee-mug8-600x466.webp 600w\" sizes=\"(max-width: 750px) 100vw, 750px\" \/><\/figure>\n<\/div>\n<\/div>\n\n\n\n<p><\/p>","protected":false},"excerpt":{"rendered":"<p data-start=\"503\" data-end=\"756\">Nuestra taza de caf\u00e9 retro personalizada de Oriente Medio sin asa presenta un lujoso dise\u00f1o de inspiraci\u00f3n industrial con esmalte met\u00e1lico y texturas geom\u00e9tricas, que ofrece una refinada est\u00e9tica cultural para hosteler\u00eda de alto nivel, cafeter\u00edas boutique y proyectos de regalos de primera calidad.<\/p>\n<h2>Taza de caf\u00e9 retro personalizada de Oriente Medio Par\u00e1metro<\/h2>\n<table data-path-to-node=\"1\">\n<thead>\n<tr>\n<td><strong>Art\u00edculo<\/strong><\/td>\n<td><strong>Detalles<\/strong><\/td>\n<\/tr>\n<\/thead>\n<tbody>\n<tr>\n<td><span data-path-to-node=\"1,1,0,0\"><b data-path-to-node=\"1,1,0,0\" data-index-in-node=\"0\">Nombre del producto<\/b><\/span><\/td>\n<td>Taza de caf\u00e9 retro personalizada de Oriente Medio sin asa<\/td>\n<\/tr>\n<tr>\n<td><span data-path-to-node=\"1,2,0,0\"><b data-path-to-node=\"1,2,0,0\" data-index-in-node=\"0\">Material<\/b><\/span><\/td>\n<td><span data-path-to-node=\"1,2,1,0\">Cer\u00e1mica Premium Reforzada \/ Gres de Alta Densidad<\/span><\/td>\n<\/tr>\n<tr>\n<td><span data-path-to-node=\"1,3,0,0\"><b data-path-to-node=\"1,3,0,0\" data-index-in-node=\"0\">Acabado<\/b><\/span><\/td>\n<td><span data-path-to-node=\"1,3,1,0\">Esmalte met\u00e1lico galv\u00e1nico \/ Acabado oro satinado mate<\/span><\/td>\n<\/tr>\n<tr>\n<td><span data-path-to-node=\"1,4,0,0\"><b data-path-to-node=\"1,4,0,0\" data-index-in-node=\"0\">Texturas superficiales<\/b><\/span><\/td>\n<td><span data-path-to-node=\"1,4,1,0\">Geometr\u00eda 3D facetada, ladrillo en relieve, motivos tribales en relieve<\/span><\/td>\n<\/tr>\n<tr>\n<td><span data-path-to-node=\"1,5,0,0\"><b data-path-to-node=\"1,5,0,0\" data-index-in-node=\"0\">Paleta de colores<\/b><\/span><\/td>\n<td><span data-path-to-node=\"1,5,1,0\">Bronce antiguo, Oro real, Marr\u00f3n espresso profundo<\/span><\/td>\n<\/tr>\n<tr>\n<td><span data-path-to-node=\"1,6,0,0\"><b data-path-to-node=\"1,6,0,0\" data-index-in-node=\"0\">Estilo de dise\u00f1o<\/b><\/span><\/td>\n<td><span data-path-to-node=\"1,6,1,0\">Oriente Medio moderno \/ Est\u00e9tica industrial de lujo<\/span><\/td>\n<\/tr>\n<tr>\n<td><span data-path-to-node=\"1,7,0,0\"><b data-path-to-node=\"1,7,0,0\" data-index-in-node=\"0\">Caracter\u00edsticas principales<\/b><\/span><\/td>\n<td><span data-path-to-node=\"1,7,1,0\"><b data-path-to-node=\"1,7,1,0\" data-index-in-node=\"0\">Paredes gruesas aislantes del calor<\/b>, <b data-path-to-node=\"1,7,1,0\" data-index-in-node=\"29\">Empu\u00f1adura t\u00e1ctil ergon\u00f3mica<\/b>, <b data-path-to-node=\"1,7,1,0\" data-index-in-node=\"53\">Esmalte resistente a los ara\u00f1azos<\/b><\/span><\/td>\n<\/tr>\n<tr>\n<td><span data-path-to-node=\"1,8,0,0\"><b data-path-to-node=\"1,8,0,0\" data-index-in-node=\"0\">Aplicaci\u00f3n<\/b><\/span><\/td>\n<td><span data-path-to-node=\"1,8,1,0\">Salones de negocios de alto nivel, caf\u00e9s boutique, restaurantes de lujo, regalos de lujo<\/span><\/td>\n<\/tr>\n<tr>\n<td><span data-path-to-node=\"1,9,0,0\"><b data-path-to-node=\"1,9,0,0\" data-index-in-node=\"0\">Personalizaci\u00f3n<\/b><\/span><\/td>\n<td><span data-path-to-node=\"1,9,1,0\">Admite OEM\/ODM a granel, grabado de logotipo personalizado, texturas a medida<\/span><\/td>\n<\/tr>\n<tr>\n<td><span data-path-to-node=\"1,10,0,0\"><b data-path-to-node=\"1,10,0,0\" data-index-in-node=\"0\">Normas de seguridad<\/b><\/span><\/td>\n<td><span data-path-to-node=\"1,10,1,0\">Sin plomo, sin cadmio, certificado para uso alimentario<\/span><\/td>\n<\/tr>\n<\/tbody>\n<\/table>","protected":false},"featured_media":1591,"comment_status":"closed","ping_status":"closed","template":"","meta":{"_acf_changed":false},"market":[42],"product_brand":[],"product_cat":[17,28],"product_tag":[],"class_list":{"0":"post-1584","1":"product","2":"type-product","3":"status-publish","4":"has-post-thumbnail","6":"market-middle-east-market","7":"product_cat-custom-coffee-cups","8":"product_cat-custom-coffee-mugs","10":"first","11":"instock","12":"shipping-taxable","13":"product-type-simple"},"acf":[],"_links":{"self":[{"href":"https:\/\/www.qingfaceramic.com\/es\/wp-json\/wp\/v2\/product\/1584","targetHints":{"allow":["GET"]}}],"collection":[{"href":"https:\/\/www.qingfaceramic.com\/es\/wp-json\/wp\/v2\/product"}],"about":[{"href":"https:\/\/www.qingfaceramic.com\/es\/wp-json\/wp\/v2\/types\/product"}],"replies":[{"embeddable":true,"href":"https:\/\/www.qingfaceramic.com\/es\/wp-json\/wp\/v2\/comments?post=1584"}],"wp:featuredmedia":[{"embeddable":true,"href":"https:\/\/www.qingfaceramic.com\/es\/wp-json\/wp\/v2\/media\/1591"}],"wp:attachment":[{"href":"https:\/\/www.qingfaceramic.com\/es\/wp-json\/wp\/v2\/media?parent=1584"}],"wp:term":[{"taxonomy":"market","embeddable":true,"href":"https:\/\/www.qingfaceramic.com\/es\/wp-json\/wp\/v2\/market?post=1584"},{"taxonomy":"product_brand","embeddable":true,"href":"https:\/\/www.qingfaceramic.com\/es\/wp-json\/wp\/v2\/product_brand?post=1584"},{"taxonomy":"product_cat","embeddable":true,"href":"https:\/\/www.qingfaceramic.com\/es\/wp-json\/wp\/v2\/product_cat?post=1584"},{"taxonomy":"product_tag","embeddable":true,"href":"https:\/\/www.qingfaceramic.com\/es\/wp-json\/wp\/v2\/product_tag?post=1584"}],"curies":[{"name":"wp","href":"https:\/\/api.w.org\/{rel}","templated":true}]}}