{"id":1567,"date":"2026-04-18T08:23:25","date_gmt":"2026-04-18T08:23:25","guid":{"rendered":"https:\/\/www.qingfaceramic.com\/?post_type=product&#038;p=1567"},"modified":"2026-04-18T09:55:02","modified_gmt":"2026-04-18T09:55:02","slug":"custom-middle-eastern-clay-coffee-cup-saucer-set","status":"publish","type":"product","link":"https:\/\/www.qingfaceramic.com\/es\/producto\/custom-middle-eastern-clay-coffee-cup-saucer-set\/","title":{"rendered":"Juego de taza de caf\u00e9 y platillo de arcilla personalizados de Oriente Medio"},"content":{"rendered":"<h2 class=\"wp-block-heading\">Caracter\u00edsticas del juego de tazas y platillos de arcilla personalizados de Oriente Medio<\/h2>\n\n\n\n<div class=\"wp-block-columns is-layout-flex wp-container-core-columns-is-layout-9d6595d7 wp-block-columns-is-layout-flex\">\n<div class=\"wp-block-column is-layout-flow wp-block-column-is-layout-flow\">\n<ol class=\"wp-block-list\">\n<li><strong>Aut\u00e9ntico dise\u00f1o cultural<\/strong>\uff1a Con un estilo de Oriente Medio y calcoman\u00edas doradas de camellos, estas piezas reflejan la identidad regional y aumentan el atractivo cultural para los mercados de destino.<\/li>\n\n\n\n<li><strong>Calidad artesanal<\/strong>\uff1aTalladas a mano y cocidas a alta temperatura, cada taza y plato presenta texturas \u00fanicas y variaciones naturales.<\/li>\n\n\n\n<li><strong>Excelente retenci\u00f3n del calor<\/strong>\uff1a Fabricado con arcilla natural de primera calidad, el juego retiene el calor eficazmente, mejorando la experiencia tradicional de tomar caf\u00e9.<\/li>\n\n\n\n<li><strong>Opciones de personalizaci\u00f3n flexibles\uff1a<\/strong> Admite OEM\/ODM, incluida la personalizaci\u00f3n de logotipos, colores y patrones para satisfacer las necesidades de la marca y del mercado.<\/li>\n\n\n\n<li><strong>Textura y funcionalidad equilibradas<\/strong>\uff1a Cuerpo de textura mate combinado con un suave borde esmaltado que garantiza tanto el atractivo est\u00e9tico como un c\u00f3modo uso diario.<\/li>\n<\/ol>\n\n\n\n<div style=\"height:0px\" aria-hidden=\"true\" class=\"wp-block-spacer\"><\/div>\n<\/div>\n\n\n\n<div class=\"wp-block-column is-layout-flow wp-block-column-is-layout-flow\">\n<figure class=\"wp-block-image size-full\"><img decoding=\"async\" width=\"800\" height=\"800\" src=\"https:\/\/www.qingfaceramic.com\/wp-content\/uploads\/2026\/04\/Custom-Middle-Eastern-Clay-Coffee-Cup-Saucer-Set5.webp\" alt=\"Juego personalizado de taza y platillo de arcilla de Oriente Medio5\" class=\"wp-image-1572\" srcset=\"https:\/\/www.qingfaceramic.com\/wp-content\/uploads\/2026\/04\/Custom-Middle-Eastern-Clay-Coffee-Cup-Saucer-Set5.webp 800w, https:\/\/www.qingfaceramic.com\/wp-content\/uploads\/2026\/04\/Custom-Middle-Eastern-Clay-Coffee-Cup-Saucer-Set5-300x300.webp 300w, https:\/\/www.qingfaceramic.com\/wp-content\/uploads\/2026\/04\/Custom-Middle-Eastern-Clay-Coffee-Cup-Saucer-Set5-150x150.webp 150w, https:\/\/www.qingfaceramic.com\/wp-content\/uploads\/2026\/04\/Custom-Middle-Eastern-Clay-Coffee-Cup-Saucer-Set5-768x768.webp 768w, https:\/\/www.qingfaceramic.com\/wp-content\/uploads\/2026\/04\/Custom-Middle-Eastern-Clay-Coffee-Cup-Saucer-Set5-12x12.webp 12w, https:\/\/www.qingfaceramic.com\/wp-content\/uploads\/2026\/04\/Custom-Middle-Eastern-Clay-Coffee-Cup-Saucer-Set5-600x600.webp 600w, https:\/\/www.qingfaceramic.com\/wp-content\/uploads\/2026\/04\/Custom-Middle-Eastern-Clay-Coffee-Cup-Saucer-Set5-100x100.webp 100w\" sizes=\"(max-width: 800px) 100vw, 800px\" \/><\/figure>\n<\/div>\n<\/div>\n\n\n\n<div class=\"wp-block-columns is-layout-flex wp-container-core-columns-is-layout-9d6595d7 wp-block-columns-is-layout-flex\">\n<div class=\"wp-block-column is-layout-flow wp-block-column-is-layout-flow\">\n<figure class=\"wp-block-image size-full\"><img decoding=\"async\" width=\"988\" height=\"988\" src=\"https:\/\/www.qingfaceramic.com\/wp-content\/uploads\/2026\/01\/Custom-Ceramic-Coffee-Mug1.webp\" alt=\"Taza de caf\u00e9 de cer\u00e1mica personalizada1\" class=\"wp-image-608\" srcset=\"https:\/\/www.qingfaceramic.com\/wp-content\/uploads\/2026\/01\/Custom-Ceramic-Coffee-Mug1.webp 988w, https:\/\/www.qingfaceramic.com\/wp-content\/uploads\/2026\/01\/Custom-Ceramic-Coffee-Mug1-300x300.webp 300w, https:\/\/www.qingfaceramic.com\/wp-content\/uploads\/2026\/01\/Custom-Ceramic-Coffee-Mug1-150x150.webp 150w, https:\/\/www.qingfaceramic.com\/wp-content\/uploads\/2026\/01\/Custom-Ceramic-Coffee-Mug1-768x768.webp 768w, https:\/\/www.qingfaceramic.com\/wp-content\/uploads\/2026\/01\/Custom-Ceramic-Coffee-Mug1-600x600.webp 600w, https:\/\/www.qingfaceramic.com\/wp-content\/uploads\/2026\/01\/Custom-Ceramic-Coffee-Mug1-100x100.webp 100w\" sizes=\"(max-width: 988px) 100vw, 988px\" \/><\/figure>\n<\/div>\n\n\n\n<div class=\"wp-block-column is-layout-flow wp-block-column-is-layout-flow\">\n<figure class=\"wp-block-image size-full\"><img decoding=\"async\" width=\"750\" height=\"582\" src=\"https:\/\/www.qingfaceramic.com\/wp-content\/uploads\/2026\/01\/custom-ceramic-coffee-mug8.webp\" alt=\"taza de cer\u00e1mica personalizada8\" class=\"wp-image-611\" srcset=\"https:\/\/www.qingfaceramic.com\/wp-content\/uploads\/2026\/01\/custom-ceramic-coffee-mug8.webp 750w, https:\/\/www.qingfaceramic.com\/wp-content\/uploads\/2026\/01\/custom-ceramic-coffee-mug8-300x233.webp 300w, https:\/\/www.qingfaceramic.com\/wp-content\/uploads\/2026\/01\/custom-ceramic-coffee-mug8-600x466.webp 600w\" sizes=\"(max-width: 750px) 100vw, 750px\" \/><\/figure>\n<\/div>\n<\/div>\n\n\n\n<p><\/p>","protected":false},"excerpt":{"rendered":"<p data-start=\"503\" data-end=\"756\">Nuestro juego de tazas y platillos de caf\u00e9 de arcilla de Oriente Medio est\u00e1 fabricado en arcilla natural de primera calidad con un acabado hecho a mano. Presenta un dise\u00f1o cultural aut\u00e9ntico y una excelente retenci\u00f3n del calor, ideal para cafeter\u00edas, hosteler\u00eda y colecciones de marca.<\/p>\n<h2>Juego de taza de caf\u00e9 y platillo de arcilla personalizados de Oriente Medio Par\u00e1metro<\/h2>\n<table data-path-to-node=\"7\">\n<thead>\n<tr>\n<td><strong>Art\u00edculo<\/strong><\/td>\n<td><strong>Detalles<\/strong><\/td>\n<\/tr>\n<\/thead>\n<tbody>\n<tr>\n<td><span data-path-to-node=\"7,1,0,0\"><b data-path-to-node=\"7,1,0,0\" data-index-in-node=\"0\">Material<\/b><\/span><\/td>\n<td><span data-path-to-node=\"7,1,1,0\">Arcilla natural de primera calidad \/ Gres<\/span><\/td>\n<\/tr>\n<tr>\n<td><span data-path-to-node=\"7,2,0,0\"><b data-path-to-node=\"7,2,0,0\" data-index-in-node=\"0\">T\u00e9cnica<\/b><\/span><\/td>\n<td><span data-path-to-node=\"7,2,1,0\">Hecha a mano, cocci\u00f3n a alta temperatura<\/span><\/td>\n<\/tr>\n<tr>\n<td><span data-path-to-node=\"7,3,0,0\"><b data-path-to-node=\"7,3,0,0\" data-index-in-node=\"0\">Dise\u00f1o<\/b><\/span><\/td>\n<td><span data-path-to-node=\"7,3,1,0\">Estilo de Oriente Medio con calcoman\u00edas doradas de camello<\/span><\/td>\n<\/tr>\n<tr>\n<td><span data-path-to-node=\"7,4,0,0\"><b data-path-to-node=\"7,4,0,0\" data-index-in-node=\"0\">El juego incluye<\/b><\/span><\/td>\n<td><span data-path-to-node=\"7,4,1,0\">1 taza de caf\u00e9 y 1 plato a juego (platillo)<\/span><\/td>\n<\/tr>\n<tr>\n<td><span data-path-to-node=\"7,5,0,0\"><b data-path-to-node=\"7,5,0,0\" data-index-in-node=\"0\">Acabado<\/b><\/span><\/td>\n<td><span data-path-to-node=\"7,5,1,0\">Cuerpo de textura mate con borde esmaltado liso<\/span><\/td>\n<\/tr>\n<tr>\n<td><span data-path-to-node=\"7,6,0,0\"><b data-path-to-node=\"7,6,0,0\" data-index-in-node=\"0\">Color<\/b><\/span><\/td>\n<td><span data-path-to-node=\"7,6,1,0\">Arena terrosa, verde musgo, blanco crema<\/span><\/td>\n<\/tr>\n<tr>\n<td><span data-path-to-node=\"7,7,0,0\"><b data-path-to-node=\"7,7,0,0\" data-index-in-node=\"0\">Personalizaci\u00f3n<\/b><\/span><\/td>\n<td><span data-path-to-node=\"7,7,1,0\">Posibilidad de personalizar el logotipo, el color y el dibujo<\/span><\/td>\n<\/tr>\n<tr>\n<td><span data-path-to-node=\"7,8,0,0\"><b data-path-to-node=\"7,8,0,0\" data-index-in-node=\"0\">Caracter\u00edstica<\/b><\/span><\/td>\n<td><span data-path-to-node=\"7,8,1,0\">Ecol\u00f3gico, retenci\u00f3n del calor, textura \u00fanica<\/span><\/td>\n<\/tr>\n<\/tbody>\n<\/table>\n<p>&nbsp;<\/p>","protected":false},"featured_media":1574,"comment_status":"closed","ping_status":"closed","template":"","meta":{"_acf_changed":false},"market":[42],"product_brand":[],"product_cat":[17,29],"product_tag":[],"class_list":{"0":"post-1567","1":"product","2":"type-product","3":"status-publish","4":"has-post-thumbnail","6":"market-middle-east-market","7":"product_cat-custom-coffee-cups","8":"product_cat-wholesale-cup-and-saucer-sets","10":"first","11":"instock","12":"shipping-taxable","13":"product-type-simple"},"acf":[],"_links":{"self":[{"href":"https:\/\/www.qingfaceramic.com\/es\/wp-json\/wp\/v2\/product\/1567","targetHints":{"allow":["GET"]}}],"collection":[{"href":"https:\/\/www.qingfaceramic.com\/es\/wp-json\/wp\/v2\/product"}],"about":[{"href":"https:\/\/www.qingfaceramic.com\/es\/wp-json\/wp\/v2\/types\/product"}],"replies":[{"embeddable":true,"href":"https:\/\/www.qingfaceramic.com\/es\/wp-json\/wp\/v2\/comments?post=1567"}],"wp:featuredmedia":[{"embeddable":true,"href":"https:\/\/www.qingfaceramic.com\/es\/wp-json\/wp\/v2\/media\/1574"}],"wp:attachment":[{"href":"https:\/\/www.qingfaceramic.com\/es\/wp-json\/wp\/v2\/media?parent=1567"}],"wp:term":[{"taxonomy":"market","embeddable":true,"href":"https:\/\/www.qingfaceramic.com\/es\/wp-json\/wp\/v2\/market?post=1567"},{"taxonomy":"product_brand","embeddable":true,"href":"https:\/\/www.qingfaceramic.com\/es\/wp-json\/wp\/v2\/product_brand?post=1567"},{"taxonomy":"product_cat","embeddable":true,"href":"https:\/\/www.qingfaceramic.com\/es\/wp-json\/wp\/v2\/product_cat?post=1567"},{"taxonomy":"product_tag","embeddable":true,"href":"https:\/\/www.qingfaceramic.com\/es\/wp-json\/wp\/v2\/product_tag?post=1567"}],"curies":[{"name":"wp","href":"https:\/\/api.w.org\/{rel}","templated":true}]}}