{"id":1352,"date":"2026-03-18T02:32:21","date_gmt":"2026-03-18T02:32:21","guid":{"rendered":"https:\/\/www.qingfaceramic.com\/?post_type=product&#038;p=1352"},"modified":"2026-03-18T03:58:11","modified_gmt":"2026-03-18T03:58:11","slug":"custom-personalized-coffee-mugs","status":"publish","type":"product","link":"https:\/\/www.qingfaceramic.com\/es\/producto\/custom-personalized-coffee-mugs\/","title":{"rendered":"Tazas de caf\u00e9 personalizadas Serie Est\u00e9tica N\u00f3rdica Mate"},"content":{"rendered":"<h2 class=\"wp-block-heading\">Caracter\u00edsticas de las tazas de caf\u00e9 personalizadas<\/h2>\n\n\n\n<div class=\"wp-block-columns is-layout-flex wp-container-core-columns-is-layout-9d6595d7 wp-block-columns-is-layout-flex\">\n<div class=\"wp-block-column is-layout-flow wp-block-column-is-layout-flow\">\n<p><strong>Conservaci\u00f3n est\u00e9tica multitem\u00e1tica<\/strong>: Ofrece una estrategia de dise\u00f1o de doble v\u00eda: iconos l\u00fadicos \u201cStorytelling\u201d para marcas de estilo de vida y geom\u00e9tricos \u201cClean-Line\u201d para identidades corporativas modernas.<\/p>\n\n\n\n<p><strong>Superficie de tacto suave y satinado<\/strong>: Tratada con un esmalte mate de seda especializado que elimina los reflejos \u00e1speros y proporciona un tacto lujoso y agradable para la piel durante su uso.<\/p>\n\n\n\n<p><strong>Silueta de volumen optimizado<\/strong>: La capacidad de 350 ml-400 ml, calibrada con precisi\u00f3n, garantiza una proporci\u00f3n equilibrada para las bebidas con leche a base de espresso, mejorando el atractivo visual en la fotograf\u00eda de cafeter\u00eda.<\/p>\n\n\n\n<p><strong>Refuerzo de bordes resistente a los impactos<\/strong>: Dise\u00f1ado con un borde sutilmente engrosado para minimizar el desconchado en lavavajillas comerciales de alto tr\u00e1fico, lo que prolonga la vida \u00fatil del producto.<\/p>\n\n\n\n<p><strong>Superficie avanzada para marcas<\/strong>: El exterior mate est\u00e1 optimizado para la aplicaci\u00f3n de calcoman\u00edas de alta definici\u00f3n y el grabado por l\u00e1ser, lo que garantiza que su logotipo personalizado permanezca n\u00edtido y permanente.<\/p>\n<\/div>\n\n\n\n<div class=\"wp-block-column is-layout-flow wp-block-column-is-layout-flow\">\n<figure class=\"wp-block-image size-full\"><img decoding=\"async\" width=\"800\" height=\"800\" src=\"https:\/\/www.qingfaceramic.com\/wp-content\/uploads\/2026\/03\/Custom-Personalized-Coffee-Mugs5.webp\" alt=\"Tazas de caf\u00e9 personalizadas5\" class=\"wp-image-1357\" srcset=\"https:\/\/www.qingfaceramic.com\/wp-content\/uploads\/2026\/03\/Custom-Personalized-Coffee-Mugs5.webp 800w, https:\/\/www.qingfaceramic.com\/wp-content\/uploads\/2026\/03\/Custom-Personalized-Coffee-Mugs5-300x300.webp 300w, https:\/\/www.qingfaceramic.com\/wp-content\/uploads\/2026\/03\/Custom-Personalized-Coffee-Mugs5-150x150.webp 150w, https:\/\/www.qingfaceramic.com\/wp-content\/uploads\/2026\/03\/Custom-Personalized-Coffee-Mugs5-768x768.webp 768w, https:\/\/www.qingfaceramic.com\/wp-content\/uploads\/2026\/03\/Custom-Personalized-Coffee-Mugs5-12x12.webp 12w, https:\/\/www.qingfaceramic.com\/wp-content\/uploads\/2026\/03\/Custom-Personalized-Coffee-Mugs5-600x600.webp 600w, https:\/\/www.qingfaceramic.com\/wp-content\/uploads\/2026\/03\/Custom-Personalized-Coffee-Mugs5-100x100.webp 100w\" sizes=\"(max-width: 800px) 100vw, 800px\" \/><\/figure>\n<\/div>\n<\/div>\n\n\n\n<div class=\"wp-block-columns is-layout-flex wp-container-core-columns-is-layout-9d6595d7 wp-block-columns-is-layout-flex\">\n<div class=\"wp-block-column is-layout-flow wp-block-column-is-layout-flow\">\n<figure class=\"wp-block-image size-full\"><img decoding=\"async\" width=\"750\" height=\"1694\" src=\"https:\/\/www.qingfaceramic.com\/wp-content\/uploads\/2026\/01\/Custom-Ceramic-Coffee-Mug-in-Bulk4.webp\" alt=\"Taza de caf\u00e9 de cer\u00e1mica personalizada a granel4\" class=\"wp-image-591\" srcset=\"https:\/\/www.qingfaceramic.com\/wp-content\/uploads\/2026\/01\/Custom-Ceramic-Coffee-Mug-in-Bulk4.webp 750w, https:\/\/www.qingfaceramic.com\/wp-content\/uploads\/2026\/01\/Custom-Ceramic-Coffee-Mug-in-Bulk4-133x300.webp 133w, https:\/\/www.qingfaceramic.com\/wp-content\/uploads\/2026\/01\/Custom-Ceramic-Coffee-Mug-in-Bulk4-600x1355.webp 600w\" sizes=\"(max-width: 750px) 100vw, 750px\" \/><\/figure>\n<\/div>\n\n\n\n<div class=\"wp-block-column is-layout-flow wp-block-column-is-layout-flow\">\n<figure class=\"wp-block-image size-full\"><img decoding=\"async\" width=\"750\" height=\"1166\" src=\"https:\/\/www.qingfaceramic.com\/wp-content\/uploads\/2026\/01\/Custom-Ceramic-Coffee-Mug-in-Bulk5.webp\" alt=\"Taza de caf\u00e9 de cer\u00e1mica personalizada a granel5\" class=\"wp-image-592\" srcset=\"https:\/\/www.qingfaceramic.com\/wp-content\/uploads\/2026\/01\/Custom-Ceramic-Coffee-Mug-in-Bulk5.webp 750w, https:\/\/www.qingfaceramic.com\/wp-content\/uploads\/2026\/01\/Custom-Ceramic-Coffee-Mug-in-Bulk5-193x300.webp 193w, https:\/\/www.qingfaceramic.com\/wp-content\/uploads\/2026\/01\/Custom-Ceramic-Coffee-Mug-in-Bulk5-600x933.webp 600w\" sizes=\"(max-width: 750px) 100vw, 750px\" \/><\/figure>\n\n\n\n<figure class=\"wp-block-image size-full\"><img decoding=\"async\" width=\"1707\" height=\"1280\" src=\"https:\/\/www.qingfaceramic.com\/wp-content\/uploads\/2026\/01\/Integrated-Craftsmanship-Capability-1.webp\" alt=\"Capacidad artesanal integrada\" class=\"wp-image-571\" srcset=\"https:\/\/www.qingfaceramic.com\/wp-content\/uploads\/2026\/01\/Integrated-Craftsmanship-Capability-1.webp 1707w, https:\/\/www.qingfaceramic.com\/wp-content\/uploads\/2026\/01\/Integrated-Craftsmanship-Capability-1-300x225.webp 300w, https:\/\/www.qingfaceramic.com\/wp-content\/uploads\/2026\/01\/Integrated-Craftsmanship-Capability-1-768x576.webp 768w, https:\/\/www.qingfaceramic.com\/wp-content\/uploads\/2026\/01\/Integrated-Craftsmanship-Capability-1-1200x900.webp 1200w, https:\/\/www.qingfaceramic.com\/wp-content\/uploads\/2026\/01\/Integrated-Craftsmanship-Capability-1-600x450.webp 600w\" sizes=\"(max-width: 1707px) 100vw, 1707px\" \/><\/figure>\n<\/div>\n<\/div>","protected":false},"excerpt":{"rendered":"<p data-start=\"428\" data-end=\"756\">Nuestras tazas de caf\u00e9 personalizadas presentan una cuidada mezcla de ilustraciones caprichosas y motivos geom\u00e9tricos minimalistas. Estas tazas premium ofrecen un acabado mate suave al tacto y una durabilidad profesional, ideal para la narraci\u00f3n de historias de marca y regalos corporativos de alta gama.<\/p>\n<h2>Tazas de caf\u00e9 personalizadas Par\u00e1metro<\/h2>\n<table data-path-to-node=\"12\">\n<thead>\n<tr>\n<td><strong>Campo<\/strong><\/td>\n<td><strong>Detalles<\/strong><\/td>\n<\/tr>\n<\/thead>\n<tbody>\n<tr>\n<td><span data-path-to-node=\"12,1,0,0\"><b data-path-to-node=\"12,1,0,0\" data-index-in-node=\"0\">Fabricante<\/b><\/span><\/td>\n<td><span data-path-to-node=\"12,1,1,0\">Cer\u00e1mica Qingfa<\/span><\/td>\n<\/tr>\n<tr>\n<td><span data-path-to-node=\"12,2,0,0\"><b data-path-to-node=\"12,2,0,0\" data-index-in-node=\"0\">Nombre del producto<\/b><\/span><\/td>\n<td><span data-path-to-node=\"12,2,1,0\">Tazas de caf\u00e9 personalizadas \/ Serie Est\u00e9tica N\u00f3rdica<\/span><\/td>\n<\/tr>\n<tr>\n<td><span data-path-to-node=\"12,3,0,0\"><b data-path-to-node=\"12,3,0,0\" data-index-in-node=\"0\">Material<\/b><\/span><\/td>\n<td><span data-path-to-node=\"12,3,1,0\">Gres de alta temperatura Grado A<\/span><\/td>\n<\/tr>\n<tr>\n<td><span data-path-to-node=\"12,4,0,0\"><b data-path-to-node=\"12,4,0,0\" data-index-in-node=\"0\">Capacidad<\/b><\/span><\/td>\n<td><span data-path-to-node=\"12,4,1,0\">350 ml - 400 ml<\/span><\/td>\n<\/tr>\n<tr>\n<td><span data-path-to-node=\"12,5,0,0\"><b data-path-to-node=\"12,5,0,0\" data-index-in-node=\"0\">Estilo de dise\u00f1o<\/b><\/span><\/td>\n<td><span data-path-to-node=\"12,5,1,0\">Cuentos caprichosos y geometr\u00eda minimalista<\/span><\/td>\n<\/tr>\n<tr>\n<td><span data-path-to-node=\"12,6,0,0\"><b data-path-to-node=\"12,6,0,0\" data-index-in-node=\"0\">Acabado superficial<\/b><\/span><\/td>\n<td><span data-path-to-node=\"12,6,1,0\">Exterior mate seda \/ Interior esmaltado f\u00e1cil de limpiar<\/span><\/td>\n<\/tr>\n<tr>\n<td><span data-path-to-node=\"12,7,0,0\"><b data-path-to-node=\"12,7,0,0\" data-index-in-node=\"0\">Opciones de color<\/b><\/span><\/td>\n<td><span data-path-to-node=\"12,7,1,0\">Amarillo mostaza, blanco tiza, gris marengo, verde salvia<\/span><\/td>\n<\/tr>\n<tr>\n<td><span data-path-to-node=\"12,8,0,0\"><b data-path-to-node=\"12,8,0,0\" data-index-in-node=\"0\">Tipo de asa<\/b><\/span><\/td>\n<td><span data-path-to-node=\"12,8,1,0\">Mango ergon\u00f3mico en forma de C para un agarre equilibrado<\/span><\/td>\n<\/tr>\n<tr>\n<td><span data-path-to-node=\"12,9,0,0\"><b data-path-to-node=\"12,9,0,0\" data-index-in-node=\"0\">Personalizaci\u00f3n<\/b><\/span><\/td>\n<td><span data-path-to-node=\"12,9,1,0\">Calcoman\u00edas personalizadas, grabado por l\u00e1ser, esmaltes a medida<\/span><\/td>\n<\/tr>\n<tr>\n<td><span data-path-to-node=\"12,10,0,0\"><b data-path-to-node=\"12,10,0,0\" data-index-in-node=\"0\">Utilizaci\u00f3n<\/b><\/span><\/td>\n<td><span data-path-to-node=\"12,10,1,0\">Cafeter\u00edas boutique, regalos de empresa, tiendas conceptuales<\/span><\/td>\n<\/tr>\n<tr>\n<td><span data-path-to-node=\"12,11,0,0\"><b data-path-to-node=\"12,11,0,0\" data-index-in-node=\"0\">Certificaciones<\/b><\/span><\/td>\n<td><span data-path-to-node=\"12,11,1,0\">Conformidad FDA, LFGB, CE\/UE<\/span><\/td>\n<\/tr>\n<\/tbody>\n<\/table>\n<p>&nbsp;<\/p>","protected":false},"featured_media":1358,"comment_status":"closed","ping_status":"closed","template":"","meta":{"_acf_changed":false},"market":[],"product_brand":[],"product_cat":[17,28],"product_tag":[],"class_list":{"0":"post-1352","1":"product","2":"type-product","3":"status-publish","4":"has-post-thumbnail","6":"product_cat-custom-coffee-cups","7":"product_cat-custom-coffee-mugs","9":"first","10":"instock","11":"shipping-taxable","12":"product-type-simple"},"acf":[],"_links":{"self":[{"href":"https:\/\/www.qingfaceramic.com\/es\/wp-json\/wp\/v2\/product\/1352","targetHints":{"allow":["GET"]}}],"collection":[{"href":"https:\/\/www.qingfaceramic.com\/es\/wp-json\/wp\/v2\/product"}],"about":[{"href":"https:\/\/www.qingfaceramic.com\/es\/wp-json\/wp\/v2\/types\/product"}],"replies":[{"embeddable":true,"href":"https:\/\/www.qingfaceramic.com\/es\/wp-json\/wp\/v2\/comments?post=1352"}],"wp:featuredmedia":[{"embeddable":true,"href":"https:\/\/www.qingfaceramic.com\/es\/wp-json\/wp\/v2\/media\/1358"}],"wp:attachment":[{"href":"https:\/\/www.qingfaceramic.com\/es\/wp-json\/wp\/v2\/media?parent=1352"}],"wp:term":[{"taxonomy":"market","embeddable":true,"href":"https:\/\/www.qingfaceramic.com\/es\/wp-json\/wp\/v2\/market?post=1352"},{"taxonomy":"product_brand","embeddable":true,"href":"https:\/\/www.qingfaceramic.com\/es\/wp-json\/wp\/v2\/product_brand?post=1352"},{"taxonomy":"product_cat","embeddable":true,"href":"https:\/\/www.qingfaceramic.com\/es\/wp-json\/wp\/v2\/product_cat?post=1352"},{"taxonomy":"product_tag","embeddable":true,"href":"https:\/\/www.qingfaceramic.com\/es\/wp-json\/wp\/v2\/product_tag?post=1352"}],"curies":[{"name":"wp","href":"https:\/\/api.w.org\/{rel}","templated":true}]}}