{"id":1344,"date":"2026-03-18T01:52:36","date_gmt":"2026-03-18T01:52:36","guid":{"rendered":"https:\/\/www.qingfaceramic.com\/?post_type=product&#038;p=1344"},"modified":"2026-03-18T02:07:28","modified_gmt":"2026-03-18T02:07:28","slug":"custom-vintage-coffee-mugs","status":"publish","type":"product","link":"https:\/\/www.qingfaceramic.com\/es\/producto\/custom-vintage-coffee-mugs\/","title":{"rendered":"Tazas de caf\u00e9 vintage personalizadas Taza de cer\u00e1mica n\u00f3rdica con textura cruzada"},"content":{"rendered":"<h2 class=\"wp-block-heading\">Caracter\u00edsticas de las tazas de caf\u00e9 vintage personalizadas<\/h2>\n\n\n\n<div class=\"wp-block-columns is-layout-flex wp-container-core-columns-is-layout-9d6595d7 wp-block-columns-is-layout-flex\">\n<div class=\"wp-block-column is-layout-flow wp-block-column-is-layout-flow\">\n<p><strong>Tejido de lino Acabado t\u00e1ctil:<\/strong> A diferencia de las superficies lisas esmaltadas, su exclusiva textura \u201centrecruzada\u201d proporciona un excepcional agarre antideslizante y una rica profundidad t\u00e1ctil, lo que eleva significativamente la prima de dise\u00f1o industrial del producto.<\/p>\n\n\n\n<p><strong>Motivos artesanales de trigo: <\/strong>Con motivos de espigas de trigo pintadas a mano que simbolizan la naturaleza y la abundancia, este dise\u00f1o se dirige precisamente al mercado de restaurantes de lujo y cafeter\u00edas ecol\u00f3gicas que adoptan la est\u00e9tica \u201cde la granja a la mesa\u201d.<\/p>\n\n\n\n<p><strong>Inercia t\u00e9rmica de alta densidad: <\/strong>En comparaci\u00f3n con las tazas de porcelana est\u00e1ndar, el material de gres de alta densidad presenta una inercia t\u00e9rmica superior, lo que ralentiza eficazmente la velocidad a la que se enfr\u00eda el caf\u00e9 para garantizar una experiencia de degustaci\u00f3n profesional m\u00e1s prolongada y satisfactoria.<\/p>\n\n\n\n<p><strong>Mango ergon\u00f3mico \u201cComfort-Arch\u201d: <\/strong>El dise\u00f1o del asa de arco alto utiliza el equilibrio mec\u00e1nico para mitigar la sensaci\u00f3n de pesadez cuando la taza est\u00e1 llena de l\u00edquido, una caracter\u00edstica ideal para las exigencias de uso de alta frecuencia de los entornos de restauraci\u00f3n profesional.<\/p>\n\n\n\n<p><strong>Potencial de marca org\u00e1nica: <\/strong>La textura r\u00fastica de la superficie se presta perfectamente al grabado por l\u00e1ser o a los logotipos en relieve, creando un efecto de marca muy dimensional y sofisticado que contrasta con la impresi\u00f3n plana de bajo coste.<\/p>\n<\/div>\n\n\n\n<div class=\"wp-block-column is-layout-flow wp-block-column-is-layout-flow\">\n<figure class=\"wp-block-image size-full\"><img decoding=\"async\" width=\"1244\" height=\"984\" src=\"https:\/\/www.qingfaceramic.com\/wp-content\/uploads\/2026\/03\/Custom-Vintage-Coffee-Mugs.webp\" alt=\"Tazas de caf\u00e9 vintage personalizadas\" class=\"wp-image-1345\" srcset=\"https:\/\/www.qingfaceramic.com\/wp-content\/uploads\/2026\/03\/Custom-Vintage-Coffee-Mugs.webp 1244w, https:\/\/www.qingfaceramic.com\/wp-content\/uploads\/2026\/03\/Custom-Vintage-Coffee-Mugs-300x237.webp 300w, https:\/\/www.qingfaceramic.com\/wp-content\/uploads\/2026\/03\/Custom-Vintage-Coffee-Mugs-768x607.webp 768w, https:\/\/www.qingfaceramic.com\/wp-content\/uploads\/2026\/03\/Custom-Vintage-Coffee-Mugs-15x12.webp 15w, https:\/\/www.qingfaceramic.com\/wp-content\/uploads\/2026\/03\/Custom-Vintage-Coffee-Mugs-1200x949.webp 1200w, https:\/\/www.qingfaceramic.com\/wp-content\/uploads\/2026\/03\/Custom-Vintage-Coffee-Mugs-600x475.webp 600w\" sizes=\"(max-width: 1244px) 100vw, 1244px\" \/><\/figure>\n<\/div>\n<\/div>\n\n\n\n<div class=\"wp-block-columns is-layout-flex wp-container-core-columns-is-layout-9d6595d7 wp-block-columns-is-layout-flex\">\n<div class=\"wp-block-column is-layout-flow wp-block-column-is-layout-flow\">\n<figure class=\"wp-block-image size-full\"><img decoding=\"async\" width=\"750\" height=\"1694\" src=\"https:\/\/www.qingfaceramic.com\/wp-content\/uploads\/2026\/01\/Custom-Ceramic-Coffee-Mug-in-Bulk4.webp\" alt=\"Taza de caf\u00e9 de cer\u00e1mica personalizada a granel4\" class=\"wp-image-591\" srcset=\"https:\/\/www.qingfaceramic.com\/wp-content\/uploads\/2026\/01\/Custom-Ceramic-Coffee-Mug-in-Bulk4.webp 750w, https:\/\/www.qingfaceramic.com\/wp-content\/uploads\/2026\/01\/Custom-Ceramic-Coffee-Mug-in-Bulk4-133x300.webp 133w, https:\/\/www.qingfaceramic.com\/wp-content\/uploads\/2026\/01\/Custom-Ceramic-Coffee-Mug-in-Bulk4-600x1355.webp 600w\" sizes=\"(max-width: 750px) 100vw, 750px\" \/><\/figure>\n<\/div>\n\n\n\n<div class=\"wp-block-column is-layout-flow wp-block-column-is-layout-flow\">\n<figure class=\"wp-block-image size-full\"><img decoding=\"async\" width=\"750\" height=\"1166\" src=\"https:\/\/www.qingfaceramic.com\/wp-content\/uploads\/2026\/01\/Custom-Ceramic-Coffee-Mug-in-Bulk5.webp\" alt=\"Taza de caf\u00e9 de cer\u00e1mica personalizada a granel5\" class=\"wp-image-592\" srcset=\"https:\/\/www.qingfaceramic.com\/wp-content\/uploads\/2026\/01\/Custom-Ceramic-Coffee-Mug-in-Bulk5.webp 750w, https:\/\/www.qingfaceramic.com\/wp-content\/uploads\/2026\/01\/Custom-Ceramic-Coffee-Mug-in-Bulk5-193x300.webp 193w, https:\/\/www.qingfaceramic.com\/wp-content\/uploads\/2026\/01\/Custom-Ceramic-Coffee-Mug-in-Bulk5-600x933.webp 600w\" sizes=\"(max-width: 750px) 100vw, 750px\" \/><\/figure>\n\n\n\n<figure class=\"wp-block-image size-full\"><img decoding=\"async\" width=\"1707\" height=\"1280\" src=\"https:\/\/www.qingfaceramic.com\/wp-content\/uploads\/2026\/01\/Integrated-Craftsmanship-Capability-1.webp\" alt=\"Capacidad artesanal integrada\" class=\"wp-image-571\" srcset=\"https:\/\/www.qingfaceramic.com\/wp-content\/uploads\/2026\/01\/Integrated-Craftsmanship-Capability-1.webp 1707w, https:\/\/www.qingfaceramic.com\/wp-content\/uploads\/2026\/01\/Integrated-Craftsmanship-Capability-1-300x225.webp 300w, https:\/\/www.qingfaceramic.com\/wp-content\/uploads\/2026\/01\/Integrated-Craftsmanship-Capability-1-768x576.webp 768w, https:\/\/www.qingfaceramic.com\/wp-content\/uploads\/2026\/01\/Integrated-Craftsmanship-Capability-1-1200x900.webp 1200w, https:\/\/www.qingfaceramic.com\/wp-content\/uploads\/2026\/01\/Integrated-Craftsmanship-Capability-1-600x450.webp 600w\" sizes=\"(max-width: 1707px) 100vw, 1707px\" \/><\/figure>\n<\/div>\n<\/div>","protected":false},"excerpt":{"rendered":"<p data-start=\"428\" data-end=\"756\">Nuestras tazas de caf\u00e9 Vintage personalizadas presentan una textura t\u00e1ctil \u00fanica de tejido cruzado y motivos bot\u00e1nicos pintados a mano. Fabricadas en gres de alta cocci\u00f3n, estas tazas de estilo n\u00f3rdico ofrecen un encanto r\u00fastico y una durabilidad superior, perfectas para cafeter\u00edas especializadas y tiendas artesanales.<\/p>\n<h2>Tazas de caf\u00e9 vintage personalizadas Par\u00e1metro<\/h2>\n<table data-path-to-node=\"12\">\n<thead>\n<tr>\n<td><strong>Campo<\/strong><\/td>\n<td><strong>Detalles<\/strong><\/td>\n<\/tr>\n<\/thead>\n<tbody>\n<tr>\n<td><span data-path-to-node=\"12,1,0,0\"><b data-path-to-node=\"12,1,0,0\" data-index-in-node=\"0\">Fabricante<\/b><\/span><\/td>\n<td><span data-path-to-node=\"12,1,1,0\">Cer\u00e1mica Qingfa<\/span><\/td>\n<\/tr>\n<tr>\n<td><span data-path-to-node=\"12,2,0,0\"><b data-path-to-node=\"12,2,0,0\" data-index-in-node=\"0\">Nombre del producto<\/b><\/span><\/td>\n<td><span data-path-to-node=\"12,2,1,0\">Tazas de caf\u00e9 personalizadas Vintage \/ Nordic Cross-Weave Mug<\/span><\/td>\n<\/tr>\n<tr>\n<td><span data-path-to-node=\"12,3,0,0\"><b data-path-to-node=\"12,3,0,0\" data-index-in-node=\"0\">Material<\/b><\/span><\/td>\n<td><span data-path-to-node=\"12,3,1,0\">Gres \/ porcelana de alta calidad<\/span><\/td>\n<\/tr>\n<tr>\n<td><span data-path-to-node=\"12,4,0,0\"><b data-path-to-node=\"12,4,0,0\" data-index-in-node=\"0\">Capacidad<\/b><\/span><\/td>\n<td><span data-path-to-node=\"12,4,1,0\">\u00a0400 ml<\/span><\/td>\n<\/tr>\n<tr>\n<td><span data-path-to-node=\"12,5,0,0\"><b data-path-to-node=\"12,5,0,0\" data-index-in-node=\"0\">Dise\u00f1o \/ Estilo<\/b><\/span><\/td>\n<td><span data-path-to-node=\"12,5,1,0\">Nordic Vintage; textura cruzada con motivos de trigo<\/span><\/td>\n<\/tr>\n<tr>\n<td><span data-path-to-node=\"12,6,0,0\"><b data-path-to-node=\"12,6,0,0\" data-index-in-node=\"0\">Acabado superficial<\/b><\/span><\/td>\n<td><span data-path-to-node=\"12,6,1,0\">Esmalte con textura mate y detalles pintados a mano<\/span><\/td>\n<\/tr>\n<tr>\n<td><span data-path-to-node=\"12,7,0,0\"><b data-path-to-node=\"12,7,0,0\" data-index-in-node=\"0\">Opciones de color<\/b><\/span><\/td>\n<td><span data-path-to-node=\"12,7,1,0\">Beige avena, Gris piedra, Verde oliva (personalizable)<\/span><\/td>\n<\/tr>\n<tr>\n<td><span data-path-to-node=\"12,8,0,0\"><b data-path-to-node=\"12,8,0,0\" data-index-in-node=\"0\">Mango<\/b><\/span><\/td>\n<td><span data-path-to-node=\"12,8,1,0\">Empu\u00f1adura ergon\u00f3mica integrada de arco alto<\/span><\/td>\n<\/tr>\n<tr>\n<td><span data-path-to-node=\"12,9,0,0\"><b data-path-to-node=\"12,9,0,0\" data-index-in-node=\"0\">Personalizaci\u00f3n<\/b><\/span><\/td>\n<td><span data-path-to-node=\"12,9,1,0\">Logotipo, dise\u00f1o del patr\u00f3n, color del glaseado, embalaje (OEM\/ODM)<\/span><\/td>\n<\/tr>\n<tr>\n<td><span data-path-to-node=\"12,10,0,0\"><b data-path-to-node=\"12,10,0,0\" data-index-in-node=\"0\">Utilizaci\u00f3n<\/b><\/span><\/td>\n<td><span data-path-to-node=\"12,10,1,0\">Caf\u00e9s especializados, hoteles boutique y tiendas de estilo de vida r\u00fastico<\/span><\/td>\n<\/tr>\n<tr>\n<td><span data-path-to-node=\"12,11,0,0\"><b data-path-to-node=\"12,11,0,0\" data-index-in-node=\"0\">Certificaciones<\/b><\/span><\/td>\n<td><span data-path-to-node=\"12,11,1,0\">FDA, LFGB, CE \/ EU, CIQ<\/span><\/td>\n<\/tr>\n<\/tbody>\n<\/table>\n<p>&nbsp;<\/p>","protected":false},"featured_media":1346,"comment_status":"closed","ping_status":"closed","template":"","meta":{"_acf_changed":false},"market":[],"product_brand":[],"product_cat":[17,28],"product_tag":[],"class_list":{"0":"post-1344","1":"product","2":"type-product","3":"status-publish","4":"has-post-thumbnail","6":"product_cat-custom-coffee-cups","7":"product_cat-custom-coffee-mugs","9":"first","10":"instock","11":"shipping-taxable","12":"product-type-simple"},"acf":[],"_links":{"self":[{"href":"https:\/\/www.qingfaceramic.com\/es\/wp-json\/wp\/v2\/product\/1344","targetHints":{"allow":["GET"]}}],"collection":[{"href":"https:\/\/www.qingfaceramic.com\/es\/wp-json\/wp\/v2\/product"}],"about":[{"href":"https:\/\/www.qingfaceramic.com\/es\/wp-json\/wp\/v2\/types\/product"}],"replies":[{"embeddable":true,"href":"https:\/\/www.qingfaceramic.com\/es\/wp-json\/wp\/v2\/comments?post=1344"}],"wp:featuredmedia":[{"embeddable":true,"href":"https:\/\/www.qingfaceramic.com\/es\/wp-json\/wp\/v2\/media\/1346"}],"wp:attachment":[{"href":"https:\/\/www.qingfaceramic.com\/es\/wp-json\/wp\/v2\/media?parent=1344"}],"wp:term":[{"taxonomy":"market","embeddable":true,"href":"https:\/\/www.qingfaceramic.com\/es\/wp-json\/wp\/v2\/market?post=1344"},{"taxonomy":"product_brand","embeddable":true,"href":"https:\/\/www.qingfaceramic.com\/es\/wp-json\/wp\/v2\/product_brand?post=1344"},{"taxonomy":"product_cat","embeddable":true,"href":"https:\/\/www.qingfaceramic.com\/es\/wp-json\/wp\/v2\/product_cat?post=1344"},{"taxonomy":"product_tag","embeddable":true,"href":"https:\/\/www.qingfaceramic.com\/es\/wp-json\/wp\/v2\/product_tag?post=1344"}],"curies":[{"name":"wp","href":"https:\/\/api.w.org\/{rel}","templated":true}]}}