{"id":1318,"date":"2026-03-17T09:25:34","date_gmt":"2026-03-17T09:25:34","guid":{"rendered":"https:\/\/www.qingfaceramic.com\/?post_type=product&#038;p=1318"},"modified":"2026-03-17T09:43:27","modified_gmt":"2026-03-17T09:43:27","slug":"custom-artisanal-coffee-mugs","status":"publish","type":"product","link":"https:\/\/www.qingfaceramic.com\/es\/producto\/custom-artisanal-coffee-mugs\/","title":{"rendered":"Tazas de caf\u00e9 artesanales personalizadas Gres n\u00f3rdico apilables"},"content":{"rendered":"<h2 class=\"wp-block-heading\">Caracter\u00edsticas de las tazas de caf\u00e9 artesanales personalizadas<\/h2>\n\n\n\n<div class=\"wp-block-columns is-layout-flex wp-container-core-columns-is-layout-9d6595d7 wp-block-columns-is-layout-flex\">\n<div class=\"wp-block-column is-layout-flow wp-block-column-is-layout-flow\">\n<p><strong>Forma arquitect\u00f3nica apilable<\/strong>: La base empotrada dise\u00f1ada con precisi\u00f3n permite un anidado vertical seguro, reduciendo dr\u00e1sticamente el espacio de almacenamiento en cafeter\u00edas de gran volumen.<\/p>\n\n\n\n<p><strong>Contraste t\u00e1ctil de doble textura<\/strong>: Combina una base \u201carenosa\u201d cruda y sin esmaltar con una parte superior lisa y mate, proporcionando una experiencia sensorial \u00fanica que refuerza la calidad artesanal.<\/p>\n\n\n\n<p><strong>Motivos de inspiraci\u00f3n wabi-sabi<\/strong>: Presenta iconos bot\u00e1nicos y de casas de campo grabados a mano que abrazan la belleza imperfecta, atrayendo a los clientes que buscan una \u201cvida lenta\u201d y una est\u00e9tica org\u00e1nica.<\/p>\n\n\n\n<p><strong>Inercia t\u00e9rmica de calidad comercial<\/strong>: Las densas paredes de gres minimizan la fluctuaci\u00f3n de la temperatura, garantizando que las complejas notas de las especialidades de caf\u00e9 espresso se conserven desde el primer sorbo hasta el \u00faltimo.<\/p>\n\n\n\n<p><strong>Peque\u00f1os lotes con conciencia ecol\u00f3gica<\/strong>: Posicionado como una alternativa sostenible a la cer\u00e1mica de gran consumo, con soporte OEM completo para que las marcas cuenten su propia historia a trav\u00e9s de iconos personalizados.<\/p>\n<\/div>\n\n\n\n<div class=\"wp-block-column is-layout-flow wp-block-column-is-layout-flow\">\n<figure class=\"wp-block-image size-full\"><img decoding=\"async\" width=\"1330\" height=\"1502\" src=\"https:\/\/www.qingfaceramic.com\/wp-content\/uploads\/2026\/03\/Custom-Artisanal-Coffee-Mugs.webp\" alt=\"Tazas de caf\u00e9 artesanales personalizadas\" class=\"wp-image-1319\" srcset=\"https:\/\/www.qingfaceramic.com\/wp-content\/uploads\/2026\/03\/Custom-Artisanal-Coffee-Mugs.webp 1330w, https:\/\/www.qingfaceramic.com\/wp-content\/uploads\/2026\/03\/Custom-Artisanal-Coffee-Mugs-266x300.webp 266w, https:\/\/www.qingfaceramic.com\/wp-content\/uploads\/2026\/03\/Custom-Artisanal-Coffee-Mugs-768x867.webp 768w, https:\/\/www.qingfaceramic.com\/wp-content\/uploads\/2026\/03\/Custom-Artisanal-Coffee-Mugs-11x12.webp 11w, https:\/\/www.qingfaceramic.com\/wp-content\/uploads\/2026\/03\/Custom-Artisanal-Coffee-Mugs-1200x1355.webp 1200w, https:\/\/www.qingfaceramic.com\/wp-content\/uploads\/2026\/03\/Custom-Artisanal-Coffee-Mugs-600x678.webp 600w\" sizes=\"(max-width: 1330px) 100vw, 1330px\" \/><\/figure>\n<\/div>\n<\/div>\n\n\n\n<div class=\"wp-block-columns is-layout-flex wp-container-core-columns-is-layout-9d6595d7 wp-block-columns-is-layout-flex\">\n<div class=\"wp-block-column is-layout-flow wp-block-column-is-layout-flow\">\n<figure class=\"wp-block-image size-full\"><img decoding=\"async\" width=\"750\" height=\"1694\" src=\"https:\/\/www.qingfaceramic.com\/wp-content\/uploads\/2026\/01\/Custom-Ceramic-Coffee-Mug-in-Bulk4.webp\" alt=\"Taza de caf\u00e9 de cer\u00e1mica personalizada a granel4\" class=\"wp-image-591\" srcset=\"https:\/\/www.qingfaceramic.com\/wp-content\/uploads\/2026\/01\/Custom-Ceramic-Coffee-Mug-in-Bulk4.webp 750w, https:\/\/www.qingfaceramic.com\/wp-content\/uploads\/2026\/01\/Custom-Ceramic-Coffee-Mug-in-Bulk4-133x300.webp 133w, https:\/\/www.qingfaceramic.com\/wp-content\/uploads\/2026\/01\/Custom-Ceramic-Coffee-Mug-in-Bulk4-600x1355.webp 600w\" sizes=\"(max-width: 750px) 100vw, 750px\" \/><\/figure>\n<\/div>\n\n\n\n<div class=\"wp-block-column is-layout-flow wp-block-column-is-layout-flow\">\n<figure class=\"wp-block-image size-full\"><img decoding=\"async\" width=\"750\" height=\"1166\" src=\"https:\/\/www.qingfaceramic.com\/wp-content\/uploads\/2026\/01\/Custom-Ceramic-Coffee-Mug-in-Bulk5.webp\" alt=\"Taza de caf\u00e9 de cer\u00e1mica personalizada a granel5\" class=\"wp-image-592\" srcset=\"https:\/\/www.qingfaceramic.com\/wp-content\/uploads\/2026\/01\/Custom-Ceramic-Coffee-Mug-in-Bulk5.webp 750w, https:\/\/www.qingfaceramic.com\/wp-content\/uploads\/2026\/01\/Custom-Ceramic-Coffee-Mug-in-Bulk5-193x300.webp 193w, https:\/\/www.qingfaceramic.com\/wp-content\/uploads\/2026\/01\/Custom-Ceramic-Coffee-Mug-in-Bulk5-600x933.webp 600w\" sizes=\"(max-width: 750px) 100vw, 750px\" \/><\/figure>\n\n\n\n<figure class=\"wp-block-image size-full\"><img decoding=\"async\" width=\"1707\" height=\"1280\" src=\"https:\/\/www.qingfaceramic.com\/wp-content\/uploads\/2026\/01\/Integrated-Craftsmanship-Capability-1.webp\" alt=\"Capacidad artesanal integrada\" class=\"wp-image-571\" srcset=\"https:\/\/www.qingfaceramic.com\/wp-content\/uploads\/2026\/01\/Integrated-Craftsmanship-Capability-1.webp 1707w, https:\/\/www.qingfaceramic.com\/wp-content\/uploads\/2026\/01\/Integrated-Craftsmanship-Capability-1-300x225.webp 300w, https:\/\/www.qingfaceramic.com\/wp-content\/uploads\/2026\/01\/Integrated-Craftsmanship-Capability-1-768x576.webp 768w, https:\/\/www.qingfaceramic.com\/wp-content\/uploads\/2026\/01\/Integrated-Craftsmanship-Capability-1-1200x900.webp 1200w, https:\/\/www.qingfaceramic.com\/wp-content\/uploads\/2026\/01\/Integrated-Craftsmanship-Capability-1-600x450.webp 600w\" sizes=\"(max-width: 1707px) 100vw, 1707px\" \/><\/figure>\n<\/div>\n<\/div>","protected":false},"excerpt":{"rendered":"<p data-start=\"428\" data-end=\"756\">Nuestras tazas de caf\u00e9 personalizadas Artisanal presentan un dise\u00f1o n\u00f3rdico apilable e iconos grabados a mano. Fabricadas en gres de alta resistencia, estas tazas que ahorran espacio son perfectas para cafeter\u00edas especializadas y tiendas de regalos.<\/p>\n<h2>Tazas de caf\u00e9 artesanales personalizadas Par\u00e1metro<\/h2>\n<table data-path-to-node=\"12\">\n<thead>\n<tr>\n<td><strong>Campo<\/strong><\/td>\n<td><strong>Detalles<\/strong><\/td>\n<\/tr>\n<\/thead>\n<tbody>\n<tr>\n<td><span data-path-to-node=\"12,1,0,0\"><b data-path-to-node=\"12,1,0,0\" data-index-in-node=\"0\">Fabricante<\/b><\/span><\/td>\n<td><span data-path-to-node=\"12,1,1,0\">Cer\u00e1mica Qingfa<\/span><\/td>\n<\/tr>\n<tr>\n<td><span data-path-to-node=\"12,2,0,0\"><b data-path-to-node=\"12,2,0,0\" data-index-in-node=\"0\">Nombre del producto<\/b><\/span><\/td>\n<td><span data-path-to-node=\"12,2,1,0\">Tazas de Caf\u00e9 Artesanales Personalizadas \/ Taza Apilable Iconos Retro<\/span><\/td>\n<\/tr>\n<tr>\n<td><span data-path-to-node=\"12,3,0,0\"><b data-path-to-node=\"12,3,0,0\" data-index-in-node=\"0\">Material<\/b><\/span><\/td>\n<td><span data-path-to-node=\"12,3,1,0\">Gres resistente \/ Arcilla de tierra natural<\/span><\/td>\n<\/tr>\n<tr>\n<td><span data-path-to-node=\"12,4,0,0\"><b data-path-to-node=\"12,4,0,0\" data-index-in-node=\"0\">Capacidad<\/b><\/span><\/td>\n<td><span data-path-to-node=\"12,4,1,0\">375 ml (ideal para caf\u00e9s con leche y Flat Whites)<\/span><\/td>\n<\/tr>\n<tr>\n<td><span data-path-to-node=\"12,5,0,0\"><b data-path-to-node=\"12,5,0,0\" data-index-in-node=\"0\">Dise\u00f1o \/ Estilo<\/b><\/span><\/td>\n<td><span data-path-to-node=\"12,5,1,0\">Apilable n\u00f3rdico; est\u00e9tica primitiva grabada a mano<\/span><\/td>\n<\/tr>\n<tr>\n<td><span data-path-to-node=\"12,6,0,0\"><b data-path-to-node=\"12,6,0,0\" data-index-in-node=\"0\">Acabado superficial<\/b><\/span><\/td>\n<td><span data-path-to-node=\"12,6,1,0\">Bicolor (base arenosa no esmaltada + parte superior esmaltada mate)<\/span><\/td>\n<\/tr>\n<tr>\n<td><span data-path-to-node=\"12,7,0,0\"><b data-path-to-node=\"12,7,0,0\" data-index-in-node=\"0\">Opciones de color<\/b><\/span><\/td>\n<td><span data-path-to-node=\"12,7,1,0\">Blanco tiza, Verde musgo, Amarillo cosecha (personalizable)<\/span><\/td>\n<\/tr>\n<tr>\n<td><span data-path-to-node=\"12,8,0,0\"><b data-path-to-node=\"12,8,0,0\" data-index-in-node=\"0\">Mango<\/b><\/span><\/td>\n<td><span data-path-to-node=\"12,8,1,0\">Empu\u00f1adura integrada \u201cComfort-Curve\u201d para un equilibrio ergon\u00f3mico<\/span><\/td>\n<\/tr>\n<tr>\n<td><span data-path-to-node=\"12,9,0,0\"><b data-path-to-node=\"12,9,0,0\" data-index-in-node=\"0\">Personalizaci\u00f3n<\/b><\/span><\/td>\n<td><span data-path-to-node=\"12,9,1,0\">Logotipos grabados, iconos a medida, esmaltes Pantone personalizados<\/span><\/td>\n<\/tr>\n<tr>\n<td><span data-path-to-node=\"12,10,0,0\"><b data-path-to-node=\"12,10,0,0\" data-index-in-node=\"0\">Utilizaci\u00f3n<\/b><\/span><\/td>\n<td><span data-path-to-node=\"12,10,1,0\">Tostadores de caf\u00e9s especiales, hoteles boutique, tiendas conceptuales<\/span><\/td>\n<\/tr>\n<tr>\n<td><span data-path-to-node=\"12,11,0,0\"><b data-path-to-node=\"12,11,0,0\" data-index-in-node=\"0\">Certificaciones<\/b><\/span><\/td>\n<td><span data-path-to-node=\"12,11,1,0\">Conforme a FDA, LFGB, Prop 65<\/span><\/td>\n<\/tr>\n<\/tbody>\n<\/table>\n<p>&nbsp;<\/p>","protected":false},"featured_media":1324,"comment_status":"closed","ping_status":"closed","template":"","meta":{"_acf_changed":false},"market":[],"product_brand":[],"product_cat":[17,28],"product_tag":[],"class_list":{"0":"post-1318","1":"product","2":"type-product","3":"status-publish","4":"has-post-thumbnail","6":"product_cat-custom-coffee-cups","7":"product_cat-custom-coffee-mugs","9":"first","10":"instock","11":"shipping-taxable","12":"product-type-simple"},"acf":[],"_links":{"self":[{"href":"https:\/\/www.qingfaceramic.com\/es\/wp-json\/wp\/v2\/product\/1318","targetHints":{"allow":["GET"]}}],"collection":[{"href":"https:\/\/www.qingfaceramic.com\/es\/wp-json\/wp\/v2\/product"}],"about":[{"href":"https:\/\/www.qingfaceramic.com\/es\/wp-json\/wp\/v2\/types\/product"}],"replies":[{"embeddable":true,"href":"https:\/\/www.qingfaceramic.com\/es\/wp-json\/wp\/v2\/comments?post=1318"}],"wp:featuredmedia":[{"embeddable":true,"href":"https:\/\/www.qingfaceramic.com\/es\/wp-json\/wp\/v2\/media\/1324"}],"wp:attachment":[{"href":"https:\/\/www.qingfaceramic.com\/es\/wp-json\/wp\/v2\/media?parent=1318"}],"wp:term":[{"taxonomy":"market","embeddable":true,"href":"https:\/\/www.qingfaceramic.com\/es\/wp-json\/wp\/v2\/market?post=1318"},{"taxonomy":"product_brand","embeddable":true,"href":"https:\/\/www.qingfaceramic.com\/es\/wp-json\/wp\/v2\/product_brand?post=1318"},{"taxonomy":"product_cat","embeddable":true,"href":"https:\/\/www.qingfaceramic.com\/es\/wp-json\/wp\/v2\/product_cat?post=1318"},{"taxonomy":"product_tag","embeddable":true,"href":"https:\/\/www.qingfaceramic.com\/es\/wp-json\/wp\/v2\/product_tag?post=1318"}],"curies":[{"name":"wp","href":"https:\/\/api.w.org\/{rel}","templated":true}]}}