{"id":1285,"date":"2026-03-17T08:14:20","date_gmt":"2026-03-17T08:14:20","guid":{"rendered":"https:\/\/www.qingfaceramic.com\/?post_type=product&#038;p=1285"},"modified":"2026-03-17T08:31:32","modified_gmt":"2026-03-17T08:31:32","slug":"custom-stoneware-coffee-mugs","status":"publish","type":"product","link":"https:\/\/www.qingfaceramic.com\/es\/producto\/custom-stoneware-coffee-mugs\/","title":{"rendered":"Tazas de caf\u00e9 de gres personalizadas Taza de barro n\u00f3rdica redonda pintada a mano"},"content":{"rendered":"<h2 class=\"wp-block-heading\">Caracter\u00edsticas de las tazas de caf\u00e9 de gres personalizadas<\/h2>\n\n\n\n<div class=\"wp-block-columns is-layout-flex wp-container-core-columns-is-layout-9d6595d7 wp-block-columns-is-layout-flex\">\n<div class=\"wp-block-column is-layout-flow wp-block-column-is-layout-flow\">\n<p><strong>Arte \u00fanico<\/strong>: Cada taza presenta motivos bot\u00e1nicos individuales pintados a mano, lo que garantiza que no haya dos piezas id\u00e9nticas, un punto de venta de gran valor para las colecciones de las boutiques.<\/p>\n\n\n\n<p><strong>Textura t\u00e1ctil de arcilla cruda<\/strong>: El exterior de arcilla mate sin esmaltar proporciona una experiencia sensorial org\u00e1nica y enraizada que encaja con las tendencias modernas de decoraci\u00f3n minimalista y \u201cWabi-Sabi\u201d.<\/p>\n\n\n\n<p><strong>Gres de alta densidad t\u00e9rmica<\/strong>: A diferencia de la cer\u00e1mica est\u00e1ndar, nuestro gres de alta densidad retiene el calor de la bebida durante m\u00e1s tiempo, realzando el perfil de sabor de las especialidades de caf\u00e9 pour-over.<\/p>\n\n\n\n<p><strong>Silueta \u201cPinch-Pot\u201d artesanal<\/strong>: La forma redondeada y ligeramente irregular imita la cer\u00e1mica tradicional hecha a mano, ofreciendo un toque c\u00e1lido y humano a los entornos profesionales de hosteler\u00eda.<\/p>\n\n\n\n<p><strong>Abastecimiento sostenible de arcilla<\/strong>: Fabricado en gres natural y ecol\u00f3gico de alta cocci\u00f3n para una vida \u00fatil m\u00e1xima, lo que reduce la necesidad de sustituciones frecuentes en cafeter\u00edas muy frecuentadas.<\/p>\n<\/div>\n\n\n\n<div class=\"wp-block-column is-layout-flow wp-block-column-is-layout-flow\">\n<figure class=\"wp-block-image size-full\"><img decoding=\"async\" width=\"1260\" height=\"1516\" src=\"https:\/\/www.qingfaceramic.com\/wp-content\/uploads\/2026\/03\/Custom-Stoneware-Coffee-Mugs.webp\" alt=\"Tazas de caf\u00e9 de gres personalizadas\" class=\"wp-image-1286\" srcset=\"https:\/\/www.qingfaceramic.com\/wp-content\/uploads\/2026\/03\/Custom-Stoneware-Coffee-Mugs.webp 1260w, https:\/\/www.qingfaceramic.com\/wp-content\/uploads\/2026\/03\/Custom-Stoneware-Coffee-Mugs-249x300.webp 249w, https:\/\/www.qingfaceramic.com\/wp-content\/uploads\/2026\/03\/Custom-Stoneware-Coffee-Mugs-768x924.webp 768w, https:\/\/www.qingfaceramic.com\/wp-content\/uploads\/2026\/03\/Custom-Stoneware-Coffee-Mugs-10x12.webp 10w, https:\/\/www.qingfaceramic.com\/wp-content\/uploads\/2026\/03\/Custom-Stoneware-Coffee-Mugs-1200x1444.webp 1200w, https:\/\/www.qingfaceramic.com\/wp-content\/uploads\/2026\/03\/Custom-Stoneware-Coffee-Mugs-600x722.webp 600w\" sizes=\"(max-width: 1260px) 100vw, 1260px\" \/><\/figure>\n<\/div>\n<\/div>\n\n\n\n<div class=\"wp-block-columns is-layout-flex wp-container-core-columns-is-layout-9d6595d7 wp-block-columns-is-layout-flex\">\n<div class=\"wp-block-column is-layout-flow wp-block-column-is-layout-flow\">\n<figure class=\"wp-block-image size-full\"><img decoding=\"async\" width=\"750\" height=\"1694\" src=\"https:\/\/www.qingfaceramic.com\/wp-content\/uploads\/2026\/01\/Custom-Ceramic-Coffee-Mug-in-Bulk4.webp\" alt=\"Taza de caf\u00e9 de cer\u00e1mica personalizada a granel4\" class=\"wp-image-591\" srcset=\"https:\/\/www.qingfaceramic.com\/wp-content\/uploads\/2026\/01\/Custom-Ceramic-Coffee-Mug-in-Bulk4.webp 750w, https:\/\/www.qingfaceramic.com\/wp-content\/uploads\/2026\/01\/Custom-Ceramic-Coffee-Mug-in-Bulk4-133x300.webp 133w, https:\/\/www.qingfaceramic.com\/wp-content\/uploads\/2026\/01\/Custom-Ceramic-Coffee-Mug-in-Bulk4-600x1355.webp 600w\" sizes=\"(max-width: 750px) 100vw, 750px\" \/><\/figure>\n<\/div>\n\n\n\n<div class=\"wp-block-column is-layout-flow wp-block-column-is-layout-flow\">\n<figure class=\"wp-block-image size-full\"><img decoding=\"async\" width=\"750\" height=\"1166\" src=\"https:\/\/www.qingfaceramic.com\/wp-content\/uploads\/2026\/01\/Custom-Ceramic-Coffee-Mug-in-Bulk5.webp\" alt=\"Taza de caf\u00e9 de cer\u00e1mica personalizada a granel5\" class=\"wp-image-592\" srcset=\"https:\/\/www.qingfaceramic.com\/wp-content\/uploads\/2026\/01\/Custom-Ceramic-Coffee-Mug-in-Bulk5.webp 750w, https:\/\/www.qingfaceramic.com\/wp-content\/uploads\/2026\/01\/Custom-Ceramic-Coffee-Mug-in-Bulk5-193x300.webp 193w, https:\/\/www.qingfaceramic.com\/wp-content\/uploads\/2026\/01\/Custom-Ceramic-Coffee-Mug-in-Bulk5-600x933.webp 600w\" sizes=\"(max-width: 750px) 100vw, 750px\" \/><\/figure>\n\n\n\n<figure class=\"wp-block-image size-full\"><img decoding=\"async\" width=\"1707\" height=\"1280\" src=\"https:\/\/www.qingfaceramic.com\/wp-content\/uploads\/2026\/01\/Integrated-Craftsmanship-Capability-1.webp\" alt=\"Capacidad artesanal integrada\" class=\"wp-image-571\" srcset=\"https:\/\/www.qingfaceramic.com\/wp-content\/uploads\/2026\/01\/Integrated-Craftsmanship-Capability-1.webp 1707w, https:\/\/www.qingfaceramic.com\/wp-content\/uploads\/2026\/01\/Integrated-Craftsmanship-Capability-1-300x225.webp 300w, https:\/\/www.qingfaceramic.com\/wp-content\/uploads\/2026\/01\/Integrated-Craftsmanship-Capability-1-768x576.webp 768w, https:\/\/www.qingfaceramic.com\/wp-content\/uploads\/2026\/01\/Integrated-Craftsmanship-Capability-1-1200x900.webp 1200w, https:\/\/www.qingfaceramic.com\/wp-content\/uploads\/2026\/01\/Integrated-Craftsmanship-Capability-1-600x450.webp 600w\" sizes=\"(max-width: 1707px) 100vw, 1707px\" \/><\/figure>\n<\/div>\n<\/div>","protected":false},"excerpt":{"rendered":"<p data-start=\"428\" data-end=\"756\">Nuestras tazas de caf\u00e9 de gres personalizadas presentan motivos vegetales n\u00f3rdicos vintage pintados a mano. Fabricadas en gres de alta calidad para una mayor durabilidad y retenci\u00f3n del calor, estas tazas art\u00edsticas son perfectas para cafeter\u00edas, hoteles y colecciones de regalos de marca.<\/p>\n<h2>Tazas de caf\u00e9 de gres personalizadas Par\u00e1metro<\/h2>\n<table data-path-to-node=\"11\">\n<thead>\n<tr>\n<td><strong>Campo<\/strong><\/td>\n<td><strong>Detalles<\/strong><\/td>\n<\/tr>\n<\/thead>\n<tbody>\n<tr>\n<td><span data-path-to-node=\"11,1,0,0\"><b data-path-to-node=\"11,1,0,0\" data-index-in-node=\"0\">Fabricante<\/b><\/span><\/td>\n<td><span data-path-to-node=\"11,1,1,0\">Cer\u00e1mica Qingfa<\/span><\/td>\n<\/tr>\n<tr>\n<td><span data-path-to-node=\"11,2,0,0\"><b data-path-to-node=\"11,2,0,0\" data-index-in-node=\"0\">Nombre del producto<\/b><\/span><\/td>\n<td><span data-path-to-node=\"11,2,1,0\">Tazas de caf\u00e9 de gres personalizadas \/ Taza n\u00f3rdica pintada a mano<\/span><\/td>\n<\/tr>\n<tr>\n<td><span data-path-to-node=\"11,3,0,0\"><b data-path-to-node=\"11,3,0,0\" data-index-in-node=\"0\">Material<\/b><\/span><\/td>\n<td><span data-path-to-node=\"11,3,1,0\">Gres \/ Arcilla de alta calidad<\/span><\/td>\n<\/tr>\n<tr>\n<td><span data-path-to-node=\"11,4,0,0\"><b data-path-to-node=\"11,4,0,0\" data-index-in-node=\"0\">Capacidad<\/b><\/span><\/td>\n<td><span data-path-to-node=\"11,4,1,0\">Aprox. 275 ml<\/span><\/td>\n<\/tr>\n<tr>\n<td><span data-path-to-node=\"11,5,0,0\"><b data-path-to-node=\"11,5,0,0\" data-index-in-node=\"0\">Dise\u00f1o \/ Estilo<\/b><\/span><\/td>\n<td><span data-path-to-node=\"11,5,1,0\">Vintage n\u00f3rdico con motivos vegetales pintados a mano<\/span><\/td>\n<\/tr>\n<tr>\n<td><span data-path-to-node=\"11,6,0,0\"><b data-path-to-node=\"11,6,0,0\" data-index-in-node=\"0\">Acabado superficial<\/b><\/span><\/td>\n<td><span data-path-to-node=\"11,6,1,0\">Textura de arcilla mate con detalles pintados a mano<\/span><\/td>\n<\/tr>\n<tr>\n<td><span data-path-to-node=\"11,7,0,0\"><b data-path-to-node=\"11,7,0,0\" data-index-in-node=\"0\">Opciones de color<\/b><\/span><\/td>\n<td><span data-path-to-node=\"11,7,1,0\">Beige tierra, Azul suave, Verde salvia (personalizable)<\/span><\/td>\n<\/tr>\n<tr>\n<td><span data-path-to-node=\"11,8,0,0\"><b data-path-to-node=\"11,8,0,0\" data-index-in-node=\"0\">Mango<\/b><\/span><\/td>\n<td><span data-path-to-node=\"11,8,1,0\">Empu\u00f1adura ergon\u00f3mica integrada en forma de C<\/span><\/td>\n<\/tr>\n<tr>\n<td><span data-path-to-node=\"11,9,0,0\"><b data-path-to-node=\"11,9,0,0\" data-index-in-node=\"0\">Personalizaci\u00f3n<\/b><\/span><\/td>\n<td><span data-path-to-node=\"11,9,1,0\">Logotipo, color, dise\u00f1o de patrones, embalaje (OEM\/ODM)<\/span><\/td>\n<\/tr>\n<tr>\n<td><span data-path-to-node=\"11,10,0,0\"><b data-path-to-node=\"11,10,0,0\" data-index-in-node=\"0\">Utilizaci\u00f3n<\/b><\/span><\/td>\n<td><span data-path-to-node=\"11,10,1,0\">Cafeter\u00edas, hoteles, restaurantes y tiendas de regalos<\/span><\/td>\n<\/tr>\n<tr>\n<td><span data-path-to-node=\"11,11,0,0\"><b data-path-to-node=\"11,11,0,0\" data-index-in-node=\"0\">Certificaciones<\/b><\/span><\/td>\n<td><span data-path-to-node=\"11,11,1,0\">Conformidad FDA, LFGB, CE\/UE<\/span><\/td>\n<\/tr>\n<\/tbody>\n<\/table>\n<p>&nbsp;<\/p>","protected":false},"featured_media":1288,"comment_status":"closed","ping_status":"closed","template":"","meta":{"_acf_changed":false},"market":[],"product_brand":[],"product_cat":[17,28],"product_tag":[],"class_list":{"0":"post-1285","1":"product","2":"type-product","3":"status-publish","4":"has-post-thumbnail","6":"product_cat-custom-coffee-cups","7":"product_cat-custom-coffee-mugs","9":"first","10":"instock","11":"shipping-taxable","12":"product-type-simple"},"acf":[],"_links":{"self":[{"href":"https:\/\/www.qingfaceramic.com\/es\/wp-json\/wp\/v2\/product\/1285","targetHints":{"allow":["GET"]}}],"collection":[{"href":"https:\/\/www.qingfaceramic.com\/es\/wp-json\/wp\/v2\/product"}],"about":[{"href":"https:\/\/www.qingfaceramic.com\/es\/wp-json\/wp\/v2\/types\/product"}],"replies":[{"embeddable":true,"href":"https:\/\/www.qingfaceramic.com\/es\/wp-json\/wp\/v2\/comments?post=1285"}],"wp:featuredmedia":[{"embeddable":true,"href":"https:\/\/www.qingfaceramic.com\/es\/wp-json\/wp\/v2\/media\/1288"}],"wp:attachment":[{"href":"https:\/\/www.qingfaceramic.com\/es\/wp-json\/wp\/v2\/media?parent=1285"}],"wp:term":[{"taxonomy":"market","embeddable":true,"href":"https:\/\/www.qingfaceramic.com\/es\/wp-json\/wp\/v2\/market?post=1285"},{"taxonomy":"product_brand","embeddable":true,"href":"https:\/\/www.qingfaceramic.com\/es\/wp-json\/wp\/v2\/product_brand?post=1285"},{"taxonomy":"product_cat","embeddable":true,"href":"https:\/\/www.qingfaceramic.com\/es\/wp-json\/wp\/v2\/product_cat?post=1285"},{"taxonomy":"product_tag","embeddable":true,"href":"https:\/\/www.qingfaceramic.com\/es\/wp-json\/wp\/v2\/product_tag?post=1285"}],"curies":[{"name":"wp","href":"https:\/\/api.w.org\/{rel}","templated":true}]}}