{"id":1275,"date":"2026-03-17T07:09:47","date_gmt":"2026-03-17T07:09:47","guid":{"rendered":"https:\/\/www.qingfaceramic.com\/?post_type=product&#038;p=1275"},"modified":"2026-03-17T08:07:44","modified_gmt":"2026-03-17T08:07:44","slug":"custom-ceramic-tea-mug","status":"publish","type":"product","link":"https:\/\/www.qingfaceramic.com\/es\/producto\/custom-ceramic-tea-mug\/","title":{"rendered":"Taza de t\u00e9 de cer\u00e1mica personalizada Dise\u00f1o retro \u00fanico hecho a mano"},"content":{"rendered":"<h2 class=\"wp-block-heading\">Caracter\u00edsticas de la taza de t\u00e9 de cer\u00e1mica personalizada<\/h2>\n\n\n\n<div class=\"wp-block-columns is-layout-flex wp-container-core-columns-is-layout-9d6595d7 wp-block-columns-is-layout-flex\">\n<div class=\"wp-block-column is-layout-flow wp-block-column-is-layout-flow\">\n<p><strong>Aut\u00e9ntica est\u00e9tica n\u00f3rdica hecha a mano<\/strong>: Cada taza presenta una textura \u00fanica, hecha a mano, con intrincados detalles de veteado vertical, que aportan un sofisticado encanto n\u00f3rdico retro a cualquier servicio de caf\u00e9 moderno.<\/p>\n\n\n\n<p><strong>Acabado de esmalte reactivo de alta calidad<\/strong>: Acabadas con un esmalte reactivo de alta calidad, estas tazas muestran una hermosa profundidad de color y un tacto suave y agradable que es a la vez duradero y visualmente llamativo.<\/p>\n\n\n\n<p><strong>Empu\u00f1adura ergon\u00f3mica y c\u00f3moda<\/strong>: Dise\u00f1ada con un asa espaciosa y f\u00e1cil de sujetar, proporciona una experiencia de consumo equilibrada y c\u00f3moda para su uso en cafeter\u00edas profesionales o en casa.<\/p>\n\n\n\n<p><strong>Cer\u00e1mica duradera de alta cocci\u00f3n<\/strong>: Fabricado en cer\u00e1mica de alta calidad apta para uso alimentario y cocida a altas temperaturas, lo que garantiza una resistencia excepcional al desportillado y una retenci\u00f3n t\u00e9rmica a largo plazo para las bebidas calientes.<\/p>\n\n\n\n<p><strong>Personalizaci\u00f3n B2B vers\u00e1til<\/strong>: Ofrecemos servicios flexibles de OEM\/ODM, lo que le permite personalizar los colores del esmalte y a\u00f1adir logotipos de marca para alinearse perfectamente con la marca de su restaurante o boutique minorista.<\/p>\n<\/div>\n\n\n\n<div class=\"wp-block-column is-layout-flow wp-block-column-is-layout-flow\">\n<figure class=\"wp-block-image size-full\"><img decoding=\"async\" width=\"1214\" height=\"1222\" src=\"https:\/\/www.qingfaceramic.com\/wp-content\/uploads\/2026\/03\/Custom-Ceramic-Tea-Mug.webp\" alt=\"Taza de t\u00e9 de cer\u00e1mica personalizada\" class=\"wp-image-1276\" srcset=\"https:\/\/www.qingfaceramic.com\/wp-content\/uploads\/2026\/03\/Custom-Ceramic-Tea-Mug.webp 1214w, https:\/\/www.qingfaceramic.com\/wp-content\/uploads\/2026\/03\/Custom-Ceramic-Tea-Mug-298x300.webp 298w, https:\/\/www.qingfaceramic.com\/wp-content\/uploads\/2026\/03\/Custom-Ceramic-Tea-Mug-150x150.webp 150w, https:\/\/www.qingfaceramic.com\/wp-content\/uploads\/2026\/03\/Custom-Ceramic-Tea-Mug-768x773.webp 768w, https:\/\/www.qingfaceramic.com\/wp-content\/uploads\/2026\/03\/Custom-Ceramic-Tea-Mug-12x12.webp 12w, https:\/\/www.qingfaceramic.com\/wp-content\/uploads\/2026\/03\/Custom-Ceramic-Tea-Mug-1200x1208.webp 1200w, https:\/\/www.qingfaceramic.com\/wp-content\/uploads\/2026\/03\/Custom-Ceramic-Tea-Mug-600x604.webp 600w, https:\/\/www.qingfaceramic.com\/wp-content\/uploads\/2026\/03\/Custom-Ceramic-Tea-Mug-100x100.webp 100w\" sizes=\"(max-width: 1214px) 100vw, 1214px\" \/><\/figure>\n<\/div>\n<\/div>\n\n\n\n<div class=\"wp-block-columns is-layout-flex wp-container-core-columns-is-layout-9d6595d7 wp-block-columns-is-layout-flex\">\n<div class=\"wp-block-column is-layout-flow wp-block-column-is-layout-flow\">\n<figure class=\"wp-block-image size-full\"><img decoding=\"async\" width=\"750\" height=\"1694\" src=\"https:\/\/www.qingfaceramic.com\/wp-content\/uploads\/2026\/01\/Custom-Ceramic-Coffee-Mug-in-Bulk4.webp\" alt=\"Taza de caf\u00e9 de cer\u00e1mica personalizada a granel4\" class=\"wp-image-591\" srcset=\"https:\/\/www.qingfaceramic.com\/wp-content\/uploads\/2026\/01\/Custom-Ceramic-Coffee-Mug-in-Bulk4.webp 750w, https:\/\/www.qingfaceramic.com\/wp-content\/uploads\/2026\/01\/Custom-Ceramic-Coffee-Mug-in-Bulk4-133x300.webp 133w, https:\/\/www.qingfaceramic.com\/wp-content\/uploads\/2026\/01\/Custom-Ceramic-Coffee-Mug-in-Bulk4-600x1355.webp 600w\" sizes=\"(max-width: 750px) 100vw, 750px\" \/><\/figure>\n<\/div>\n\n\n\n<div class=\"wp-block-column is-layout-flow wp-block-column-is-layout-flow\">\n<figure class=\"wp-block-image size-full\"><img decoding=\"async\" width=\"750\" height=\"1166\" src=\"https:\/\/www.qingfaceramic.com\/wp-content\/uploads\/2026\/01\/Custom-Ceramic-Coffee-Mug-in-Bulk5.webp\" alt=\"Taza de caf\u00e9 de cer\u00e1mica personalizada a granel5\" class=\"wp-image-592\" srcset=\"https:\/\/www.qingfaceramic.com\/wp-content\/uploads\/2026\/01\/Custom-Ceramic-Coffee-Mug-in-Bulk5.webp 750w, https:\/\/www.qingfaceramic.com\/wp-content\/uploads\/2026\/01\/Custom-Ceramic-Coffee-Mug-in-Bulk5-193x300.webp 193w, https:\/\/www.qingfaceramic.com\/wp-content\/uploads\/2026\/01\/Custom-Ceramic-Coffee-Mug-in-Bulk5-600x933.webp 600w\" sizes=\"(max-width: 750px) 100vw, 750px\" \/><\/figure>\n\n\n\n<figure class=\"wp-block-image size-full\"><img decoding=\"async\" width=\"1707\" height=\"1280\" src=\"https:\/\/www.qingfaceramic.com\/wp-content\/uploads\/2026\/01\/Integrated-Craftsmanship-Capability-1.webp\" alt=\"Capacidad artesanal integrada\" class=\"wp-image-571\" srcset=\"https:\/\/www.qingfaceramic.com\/wp-content\/uploads\/2026\/01\/Integrated-Craftsmanship-Capability-1.webp 1707w, https:\/\/www.qingfaceramic.com\/wp-content\/uploads\/2026\/01\/Integrated-Craftsmanship-Capability-1-300x225.webp 300w, https:\/\/www.qingfaceramic.com\/wp-content\/uploads\/2026\/01\/Integrated-Craftsmanship-Capability-1-768x576.webp 768w, https:\/\/www.qingfaceramic.com\/wp-content\/uploads\/2026\/01\/Integrated-Craftsmanship-Capability-1-1200x900.webp 1200w, https:\/\/www.qingfaceramic.com\/wp-content\/uploads\/2026\/01\/Integrated-Craftsmanship-Capability-1-600x450.webp 600w\" sizes=\"(max-width: 1707px) 100vw, 1707px\" \/><\/figure>\n<\/div>\n<\/div>","protected":false},"excerpt":{"rendered":"<p data-start=\"428\" data-end=\"756\">Nuestra taza de t\u00e9 de cer\u00e1mica personalizada presenta una est\u00e9tica n\u00f3rdica retro \u00fanica hecha a mano. Esta taza de cer\u00e1mica de alta calidad est\u00e1 hecha a mano con un grano de textura intrincada y un esmalte reactivo de primera calidad, por lo que es perfecta para cafeter\u00edas, hoteles o colecciones de regalos de marca.<\/p>\n<h2>Taza de t\u00e9 de cer\u00e1mica personalizada Par\u00e1metro<\/h2>\n<table data-path-to-node=\"3\">\n<thead>\n<tr>\n<td><strong>(Campo)<\/strong><\/td>\n<td><strong>(Detalles)<\/strong><\/td>\n<\/tr>\n<\/thead>\n<tbody>\n<tr>\n<td><span data-path-to-node=\"3,1,0,0\"><b data-path-to-node=\"3,1,0,0\" data-index-in-node=\"0\">Fabricante<\/b><\/span><\/td>\n<td><span data-path-to-node=\"3,1,1,0\">Cer\u00e1mica Qingfa<\/span><\/td>\n<\/tr>\n<tr>\n<td><span data-path-to-node=\"3,2,0,0\"><b data-path-to-node=\"3,2,0,0\" data-index-in-node=\"0\">Nombre del producto<\/b><\/span><\/td>\n<td><span data-path-to-node=\"3,2,1,0\">Taza de cer\u00e1mica para caf\u00e9 y t\u00e9 de estilo n\u00f3rdico con dise\u00f1o retro hecho a mano \u00fanico<\/span><\/td>\n<\/tr>\n<tr>\n<td><span data-path-to-node=\"3,3,0,0\"><b data-path-to-node=\"3,3,0,0\" data-index-in-node=\"0\">Material<\/b><\/span><\/td>\n<td><span data-path-to-node=\"3,3,1,0\">Porcelana \/ cer\u00e1mica de alta calidad<\/span><\/td>\n<\/tr>\n<tr>\n<td><span data-path-to-node=\"3,4,0,0\"><b data-path-to-node=\"3,4,0,0\" data-index-in-node=\"0\">Capacidad<\/b><\/span><\/td>\n<td><span data-path-to-node=\"3,4,1,0\">350 ml\u00a0<\/span><\/td>\n<\/tr>\n<tr>\n<td><span data-path-to-node=\"3,5,0,0\"><b data-path-to-node=\"3,5,0,0\" data-index-in-node=\"0\">Dise\u00f1o \/ Estilo<\/b><\/span><\/td>\n<td><span data-path-to-node=\"3,5,1,0\">Estilo retro n\u00f3rdico con textura de espiga de trigo tallada a mano<\/span><\/td>\n<\/tr>\n<tr>\n<td><span data-path-to-node=\"3,6,0,0\"><b data-path-to-node=\"3,6,0,0\" data-index-in-node=\"0\">Acabado superficial<\/b><\/span><\/td>\n<td><span data-path-to-node=\"3,6,1,0\">Esmalte reactivo de alta temperatura (liso y brillante)<\/span><\/td>\n<\/tr>\n<tr>\n<td><span data-path-to-node=\"3,7,0,0\"><b data-path-to-node=\"3,7,0,0\" data-index-in-node=\"0\">Opciones de color<\/b><\/span><\/td>\n<td><span data-path-to-node=\"3,7,1,0\">Marr\u00f3n retro, blanco cremoso (colores personalizados disponibles)<\/span><\/td>\n<\/tr>\n<tr>\n<td><span data-path-to-node=\"3,8,0,0\"><b data-path-to-node=\"3,8,0,0\" data-index-in-node=\"0\">Mango<\/b><\/span><\/td>\n<td><span data-path-to-node=\"3,8,1,0\">Gran mango ergon\u00f3mico en forma de C para un agarre estable<\/span><\/td>\n<\/tr>\n<tr>\n<td><span data-path-to-node=\"3,9,0,0\"><b data-path-to-node=\"3,9,0,0\" data-index-in-node=\"0\">Personalizaci\u00f3n<\/b><\/span><\/td>\n<td><span data-path-to-node=\"3,9,1,0\">OEM\/ODM, Logotipo personalizado, Esmalte personalizado, Embalaje especializado<\/span><\/td>\n<\/tr>\n<tr>\n<td><span data-path-to-node=\"3,10,0,0\"><b data-path-to-node=\"3,10,0,0\" data-index-in-node=\"0\">Utilizaci\u00f3n<\/b><\/span><\/td>\n<td><span data-path-to-node=\"3,10,1,0\">Hogar, Oficina, Cafeter\u00eda, Restaurante, Hotel, Set de Regalo<\/span><\/td>\n<\/tr>\n<tr>\n<td><span data-path-to-node=\"3,11,0,0\"><b data-path-to-node=\"3,11,0,0\" data-index-in-node=\"0\">Certificaciones<\/b><\/span><\/td>\n<td><span data-path-to-node=\"3,11,1,0\">CE \/ EU, CIQ, EEC, LFGB, FDA<\/span><\/td>\n<\/tr>\n<\/tbody>\n<\/table>\n<p>&nbsp;<\/p>","protected":false},"featured_media":1280,"comment_status":"closed","ping_status":"closed","template":"","meta":{"_acf_changed":false},"market":[],"product_brand":[],"product_cat":[17,28],"product_tag":[],"class_list":{"0":"post-1275","1":"product","2":"type-product","3":"status-publish","4":"has-post-thumbnail","6":"product_cat-custom-coffee-cups","7":"product_cat-custom-coffee-mugs","9":"first","10":"instock","11":"shipping-taxable","12":"product-type-simple"},"acf":[],"_links":{"self":[{"href":"https:\/\/www.qingfaceramic.com\/es\/wp-json\/wp\/v2\/product\/1275","targetHints":{"allow":["GET"]}}],"collection":[{"href":"https:\/\/www.qingfaceramic.com\/es\/wp-json\/wp\/v2\/product"}],"about":[{"href":"https:\/\/www.qingfaceramic.com\/es\/wp-json\/wp\/v2\/types\/product"}],"replies":[{"embeddable":true,"href":"https:\/\/www.qingfaceramic.com\/es\/wp-json\/wp\/v2\/comments?post=1275"}],"wp:featuredmedia":[{"embeddable":true,"href":"https:\/\/www.qingfaceramic.com\/es\/wp-json\/wp\/v2\/media\/1280"}],"wp:attachment":[{"href":"https:\/\/www.qingfaceramic.com\/es\/wp-json\/wp\/v2\/media?parent=1275"}],"wp:term":[{"taxonomy":"market","embeddable":true,"href":"https:\/\/www.qingfaceramic.com\/es\/wp-json\/wp\/v2\/market?post=1275"},{"taxonomy":"product_brand","embeddable":true,"href":"https:\/\/www.qingfaceramic.com\/es\/wp-json\/wp\/v2\/product_brand?post=1275"},{"taxonomy":"product_cat","embeddable":true,"href":"https:\/\/www.qingfaceramic.com\/es\/wp-json\/wp\/v2\/product_cat?post=1275"},{"taxonomy":"product_tag","embeddable":true,"href":"https:\/\/www.qingfaceramic.com\/es\/wp-json\/wp\/v2\/product_tag?post=1275"}],"curies":[{"name":"wp","href":"https:\/\/api.w.org\/{rel}","templated":true}]}}