{"id":1257,"date":"2026-03-10T07:41:56","date_gmt":"2026-03-10T07:41:56","guid":{"rendered":"https:\/\/www.qingfaceramic.com\/?post_type=product&#038;p=1257"},"modified":"2026-03-10T07:50:10","modified_gmt":"2026-03-10T07:50:10","slug":"custom-modern-porcelain-dripper","status":"publish","type":"product","link":"https:\/\/www.qingfaceramic.com\/es\/producto\/custom-modern-porcelain-dripper\/","title":{"rendered":"Gotero y cafetera modernos de porcelana personalizados con motivos art\u00edsticos"},"content":{"rendered":"<h2 class=\"wp-block-heading\">Caracter\u00edsticas del gotero de porcelana Custom Modern<\/h2>\n\n\n\n<div class=\"wp-block-columns is-layout-flex wp-container-core-columns-is-layout-9d6595d7 wp-block-columns-is-layout-flex\">\n<div class=\"wp-block-column is-layout-flow wp-block-column-is-layout-flow\">\n<ol class=\"wp-block-list\">\n<li><strong>Est\u00e9tica geom\u00e9trica contempor\u00e1nea<\/strong>: Presenta patrones art\u00edsticos \u00fanicos y modernos, incluidos tri\u00e1ngulos y dise\u00f1os abstractos lineales que a\u00f1aden un toque sofisticado a cualquier cafeter\u00eda o cocina dom\u00e9stica.<\/li>\n\n\n\n<li><strong>Dise\u00f1o de extracci\u00f3n profesional<\/strong>: El gotero cer\u00e1mico de precisi\u00f3n en forma de V garantiza un flujo de agua \u00f3ptimo y un control constante de la temperatura para una extracci\u00f3n superior del sabor del caf\u00e9.<\/li>\n\n\n\n<li><strong>Artesan\u00eda de porcelana de primera calidad<\/strong>: Fabricado en porcelana de alta cocci\u00f3n apta para uso alimentario que es duradera, no contiene plomo y retiene el calor mejor que los infusores de vidrio o pl\u00e1stico.<\/li>\n\n\n\n<li><strong>Ergon\u00f3mico y pr\u00e1ctico<\/strong>: La cafetera est\u00e1 dise\u00f1ada con una c\u00f3moda asa que se mantiene fr\u00eda y una boquilla de vertido suave para evitar goteos y garantizar una experiencia de servicio perfecta.<\/li>\n\n\n\n<li><strong>Opciones de estilo vers\u00e1tiles<\/strong>: Disponible en m\u00faltiples combinaciones de colores y estilos de estampado, lo que permite a los minoristas de boutiques y cadenas hoteleras ofrecer una l\u00ednea de productos diversa y con estilo.<\/li>\n\n\n\n<li><strong>Preparado para la personalizaci\u00f3n B2B<\/strong>: Ofrecemos servicios integrales de OEM\/ODM, que incluyen la impresi\u00f3n de logotipos de marca personalizados y el desarrollo de patrones exclusivos para adaptarse a la identidad de su marca.<\/li>\n<\/ol>\n\n\n\n<div style=\"height:0px\" aria-hidden=\"true\" class=\"wp-block-spacer\"><\/div>\n<\/div>\n\n\n\n<div class=\"wp-block-column is-layout-flow wp-block-column-is-layout-flow\">\n<figure class=\"wp-block-image size-full\"><img decoding=\"async\" width=\"800\" height=\"800\" src=\"https:\/\/www.qingfaceramic.com\/wp-content\/uploads\/2026\/03\/Custom-Modern-Porcelain-Dripper6.webp\" alt=\"Gotero moderno de porcelana a medida6\" class=\"wp-image-1263\" srcset=\"https:\/\/www.qingfaceramic.com\/wp-content\/uploads\/2026\/03\/Custom-Modern-Porcelain-Dripper6.webp 800w, https:\/\/www.qingfaceramic.com\/wp-content\/uploads\/2026\/03\/Custom-Modern-Porcelain-Dripper6-300x300.webp 300w, https:\/\/www.qingfaceramic.com\/wp-content\/uploads\/2026\/03\/Custom-Modern-Porcelain-Dripper6-150x150.webp 150w, https:\/\/www.qingfaceramic.com\/wp-content\/uploads\/2026\/03\/Custom-Modern-Porcelain-Dripper6-768x768.webp 768w, https:\/\/www.qingfaceramic.com\/wp-content\/uploads\/2026\/03\/Custom-Modern-Porcelain-Dripper6-12x12.webp 12w, https:\/\/www.qingfaceramic.com\/wp-content\/uploads\/2026\/03\/Custom-Modern-Porcelain-Dripper6-600x600.webp 600w, https:\/\/www.qingfaceramic.com\/wp-content\/uploads\/2026\/03\/Custom-Modern-Porcelain-Dripper6-100x100.webp 100w\" sizes=\"(max-width: 800px) 100vw, 800px\" \/><\/figure>\n<\/div>\n<\/div>\n\n\n\n<div class=\"wp-block-columns is-layout-flex wp-container-core-columns-is-layout-9d6595d7 wp-block-columns-is-layout-flex\">\n<div class=\"wp-block-column is-layout-flow wp-block-column-is-layout-flow\"><\/div>\n\n\n\n<div class=\"wp-block-column is-layout-flow wp-block-column-is-layout-flow\"><\/div>\n<\/div>\n\n\n\n<p><\/p>","protected":false},"excerpt":{"rendered":"<p data-start=\"503\" data-end=\"756\">Mejore su preparaci\u00f3n artesanal con nuestro moderno gotero de porcelana personalizado. Con atrevidos y modernos motivos art\u00edsticos y un acabado de porcelana de alta calidad, este d\u00fao profesional de gotero y cafetera combina un estilo contempor\u00e1neo con una excepcional retenci\u00f3n del calor para conseguir la taza de caf\u00e9 perfecta.<\/p>\n<p>&nbsp;<\/p>\n<p>&nbsp;<\/p>","protected":false},"featured_media":1258,"comment_status":"closed","ping_status":"closed","template":"","meta":{"_acf_changed":false},"market":[],"product_brand":[],"product_cat":[16,27],"product_tag":[],"class_list":{"0":"post-1257","1":"product","2":"type-product","3":"status-publish","4":"has-post-thumbnail","6":"product_cat-tea-and-coffee-sets-factory","7":"product_cat-custom-coffee-drippers","9":"first","10":"instock","11":"shipping-taxable","12":"product-type-simple"},"acf":[],"_links":{"self":[{"href":"https:\/\/www.qingfaceramic.com\/es\/wp-json\/wp\/v2\/product\/1257","targetHints":{"allow":["GET"]}}],"collection":[{"href":"https:\/\/www.qingfaceramic.com\/es\/wp-json\/wp\/v2\/product"}],"about":[{"href":"https:\/\/www.qingfaceramic.com\/es\/wp-json\/wp\/v2\/types\/product"}],"replies":[{"embeddable":true,"href":"https:\/\/www.qingfaceramic.com\/es\/wp-json\/wp\/v2\/comments?post=1257"}],"wp:featuredmedia":[{"embeddable":true,"href":"https:\/\/www.qingfaceramic.com\/es\/wp-json\/wp\/v2\/media\/1258"}],"wp:attachment":[{"href":"https:\/\/www.qingfaceramic.com\/es\/wp-json\/wp\/v2\/media?parent=1257"}],"wp:term":[{"taxonomy":"market","embeddable":true,"href":"https:\/\/www.qingfaceramic.com\/es\/wp-json\/wp\/v2\/market?post=1257"},{"taxonomy":"product_brand","embeddable":true,"href":"https:\/\/www.qingfaceramic.com\/es\/wp-json\/wp\/v2\/product_brand?post=1257"},{"taxonomy":"product_cat","embeddable":true,"href":"https:\/\/www.qingfaceramic.com\/es\/wp-json\/wp\/v2\/product_cat?post=1257"},{"taxonomy":"product_tag","embeddable":true,"href":"https:\/\/www.qingfaceramic.com\/es\/wp-json\/wp\/v2\/product_tag?post=1257"}],"curies":[{"name":"wp","href":"https:\/\/api.w.org\/{rel}","templated":true}]}}