{"id":1248,"date":"2026-03-10T06:56:39","date_gmt":"2026-03-10T06:56:39","guid":{"rendered":"https:\/\/www.qingfaceramic.com\/?post_type=product&#038;p=1248"},"modified":"2026-03-10T07:38:07","modified_gmt":"2026-03-10T07:38:07","slug":"custom-vintage-red-clay-coffee-drippers","status":"publish","type":"product","link":"https:\/\/www.qingfaceramic.com\/es\/producto\/custom-vintage-red-clay-coffee-drippers\/","title":{"rendered":"Goteros de arcilla roja vintage personalizados"},"content":{"rendered":"<h2 class=\"wp-block-heading\">Caracter\u00edsticas de los goteros de caf\u00e9 Custom Vintage de arcilla roja<\/h2>\n\n\n\n<div class=\"wp-block-columns is-layout-flex wp-container-core-columns-is-layout-9d6595d7 wp-block-columns-is-layout-flex\">\n<div class=\"wp-block-column is-layout-flow wp-block-column-is-layout-flow\">\n<ol class=\"wp-block-list\">\n<li><strong>Artesan\u00eda de arcilla roja de primera calidad<\/strong>: Cada pieza est\u00e1 elaborada con arcilla roja (terracota) sin vidriar de alta calidad, conocida por su excelente retenci\u00f3n t\u00e9rmica y su textura \u00fanica y terrosa.<\/li>\n\n\n\n<li><strong>Dise\u00f1o artesanal en dos tonos<\/strong>: Presenta un llamativo contraste entre la base natural de terracota arenosa y un acabado liso esmaltado en azul cielo, perfecto para una est\u00e9tica minimalista y r\u00fastica.<\/li>\n\n\n\n<li><strong>Sistema de vertido profesional<\/strong>: Incluye un gotero cer\u00e1mico en forma de V dise\u00f1ado con precisi\u00f3n que garantiza un flujo de agua y una extracci\u00f3n \u00f3ptimos para obtener un sabor de caf\u00e9 superior.<\/li>\n\n\n\n<li><strong>Soluci\u00f3n cervecera completa<\/strong>: El juego viene con una tetera, un soporte para el gotero y tazas a juego, lo que ofrece una mesa cohesionada y elegante para suites de hotel o cafeter\u00edas especializadas.<\/li>\n\n\n\n<li><strong>Respetuoso con el medio ambiente y duradero<\/strong>: Fabricado con materiales naturales 100%, este juego es seguro para los alimentos, no contiene plomo y est\u00e1 dise\u00f1ado para soportar altas temperaturas para un uso comercial a largo plazo.<\/li>\n\n\n\n<li><strong>Preparado para la personalizaci\u00f3n B2B<\/strong>: Ofrecemos servicios completos de OBM\/ODM, lo que le permite a\u00f1adir logotipos de marca personalizados o modificar los colores del esmalte para adaptarlos a la identidad exclusiva de su marca.<\/li>\n<\/ol>\n\n\n\n<div style=\"height:0px\" aria-hidden=\"true\" class=\"wp-block-spacer\"><\/div>\n<\/div>\n\n\n\n<div class=\"wp-block-column is-layout-flow wp-block-column-is-layout-flow\">\n<figure class=\"wp-block-image size-full\"><img decoding=\"async\" width=\"800\" height=\"800\" src=\"https:\/\/www.qingfaceramic.com\/wp-content\/uploads\/2026\/03\/Custom-Vintage-Red-Clay-Coffee-Set1.webp\" alt=\"Goteros de arcilla roja vintage personalizados1\" class=\"wp-image-1249\" srcset=\"https:\/\/www.qingfaceramic.com\/wp-content\/uploads\/2026\/03\/Custom-Vintage-Red-Clay-Coffee-Set1.webp 800w, https:\/\/www.qingfaceramic.com\/wp-content\/uploads\/2026\/03\/Custom-Vintage-Red-Clay-Coffee-Set1-300x300.webp 300w, https:\/\/www.qingfaceramic.com\/wp-content\/uploads\/2026\/03\/Custom-Vintage-Red-Clay-Coffee-Set1-150x150.webp 150w, https:\/\/www.qingfaceramic.com\/wp-content\/uploads\/2026\/03\/Custom-Vintage-Red-Clay-Coffee-Set1-768x768.webp 768w, https:\/\/www.qingfaceramic.com\/wp-content\/uploads\/2026\/03\/Custom-Vintage-Red-Clay-Coffee-Set1-12x12.webp 12w, https:\/\/www.qingfaceramic.com\/wp-content\/uploads\/2026\/03\/Custom-Vintage-Red-Clay-Coffee-Set1-600x600.webp 600w, https:\/\/www.qingfaceramic.com\/wp-content\/uploads\/2026\/03\/Custom-Vintage-Red-Clay-Coffee-Set1-100x100.webp 100w\" sizes=\"(max-width: 800px) 100vw, 800px\" \/><\/figure>\n<\/div>\n<\/div>\n\n\n\n<div class=\"wp-block-columns is-layout-flex wp-container-core-columns-is-layout-9d6595d7 wp-block-columns-is-layout-flex\">\n<div class=\"wp-block-column is-layout-flow wp-block-column-is-layout-flow\"><\/div>\n\n\n\n<div class=\"wp-block-column is-layout-flow wp-block-column-is-layout-flow\"><\/div>\n<\/div>\n\n\n\n<p><\/p>","protected":false},"excerpt":{"rendered":"<p data-start=\"503\" data-end=\"756\">Mejore su experiencia cervecera con nuestro <b data-path-to-node=\"5\" data-index-in-node=\"41\">goteros vintage personalizados de arcilla roja para caf\u00e9 <\/b>. Con un gotero de terracota hecho a mano y una tetera a juego, este set ecol\u00f3gico combina el encanto r\u00fastico con la funcionalidad profesional para cafeter\u00edas y tiendas.<\/p>\n<p>&nbsp;<\/p>\n<p>&nbsp;<\/p>","protected":false},"featured_media":1250,"comment_status":"closed","ping_status":"closed","template":"","meta":{"_acf_changed":false},"market":[],"product_brand":[],"product_cat":[16,27],"product_tag":[],"class_list":{"0":"post-1248","1":"product","2":"type-product","3":"status-publish","4":"has-post-thumbnail","6":"product_cat-tea-and-coffee-sets-factory","7":"product_cat-custom-coffee-drippers","9":"first","10":"instock","11":"shipping-taxable","12":"product-type-simple"},"acf":[],"_links":{"self":[{"href":"https:\/\/www.qingfaceramic.com\/es\/wp-json\/wp\/v2\/product\/1248","targetHints":{"allow":["GET"]}}],"collection":[{"href":"https:\/\/www.qingfaceramic.com\/es\/wp-json\/wp\/v2\/product"}],"about":[{"href":"https:\/\/www.qingfaceramic.com\/es\/wp-json\/wp\/v2\/types\/product"}],"replies":[{"embeddable":true,"href":"https:\/\/www.qingfaceramic.com\/es\/wp-json\/wp\/v2\/comments?post=1248"}],"wp:featuredmedia":[{"embeddable":true,"href":"https:\/\/www.qingfaceramic.com\/es\/wp-json\/wp\/v2\/media\/1250"}],"wp:attachment":[{"href":"https:\/\/www.qingfaceramic.com\/es\/wp-json\/wp\/v2\/media?parent=1248"}],"wp:term":[{"taxonomy":"market","embeddable":true,"href":"https:\/\/www.qingfaceramic.com\/es\/wp-json\/wp\/v2\/market?post=1248"},{"taxonomy":"product_brand","embeddable":true,"href":"https:\/\/www.qingfaceramic.com\/es\/wp-json\/wp\/v2\/product_brand?post=1248"},{"taxonomy":"product_cat","embeddable":true,"href":"https:\/\/www.qingfaceramic.com\/es\/wp-json\/wp\/v2\/product_cat?post=1248"},{"taxonomy":"product_tag","embeddable":true,"href":"https:\/\/www.qingfaceramic.com\/es\/wp-json\/wp\/v2\/product_tag?post=1248"}],"curies":[{"name":"wp","href":"https:\/\/api.w.org\/{rel}","templated":true}]}}