{"id":1181,"date":"2026-02-11T03:04:42","date_gmt":"2026-02-11T03:04:42","guid":{"rendered":"https:\/\/www.qingfaceramic.com\/?post_type=product&#038;p=1181"},"modified":"2026-02-11T03:12:27","modified_gmt":"2026-02-11T03:12:27","slug":"custom-coffee-arabic-cup","status":"publish","type":"product","link":"https:\/\/www.qingfaceramic.com\/es\/producto\/custom-coffee-arabic-cup\/","title":{"rendered":"Taza de caf\u00e9 \u00e1rabe personalizada Taza de caf\u00e9 de cer\u00e1mica esmaltada de color saud\u00ed"},"content":{"rendered":"<h2 class=\"wp-block-heading\">Caracter\u00edsticas de la taza de caf\u00e9 \u00e1rabe personalizada<\/h2>\n\n\n\n<div class=\"wp-block-columns is-layout-flex wp-container-core-columns-is-layout-9d6595d7 wp-block-columns-is-layout-flex\">\n<div class=\"wp-block-column is-layout-flow wp-block-column-is-layout-flow\">\n<ol class=\"wp-block-list\">\n<li><strong>Taza de caf\u00e9 \u00e1rabe personalizada<\/strong> - Admite la personalizaci\u00f3n completa del logotipo, el dise\u00f1o y el envasado OEM\/ODM para adaptarse a la identidad de la marca y los temas culturales.<\/li>\n\n\n\n<li><strong>Acabado glaseado de color vibrante<\/strong> - El esmalte rico y suave crea un atractivo visual y mejora la est\u00e9tica del producto.<\/li>\n\n\n\n<li><strong>Inspiraci\u00f3n para el dise\u00f1o cultural<\/strong> - Inspirado en las tradiciones cafeteras de Arabia Saud\u00ed y Oriente Medio, ideal para una presentaci\u00f3n y hospitalidad aut\u00e9nticas.<\/li>\n\n\n\n<li><strong>Construcci\u00f3n de cer\u00e1mica de alta calidad<\/strong> - La cer\u00e1mica duradera y apta para alimentos garantiza su uso diario en cafeter\u00edas, hoteles y oficinas.<\/li>\n\n\n\n<li><strong>Uso vers\u00e1til para bebidas<\/strong> - Adecuada para caf\u00e9 ar\u00e1bigo, espresso, t\u00e9 y otras bebidas calientes en establecimientos comerciales y minoristas.<\/li>\n<\/ol>\n\n\n\n<div style=\"height:0px\" aria-hidden=\"true\" class=\"wp-block-spacer\"><\/div>\n<\/div>\n\n\n\n<div class=\"wp-block-column is-layout-flow wp-block-column-is-layout-flow\">\n<figure class=\"wp-block-image size-full\"><img decoding=\"async\" width=\"1420\" height=\"1332\" src=\"https:\/\/www.qingfaceramic.com\/wp-content\/uploads\/2026\/02\/Custom-Coffee-Arabic-Cup1.webp\" alt=\"Taza de caf\u00e9 \u00e1rabe personalizada1\" class=\"wp-image-1182\" srcset=\"https:\/\/www.qingfaceramic.com\/wp-content\/uploads\/2026\/02\/Custom-Coffee-Arabic-Cup1.webp 1420w, https:\/\/www.qingfaceramic.com\/wp-content\/uploads\/2026\/02\/Custom-Coffee-Arabic-Cup1-300x281.webp 300w, https:\/\/www.qingfaceramic.com\/wp-content\/uploads\/2026\/02\/Custom-Coffee-Arabic-Cup1-768x720.webp 768w, https:\/\/www.qingfaceramic.com\/wp-content\/uploads\/2026\/02\/Custom-Coffee-Arabic-Cup1-13x12.webp 13w, https:\/\/www.qingfaceramic.com\/wp-content\/uploads\/2026\/02\/Custom-Coffee-Arabic-Cup1-1200x1126.webp 1200w, https:\/\/www.qingfaceramic.com\/wp-content\/uploads\/2026\/02\/Custom-Coffee-Arabic-Cup1-600x563.webp 600w\" sizes=\"(max-width: 1420px) 100vw, 1420px\" \/><\/figure>\n<\/div>\n<\/div>\n\n\n\n<div class=\"wp-block-columns is-layout-flex wp-container-core-columns-is-layout-9d6595d7 wp-block-columns-is-layout-flex\">\n<div class=\"wp-block-column is-layout-flow wp-block-column-is-layout-flow\">\n<figure class=\"wp-block-image size-full\"><img decoding=\"async\" width=\"988\" height=\"988\" src=\"https:\/\/www.qingfaceramic.com\/wp-content\/uploads\/2026\/01\/Custom-Ceramic-Coffee-Mug1.webp\" alt=\"Taza de caf\u00e9 de cer\u00e1mica personalizada1\" class=\"wp-image-608\" srcset=\"https:\/\/www.qingfaceramic.com\/wp-content\/uploads\/2026\/01\/Custom-Ceramic-Coffee-Mug1.webp 988w, https:\/\/www.qingfaceramic.com\/wp-content\/uploads\/2026\/01\/Custom-Ceramic-Coffee-Mug1-300x300.webp 300w, https:\/\/www.qingfaceramic.com\/wp-content\/uploads\/2026\/01\/Custom-Ceramic-Coffee-Mug1-150x150.webp 150w, https:\/\/www.qingfaceramic.com\/wp-content\/uploads\/2026\/01\/Custom-Ceramic-Coffee-Mug1-768x768.webp 768w, https:\/\/www.qingfaceramic.com\/wp-content\/uploads\/2026\/01\/Custom-Ceramic-Coffee-Mug1-600x600.webp 600w, https:\/\/www.qingfaceramic.com\/wp-content\/uploads\/2026\/01\/Custom-Ceramic-Coffee-Mug1-100x100.webp 100w\" sizes=\"(max-width: 988px) 100vw, 988px\" \/><\/figure>\n<\/div>\n\n\n\n<div class=\"wp-block-column is-layout-flow wp-block-column-is-layout-flow\">\n<figure class=\"wp-block-image size-full\"><img decoding=\"async\" width=\"750\" height=\"582\" src=\"https:\/\/www.qingfaceramic.com\/wp-content\/uploads\/2026\/01\/custom-ceramic-coffee-mug8.webp\" alt=\"taza de cer\u00e1mica personalizada8\" class=\"wp-image-611\" srcset=\"https:\/\/www.qingfaceramic.com\/wp-content\/uploads\/2026\/01\/custom-ceramic-coffee-mug8.webp 750w, https:\/\/www.qingfaceramic.com\/wp-content\/uploads\/2026\/01\/custom-ceramic-coffee-mug8-300x233.webp 300w, https:\/\/www.qingfaceramic.com\/wp-content\/uploads\/2026\/01\/custom-ceramic-coffee-mug8-600x466.webp 600w\" sizes=\"(max-width: 750px) 100vw, 750px\" \/><\/figure>\n<\/div>\n<\/div>\n\n\n\n<p><\/p>","protected":false},"excerpt":{"rendered":"<p data-start=\"503\" data-end=\"756\">Nuestra taza de caf\u00e9 \u00e1rabe personalizada presenta un esmalte de colores vibrantes y un dise\u00f1o de inspiraci\u00f3n saud\u00ed en cer\u00e1mica de alta calidad, perfecta para cafeter\u00edas, hoteles, comercios y regalos culturales, con personalizaci\u00f3n OEM\/ODM flexible para logotipos y dise\u00f1os.<\/p>\n<h2>Par\u00e1metros de la taza de caf\u00e9 \u00e1rabe personalizada<\/h2>\n<table>\n<thead>\n<tr>\n<th>Fabricante<\/th>\n<th>Cer\u00e1mica Qingfa<\/th>\n<\/tr>\n<\/thead>\n<tbody>\n<tr>\n<td>Nombre del producto<\/td>\n<td>Caf\u00e9 personalizado taza \u00e1rabe \/ Saudi Color esmaltado taza de caf\u00e9 de cer\u00e1mica<\/td>\n<\/tr>\n<tr>\n<td>Material<\/td>\n<td>Cer\u00e1mica esmaltada de alta calidad<\/td>\n<\/tr>\n<tr>\n<td>Capacidad<\/td>\n<td>Aprox. 125-225 ml (tama\u00f1o t\u00edpico de taza \u00e1rabe, personalizable)<\/td>\n<\/tr>\n<tr>\n<td>Dise\u00f1o \/ Estilo<\/td>\n<td>Superficie esmaltada en color con est\u00e9tica saud\u00ed\/de Oriente Pr\u00f3ximo<\/td>\n<\/tr>\n<tr>\n<td>Acabado superficial<\/td>\n<td>Esmalte de color liso, apto para alimentos<\/td>\n<\/tr>\n<tr>\n<td>Opciones de color<\/td>\n<td>Esmalte personalizado e ilustraciones impresas disponibles<\/td>\n<\/tr>\n<tr>\n<td>Mango<\/td>\n<td>Disponible con o sin asa<\/td>\n<\/tr>\n<tr>\n<td>Personalizaci\u00f3n<\/td>\n<td>Impresi\u00f3n de logotipos, dise\u00f1o de patrones, esmaltado en color, envasado, OEM\/ODM<\/td>\n<\/tr>\n<tr>\n<td>Utilizaci\u00f3n<\/td>\n<td>Caf\u00e9, espresso y t\u00e9 \u00e1rabes para cafeter\u00edas, hoteles, comercios y regalos culturales<\/td>\n<\/tr>\n<tr>\n<td>Certificaciones<\/td>\n<td>FDA, LFGB, ISO (seg\u00fan personalizaci\u00f3n)<\/td>\n<\/tr>\n<\/tbody>\n<\/table>\n<p>&nbsp;<\/p>","protected":false},"featured_media":1187,"comment_status":"closed","ping_status":"closed","template":"","meta":{"_acf_changed":false},"market":[42],"product_brand":[],"product_cat":[17,28],"product_tag":[],"class_list":{"0":"post-1181","1":"product","2":"type-product","3":"status-publish","4":"has-post-thumbnail","6":"market-middle-east-market","7":"product_cat-custom-coffee-cups","8":"product_cat-custom-coffee-mugs","10":"first","11":"instock","12":"shipping-taxable","13":"product-type-simple"},"acf":[],"_links":{"self":[{"href":"https:\/\/www.qingfaceramic.com\/es\/wp-json\/wp\/v2\/product\/1181","targetHints":{"allow":["GET"]}}],"collection":[{"href":"https:\/\/www.qingfaceramic.com\/es\/wp-json\/wp\/v2\/product"}],"about":[{"href":"https:\/\/www.qingfaceramic.com\/es\/wp-json\/wp\/v2\/types\/product"}],"replies":[{"embeddable":true,"href":"https:\/\/www.qingfaceramic.com\/es\/wp-json\/wp\/v2\/comments?post=1181"}],"wp:featuredmedia":[{"embeddable":true,"href":"https:\/\/www.qingfaceramic.com\/es\/wp-json\/wp\/v2\/media\/1187"}],"wp:attachment":[{"href":"https:\/\/www.qingfaceramic.com\/es\/wp-json\/wp\/v2\/media?parent=1181"}],"wp:term":[{"taxonomy":"market","embeddable":true,"href":"https:\/\/www.qingfaceramic.com\/es\/wp-json\/wp\/v2\/market?post=1181"},{"taxonomy":"product_brand","embeddable":true,"href":"https:\/\/www.qingfaceramic.com\/es\/wp-json\/wp\/v2\/product_brand?post=1181"},{"taxonomy":"product_cat","embeddable":true,"href":"https:\/\/www.qingfaceramic.com\/es\/wp-json\/wp\/v2\/product_cat?post=1181"},{"taxonomy":"product_tag","embeddable":true,"href":"https:\/\/www.qingfaceramic.com\/es\/wp-json\/wp\/v2\/product_tag?post=1181"}],"curies":[{"name":"wp","href":"https:\/\/api.w.org\/{rel}","templated":true}]}}