{"id":1088,"date":"2026-01-31T02:59:34","date_gmt":"2026-01-31T02:59:34","guid":{"rendered":"https:\/\/www.qingfaceramic.com\/?post_type=product&#038;p=1088"},"modified":"2026-01-31T03:04:00","modified_gmt":"2026-01-31T03:04:00","slug":"custom-ceramic-storage-holders","status":"publish","type":"product","link":"https:\/\/www.qingfaceramic.com\/es\/producto\/custom-ceramic-storage-holders\/","title":{"rendered":"Portacubiertos de cer\u00e1mica a medida, organizadores de cubiertos de arcilla a rayas"},"content":{"rendered":"<h2 class=\"wp-block-heading\">Caracter\u00edsticas de los soportes de cer\u00e1mica a medida<\/h2>\n\n\n\n<div class=\"wp-block-columns is-layout-flex wp-container-core-columns-is-layout-9d6595d7 wp-block-columns-is-layout-flex\">\n<div class=\"wp-block-column is-layout-flow wp-block-column-is-layout-flow\">\n<ol class=\"wp-block-list\">\n<li><strong>Soportes de cer\u00e1mica personalizados<\/strong> - Admite la personalizaci\u00f3n OEM\/ODM, incluidos el logotipo, el patr\u00f3n, el color del esmalte y el embalaje para requisitos espec\u00edficos de la marca.<\/li>\n\n\n\n<li><strong>Dise\u00f1o \u00fanico a rayas<\/strong> - La est\u00e9tica art\u00edstica del barro rayado a\u00f1ade car\u00e1cter y atractivo visual a las encimeras de cocina y comedores.<\/li>\n\n\n\n<li><strong>Material cer\u00e1mico de alta calidad<\/strong> - Duradera construcci\u00f3n de cer\u00e1mica esmaltada para un rendimiento duradero y una f\u00e1cil limpieza.<\/li>\n\n\n\n<li><strong>Almacenamiento vers\u00e1til<\/strong> - Ideal para organizar cubiertos, utensilios, herramientas de cocina, bol\u00edgrafos, pinceles y peque\u00f1os objetos dom\u00e9sticos.<\/li>\n\n\n\n<li><strong>Perfecto para la venta a granel y al por mayor<\/strong> - Dise\u00f1ado para pedidos a granel con un control de calidad de producci\u00f3n fiable, adecuado para distribuidores y minoristas.<\/li>\n\n\n\n<li><strong>Elegante y funcional<\/strong> - Combina la practicidad con la decoraci\u00f3n contempor\u00e1nea de la cocina, mejorando tanto la funcionalidad como la est\u00e9tica.<\/li>\n<\/ol>\n\n\n\n<figure class=\"wp-block-image size-full\"><img decoding=\"async\" width=\"1000\" height=\"1000\" src=\"https:\/\/www.qingfaceramic.com\/wp-content\/uploads\/2026\/01\/custom-ceramic-storage-holders1.webp\" alt=\"\" class=\"wp-image-675\" srcset=\"https:\/\/www.qingfaceramic.com\/wp-content\/uploads\/2026\/01\/custom-ceramic-storage-holders1.webp 1000w, https:\/\/www.qingfaceramic.com\/wp-content\/uploads\/2026\/01\/custom-ceramic-storage-holders1-300x300.webp 300w, https:\/\/www.qingfaceramic.com\/wp-content\/uploads\/2026\/01\/custom-ceramic-storage-holders1-150x150.webp 150w, https:\/\/www.qingfaceramic.com\/wp-content\/uploads\/2026\/01\/custom-ceramic-storage-holders1-768x768.webp 768w, https:\/\/www.qingfaceramic.com\/wp-content\/uploads\/2026\/01\/custom-ceramic-storage-holders1-600x600.webp 600w, https:\/\/www.qingfaceramic.com\/wp-content\/uploads\/2026\/01\/custom-ceramic-storage-holders1-100x100.webp 100w\" sizes=\"(max-width: 1000px) 100vw, 1000px\" \/><\/figure>\n<\/div>\n\n\n\n<div class=\"wp-block-column is-layout-flow wp-block-column-is-layout-flow\">\n<figure class=\"wp-block-image size-full\"><img decoding=\"async\" width=\"790\" height=\"1493\" src=\"https:\/\/www.qingfaceramic.com\/wp-content\/uploads\/2026\/01\/custom-ceramic-storage-holders5.webp\" alt=\"soportes cer\u00e1micos personalizados5\" class=\"wp-image-677\" srcset=\"https:\/\/www.qingfaceramic.com\/wp-content\/uploads\/2026\/01\/custom-ceramic-storage-holders5.webp 790w, https:\/\/www.qingfaceramic.com\/wp-content\/uploads\/2026\/01\/custom-ceramic-storage-holders5-159x300.webp 159w, https:\/\/www.qingfaceramic.com\/wp-content\/uploads\/2026\/01\/custom-ceramic-storage-holders5-768x1451.webp 768w, https:\/\/www.qingfaceramic.com\/wp-content\/uploads\/2026\/01\/custom-ceramic-storage-holders5-600x1134.webp 600w\" sizes=\"(max-width: 790px) 100vw, 790px\" \/><\/figure>\n<\/div>\n<\/div>\n\n\n\n<div class=\"wp-block-columns is-layout-flex wp-container-core-columns-is-layout-9d6595d7 wp-block-columns-is-layout-flex\">\n<div class=\"wp-block-column is-layout-flow wp-block-column-is-layout-flow\"><\/div>\n\n\n\n<div class=\"wp-block-column is-layout-flow wp-block-column-is-layout-flow\"><\/div>\n\n\n\n<div class=\"wp-block-column is-layout-flow wp-block-column-is-layout-flow\"><\/div>\n<\/div>\n\n\n\n<div class=\"wp-block-columns is-layout-flex wp-container-core-columns-is-layout-9d6595d7 wp-block-columns-is-layout-flex\">\n<div class=\"wp-block-column is-layout-flow wp-block-column-is-layout-flow\"><\/div>\n\n\n\n<div class=\"wp-block-column is-layout-flow wp-block-column-is-layout-flow\"><\/div>\n<\/div>","protected":false},"excerpt":{"rendered":"<p data-start=\"441\" data-end=\"787\">Nuestros soportes de almacenamiento de cer\u00e1mica personalizados presentan un dise\u00f1o \u00fanico de arcilla a rayas, perfecto para organizar cubiertos, herramientas de cocina y utensilios. Fabricados en cer\u00e1mica de alta calidad con un elegante acabado y soporte de personalizaci\u00f3n OEM\/ODM, son ideales para soluciones de almacenamiento de cocina y organizaci\u00f3n del hogar al por mayor.<\/p>\n<h2>Par\u00e1metros de los soportes de cer\u00e1mica personalizados<\/h2>\n<table>\n<thead>\n<tr>\n<th>Fabricante<\/th>\n<th>Cer\u00e1mica Qingfa<\/th>\n<\/tr>\n<\/thead>\n<tbody>\n<tr>\n<td>Nombre del producto<\/td>\n<td>Portacubiertos y Utensilios de Cer\u00e1mica a Rayas \u00danico \/ Portacubiertos de Cer\u00e1mica Personalizados<\/td>\n<\/tr>\n<tr>\n<td>Material<\/td>\n<td>Cer\u00e1mica esmaltada de alta calidad<\/td>\n<\/tr>\n<tr>\n<td>Dise\u00f1o \/ Forma<\/td>\n<td>Dise\u00f1o \u00fanico de arcilla a rayas, almacenamiento superior abierto<\/td>\n<\/tr>\n<tr>\n<td>Acabado superficial<\/td>\n<td>Superficie lisa de cer\u00e1mica esmaltada<\/td>\n<\/tr>\n<tr>\n<td>Opciones de color<\/td>\n<td>Posibilidad de personalizar el color del esmalte y el dise\u00f1o de las franjas<\/td>\n<\/tr>\n<tr>\n<td>Personalizaci\u00f3n<\/td>\n<td>Impresi\u00f3n de logotipos, esmaltado en color, dise\u00f1o de superficies, embalaje, OEM\/ODM<\/td>\n<\/tr>\n<tr>\n<td>Utilizaci\u00f3n<\/td>\n<td>Cubiertos de cocina, organizaci\u00f3n de utensilios, almacenamiento de bol\u00edgrafos\/herramientas, mostradores de hogar y cafeter\u00edas<\/td>\n<\/tr>\n<tr>\n<td>Funci\u00f3n<\/td>\n<td>Almacenamiento y organizaci\u00f3n de peque\u00f1os utensilios de cocina y menaje<\/td>\n<\/tr>\n<tr>\n<td>Certificaciones<\/td>\n<td>FDA, LFGB, ISO (seg\u00fan personalizaci\u00f3n)<\/td>\n<\/tr>\n<\/tbody>\n<\/table>\n<p>&nbsp;<\/p>\n<p>&nbsp;<\/p>","protected":false},"featured_media":675,"comment_status":"closed","ping_status":"closed","template":"","meta":{"_acf_changed":false},"market":[],"product_brand":[],"product_cat":[20,37],"product_tag":[],"class_list":{"0":"post-1088","1":"product","2":"type-product","3":"status-publish","4":"has-post-thumbnail","6":"product_cat-ceramic-kitchenware-wholesale","7":"product_cat-custom-kitchen-tools","9":"first","10":"instock","11":"shipping-taxable","12":"product-type-simple"},"acf":[],"_links":{"self":[{"href":"https:\/\/www.qingfaceramic.com\/es\/wp-json\/wp\/v2\/product\/1088","targetHints":{"allow":["GET"]}}],"collection":[{"href":"https:\/\/www.qingfaceramic.com\/es\/wp-json\/wp\/v2\/product"}],"about":[{"href":"https:\/\/www.qingfaceramic.com\/es\/wp-json\/wp\/v2\/types\/product"}],"replies":[{"embeddable":true,"href":"https:\/\/www.qingfaceramic.com\/es\/wp-json\/wp\/v2\/comments?post=1088"}],"wp:featuredmedia":[{"embeddable":true,"href":"https:\/\/www.qingfaceramic.com\/es\/wp-json\/wp\/v2\/media\/675"}],"wp:attachment":[{"href":"https:\/\/www.qingfaceramic.com\/es\/wp-json\/wp\/v2\/media?parent=1088"}],"wp:term":[{"taxonomy":"market","embeddable":true,"href":"https:\/\/www.qingfaceramic.com\/es\/wp-json\/wp\/v2\/market?post=1088"},{"taxonomy":"product_brand","embeddable":true,"href":"https:\/\/www.qingfaceramic.com\/es\/wp-json\/wp\/v2\/product_brand?post=1088"},{"taxonomy":"product_cat","embeddable":true,"href":"https:\/\/www.qingfaceramic.com\/es\/wp-json\/wp\/v2\/product_cat?post=1088"},{"taxonomy":"product_tag","embeddable":true,"href":"https:\/\/www.qingfaceramic.com\/es\/wp-json\/wp\/v2\/product_tag?post=1088"}],"curies":[{"name":"wp","href":"https:\/\/api.w.org\/{rel}","templated":true}]}}