{"id":1072,"date":"2026-01-29T09:39:00","date_gmt":"2026-01-29T09:39:00","guid":{"rendered":"https:\/\/www.qingfaceramic.com\/?post_type=product&#038;p=1072"},"modified":"2026-01-31T03:30:10","modified_gmt":"2026-01-31T03:30:10","slug":"custom-vintage-ceramic-vases","status":"publish","type":"product","link":"https:\/\/www.qingfaceramic.com\/es\/producto\/custom-vintage-ceramic-vases\/","title":{"rendered":"Jarrones de Cer\u00e1mica Vintage Personalizados | Mayorista Macetas Retro Estilo Chino"},"content":{"rendered":"<h2 class=\"wp-block-heading\">Caracter\u00edsticas de los floreros de terracota mate personalizados<\/h2>\n\n\n\n<div class=\"wp-block-columns is-layout-flex wp-container-core-columns-is-layout-9d6595d7 wp-block-columns-is-layout-flex\">\n<div class=\"wp-block-column is-layout-flow wp-block-column-is-layout-flow\">\n<p><strong>Aut\u00e9ntica est\u00e9tica retro oriental:<\/strong> Inspirados en las formas cl\u00e1sicas chinas, estos jarrones presentan una textura \u201cestriada\u201d \u00fanica y un esmalte envejecido que destila elegancia antigua.<\/p>\n\n\n\n<p><strong>Acabado artesanal esmaltado a mano:<\/strong> Cada pieza est\u00e1 acabada con un sofisticado esmalte reactivo, que crea sutiles variaciones de color que confieren a cada jarr\u00f3n un toque artesanal \u00fanico.<\/p>\n\n\n\n<p><strong>Tallas y siluetas vers\u00e1tiles:<\/strong> La colecci\u00f3n incluye una amplia variedad de formas -desde tarros de boca ancha hasta esbeltas botellas- que ofrecen infinitas posibilidades para creativos arreglos florales.<\/p>\n\n\n\n<p><strong>Artesan\u00eda duradera y de alta calidad:<\/strong> Horneadas a altas temperaturas para conseguir una resistencia excepcional, garantizan que estas piezas decorativas sean tan duraderas como bellas para uso comercial o residencial.<\/p>\n\n\n\n<p><strong>Elegante versatilidad decorativa:<\/strong> Su dise\u00f1o sobrio pero colorido las hace perfectas para vest\u00edbulos de hoteles, restaurantes de alta cocina o como centro de mesa en hogares modernos.<\/p>\n\n\n\n<p><strong>Personalizaci\u00f3n B2B escalable:<\/strong> Ofrecemos servicios profesionales de OEM\/ODM, que permiten esmaltes de colores personalizados, marcas y envases a medida para satisfacer los requisitos espec\u00edficos de cada proyecto.<\/p>\n<\/div>\n\n\n\n<div class=\"wp-block-column is-layout-flow wp-block-column-is-layout-flow\">\n<figure class=\"wp-block-image size-full\"><img decoding=\"async\" width=\"4160\" height=\"4160\" src=\"https:\/\/www.qingfaceramic.com\/wp-content\/uploads\/2026\/01\/Custom-Vintage-Ceramic-Vases1.webp\" alt=\"Jarrones de cer\u00e1mica vintage personalizados1\" class=\"wp-image-1073\" srcset=\"https:\/\/www.qingfaceramic.com\/wp-content\/uploads\/2026\/01\/Custom-Vintage-Ceramic-Vases1.webp 4160w, https:\/\/www.qingfaceramic.com\/wp-content\/uploads\/2026\/01\/Custom-Vintage-Ceramic-Vases1-300x300.webp 300w, https:\/\/www.qingfaceramic.com\/wp-content\/uploads\/2026\/01\/Custom-Vintage-Ceramic-Vases1-150x150.webp 150w, https:\/\/www.qingfaceramic.com\/wp-content\/uploads\/2026\/01\/Custom-Vintage-Ceramic-Vases1-768x768.webp 768w, https:\/\/www.qingfaceramic.com\/wp-content\/uploads\/2026\/01\/Custom-Vintage-Ceramic-Vases1-12x12.webp 12w, https:\/\/www.qingfaceramic.com\/wp-content\/uploads\/2026\/01\/Custom-Vintage-Ceramic-Vases1-1200x1200.webp 1200w, https:\/\/www.qingfaceramic.com\/wp-content\/uploads\/2026\/01\/Custom-Vintage-Ceramic-Vases1-600x600.webp 600w, https:\/\/www.qingfaceramic.com\/wp-content\/uploads\/2026\/01\/Custom-Vintage-Ceramic-Vases1-100x100.webp 100w\" sizes=\"(max-width: 4160px) 100vw, 4160px\" \/><\/figure>\n<\/div>\n<\/div>\n\n\n\n<div class=\"wp-block-columns is-layout-flex wp-container-core-columns-is-layout-9d6595d7 wp-block-columns-is-layout-flex\">\n<div class=\"wp-block-column is-layout-flow wp-block-column-is-layout-flow\"><\/div>\n\n\n\n<div class=\"wp-block-column is-layout-flow wp-block-column-is-layout-flow\"><\/div>\n<\/div>","protected":false},"excerpt":{"rendered":"<p data-start=\"428\" data-end=\"756\">Mejore su colecci\u00f3n con nuestros jarrones de cer\u00e1mica vintage personalizados, que combinan el arte tradicional chino con un moderno acabado retro. Estos jarrones esmaltados a mano presentan elegantes texturas estriadas y una variada paleta de colores, lo que los hace perfectos para la decoraci\u00f3n de hosteler\u00eda de alto nivel o para tiendas florales que buscan un encanto oriental atemporal.<\/p>\n<h2 data-start=\"428\" data-end=\"756\">Jarrones de cer\u00e1mica vintage personalizados Par\u00e1metro<\/h2>\n<table data-path-to-node=\"11\">\n<thead>\n<tr>\n<td><strong>Art\u00edculo<\/strong><\/td>\n<td><strong>Especificaciones<\/strong><\/td>\n<\/tr>\n<\/thead>\n<tbody>\n<tr>\n<td><span data-path-to-node=\"11,1,0,0\"><b data-path-to-node=\"11,1,0,0\" data-index-in-node=\"0\">Fabricante<\/b><\/span><\/td>\n<td><span data-path-to-node=\"11,1,1,0\">Cer\u00e1mica Qingfa<\/span><\/td>\n<\/tr>\n<tr>\n<td><span data-path-to-node=\"11,2,0,0\"><b data-path-to-node=\"11,2,0,0\" data-index-in-node=\"0\">Nombre del producto<\/b><\/span><\/td>\n<td><span data-path-to-node=\"11,2,1,0\">Serie de jarrones retro de estilo chino esmaltados a mano<\/span><\/td>\n<\/tr>\n<tr>\n<td><span data-path-to-node=\"11,3,0,0\"><b data-path-to-node=\"11,3,0,0\" data-index-in-node=\"0\">Material<\/b><\/span><\/td>\n<td><span data-path-to-node=\"11,3,1,0\">Cer\u00e1mica cocida a alta temperatura de primera calidad<\/span><\/td>\n<\/tr>\n<tr>\n<td><span data-path-to-node=\"11,4,0,0\"><b data-path-to-node=\"11,4,0,0\" data-index-in-node=\"0\">Acabado superficial<\/b><\/span><\/td>\n<td><span data-path-to-node=\"11,4,1,0\">Esmalte reactivo con detalle estriado\/texturado<\/span><\/td>\n<\/tr>\n<tr>\n<td><span data-path-to-node=\"11,5,0,0\"><b data-path-to-node=\"11,5,0,0\" data-index-in-node=\"0\">Estilo de dise\u00f1o<\/b><\/span><\/td>\n<td><span data-path-to-node=\"11,5,1,0\">Vintage chino \/ Retro oriental \/ Zen cl\u00e1sico<\/span><\/td>\n<\/tr>\n<tr>\n<td><span data-path-to-node=\"11,6,0,0\"><b data-path-to-node=\"11,6,0,0\" data-index-in-node=\"0\">Opciones de color<\/b><\/span><\/td>\n<td><span data-path-to-node=\"11,6,1,0\">Verde musgo, amarillo mostaza, rosa suave, beige tierra (colores personalizados disponibles)<\/span><\/td>\n<\/tr>\n<tr>\n<td><span data-path-to-node=\"11,7,0,0\"><b data-path-to-node=\"11,7,0,0\" data-index-in-node=\"0\">Utilizaci\u00f3n<\/b><\/span><\/td>\n<td><span data-path-to-node=\"11,7,1,0\">Arreglos florales, decoraci\u00f3n de lujo para el hogar, interiorismo para hoteles y oficinas<\/span><\/td>\n<\/tr>\n<tr>\n<td><span data-path-to-node=\"11,8,0,0\"><b data-path-to-node=\"11,8,0,0\" data-index-in-node=\"0\">Personalizaci\u00f3n<\/b><\/span><\/td>\n<td><span data-path-to-node=\"11,8,1,0\">\u00a0OEM\/ODM, colores personalizados, colocaci\u00f3n del logotipo<\/span><\/td>\n<\/tr>\n<tr>\n<td><span data-path-to-node=\"11,9,0,0\"><b data-path-to-node=\"11,9,0,0\" data-index-in-node=\"0\">Caracter\u00edsticas<\/b><\/span><\/td>\n<td><span data-path-to-node=\"11,9,1,0\">Tacto artesanal, esmalte resistente a la decoloraci\u00f3n, estructura duradera<\/span><\/td>\n<\/tr>\n<tr>\n<td><span data-path-to-node=\"11,10,0,0\"><b data-path-to-node=\"11,10,0,0\" data-index-in-node=\"0\">Certificaciones<\/b><\/span><\/td>\n<td><span data-path-to-node=\"11,10,1,0\">Esmaltes ISO, BSCI y aptos para alimentos disponibles bajo pedido<\/span><\/td>\n<\/tr>\n<\/tbody>\n<\/table>\n<p>&nbsp;<\/p>","protected":false},"featured_media":1073,"comment_status":"closed","ping_status":"closed","template":"","meta":{"_acf_changed":false},"market":[],"product_brand":[],"product_cat":[18,32],"product_tag":[],"class_list":{"0":"post-1072","1":"product","2":"type-product","3":"status-publish","4":"has-post-thumbnail","6":"product_cat-custom-home-decor","7":"product_cat-custom-vases","9":"first","10":"instock","11":"shipping-taxable","12":"product-type-simple"},"acf":[],"_links":{"self":[{"href":"https:\/\/www.qingfaceramic.com\/es\/wp-json\/wp\/v2\/product\/1072","targetHints":{"allow":["GET"]}}],"collection":[{"href":"https:\/\/www.qingfaceramic.com\/es\/wp-json\/wp\/v2\/product"}],"about":[{"href":"https:\/\/www.qingfaceramic.com\/es\/wp-json\/wp\/v2\/types\/product"}],"replies":[{"embeddable":true,"href":"https:\/\/www.qingfaceramic.com\/es\/wp-json\/wp\/v2\/comments?post=1072"}],"wp:featuredmedia":[{"embeddable":true,"href":"https:\/\/www.qingfaceramic.com\/es\/wp-json\/wp\/v2\/media\/1073"}],"wp:attachment":[{"href":"https:\/\/www.qingfaceramic.com\/es\/wp-json\/wp\/v2\/media?parent=1072"}],"wp:term":[{"taxonomy":"market","embeddable":true,"href":"https:\/\/www.qingfaceramic.com\/es\/wp-json\/wp\/v2\/market?post=1072"},{"taxonomy":"product_brand","embeddable":true,"href":"https:\/\/www.qingfaceramic.com\/es\/wp-json\/wp\/v2\/product_brand?post=1072"},{"taxonomy":"product_cat","embeddable":true,"href":"https:\/\/www.qingfaceramic.com\/es\/wp-json\/wp\/v2\/product_cat?post=1072"},{"taxonomy":"product_tag","embeddable":true,"href":"https:\/\/www.qingfaceramic.com\/es\/wp-json\/wp\/v2\/product_tag?post=1072"}],"curies":[{"name":"wp","href":"https:\/\/api.w.org\/{rel}","templated":true}]}}