{"id":1064,"date":"2026-01-29T09:25:03","date_gmt":"2026-01-29T09:25:03","guid":{"rendered":"https:\/\/www.qingfaceramic.com\/?post_type=product&#038;p=1064"},"modified":"2026-01-31T03:27:38","modified_gmt":"2026-01-31T03:27:38","slug":"custom-matte-terracotta-flower-vases","status":"publish","type":"product","link":"https:\/\/www.qingfaceramic.com\/es\/producto\/custom-matte-terracotta-flower-vases\/","title":{"rendered":"Floreros de terracota mate a granel personalizados | Floreros de arcilla natural terrosa"},"content":{"rendered":"<h2 class=\"wp-block-heading\">Caracter\u00edsticas de los floreros de terracota mate personalizados<\/h2>\n\n\n\n<div class=\"wp-block-columns is-layout-flex wp-container-core-columns-is-layout-9d6595d7 wp-block-columns-is-layout-flex\">\n<div class=\"wp-block-column is-layout-flow wp-block-column-is-layout-flow\">\n<p><strong>Aut\u00e9ntica textura cruda:<\/strong> Presenta un distintivo acabado terracota mate arenoso que aporta un elemento t\u00e1ctil y terroso a cualquier espacio.<\/p>\n\n\n\n<p><strong>Formas org\u00e1nicas minimalistas:<\/strong> Disponibles en una gran variedad de siluetas, desde esbeltos cilindros hasta elegantes formas inspiradas en \u00e1nforas, que satisfacen diversas necesidades florales.<\/p>\n\n\n\n<p><strong>Est\u00e9tica Wabi-sabi atemporal:<\/strong> El aspecto de arcilla natural sin esmaltar celebra la belleza en la sencillez y la imperfecci\u00f3n, encajando perfectamente con decoraciones n\u00f3rdicas modernas o r\u00fasticas.<\/p>\n\n\n\n<p><strong>Artesan\u00eda de primera calidad:<\/strong> Cocidos a alta temperatura para una resistencia superior, estos jarrones son tan duraderos como bellos para su exposici\u00f3n a largo plazo.<\/p>\n\n\n\n<p><strong>Acento decorativo vers\u00e1til:<\/strong> Ideal para exponer hierba de la pampa seca, tallos frescos o como piezas escult\u00f3ricas independientes en hoteles, oficinas y hogares.<\/p>\n\n\n\n<p><strong>Personalizaci\u00f3n masiva completa:<\/strong> Ofrecemos servicios profesionales de OEM\/ODM, incluidos tama\u00f1os personalizados, formas exclusivas y etiquetado privado para adaptarnos a la identidad de su marca.<\/p>\n<\/div>\n\n\n\n<div class=\"wp-block-column is-layout-flow wp-block-column-is-layout-flow\">\n<figure class=\"wp-block-image size-full\"><img decoding=\"async\" width=\"4160\" height=\"4160\" src=\"https:\/\/www.qingfaceramic.com\/wp-content\/uploads\/2026\/01\/Custom-Matte-Terracotta-Flower-Vases5.webp\" alt=\"Floreros de terracota mate personalizados5\" class=\"wp-image-1069\" srcset=\"https:\/\/www.qingfaceramic.com\/wp-content\/uploads\/2026\/01\/Custom-Matte-Terracotta-Flower-Vases5.webp 4160w, https:\/\/www.qingfaceramic.com\/wp-content\/uploads\/2026\/01\/Custom-Matte-Terracotta-Flower-Vases5-300x300.webp 300w, https:\/\/www.qingfaceramic.com\/wp-content\/uploads\/2026\/01\/Custom-Matte-Terracotta-Flower-Vases5-150x150.webp 150w, https:\/\/www.qingfaceramic.com\/wp-content\/uploads\/2026\/01\/Custom-Matte-Terracotta-Flower-Vases5-768x768.webp 768w, https:\/\/www.qingfaceramic.com\/wp-content\/uploads\/2026\/01\/Custom-Matte-Terracotta-Flower-Vases5-12x12.webp 12w, https:\/\/www.qingfaceramic.com\/wp-content\/uploads\/2026\/01\/Custom-Matte-Terracotta-Flower-Vases5-1200x1200.webp 1200w, https:\/\/www.qingfaceramic.com\/wp-content\/uploads\/2026\/01\/Custom-Matte-Terracotta-Flower-Vases5-600x600.webp 600w, https:\/\/www.qingfaceramic.com\/wp-content\/uploads\/2026\/01\/Custom-Matte-Terracotta-Flower-Vases5-100x100.webp 100w\" sizes=\"(max-width: 4160px) 100vw, 4160px\" \/><\/figure>\n<\/div>\n<\/div>\n\n\n\n<div class=\"wp-block-columns is-layout-flex wp-container-core-columns-is-layout-9d6595d7 wp-block-columns-is-layout-flex\">\n<div class=\"wp-block-column is-layout-flow wp-block-column-is-layout-flow\"><\/div>\n\n\n\n<div class=\"wp-block-column is-layout-flow wp-block-column-is-layout-flow\"><\/div>\n<\/div>","protected":false},"excerpt":{"rendered":"<p data-start=\"428\" data-end=\"756\">Adopte la elegancia natural con nuestros jarrones personalizados de terracota mate. Con una textura arenosa sin esmaltar y siluetas org\u00e1nicas, estas piezas de cer\u00e1mica minimalistas capturan a la perfecci\u00f3n la est\u00e9tica Wabi-sabi. Dise\u00f1ados para ofrecer durabilidad y un atractivo atemporal, son la elecci\u00f3n ideal para arreglos florales de interiores modernos y colecciones de decoraci\u00f3n para el hogar.<\/p>\n<h2>Jarrones de terracota mate personalizados Par\u00e1metro<\/h2>\n<table data-path-to-node=\"11\">\n<thead>\n<tr>\n<td><strong>Art\u00edculo<\/strong><\/td>\n<td><strong>Especificaciones<\/strong><\/td>\n<\/tr>\n<\/thead>\n<tbody>\n<tr>\n<td><span data-path-to-node=\"11,1,0,0\"><b data-path-to-node=\"11,1,0,0\" data-index-in-node=\"0\">Fabricante<\/b><\/span><\/td>\n<td><span data-path-to-node=\"11,1,1,0\">Cer\u00e1mica Qingfa<\/span><\/td>\n<\/tr>\n<tr>\n<td><span data-path-to-node=\"11,2,0,0\"><b data-path-to-node=\"11,2,0,0\" data-index-in-node=\"0\">Nombre del producto<\/b><\/span><\/td>\n<td><span data-path-to-node=\"11,2,1,0\">Jarr\u00f3n Terracota Mate Serie Arena<\/span><\/td>\n<\/tr>\n<tr>\n<td><span data-path-to-node=\"11,3,0,0\"><b data-path-to-node=\"11,3,0,0\" data-index-in-node=\"0\">Material<\/b><\/span><\/td>\n<td><span data-path-to-node=\"11,3,1,0\">Arcilla natural de alta calidad \/ Terracota<\/span><\/td>\n<\/tr>\n<tr>\n<td><span data-path-to-node=\"11,4,0,0\"><b data-path-to-node=\"11,4,0,0\" data-index-in-node=\"0\">Acabado superficial<\/b><\/span><\/td>\n<td><span data-path-to-node=\"11,4,1,0\">Textura mate arenosa cruda sin esmaltar<\/span><\/td>\n<\/tr>\n<tr>\n<td><span data-path-to-node=\"11,5,0,0\"><b data-path-to-node=\"11,5,0,0\" data-index-in-node=\"0\">Estilo de dise\u00f1o<\/b><\/span><\/td>\n<td><span data-path-to-node=\"11,5,1,0\">Minimalista \/ Wabi-sabi \/ N\u00f3rdico org\u00e1nico<\/span><\/td>\n<\/tr>\n<tr>\n<td><span data-path-to-node=\"11,6,0,0\"><b data-path-to-node=\"11,6,0,0\" data-index-in-node=\"0\">Variedad<\/b><\/span><\/td>\n<td><span data-path-to-node=\"11,6,1,0\">Colecci\u00f3n multisilueta (cil\u00edndrica, en forma de jarra, en forma de botella)<\/span><\/td>\n<\/tr>\n<tr>\n<td><span data-path-to-node=\"11,7,0,0\"><b data-path-to-node=\"11,7,0,0\" data-index-in-node=\"0\">Opciones de color<\/b><\/span><\/td>\n<td><span data-path-to-node=\"11,7,1,0\">Terracota terrosa natural (colores personalizados disponibles bajo pedido)<\/span><\/td>\n<\/tr>\n<tr>\n<td><span data-path-to-node=\"11,8,0,0\"><b data-path-to-node=\"11,8,0,0\" data-index-in-node=\"0\">Utilizaci\u00f3n<\/b><\/span><\/td>\n<td><span data-path-to-node=\"11,8,1,0\">Decoraci\u00f3n del hogar, arreglos florales, interiorismo de hoteles\/oficinas<\/span><\/td>\n<\/tr>\n<tr>\n<td><span data-path-to-node=\"11,9,0,0\"><b data-path-to-node=\"11,9,0,0\" data-index-in-node=\"0\">Personalizaci\u00f3n<\/b><\/span><\/td>\n<td><span data-path-to-node=\"11,9,1,0\">OEM\/ODM, formas, tama\u00f1os y marcas personalizados<\/span><\/td>\n<\/tr>\n<tr>\n<td><span data-path-to-node=\"11,10,0,0\"><b data-path-to-node=\"11,10,0,0\" data-index-in-node=\"0\">Durabilidad<\/b><\/span><\/td>\n<td><span data-path-to-node=\"11,10,1,0\">Cocido a alta temperatura para una mayor resistencia<\/span><\/td>\n<\/tr>\n<tr>\n<td><span data-path-to-node=\"11,11,0,0\"><b data-path-to-node=\"11,11,0,0\" data-index-in-node=\"0\">Certificaciones<\/b><\/span><\/td>\n<td><span data-path-to-node=\"11,11,1,0\">Conformidad con las normas ISO y BSCI (basadas en las normas de f\u00e1brica)<\/span><\/td>\n<\/tr>\n<\/tbody>\n<\/table>\n<p>&nbsp;<\/p>","protected":false},"featured_media":1065,"comment_status":"closed","ping_status":"closed","template":"","meta":{"_acf_changed":false},"market":[],"product_brand":[],"product_cat":[18,32],"product_tag":[],"class_list":{"0":"post-1064","1":"product","2":"type-product","3":"status-publish","4":"has-post-thumbnail","6":"product_cat-custom-home-decor","7":"product_cat-custom-vases","9":"first","10":"instock","11":"shipping-taxable","12":"product-type-simple"},"acf":[],"_links":{"self":[{"href":"https:\/\/www.qingfaceramic.com\/es\/wp-json\/wp\/v2\/product\/1064","targetHints":{"allow":["GET"]}}],"collection":[{"href":"https:\/\/www.qingfaceramic.com\/es\/wp-json\/wp\/v2\/product"}],"about":[{"href":"https:\/\/www.qingfaceramic.com\/es\/wp-json\/wp\/v2\/types\/product"}],"replies":[{"embeddable":true,"href":"https:\/\/www.qingfaceramic.com\/es\/wp-json\/wp\/v2\/comments?post=1064"}],"wp:featuredmedia":[{"embeddable":true,"href":"https:\/\/www.qingfaceramic.com\/es\/wp-json\/wp\/v2\/media\/1065"}],"wp:attachment":[{"href":"https:\/\/www.qingfaceramic.com\/es\/wp-json\/wp\/v2\/media?parent=1064"}],"wp:term":[{"taxonomy":"market","embeddable":true,"href":"https:\/\/www.qingfaceramic.com\/es\/wp-json\/wp\/v2\/market?post=1064"},{"taxonomy":"product_brand","embeddable":true,"href":"https:\/\/www.qingfaceramic.com\/es\/wp-json\/wp\/v2\/product_brand?post=1064"},{"taxonomy":"product_cat","embeddable":true,"href":"https:\/\/www.qingfaceramic.com\/es\/wp-json\/wp\/v2\/product_cat?post=1064"},{"taxonomy":"product_tag","embeddable":true,"href":"https:\/\/www.qingfaceramic.com\/es\/wp-json\/wp\/v2\/product_tag?post=1064"}],"curies":[{"name":"wp","href":"https:\/\/api.w.org\/{rel}","templated":true}]}}