{"id":1056,"date":"2026-01-29T08:52:33","date_gmt":"2026-01-29T08:52:33","guid":{"rendered":"https:\/\/www.qingfaceramic.com\/?post_type=product&#038;p=1056"},"modified":"2026-01-31T03:26:57","modified_gmt":"2026-01-31T03:26:57","slug":"custom-colored-matte-ceramic-candle-holders","status":"publish","type":"product","link":"https:\/\/www.qingfaceramic.com\/es\/producto\/custom-colored-matte-ceramic-candle-holders\/","title":{"rendered":"Portavelas de cer\u00e1mica mate de colores personalizados para marcas de velas perfumadas de lujo"},"content":{"rendered":"<h2 class=\"wp-block-heading\">Features of Custom Colored Matte Ceramic Candle Holders<\/h2>\n\n\n\n<div class=\"wp-block-columns is-layout-flex wp-container-core-columns-is-layout-9d6595d7 wp-block-columns-is-layout-flex\">\n<div class=\"wp-block-column is-layout-flow wp-block-column-is-layout-flow\">\n<p><strong>Unique Geometric Silhouette:<\/strong> The distinctive &#8220;hourglass&#8221; or &#8220;double-tier&#8221; shape breaks away from traditional designs, making it a standalone piece of modern decor.<\/p>\n\n\n\n<p><strong>Premium Matte Finish:<\/strong> The smooth, non-reflective matte glaze provides a tactile, sophisticated feel that resists fingerprints and complements luxury branding.<\/p>\n\n\n\n<p><strong>Heat-Resistant Durability:<\/strong> Crafted from high-quality fired ceramic, these jars are built to withstand high temperatures for safe, consistent candle burning.<\/p>\n\n\n\n<p><strong>Vibrant Color Palette:<\/strong> Available in trendy colors like terracotta, sage green, and chocolate brown to match diverse interior styles or seasonal collections.<\/p>\n\n\n\n<p><strong>Versatile Beyond Candles:<\/strong> The artistic design allows customers to repurpose the jars as minimalist vases, stationery holders, or stylish home accents once the wax is gone.<\/p>\n\n\n\n<p><strong>B2B Customization Ready:<\/strong> Support for bulk orders with custom color glazes and logo placement to ensure your products stand out in a crowded market.<\/p>\n<\/div>\n\n\n\n<div class=\"wp-block-column is-layout-flow wp-block-column-is-layout-flow\">\n<figure class=\"wp-block-image size-full\"><img decoding=\"async\" width=\"800\" height=\"800\" src=\"https:\/\/www.qingfaceramic.com\/wp-content\/uploads\/2026\/01\/Custom-Colored-Matte-Ceramic-Candle-Holders-5.webp\" alt=\"Custom Colored Matte Ceramic Candle Holders 5\" class=\"wp-image-1061\" srcset=\"https:\/\/www.qingfaceramic.com\/wp-content\/uploads\/2026\/01\/Custom-Colored-Matte-Ceramic-Candle-Holders-5.webp 800w, https:\/\/www.qingfaceramic.com\/wp-content\/uploads\/2026\/01\/Custom-Colored-Matte-Ceramic-Candle-Holders-5-300x300.webp 300w, https:\/\/www.qingfaceramic.com\/wp-content\/uploads\/2026\/01\/Custom-Colored-Matte-Ceramic-Candle-Holders-5-150x150.webp 150w, https:\/\/www.qingfaceramic.com\/wp-content\/uploads\/2026\/01\/Custom-Colored-Matte-Ceramic-Candle-Holders-5-768x768.webp 768w, https:\/\/www.qingfaceramic.com\/wp-content\/uploads\/2026\/01\/Custom-Colored-Matte-Ceramic-Candle-Holders-5-12x12.webp 12w, https:\/\/www.qingfaceramic.com\/wp-content\/uploads\/2026\/01\/Custom-Colored-Matte-Ceramic-Candle-Holders-5-600x600.webp 600w, https:\/\/www.qingfaceramic.com\/wp-content\/uploads\/2026\/01\/Custom-Colored-Matte-Ceramic-Candle-Holders-5-100x100.webp 100w\" sizes=\"(max-width: 800px) 100vw, 800px\" \/><\/figure>\n<\/div>\n<\/div>\n\n\n\n<div class=\"wp-block-columns is-layout-flex wp-container-core-columns-is-layout-9d6595d7 wp-block-columns-is-layout-flex\">\n<div class=\"wp-block-column is-layout-flow wp-block-column-is-layout-flow\"><\/div>\n\n\n\n<div class=\"wp-block-column is-layout-flow wp-block-column-is-layout-flow\"><\/div>\n<\/div>","protected":false},"excerpt":{"rendered":"<p data-start=\"428\" data-end=\"756\">Mejore su marca con nuestros portavelas de cer\u00e1mica mate de colores personalizados. Estos creativos tarros geom\u00e9tricos presentan un acabado mate de primera calidad y una silueta atrevida, perfecta para las l\u00edneas de velas de lujo que buscan un toque moderno y art\u00edstico. Duraderos, resistentes al calor y disponibles para personalizaci\u00f3n a granel.<\/p>\n<h2>Portavelas de cer\u00e1mica mate de colores personalizados Par\u00e1metro<\/h2>\n<table data-path-to-node=\"11\">\n<thead>\n<tr>\n<td><strong>Art\u00edculo<\/strong><\/td>\n<td><strong>Especificaciones<\/strong><\/td>\n<\/tr>\n<\/thead>\n<tbody>\n<tr>\n<td><span data-path-to-node=\"11,1,0,0\"><b data-path-to-node=\"11,1,0,0\" data-index-in-node=\"0\">Fabricante<\/b><\/span><\/td>\n<td><span data-path-to-node=\"11,1,1,0\">Cer\u00e1mica Qingfa<\/span><\/td>\n<\/tr>\n<tr>\n<td><span data-path-to-node=\"11,2,0,0\"><b data-path-to-node=\"11,2,0,0\" data-index-in-node=\"0\">Nombre del producto<\/b><\/span><\/td>\n<td><span data-path-to-node=\"11,2,1,0\">Creativo Tarro de Cer\u00e1mica Geom\u00e9trica Mate para Velas<\/span><\/td>\n<\/tr>\n<tr>\n<td><span data-path-to-node=\"11,3,0,0\"><b data-path-to-node=\"11,3,0,0\" data-index-in-node=\"0\">Material<\/b><\/span><\/td>\n<td><span data-path-to-node=\"11,3,1,0\">Cer\u00e1mica esmaltada de alta calidad resistente al calor<\/span><\/td>\n<\/tr>\n<tr>\n<td><span data-path-to-node=\"11,4,0,0\"><b data-path-to-node=\"11,4,0,0\" data-index-in-node=\"0\">Acabado superficial<\/b><\/span><\/td>\n<td><span data-path-to-node=\"11,4,1,0\">Esmalte mate\/esmerilado de alta calidad<\/span><\/td>\n<\/tr>\n<tr>\n<td><span data-path-to-node=\"11,5,0,0\"><b data-path-to-node=\"11,5,0,0\" data-index-in-node=\"0\">Estilo de dise\u00f1o<\/b><\/span><\/td>\n<td><span data-path-to-node=\"11,5,1,0\">Geom\u00e9trica moderna y creativa \/ Silueta de reloj de arena<\/span><\/td>\n<\/tr>\n<tr>\n<td><span data-path-to-node=\"11,6,0,0\"><b data-path-to-node=\"11,6,0,0\" data-index-in-node=\"0\">Opciones de color<\/b><\/span><\/td>\n<td><span data-path-to-node=\"11,6,1,0\"><b data-path-to-node=\"11,6,1,0\" data-index-in-node=\"0\">Portavelas de cer\u00e1mica mate de colores personalizados<\/b> (Varios tonos disponibles)<\/span><\/td>\n<\/tr>\n<tr>\n<td><span data-path-to-node=\"11,7,0,0\"><b data-path-to-node=\"11,7,0,0\" data-index-in-node=\"0\">Utilizaci\u00f3n<\/b><\/span><\/td>\n<td><span data-path-to-node=\"11,7,1,0\">Fabricaci\u00f3n de velas arom\u00e1ticas, envases de fragancias de lujo, decoraci\u00f3n del hogar<\/span><\/td>\n<\/tr>\n<tr>\n<td><span data-path-to-node=\"11,8,0,0\"><b data-path-to-node=\"11,8,0,0\" data-index-in-node=\"0\">Personalizaci\u00f3n<\/b><\/span><\/td>\n<td><span data-path-to-node=\"11,8,1,0\">OEM\/ODM, esmalte de color personalizado, impresi\u00f3n de logotipo (calcoman\u00eda\/l\u00e1ser)<\/span><\/td>\n<\/tr>\n<tr>\n<td><span data-path-to-node=\"11,9,0,0\"><b data-path-to-node=\"11,9,0,0\" data-index-in-node=\"0\">Caracter\u00edsticas<\/b><\/span><\/td>\n<td><span data-path-to-node=\"11,9,1,0\">Resistente al calor, ecol\u00f3gico y reutilizable<\/span><\/td>\n<\/tr>\n<tr>\n<td><span data-path-to-node=\"11,10,0,0\"><b data-path-to-node=\"11,10,0,0\" data-index-in-node=\"0\">Certificaciones<\/b><\/span><\/td>\n<td><span data-path-to-node=\"11,10,1,0\">Conforme a las normas FDA, LFGB e ISO para la exportaci\u00f3n mundial<\/span><\/td>\n<\/tr>\n<\/tbody>\n<\/table>\n<p>&nbsp;<\/p>","protected":false},"featured_media":1058,"comment_status":"closed","ping_status":"closed","template":"","meta":{"_acf_changed":false},"market":[],"product_brand":[],"product_cat":[18,31],"product_tag":[],"class_list":{"0":"post-1056","1":"product","2":"type-product","3":"status-publish","4":"has-post-thumbnail","6":"product_cat-custom-home-decor","7":"product_cat-custom-candle-jars","9":"first","10":"instock","11":"shipping-taxable","12":"product-type-simple"},"acf":[],"_links":{"self":[{"href":"https:\/\/www.qingfaceramic.com\/es\/wp-json\/wp\/v2\/product\/1056","targetHints":{"allow":["GET"]}}],"collection":[{"href":"https:\/\/www.qingfaceramic.com\/es\/wp-json\/wp\/v2\/product"}],"about":[{"href":"https:\/\/www.qingfaceramic.com\/es\/wp-json\/wp\/v2\/types\/product"}],"replies":[{"embeddable":true,"href":"https:\/\/www.qingfaceramic.com\/es\/wp-json\/wp\/v2\/comments?post=1056"}],"wp:featuredmedia":[{"embeddable":true,"href":"https:\/\/www.qingfaceramic.com\/es\/wp-json\/wp\/v2\/media\/1058"}],"wp:attachment":[{"href":"https:\/\/www.qingfaceramic.com\/es\/wp-json\/wp\/v2\/media?parent=1056"}],"wp:term":[{"taxonomy":"market","embeddable":true,"href":"https:\/\/www.qingfaceramic.com\/es\/wp-json\/wp\/v2\/market?post=1056"},{"taxonomy":"product_brand","embeddable":true,"href":"https:\/\/www.qingfaceramic.com\/es\/wp-json\/wp\/v2\/product_brand?post=1056"},{"taxonomy":"product_cat","embeddable":true,"href":"https:\/\/www.qingfaceramic.com\/es\/wp-json\/wp\/v2\/product_cat?post=1056"},{"taxonomy":"product_tag","embeddable":true,"href":"https:\/\/www.qingfaceramic.com\/es\/wp-json\/wp\/v2\/product_tag?post=1056"}],"curies":[{"name":"wp","href":"https:\/\/api.w.org\/{rel}","templated":true}]}}