{"id":1048,"date":"2026-01-29T07:55:49","date_gmt":"2026-01-29T07:55:49","guid":{"rendered":"https:\/\/www.qingfaceramic.com\/?post_type=product&#038;p=1048"},"modified":"2026-01-31T03:25:55","modified_gmt":"2026-01-31T03:25:55","slug":"custom-ceramic-jars-fragrance-container","status":"publish","type":"product","link":"https:\/\/www.qingfaceramic.com\/es\/producto\/custom-ceramic-jars-fragrance-container\/","title":{"rendered":"Tarros de Cer\u00e1mica a Granel, Mayoristas de Tarros de Cer\u00e1mica a Granel, Mayoristas de Tarros de Cer\u00e1mica a Granel"},"content":{"rendered":"<h2 class=\"wp-block-heading\">Caracter\u00edsticas de los tarros de cer\u00e1mica personalizados a granel<\/h2>\n\n\n\n<div class=\"wp-block-columns is-layout-flex wp-container-core-columns-is-layout-9d6595d7 wp-block-columns-is-layout-flex\">\n<div class=\"wp-block-column is-layout-flow wp-block-column-is-layout-flow\">\n<p><strong>Atractivo est\u00e9tico:<\/strong> Presenta un moderno estilo Wabi-sabi con un esmalte moteado \u00fanico que a\u00f1ade un toque artesanal de alta gama a su marca de velas.<\/p>\n\n\n\n<p><strong>Tapa funcional:<\/strong> Incluye una tapa de cer\u00e1mica a juego para conservar la fragancia, evitar el polvo y extinguir las llamas de forma segura y sin humos.<\/p>\n\n\n\n<p><strong>La seguridad ante todo:<\/strong> Fabricada con cer\u00e1mica de alta calidad cocida a alta temperatura para garantizar una excelente resistencia al calor y durabilidad durante largos periodos de combusti\u00f3n.<\/p>\n\n\n\n<p><strong>Talla perfecta:<\/strong> Las dimensiones de 9,4 cm x 7,4 cm est\u00e1n optimizadas para velas est\u00e1ndar de 8-10 onzas, lo que se ajusta a la mayor\u00eda de los requisitos del mercado de lujo.<\/p>\n\n\n\n<p><strong>Ecol\u00f3gico y reutilizable:<\/strong> Dise\u00f1ado para ser sostenible; una vez terminada la vela, el tarro puede reutilizarse como un elegante recipiente de almacenamiento o una taza.<\/p>\n\n\n\n<p><strong>Personalizaci\u00f3n B2B:<\/strong> Totalmente personalizable con su logotipo (l\u00e1ser o calcoman\u00eda) y colores Pantone espec\u00edficos para que coincida con la identidad de su marca.<\/p>\n<\/div>\n\n\n\n<div class=\"wp-block-column is-layout-flow wp-block-column-is-layout-flow\">\n<figure class=\"wp-block-image size-full\"><img decoding=\"async\" width=\"800\" height=\"800\" src=\"https:\/\/www.qingfaceramic.com\/wp-content\/uploads\/2026\/01\/Custom-Ceramic-Jars-in-Bulk-Wholesale-Custom-Fragrance-Containers3.webp\" alt=\"Tarros de Cer\u00e1mica a Granel, Mayoristas de Tarros de Cer\u00e1mica a Granel3\" class=\"wp-image-1051\" srcset=\"https:\/\/www.qingfaceramic.com\/wp-content\/uploads\/2026\/01\/Custom-Ceramic-Jars-in-Bulk-Wholesale-Custom-Fragrance-Containers3.webp 800w, https:\/\/www.qingfaceramic.com\/wp-content\/uploads\/2026\/01\/Custom-Ceramic-Jars-in-Bulk-Wholesale-Custom-Fragrance-Containers3-300x300.webp 300w, https:\/\/www.qingfaceramic.com\/wp-content\/uploads\/2026\/01\/Custom-Ceramic-Jars-in-Bulk-Wholesale-Custom-Fragrance-Containers3-150x150.webp 150w, https:\/\/www.qingfaceramic.com\/wp-content\/uploads\/2026\/01\/Custom-Ceramic-Jars-in-Bulk-Wholesale-Custom-Fragrance-Containers3-768x768.webp 768w, https:\/\/www.qingfaceramic.com\/wp-content\/uploads\/2026\/01\/Custom-Ceramic-Jars-in-Bulk-Wholesale-Custom-Fragrance-Containers3-12x12.webp 12w, https:\/\/www.qingfaceramic.com\/wp-content\/uploads\/2026\/01\/Custom-Ceramic-Jars-in-Bulk-Wholesale-Custom-Fragrance-Containers3-600x600.webp 600w, https:\/\/www.qingfaceramic.com\/wp-content\/uploads\/2026\/01\/Custom-Ceramic-Jars-in-Bulk-Wholesale-Custom-Fragrance-Containers3-100x100.webp 100w\" sizes=\"(max-width: 800px) 100vw, 800px\" \/><\/figure>\n<\/div>\n<\/div>\n\n\n\n<div class=\"wp-block-columns is-layout-flex wp-container-core-columns-is-layout-9d6595d7 wp-block-columns-is-layout-flex\">\n<div class=\"wp-block-column is-layout-flow wp-block-column-is-layout-flow\"><\/div>\n\n\n\n<div class=\"wp-block-column is-layout-flow wp-block-column-is-layout-flow\"><\/div>\n<\/div>","protected":false},"excerpt":{"rendered":"<p data-start=\"428\" data-end=\"756\">Eleve su marca con nuestros tarros de cer\u00e1mica personalizados al por mayor. Como fabricante l\u00edder, ofrecemos al por mayor recipientes de fragancia personalizados con esmaltes moteados \u00fanicos e impresi\u00f3n de logotipos personalizados. Certificados por la FDA\/LFGB.<\/p>\n<h2>Tarros de cer\u00e1mica personalizados a granel Par\u00e1metro<\/h2>\n<table data-path-to-node=\"3\">\n<thead>\n<tr>\n<td><strong>Art\u00edculo<\/strong><\/td>\n<td><strong>Especificaciones<\/strong><\/td>\n<\/tr>\n<\/thead>\n<tbody>\n<tr>\n<td><span data-path-to-node=\"3,1,0,0\"><b data-path-to-node=\"3,1,0,0\" data-index-in-node=\"0\">Fabricante<\/b><\/span><\/td>\n<td><span data-path-to-node=\"3,1,1,0\">Cer\u00e1mica Qingfa<\/span><\/td>\n<\/tr>\n<tr>\n<td><span data-path-to-node=\"3,2,0,0\"><b data-path-to-node=\"3,2,0,0\" data-index-in-node=\"0\">Nombre del producto<\/b><\/span><\/td>\n<td><span data-path-to-node=\"3,2,1,0\">Tarro de Cer\u00e1mica Retro Moteado con Tapa \/ Envase Personalizado para Fragancias<\/span><\/td>\n<\/tr>\n<tr>\n<td><span data-path-to-node=\"3,3,0,0\"><b data-path-to-node=\"3,3,0,0\" data-index-in-node=\"0\">Material<\/b><\/span><\/td>\n<td><span data-path-to-node=\"3,3,1,0\">Cer\u00e1mica esmaltada de alta calidad resistente al calor<\/span><\/td>\n<\/tr>\n<tr>\n<td><span data-path-to-node=\"3,4,0,0\"><b data-path-to-node=\"3,4,0,0\" data-index-in-node=\"0\">Dimensiones<\/b><\/span><\/td>\n<td><span data-path-to-node=\"3,4,1,0\">Superior: 9,4 cm<\/span><\/td>\n<\/tr>\n<tr>\n<td><span data-path-to-node=\"3,5,0,0\"><b data-path-to-node=\"3,5,0,0\" data-index-in-node=\"0\">Dise\u00f1o \/ Estilo<\/b><\/span><\/td>\n<td><span data-path-to-node=\"3,5,1,0\">Minimalista estilo wabi-sabi \/ retro japon\u00e9s con acabado moteado<\/span><\/td>\n<\/tr>\n<tr>\n<td><span data-path-to-node=\"3,6,0,0\"><b data-path-to-node=\"3,6,0,0\" data-index-in-node=\"0\">Acabado superficial<\/b><\/span><\/td>\n<td><span data-path-to-node=\"3,6,1,0\">Esmalte reactivo liso, resistente al calor y duradero<\/span><\/td>\n<\/tr>\n<tr>\n<td><span data-path-to-node=\"3,7,0,0\"><b data-path-to-node=\"3,7,0,0\" data-index-in-node=\"0\">Tipo de tapa<\/b><\/span><\/td>\n<td><span data-path-to-node=\"3,7,1,0\">Tapa cer\u00e1mica antipolvo a juego (compatible con la extinci\u00f3n de humos)<\/span><\/td>\n<\/tr>\n<tr>\n<td><span data-path-to-node=\"3,8,0,0\"><b data-path-to-node=\"3,8,0,0\" data-index-in-node=\"0\">Opciones de color<\/b><\/span><\/td>\n<td><span data-path-to-node=\"3,8,1,0\">Esmaltes beige natural, blanco moteado o colores Pantone personalizados<\/span><\/td>\n<\/tr>\n<tr>\n<td><span data-path-to-node=\"3,9,0,0\"><b data-path-to-node=\"3,9,0,0\" data-index-in-node=\"0\">Personalizaci\u00f3n<\/b><\/span><\/td>\n<td><span data-path-to-node=\"3,9,1,0\">Logotipo (l\u00e1ser\/decal), colores de esmalte personalizados, dise\u00f1o de patrones, envases a medida<\/span><\/td>\n<\/tr>\n<tr>\n<td><span data-path-to-node=\"3,10,0,0\"><b data-path-to-node=\"3,10,0,0\" data-index-in-node=\"0\">Utilizaci\u00f3n<\/b><\/span><\/td>\n<td><span data-path-to-node=\"3,10,1,0\">Fabricaci\u00f3n de velas arom\u00e1ticas, aromaterapia, almacenamiento para decoraci\u00f3n del hogar y regalos de primera calidad<\/span><\/td>\n<\/tr>\n<tr>\n<td><span data-path-to-node=\"3,11,0,0\"><b data-path-to-node=\"3,11,0,0\" data-index-in-node=\"0\">OEM \/ ODM<\/b><\/span><\/td>\n<td><span data-path-to-node=\"3,11,1,0\">Asistencia completa (m\u00e1s de 30 especialistas en I+D disponibles para el desarrollo de nuevos moldes)<\/span><\/td>\n<\/tr>\n<tr>\n<td><span data-path-to-node=\"3,12,0,0\"><b data-path-to-node=\"3,12,0,0\" data-index-in-node=\"0\">Certificaciones<\/b><\/span><\/td>\n<td><span data-path-to-node=\"3,12,1,0\">FDA, LFGB, ISO (seg\u00fan los requisitos de personalizaci\u00f3n)<\/span><\/td>\n<\/tr>\n<\/tbody>\n<\/table>\n<p>&nbsp;<\/p>","protected":false},"featured_media":1049,"comment_status":"closed","ping_status":"closed","template":"","meta":{"_acf_changed":false},"market":[],"product_brand":[],"product_cat":[18,31],"product_tag":[],"class_list":{"0":"post-1048","1":"product","2":"type-product","3":"status-publish","4":"has-post-thumbnail","6":"product_cat-custom-home-decor","7":"product_cat-custom-candle-jars","9":"first","10":"instock","11":"shipping-taxable","12":"product-type-simple"},"acf":[],"_links":{"self":[{"href":"https:\/\/www.qingfaceramic.com\/es\/wp-json\/wp\/v2\/product\/1048","targetHints":{"allow":["GET"]}}],"collection":[{"href":"https:\/\/www.qingfaceramic.com\/es\/wp-json\/wp\/v2\/product"}],"about":[{"href":"https:\/\/www.qingfaceramic.com\/es\/wp-json\/wp\/v2\/types\/product"}],"replies":[{"embeddable":true,"href":"https:\/\/www.qingfaceramic.com\/es\/wp-json\/wp\/v2\/comments?post=1048"}],"wp:featuredmedia":[{"embeddable":true,"href":"https:\/\/www.qingfaceramic.com\/es\/wp-json\/wp\/v2\/media\/1049"}],"wp:attachment":[{"href":"https:\/\/www.qingfaceramic.com\/es\/wp-json\/wp\/v2\/media?parent=1048"}],"wp:term":[{"taxonomy":"market","embeddable":true,"href":"https:\/\/www.qingfaceramic.com\/es\/wp-json\/wp\/v2\/market?post=1048"},{"taxonomy":"product_brand","embeddable":true,"href":"https:\/\/www.qingfaceramic.com\/es\/wp-json\/wp\/v2\/product_brand?post=1048"},{"taxonomy":"product_cat","embeddable":true,"href":"https:\/\/www.qingfaceramic.com\/es\/wp-json\/wp\/v2\/product_cat?post=1048"},{"taxonomy":"product_tag","embeddable":true,"href":"https:\/\/www.qingfaceramic.com\/es\/wp-json\/wp\/v2\/product_tag?post=1048"}],"curies":[{"name":"wp","href":"https:\/\/api.w.org\/{rel}","templated":true}]}}