{"id":678,"date":"2026-01-14T07:59:27","date_gmt":"2026-01-14T07:59:27","guid":{"rendered":"https:\/\/www.qingfaceramic.com\/?post_type=product&#038;p=678"},"modified":"2026-01-31T03:08:21","modified_gmt":"2026-01-31T03:08:21","slug":"custom-ceramic-spice-jars-set","status":"publish","type":"product","link":"https:\/\/www.qingfaceramic.com\/de\/produkt\/custom-ceramic-spice-jars-set\/","title":{"rendered":"Custom Ceramic Spice Jars Set K\u00fcche Salz &amp; Zucker keramische Lagerung Jars"},"content":{"rendered":"<h2 class=\"wp-block-heading\">Eigenschaften von Custom Ceramic Spice Jars Set <\/h2>\n\n\n\n<div class=\"wp-block-columns is-layout-flex wp-container-core-columns-is-layout-9d6595d7 wp-block-columns-is-layout-flex\">\n<div class=\"wp-block-column is-layout-flow wp-block-column-is-layout-flow\">\n<p><strong>Individuelles Keramik-Gew\u00fcrzglasset<\/strong> - Unterst\u00fctzt OEM\/ODM-Anpassung, einschlie\u00dflich Logodruck, Aufklebervorlage, Glasurfarbe und Verpackung, die auf Ihre Markenanforderungen zugeschnitten ist.<\/p>\n\n\n\n<p><strong>Hochwertige keramische Konstruktion<\/strong> - Hergestellt aus hochwertiger, glasierter Keramik, die langlebig, ungiftig und lebensmittelecht ist, um Salz, Zucker und Gew\u00fcrze aufzubewahren.<\/p>\n\n\n\n<p><strong>Elegante K\u00fcchenaufbewahrung<\/strong> - Stilvolle Gl\u00e4ser mit glatter Oberfl\u00e4che verbessern die \u00c4sthetik der K\u00fcche und bieten gleichzeitig praktische Aufbewahrungsm\u00f6glichkeiten f\u00fcr die t\u00e4glichen Kochutensilien.<\/p>\n\n\n\n<p><strong>Sicherer Deckel &amp; leichter Zugang<\/strong> - Zu jedem Glas geh\u00f6rt in der Regel ein passender Deckel (und bei manchen Ausf\u00fchrungen auch ein L\u00f6ffel), um den Inhalt vor Staub und Feuchtigkeit zu sch\u00fctzen und Frische zu gew\u00e4hrleisten.<\/p>\n\n\n\n<p><strong>Vielseitige Einsatzszenarien<\/strong> - Ideal f\u00fcr Privatk\u00fcchen, Caf\u00e9s, Restaurants, Hotels und Einzelhandelsgesch\u00e4fte, die eine geordnete Aufbewahrung von Gew\u00fcrzen w\u00fcnschen.<\/p>\n\n\n\n<p><strong>Gro\u00dfhandel &amp; Bulk Ready<\/strong> - Konzipiert f\u00fcr Gro\u00dfauftr\u00e4ge mit gleichbleibender Qualit\u00e4t und Produktionskapazit\u00e4t, geeignet f\u00fcr Gro\u00dfh\u00e4ndler und Distributoren.<\/p>\n\n\n\n<figure class=\"wp-block-image size-full\"><img decoding=\"async\" width=\"1000\" height=\"1000\" src=\"https:\/\/www.qingfaceramic.com\/wp-content\/uploads\/2026\/01\/custom-spice-jars-set5.webp\" alt=\"Custom Keramik Gew\u00fcrzdosen Set3\" class=\"wp-image-682\" srcset=\"https:\/\/www.qingfaceramic.com\/wp-content\/uploads\/2026\/01\/custom-spice-jars-set5.webp 1000w, https:\/\/www.qingfaceramic.com\/wp-content\/uploads\/2026\/01\/custom-spice-jars-set5-300x300.webp 300w, https:\/\/www.qingfaceramic.com\/wp-content\/uploads\/2026\/01\/custom-spice-jars-set5-150x150.webp 150w, https:\/\/www.qingfaceramic.com\/wp-content\/uploads\/2026\/01\/custom-spice-jars-set5-768x768.webp 768w, https:\/\/www.qingfaceramic.com\/wp-content\/uploads\/2026\/01\/custom-spice-jars-set5-600x600.webp 600w, https:\/\/www.qingfaceramic.com\/wp-content\/uploads\/2026\/01\/custom-spice-jars-set5-100x100.webp 100w\" sizes=\"(max-width: 1000px) 100vw, 1000px\" \/><\/figure>\n<\/div>\n\n\n\n<div class=\"wp-block-column is-layout-flow wp-block-column-is-layout-flow\">\n<figure class=\"wp-block-image size-full\"><img decoding=\"async\" width=\"790\" height=\"1585\" src=\"https:\/\/www.qingfaceramic.com\/wp-content\/uploads\/2026\/01\/custom-spice-jars-set11.webp\" alt=\"keramische Gew\u00fcrzgl\u00e4ser im Set4\" class=\"wp-image-683\" srcset=\"https:\/\/www.qingfaceramic.com\/wp-content\/uploads\/2026\/01\/custom-spice-jars-set11.webp 790w, https:\/\/www.qingfaceramic.com\/wp-content\/uploads\/2026\/01\/custom-spice-jars-set11-150x300.webp 150w, https:\/\/www.qingfaceramic.com\/wp-content\/uploads\/2026\/01\/custom-spice-jars-set11-768x1541.webp 768w, https:\/\/www.qingfaceramic.com\/wp-content\/uploads\/2026\/01\/custom-spice-jars-set11-600x1204.webp 600w\" sizes=\"(max-width: 790px) 100vw, 790px\" \/><\/figure>\n<\/div>\n<\/div>\n\n\n\n<div class=\"wp-block-columns is-layout-flex wp-container-core-columns-is-layout-9d6595d7 wp-block-columns-is-layout-flex\">\n<div class=\"wp-block-column is-layout-flow wp-block-column-is-layout-flow\"><\/div>\n\n\n\n<div class=\"wp-block-column is-layout-flow wp-block-column-is-layout-flow\"><\/div>\n\n\n\n<div class=\"wp-block-column is-layout-flow wp-block-column-is-layout-flow\"><\/div>\n<\/div>\n\n\n\n<div class=\"wp-block-columns is-layout-flex wp-container-core-columns-is-layout-9d6595d7 wp-block-columns-is-layout-flex\">\n<div class=\"wp-block-column is-layout-flow wp-block-column-is-layout-flow\"><\/div>\n\n\n\n<div class=\"wp-block-column is-layout-flow wp-block-column-is-layout-flow\"><\/div>\n<\/div>","protected":false},"excerpt":{"rendered":"<p data-start=\"248\" data-end=\"569\">Unser individuelles Set aus Keramikgew\u00fcrzdosen besteht aus hochwertigen Keramikdosen f\u00fcr Salz, Zucker und Gew\u00fcrze mit elegantem Design und sicheren Deckeln. Perfekt f\u00fcr K\u00fcche, Caf\u00e9, Hotel und Einzelhandel, unterst\u00fctzt dieses Set flexible OEM \/ ODM-Anpassung f\u00fcr Logos, Glasur Farben und Verpackung.<\/p>\n<h2>Benutzerdefinierte Keramik Gew\u00fcrzdosen Set Parameter<\/h2>\n<table>\n<thead>\n<tr>\n<th>Hersteller<\/th>\n<th>Qingfa Keramiken<\/th>\n<\/tr>\n<\/thead>\n<tbody>\n<tr>\n<td>Produktname<\/td>\n<td>Hochwertige keramische Gew\u00fcrzdosen Set \/ Kundenspezifische keramische Gew\u00fcrzdosen Set<\/td>\n<\/tr>\n<tr>\n<td>Material<\/td>\n<td>Hochwertige glasierte Keramik<\/td>\n<\/tr>\n<tr>\n<td>Komponenten<\/td>\n<td>Salzstreuer, Zuckerstreuer, Gew\u00fcrzstreuer (konfigurierbares Set)<\/td>\n<\/tr>\n<tr>\n<td>Oberfl\u00e4che<\/td>\n<td>Glatt glasierte Keramik, lebensmittelecht<\/td>\n<\/tr>\n<tr>\n<td>Deckeltyp<\/td>\n<td>Passende Deckel (Keramik\/Bambus\/Holz, je nach Ausf\u00fchrung)<\/td>\n<\/tr>\n<tr>\n<td>Farboptionen<\/td>\n<td>Kundenspezifische Glasurfarben verf\u00fcgbar<\/td>\n<\/tr>\n<tr>\n<td>Personalisierung<\/td>\n<td>Logodruck, Aufklebervorlage, Farbglasur, Verpackung, OEM\/ODM<\/td>\n<\/tr>\n<tr>\n<td>Verwendung<\/td>\n<td>Speisesalz, Zucker, Gew\u00fcrze f\u00fcr Zuhause, Caf\u00e9s, Hotels, Einzelhandel<\/td>\n<\/tr>\n<tr>\n<td>Zertifizierungen<\/td>\n<td>FDA, LFGB, ISO (je nach Kundenanpassung)<\/td>\n<\/tr>\n<\/tbody>\n<\/table>\n<p>&nbsp;<\/p>\n<p>&nbsp;<\/p>","protected":false},"featured_media":679,"comment_status":"closed","ping_status":"closed","template":"","meta":{"_acf_changed":false},"market":[],"product_brand":[],"product_cat":[20,37],"product_tag":[],"class_list":{"0":"post-678","1":"product","2":"type-product","3":"status-publish","4":"has-post-thumbnail","6":"product_cat-ceramic-kitchenware-wholesale","7":"product_cat-custom-kitchen-tools","9":"first","10":"instock","11":"shipping-taxable","12":"product-type-simple"},"acf":[],"_links":{"self":[{"href":"https:\/\/www.qingfaceramic.com\/de\/wp-json\/wp\/v2\/product\/678","targetHints":{"allow":["GET"]}}],"collection":[{"href":"https:\/\/www.qingfaceramic.com\/de\/wp-json\/wp\/v2\/product"}],"about":[{"href":"https:\/\/www.qingfaceramic.com\/de\/wp-json\/wp\/v2\/types\/product"}],"replies":[{"embeddable":true,"href":"https:\/\/www.qingfaceramic.com\/de\/wp-json\/wp\/v2\/comments?post=678"}],"wp:featuredmedia":[{"embeddable":true,"href":"https:\/\/www.qingfaceramic.com\/de\/wp-json\/wp\/v2\/media\/679"}],"wp:attachment":[{"href":"https:\/\/www.qingfaceramic.com\/de\/wp-json\/wp\/v2\/media?parent=678"}],"wp:term":[{"taxonomy":"market","embeddable":true,"href":"https:\/\/www.qingfaceramic.com\/de\/wp-json\/wp\/v2\/market?post=678"},{"taxonomy":"product_brand","embeddable":true,"href":"https:\/\/www.qingfaceramic.com\/de\/wp-json\/wp\/v2\/product_brand?post=678"},{"taxonomy":"product_cat","embeddable":true,"href":"https:\/\/www.qingfaceramic.com\/de\/wp-json\/wp\/v2\/product_cat?post=678"},{"taxonomy":"product_tag","embeddable":true,"href":"https:\/\/www.qingfaceramic.com\/de\/wp-json\/wp\/v2\/product_tag?post=678"}],"curies":[{"name":"wp","href":"https:\/\/api.w.org\/{rel}","templated":true}]}}