{"id":661,"date":"2026-01-14T07:40:46","date_gmt":"2026-01-14T07:40:46","guid":{"rendered":"https:\/\/www.qingfaceramic.com\/?post_type=product&#038;p=661"},"modified":"2026-01-31T02:52:48","modified_gmt":"2026-01-31T02:52:48","slug":"custom-white-ceramic-tea-pot-set","status":"publish","type":"product","link":"https:\/\/www.qingfaceramic.com\/de\/produkt\/custom-white-ceramic-tea-pot-set\/","title":{"rendered":"Benutzerdefinierte wei\u00dfe Keramik Teekanne Set Elegantes wei\u00dfes Porzellan Tee &amp; Cup Set Gro\u00dfhandel"},"content":{"rendered":"<h2 class=\"wp-block-heading\">Eigenschaften von Custom White Ceramic Tea Pot Set<\/h2>\n\n\n\n<div class=\"wp-block-columns is-layout-flex wp-container-core-columns-is-layout-9d6595d7 wp-block-columns-is-layout-flex\">\n<div class=\"wp-block-column is-layout-flow wp-block-column-is-layout-flow\">\n<ol class=\"wp-block-list\">\n<li><strong>Individuelles wei\u00dfes Keramik-Teekannen-Set<\/strong> - Unterst\u00fctzt die vollst\u00e4ndige OEM\/ODM-Anpassung, einschlie\u00dflich Logo, Farbakzente und Verpackung, um Ihren Markenanforderungen zu entsprechen.<\/li>\n\n\n\n<li><strong>Elegantes wei\u00dfes Porzellandesign<\/strong> - Klassisches, minimalistisches wei\u00dfes Porzellan, das sich f\u00fcr moderne und traditionelle Teeservice eignet.<\/li>\n\n\n\n<li><strong>Komplettes Getr\u00e4nkeset<\/strong> - Enth\u00e4lt eine Teekanne und erg\u00e4nzende Tassen\/Untertassen f\u00fcr ein stimmiges Teeservice.<\/li>\n\n\n\n<li><strong>Hochwertige keramische Konstruktion<\/strong> - Hergestellt aus haltbarem, lebensmittelechtem Porzellan mit glatter Glasur f\u00fcr den t\u00e4glichen Gebrauch in gewerblichen Einrichtungen.<\/li>\n\n\n\n<li><strong>Vielseitige Einsatzszenarien<\/strong> - Ideal f\u00fcr Hotels, Caf\u00e9s, Restaurants und Einzelhandelsgesch\u00e4fte sowie f\u00fcr Werbe- und Geschenksammlungen.<\/li>\n\n\n\n<li><strong>Verf\u00fcgbarkeit f\u00fcr Gro\u00dfhandel und Bulkware<\/strong> - Konzipiert f\u00fcr Gro\u00dfauftr\u00e4ge mit konsequenter Qualit\u00e4tskontrolle und effizienten Produktionsprozessen.<\/li>\n<\/ol>\n<\/div>\n\n\n\n<div class=\"wp-block-column is-layout-flow wp-block-column-is-layout-flow\">\n<figure class=\"wp-block-image size-full\"><img decoding=\"async\" width=\"1600\" height=\"770\" src=\"https:\/\/www.qingfaceramic.com\/wp-content\/uploads\/2026\/01\/custom-white-ceramic-tea-pot-set6.webp\" alt=\"benutzerdefinierte wei\u00dfe Keramik Teekanne set2\" class=\"wp-image-665\" srcset=\"https:\/\/www.qingfaceramic.com\/wp-content\/uploads\/2026\/01\/custom-white-ceramic-tea-pot-set6.webp 1600w, https:\/\/www.qingfaceramic.com\/wp-content\/uploads\/2026\/01\/custom-white-ceramic-tea-pot-set6-300x144.webp 300w, https:\/\/www.qingfaceramic.com\/wp-content\/uploads\/2026\/01\/custom-white-ceramic-tea-pot-set6-768x370.webp 768w, https:\/\/www.qingfaceramic.com\/wp-content\/uploads\/2026\/01\/custom-white-ceramic-tea-pot-set6-1200x578.webp 1200w, https:\/\/www.qingfaceramic.com\/wp-content\/uploads\/2026\/01\/custom-white-ceramic-tea-pot-set6-600x289.webp 600w\" sizes=\"(max-width: 1600px) 100vw, 1600px\" \/><\/figure>\n<\/div>\n<\/div>\n\n\n\n<div class=\"wp-block-columns is-layout-flex wp-container-core-columns-is-layout-9d6595d7 wp-block-columns-is-layout-flex\">\n<div class=\"wp-block-column is-layout-flow wp-block-column-is-layout-flow\">\n<figure class=\"wp-block-image size-full\"><img decoding=\"async\" width=\"750\" height=\"624\" src=\"https:\/\/www.qingfaceramic.com\/wp-content\/uploads\/2026\/01\/custom-white-ceramic-tea-pot-set9.webp\" alt=\"benutzerdefinierte wei\u00dfe Keramik Teekanne set9\" class=\"wp-image-666\" srcset=\"https:\/\/www.qingfaceramic.com\/wp-content\/uploads\/2026\/01\/custom-white-ceramic-tea-pot-set9.webp 750w, https:\/\/www.qingfaceramic.com\/wp-content\/uploads\/2026\/01\/custom-white-ceramic-tea-pot-set9-300x250.webp 300w, https:\/\/www.qingfaceramic.com\/wp-content\/uploads\/2026\/01\/custom-white-ceramic-tea-pot-set9-600x499.webp 600w\" sizes=\"(max-width: 750px) 100vw, 750px\" \/><\/figure>\n<\/div>\n\n\n\n<div class=\"wp-block-column is-layout-flow wp-block-column-is-layout-flow\">\n<figure class=\"wp-block-image size-full\"><img decoding=\"async\" width=\"750\" height=\"828\" src=\"https:\/\/www.qingfaceramic.com\/wp-content\/uploads\/2026\/01\/custom-white-ceramic-tea-pot-set11.webp\" alt=\"benutzerdefinierte wei\u00dfe Keramik Teekanne set11\" class=\"wp-image-668\" srcset=\"https:\/\/www.qingfaceramic.com\/wp-content\/uploads\/2026\/01\/custom-white-ceramic-tea-pot-set11.webp 750w, https:\/\/www.qingfaceramic.com\/wp-content\/uploads\/2026\/01\/custom-white-ceramic-tea-pot-set11-272x300.webp 272w, https:\/\/www.qingfaceramic.com\/wp-content\/uploads\/2026\/01\/custom-white-ceramic-tea-pot-set11-600x662.webp 600w\" sizes=\"(max-width: 750px) 100vw, 750px\" \/><\/figure>\n<\/div>\n\n\n\n<div class=\"wp-block-column is-layout-flow wp-block-column-is-layout-flow\">\n<figure class=\"wp-block-image size-full\"><img decoding=\"async\" width=\"750\" height=\"708\" src=\"https:\/\/www.qingfaceramic.com\/wp-content\/uploads\/2026\/01\/custom-white-ceramic-tea-pot-set10.webp\" alt=\"benutzerdefinierte wei\u00dfe Keramik Teekanne set9\" class=\"wp-image-667\" srcset=\"https:\/\/www.qingfaceramic.com\/wp-content\/uploads\/2026\/01\/custom-white-ceramic-tea-pot-set10.webp 750w, https:\/\/www.qingfaceramic.com\/wp-content\/uploads\/2026\/01\/custom-white-ceramic-tea-pot-set10-300x283.webp 300w, https:\/\/www.qingfaceramic.com\/wp-content\/uploads\/2026\/01\/custom-white-ceramic-tea-pot-set10-600x566.webp 600w\" sizes=\"(max-width: 750px) 100vw, 750px\" \/><\/figure>\n<\/div>\n<\/div>\n\n\n\n<div class=\"wp-block-columns is-layout-flex wp-container-core-columns-is-layout-9d6595d7 wp-block-columns-is-layout-flex\">\n<div class=\"wp-block-column is-layout-flow wp-block-column-is-layout-flow\"><\/div>\n\n\n\n<div class=\"wp-block-column is-layout-flow wp-block-column-is-layout-flow\"><\/div>\n<\/div>","protected":false},"excerpt":{"rendered":"<p data-start=\"441\" data-end=\"787\">Unser individuelles wei\u00dfes Keramik-Teekannen-Set kombiniert elegantes wei\u00dfes Porzellan mit praktischem Design. Dieses Set ist ideal f\u00fcr Caf\u00e9s, Hotels, Restaurants und den Einzelhandel. Es unterst\u00fctzt die OEM\/ODM-Anpassung von Logos und Verpackungen und eignet sich perfekt f\u00fcr gro\u00dfe Teeservice- und Markengetr\u00e4nkekollektionen.<\/p>\n<h2>Benutzerdefinierte wei\u00dfe Keramik Teekanne Set Parameter<\/h2>\n<table>\n<thead>\n<tr>\n<th>Hersteller<\/th>\n<th>Qingfa Keramiken<\/th>\n<\/tr>\n<\/thead>\n<tbody>\n<tr>\n<td>Produktname<\/td>\n<td>Elegantes wei\u00dfes Porzellan-Teekannen-Set \/ Custom White Ceramic Tea Pot Set<\/td>\n<\/tr>\n<tr>\n<td>Material<\/td>\n<td>Hochwertige Keramik \/ wei\u00dfes Porzellan<\/td>\n<\/tr>\n<tr>\n<td>Komponenten<\/td>\n<td>Teekanne + passende Tassen und Untertassen (Set-Konfiguration)<\/td>\n<\/tr>\n<tr>\n<td>Design \/ Stil<\/td>\n<td>Klassisches Teeservice aus wei\u00dfem Porzellan mit eleganter Oberfl\u00e4che<\/td>\n<\/tr>\n<tr>\n<td>Oberfl\u00e4che<\/td>\n<td>Glatt glasierte Keramik, lebensmittelecht<\/td>\n<\/tr>\n<tr>\n<td>Farbe<\/td>\n<td>Reines Wei\u00df (kundenspezifische Akzentoptionen verf\u00fcgbar)<\/td>\n<\/tr>\n<tr>\n<td>Kapazit\u00e4t<\/td>\n<td>Individuelle Kannen- und Tassenkapazit\u00e4ten verf\u00fcgbar<\/td>\n<\/tr>\n<tr>\n<td>Personalisierung<\/td>\n<td>Logodruck, Aufklebervorlagen, Verpackung, OEM\/ODM<\/td>\n<\/tr>\n<tr>\n<td>Verwendung<\/td>\n<td>Tee- und Getr\u00e4nkeservice f\u00fcr Caf\u00e9s, Restaurants, Hotels, Einzelhandel<\/td>\n<\/tr>\n<tr>\n<td>Zertifizierungen<\/td>\n<td>FDA, LFGB, ISO (je nach Kundenanpassung)<\/td>\n<\/tr>\n<\/tbody>\n<\/table>\n<p>&nbsp;<\/p>\n<p>&nbsp;<\/p>","protected":false},"featured_media":662,"comment_status":"closed","ping_status":"closed","template":"","meta":{"_acf_changed":false},"market":[],"product_brand":[],"product_cat":[16,26],"product_tag":[],"class_list":{"0":"post-661","1":"product","2":"type-product","3":"status-publish","4":"has-post-thumbnail","6":"product_cat-tea-and-coffee-sets-factory","7":"product_cat-custom-teapot-sets","9":"first","10":"instock","11":"shipping-taxable","12":"product-type-simple"},"acf":[],"_links":{"self":[{"href":"https:\/\/www.qingfaceramic.com\/de\/wp-json\/wp\/v2\/product\/661","targetHints":{"allow":["GET"]}}],"collection":[{"href":"https:\/\/www.qingfaceramic.com\/de\/wp-json\/wp\/v2\/product"}],"about":[{"href":"https:\/\/www.qingfaceramic.com\/de\/wp-json\/wp\/v2\/types\/product"}],"replies":[{"embeddable":true,"href":"https:\/\/www.qingfaceramic.com\/de\/wp-json\/wp\/v2\/comments?post=661"}],"wp:featuredmedia":[{"embeddable":true,"href":"https:\/\/www.qingfaceramic.com\/de\/wp-json\/wp\/v2\/media\/662"}],"wp:attachment":[{"href":"https:\/\/www.qingfaceramic.com\/de\/wp-json\/wp\/v2\/media?parent=661"}],"wp:term":[{"taxonomy":"market","embeddable":true,"href":"https:\/\/www.qingfaceramic.com\/de\/wp-json\/wp\/v2\/market?post=661"},{"taxonomy":"product_brand","embeddable":true,"href":"https:\/\/www.qingfaceramic.com\/de\/wp-json\/wp\/v2\/product_brand?post=661"},{"taxonomy":"product_cat","embeddable":true,"href":"https:\/\/www.qingfaceramic.com\/de\/wp-json\/wp\/v2\/product_cat?post=661"},{"taxonomy":"product_tag","embeddable":true,"href":"https:\/\/www.qingfaceramic.com\/de\/wp-json\/wp\/v2\/product_tag?post=661"}],"curies":[{"name":"wp","href":"https:\/\/api.w.org\/{rel}","templated":true}]}}