{"id":652,"date":"2026-01-14T07:28:22","date_gmt":"2026-01-14T07:28:22","guid":{"rendered":"https:\/\/www.qingfaceramic.com\/?post_type=product&#038;p=652"},"modified":"2026-01-31T02:50:58","modified_gmt":"2026-01-31T02:50:58","slug":"customized-dinnerware-modern-middle-eastern","status":"publish","type":"product","link":"https:\/\/www.qingfaceramic.com\/de\/produkt\/customized-dinnerware-modern-middle-eastern\/","title":{"rendered":"Individuelles Geschirr Modernes Minimalistisches Keramikgeschirr aus dem Nahen Osten"},"content":{"rendered":"<h2 class=\"wp-block-heading\">Merkmale von personalisiertem Essgeschirr<\/h2>\n\n\n\n<div class=\"wp-block-columns is-layout-flex wp-container-core-columns-is-layout-9d6595d7 wp-block-columns-is-layout-flex\">\n<div class=\"wp-block-column is-layout-flow wp-block-column-is-layout-flow\">\n<ol class=\"wp-block-list\">\n<li><strong>Personalisierbares Geschirrset<\/strong> - Volle Unterst\u00fctzung f\u00fcr OEM\/ODM-Druck und Design, einschlie\u00dflich Logos, Farben und Muster, die zu Ihrer Marke oder Ihrem Restaurantthema passen.<\/li>\n\n\n\n<li><strong>Modernes nah\u00f6stliches minimalistisches Design<\/strong> - Elegante, minimalistische \u00c4sthetik mit subtilen, farbigen, glasierten Stilen, die moderne Esszimmereinrichtungen erg\u00e4nzen.<\/li>\n\n\n\n<li><strong>Hochwertige keramische Konstruktion<\/strong> - Hergestellt aus langlebigen keramischen Materialien, die dem t\u00e4glichen Gebrauch in gesch\u00e4ftlichen Umgebungen standhalten.<\/li>\n\n\n\n<li><strong>Vielseitige Geschirrteile<\/strong> - Enth\u00e4lt Teller und Schalen, die f\u00fcr Vorspeisen, Hauptgerichte, Desserts und gemeinsame Gerichte geeignet sind.<\/li>\n\n\n\n<li><strong>Gro\u00dfhandel &amp; Bulk Supply<\/strong> - Konzipiert f\u00fcr gro\u00dfe Auftr\u00e4ge mit gleichbleibender Qualit\u00e4t und effizienter Produktion, perfekt f\u00fcr H\u00e4ndler und Kunden aus dem Gastgewerbe.<\/li>\n\n\n\n<li><strong>Lebensmittelecht &amp; pflegeleicht<\/strong> - Die glatte, glasierte Oberfl\u00e4che ist lebensmittelecht, leicht zu reinigen und f\u00fcr den t\u00e4glichen Einsatz in Restaurants, Hotels und Caf\u00e9s geeignet.<\/li>\n<\/ol>\n<\/div>\n\n\n\n<div class=\"wp-block-column is-layout-flow wp-block-column-is-layout-flow\">\n<figure class=\"wp-block-image size-full\"><img decoding=\"async\" width=\"1538\" height=\"1080\" src=\"https:\/\/www.qingfaceramic.com\/wp-content\/uploads\/2026\/01\/customized-dinnerware11.webp\" alt=\"Individuelles Geschirr11\" class=\"wp-image-657\" srcset=\"https:\/\/www.qingfaceramic.com\/wp-content\/uploads\/2026\/01\/customized-dinnerware11.webp 1538w, https:\/\/www.qingfaceramic.com\/wp-content\/uploads\/2026\/01\/customized-dinnerware11-300x211.webp 300w, https:\/\/www.qingfaceramic.com\/wp-content\/uploads\/2026\/01\/customized-dinnerware11-768x539.webp 768w, https:\/\/www.qingfaceramic.com\/wp-content\/uploads\/2026\/01\/customized-dinnerware11-1200x843.webp 1200w, https:\/\/www.qingfaceramic.com\/wp-content\/uploads\/2026\/01\/customized-dinnerware11-600x421.webp 600w\" sizes=\"(max-width: 1538px) 100vw, 1538px\" \/><\/figure>\n<\/div>\n<\/div>\n\n\n\n<div class=\"wp-block-columns is-layout-flex wp-container-core-columns-is-layout-9d6595d7 wp-block-columns-is-layout-flex\">\n<div class=\"wp-block-column is-layout-flow wp-block-column-is-layout-flow\">\n<figure class=\"wp-block-image size-full\"><img decoding=\"async\" width=\"750\" height=\"899\" src=\"https:\/\/www.qingfaceramic.com\/wp-content\/uploads\/2026\/01\/customized-dinnerware13.webp\" alt=\"Individuelles Geschirr13\" class=\"wp-image-659\" srcset=\"https:\/\/www.qingfaceramic.com\/wp-content\/uploads\/2026\/01\/customized-dinnerware13.webp 750w, https:\/\/www.qingfaceramic.com\/wp-content\/uploads\/2026\/01\/customized-dinnerware13-250x300.webp 250w, https:\/\/www.qingfaceramic.com\/wp-content\/uploads\/2026\/01\/customized-dinnerware13-600x719.webp 600w\" sizes=\"(max-width: 750px) 100vw, 750px\" \/><\/figure>\n<\/div>\n\n\n\n<div class=\"wp-block-column is-layout-flow wp-block-column-is-layout-flow\">\n<figure class=\"wp-block-image size-full\"><img decoding=\"async\" width=\"750\" height=\"862\" src=\"https:\/\/www.qingfaceramic.com\/wp-content\/uploads\/2026\/01\/customized-dinnerware14.webp\" alt=\"Individuelles Geschirr14\" class=\"wp-image-660\" srcset=\"https:\/\/www.qingfaceramic.com\/wp-content\/uploads\/2026\/01\/customized-dinnerware14.webp 750w, https:\/\/www.qingfaceramic.com\/wp-content\/uploads\/2026\/01\/customized-dinnerware14-261x300.webp 261w, https:\/\/www.qingfaceramic.com\/wp-content\/uploads\/2026\/01\/customized-dinnerware14-600x690.webp 600w\" sizes=\"(max-width: 750px) 100vw, 750px\" \/><\/figure>\n<\/div>\n\n\n\n<div class=\"wp-block-column is-layout-flow wp-block-column-is-layout-flow\">\n<figure class=\"wp-block-image size-full\"><img decoding=\"async\" width=\"750\" height=\"1430\" src=\"https:\/\/www.qingfaceramic.com\/wp-content\/uploads\/2026\/01\/customized-dinnerware12.webp\" alt=\"Individuelles Geschirr12\" class=\"wp-image-658\" srcset=\"https:\/\/www.qingfaceramic.com\/wp-content\/uploads\/2026\/01\/customized-dinnerware12.webp 750w, https:\/\/www.qingfaceramic.com\/wp-content\/uploads\/2026\/01\/customized-dinnerware12-157x300.webp 157w, https:\/\/www.qingfaceramic.com\/wp-content\/uploads\/2026\/01\/customized-dinnerware12-600x1144.webp 600w\" sizes=\"(max-width: 750px) 100vw, 750px\" \/><\/figure>\n<\/div>\n<\/div>\n\n\n\n<div class=\"wp-block-columns is-layout-flex wp-container-core-columns-is-layout-9d6595d7 wp-block-columns-is-layout-flex\">\n<div class=\"wp-block-column is-layout-flow wp-block-column-is-layout-flow\"><\/div>\n\n\n\n<div class=\"wp-block-column is-layout-flow wp-block-column-is-layout-flow\"><\/div>\n<\/div>","protected":false},"excerpt":{"rendered":"<p data-start=\"441\" data-end=\"787\">Unser kundenspezifisches Geschirr bietet moderne, minimalistische Keramikgeschirrsets aus dem Nahen Osten, die aus hochwertiger Keramik mit glatten, glasierten Oberfl\u00e4chen gefertigt sind. Dieses f\u00fcr Restaurants und Hotels konzipierte Set unterst\u00fctzt die OEM\/ODM-Anpassung von Mustern, Logos und Gr\u00f6\u00dfen, ideal f\u00fcr Gro\u00dfbestellungen im Gastgewerbe.<\/p>\n<h2>Individuelles Essgeschirr Parameter<\/h2>\n<table>\n<thead>\n<tr>\n<th>Hersteller<\/th>\n<th>Qingfa Keramiken<\/th>\n<\/tr>\n<\/thead>\n<tbody>\n<tr>\n<td>Produktname<\/td>\n<td>Modernes Minimalistisches Keramikgeschirr aus dem Nahen Osten \/ Individuelles Essgeschirr<\/td>\n<\/tr>\n<tr>\n<td>Material<\/td>\n<td>Hochwertige Keramik<\/td>\n<\/tr>\n<tr>\n<td>Das Set enth\u00e4lt<\/td>\n<td>Teller und Schalen (konfigurierbar)<\/td>\n<\/tr>\n<tr>\n<td>Design \/ Stil<\/td>\n<td>Moderner Minimalismus mit nah\u00f6stlichem Einfluss<\/td>\n<\/tr>\n<tr>\n<td>Oberfl\u00e4che<\/td>\n<td>Glatt glasierte Keramik, lebensmittelecht<\/td>\n<\/tr>\n<tr>\n<td>Farboptionen<\/td>\n<td>Kundenspezifische Glasurfarben und Muster erh\u00e4ltlich<\/td>\n<\/tr>\n<tr>\n<td>Personalisierung<\/td>\n<td>Logodruck, Mustervorlagen, Gr\u00f6\u00dfen, Verpackung, OEM\/ODM<\/td>\n<\/tr>\n<tr>\n<td>Verwendung<\/td>\n<td>Restaurants, Hotels, Caf\u00e9s, Catering und Gastst\u00e4ttengewerbe<\/td>\n<\/tr>\n<tr>\n<td>Zertifizierungen<\/td>\n<td>FDA, LFGB, ISO (je nach Kundenanpassung)<\/td>\n<\/tr>\n<\/tbody>\n<\/table>\n<p>&nbsp;<\/p>","protected":false},"featured_media":654,"comment_status":"closed","ping_status":"closed","template":"","meta":{"_acf_changed":false},"market":[42],"product_brand":[],"product_cat":[19,35],"product_tag":[],"class_list":{"0":"post-652","1":"product","2":"type-product","3":"status-publish","4":"has-post-thumbnail","6":"market-middle-east-market","7":"product_cat-custom-dinnerware-manufacturer","8":"product_cat-custom-dinnerware-sets","10":"first","11":"instock","12":"shipping-taxable","13":"product-type-simple"},"acf":[],"_links":{"self":[{"href":"https:\/\/www.qingfaceramic.com\/de\/wp-json\/wp\/v2\/product\/652","targetHints":{"allow":["GET"]}}],"collection":[{"href":"https:\/\/www.qingfaceramic.com\/de\/wp-json\/wp\/v2\/product"}],"about":[{"href":"https:\/\/www.qingfaceramic.com\/de\/wp-json\/wp\/v2\/types\/product"}],"replies":[{"embeddable":true,"href":"https:\/\/www.qingfaceramic.com\/de\/wp-json\/wp\/v2\/comments?post=652"}],"wp:featuredmedia":[{"embeddable":true,"href":"https:\/\/www.qingfaceramic.com\/de\/wp-json\/wp\/v2\/media\/654"}],"wp:attachment":[{"href":"https:\/\/www.qingfaceramic.com\/de\/wp-json\/wp\/v2\/media?parent=652"}],"wp:term":[{"taxonomy":"market","embeddable":true,"href":"https:\/\/www.qingfaceramic.com\/de\/wp-json\/wp\/v2\/market?post=652"},{"taxonomy":"product_brand","embeddable":true,"href":"https:\/\/www.qingfaceramic.com\/de\/wp-json\/wp\/v2\/product_brand?post=652"},{"taxonomy":"product_cat","embeddable":true,"href":"https:\/\/www.qingfaceramic.com\/de\/wp-json\/wp\/v2\/product_cat?post=652"},{"taxonomy":"product_tag","embeddable":true,"href":"https:\/\/www.qingfaceramic.com\/de\/wp-json\/wp\/v2\/product_tag?post=652"}],"curies":[{"name":"wp","href":"https:\/\/api.w.org\/{rel}","templated":true}]}}