{"id":644,"date":"2026-01-14T07:17:41","date_gmt":"2026-01-14T07:17:41","guid":{"rendered":"https:\/\/www.qingfaceramic.com\/?post_type=product&#038;p=644"},"modified":"2026-01-31T02:49:16","modified_gmt":"2026-01-31T02:49:16","slug":"custom-restaurant-dinnerware-vintage-fluid-glazed","status":"publish","type":"product","link":"https:\/\/www.qingfaceramic.com\/de\/produkt\/custom-restaurant-dinnerware-vintage-fluid-glazed\/","title":{"rendered":"Kundenspezifisches Restaurantgeschirr Vintage Fluid Glazed Ceramic Tableware"},"content":{"rendered":"<h2 class=\"wp-block-heading\">Merkmale von individuellem Restaurantgeschirr<\/h2>\n\n\n\n<div class=\"wp-block-columns is-layout-flex wp-container-core-columns-is-layout-9d6595d7 wp-block-columns-is-layout-flex\">\n<div class=\"wp-block-column is-layout-flow wp-block-column-is-layout-flow\">\n<ol class=\"wp-block-list\">\n<li><strong>Individuelles Restaurantgeschirr<\/strong> - Unterst\u00fctzt benutzerdefinierte Gr\u00f6\u00dfen, Farben, Logos und Muster, ideal f\u00fcr Markengastronomie und Gro\u00dfbestellungen im Gastgewerbe.<\/li>\n\n\n\n<li><strong>Vintage Fluid Glazed Design<\/strong> - Die kunstvolle, flie\u00dfende Glasur verleiht jedem Teller eine einzigartige visuelle Textur und eine hochwertige Haptik, die die Pr\u00e4sentation auf dem Tisch verbessert.<\/li>\n\n\n\n<li><strong>Hochwertige keramische Konstruktion<\/strong> - Strapazierf\u00e4higes Material mit einer glatten, lebensmittelechten Glasur sorgt f\u00fcr eine lang anhaltende Leistung in der gewerblichen Gastronomie.<\/li>\n\n\n\n<li><strong>Vielseitige Geschirroptionen<\/strong> - Erh\u00e4ltlich in verschiedenen Gr\u00f6\u00dfen und Formen zur Unterst\u00fctzung von Mahlzeiten, Vorspeisen, Desserts und gemeinsamem Servieren in Restaurants und Hotels.<\/li>\n\n\n\n<li><strong>Gro\u00dfhandel Bulk Supply<\/strong> - Konzipiert f\u00fcr Gro\u00dfauftr\u00e4ge mit gleichbleibender Qualit\u00e4t und Produktivit\u00e4t, ideal f\u00fcr H\u00e4ndler und Lieferanten im Gastgewerbe.<\/li>\n\n\n\n<li><strong>Einfache Pflege und Wartung<\/strong> - Die glatte Glasuroberfl\u00e4che ist lebensmittelecht, leicht zu reinigen und f\u00fcr den t\u00e4glichen Gebrauch in Gro\u00dfk\u00fcchen geeignet.<\/li>\n<\/ol>\n\n\n\n<figure class=\"wp-block-image size-full\"><img decoding=\"async\" width=\"1582\" height=\"734\" src=\"https:\/\/www.qingfaceramic.com\/wp-content\/uploads\/2026\/01\/custom-restaurant-dinnerware7.webp\" alt=\"Individuelles Restaurantgeschirr7\" class=\"wp-image-650\" srcset=\"https:\/\/www.qingfaceramic.com\/wp-content\/uploads\/2026\/01\/custom-restaurant-dinnerware7.webp 1582w, https:\/\/www.qingfaceramic.com\/wp-content\/uploads\/2026\/01\/custom-restaurant-dinnerware7-300x139.webp 300w, https:\/\/www.qingfaceramic.com\/wp-content\/uploads\/2026\/01\/custom-restaurant-dinnerware7-768x356.webp 768w, https:\/\/www.qingfaceramic.com\/wp-content\/uploads\/2026\/01\/custom-restaurant-dinnerware7-1200x557.webp 1200w, https:\/\/www.qingfaceramic.com\/wp-content\/uploads\/2026\/01\/custom-restaurant-dinnerware7-600x278.webp 600w\" sizes=\"(max-width: 1582px) 100vw, 1582px\" \/><\/figure>\n<\/div>\n\n\n\n<div class=\"wp-block-column is-layout-flow wp-block-column-is-layout-flow\">\n<figure class=\"wp-block-image size-full\"><img decoding=\"async\" width=\"980\" height=\"980\" src=\"https:\/\/www.qingfaceramic.com\/wp-content\/uploads\/2026\/01\/custom-restaurant-dinnerware2.webp\" alt=\"Individuelles Restaurantgeschirr2\" class=\"wp-image-646\" srcset=\"https:\/\/www.qingfaceramic.com\/wp-content\/uploads\/2026\/01\/custom-restaurant-dinnerware2.webp 980w, https:\/\/www.qingfaceramic.com\/wp-content\/uploads\/2026\/01\/custom-restaurant-dinnerware2-300x300.webp 300w, https:\/\/www.qingfaceramic.com\/wp-content\/uploads\/2026\/01\/custom-restaurant-dinnerware2-150x150.webp 150w, https:\/\/www.qingfaceramic.com\/wp-content\/uploads\/2026\/01\/custom-restaurant-dinnerware2-768x768.webp 768w, https:\/\/www.qingfaceramic.com\/wp-content\/uploads\/2026\/01\/custom-restaurant-dinnerware2-600x600.webp 600w, https:\/\/www.qingfaceramic.com\/wp-content\/uploads\/2026\/01\/custom-restaurant-dinnerware2-100x100.webp 100w\" sizes=\"(max-width: 980px) 100vw, 980px\" \/><\/figure>\n\n\n\n<figure class=\"wp-block-image size-full\"><img decoding=\"async\" width=\"750\" height=\"1425\" src=\"https:\/\/www.qingfaceramic.com\/wp-content\/uploads\/2026\/01\/custom-restaurant-dinnerware9.webp\" alt=\"Individuelles Restaurantgeschirr9\" class=\"wp-image-651\" srcset=\"https:\/\/www.qingfaceramic.com\/wp-content\/uploads\/2026\/01\/custom-restaurant-dinnerware9.webp 750w, https:\/\/www.qingfaceramic.com\/wp-content\/uploads\/2026\/01\/custom-restaurant-dinnerware9-158x300.webp 158w, https:\/\/www.qingfaceramic.com\/wp-content\/uploads\/2026\/01\/custom-restaurant-dinnerware9-600x1140.webp 600w\" sizes=\"(max-width: 750px) 100vw, 750px\" \/><\/figure>\n<\/div>\n<\/div>\n\n\n\n<div class=\"wp-block-columns is-layout-flex wp-container-core-columns-is-layout-9d6595d7 wp-block-columns-is-layout-flex\">\n<div class=\"wp-block-column is-layout-flow wp-block-column-is-layout-flow\"><\/div>\n\n\n\n<div class=\"wp-block-column is-layout-flow wp-block-column-is-layout-flow\"><\/div>\n<\/div>","protected":false},"excerpt":{"rendered":"<p data-start=\"441\" data-end=\"787\">Unser individuelles Restaurantgeschirr besteht aus glasierten Keramiktellern im Vintage-Stil in individuellen Gr\u00f6\u00dfen, die f\u00fcr Restaurants, Hotels und Caf\u00e9s entwickelt wurden. Langlebig, lebensmittelecht und vollst\u00e4ndig anpassbar f\u00fcr die Verwendung in gro\u00dfen Mengen in der Gastronomie.<\/p>\n<h2>Individuelles Restaurantgeschirr Parameter<\/h2>\n<table>\n<thead>\n<tr>\n<th>Hersteller<\/th>\n<th>Qingfa Keramiken<\/th>\n<\/tr>\n<\/thead>\n<tbody>\n<tr>\n<td>Produktname<\/td>\n<td>Vintage Fluid Glazed Ceramic Dinner Plates &amp; Tableware \/ Custom Restaurant Dinnerware<\/td>\n<\/tr>\n<tr>\n<td>Material<\/td>\n<td>Hochwertige Keramik \/<\/td>\n<\/tr>\n<tr>\n<td>Glasur<\/td>\n<td>Fl\u00fcssige reaktive Glasur<\/td>\n<\/tr>\n<tr>\n<td>Gr\u00f6\u00dfen<\/td>\n<td>Kundenspezifische Gr\u00f6\u00dfen verf\u00fcgbar<\/td>\n<\/tr>\n<tr>\n<td>Form<\/td>\n<td>Runde und flache Esstellerdesigns<\/td>\n<\/tr>\n<tr>\n<td>Oberfl\u00e4che<\/td>\n<td>Glatte, lebensmittelechte glasierte Oberfl\u00e4che<\/td>\n<\/tr>\n<tr>\n<td>Farboptionen<\/td>\n<td>Kundenspezifische Glasurfarben verf\u00fcgbar<\/td>\n<\/tr>\n<tr>\n<td>Personalisierung<\/td>\n<td>Gr\u00f6\u00dfe, Logo, Muster, Verpackung, OEM\/ODM<\/td>\n<\/tr>\n<tr>\n<td>Verwendung<\/td>\n<td>Restaurants, Hotels, Caf\u00e9s, Bankettrestaurants, Gro\u00dfk\u00fcchen<\/td>\n<\/tr>\n<tr>\n<td>Zertifizierungen<\/td>\n<td>FDA, LFGB, ISO (je nach Kundenanpassung)<\/td>\n<\/tr>\n<\/tbody>\n<\/table>\n<p>&nbsp;<\/p>","protected":false},"featured_media":649,"comment_status":"closed","ping_status":"closed","template":"","meta":{"_acf_changed":false},"market":[43],"product_brand":[],"product_cat":[19,35],"product_tag":[],"class_list":{"0":"post-644","1":"product","2":"type-product","3":"status-publish","4":"has-post-thumbnail","6":"market-uk","7":"product_cat-custom-dinnerware-manufacturer","8":"product_cat-custom-dinnerware-sets","10":"first","11":"instock","12":"shipping-taxable","13":"product-type-simple"},"acf":[],"_links":{"self":[{"href":"https:\/\/www.qingfaceramic.com\/de\/wp-json\/wp\/v2\/product\/644","targetHints":{"allow":["GET"]}}],"collection":[{"href":"https:\/\/www.qingfaceramic.com\/de\/wp-json\/wp\/v2\/product"}],"about":[{"href":"https:\/\/www.qingfaceramic.com\/de\/wp-json\/wp\/v2\/types\/product"}],"replies":[{"embeddable":true,"href":"https:\/\/www.qingfaceramic.com\/de\/wp-json\/wp\/v2\/comments?post=644"}],"wp:featuredmedia":[{"embeddable":true,"href":"https:\/\/www.qingfaceramic.com\/de\/wp-json\/wp\/v2\/media\/649"}],"wp:attachment":[{"href":"https:\/\/www.qingfaceramic.com\/de\/wp-json\/wp\/v2\/media?parent=644"}],"wp:term":[{"taxonomy":"market","embeddable":true,"href":"https:\/\/www.qingfaceramic.com\/de\/wp-json\/wp\/v2\/market?post=644"},{"taxonomy":"product_brand","embeddable":true,"href":"https:\/\/www.qingfaceramic.com\/de\/wp-json\/wp\/v2\/product_brand?post=644"},{"taxonomy":"product_cat","embeddable":true,"href":"https:\/\/www.qingfaceramic.com\/de\/wp-json\/wp\/v2\/product_cat?post=644"},{"taxonomy":"product_tag","embeddable":true,"href":"https:\/\/www.qingfaceramic.com\/de\/wp-json\/wp\/v2\/product_tag?post=644"}],"curies":[{"name":"wp","href":"https:\/\/api.w.org\/{rel}","templated":true}]}}